{"id":10380,"date":"2019-03-06T14:55:03","date_gmt":"2019-03-06T13:55:03","guid":{"rendered":"https:\/\/www.k-m.de\/brand\/?page_id=10380"},"modified":"2024-08-15T15:43:50","modified_gmt":"2024-08-15T13:43:50","slug":"service","status":"publish","type":"page","link":"https:\/\/www.k-m.de\/brand\/de\/koenig-meyer\/service\/","title":{"rendered":"Service"},"content":{"rendered":"<div class=\"wpb-content-wrapper\"><p>[vc_row full_width=&#8220;stretch_row_content_no_spaces&#8220;][vc_column]\n<div class=\"main_teasers owl-carousel owl-theme\">\n\t\t\t\t\t<div class=\"main_teaser main_teaser_light\">\n\t\t\t<div class=\"main_teaser_text\">\n\t\t\t\t\t\t\t\t\t\t\t\t\t\t\t\t\t<a class=\"main_teaser_prev\"><\/a>\n\t\t\t\t\t<a class=\"main_teaser_next\"><\/a>\n\t\t\t\t\t\t\t\t\t\t\t<\/div>\n\t\t\t<img decoding=\"async\" src=\"https:\/\/www.k-m.de\/brand\/wp-content\/uploads\/2019\/01\/Service_02.jpg\" \/>\n\t\t<\/div>\n\t\t\t\t\t<div class=\"main_teaser main_teaser_light\">\n\t\t\t<div class=\"main_teaser_text\">\n\t\t\t\t\t\t\t\t\t\t\t\t\t\t\t\t\t<a class=\"main_teaser_prev\"><\/a>\n\t\t\t\t\t<a class=\"main_teaser_next\"><\/a>\n\t\t\t\t\t\t\t\t\t\t\t<\/div>\n\t\t\t<img decoding=\"async\" src=\"https:\/\/www.k-m.de\/brand\/wp-content\/uploads\/2019\/01\/Service_01.jpg\" \/>\n\t\t<\/div>\n\t\t\t\t\t<div class=\"main_teaser main_teaser_light\">\n\t\t\t<div class=\"main_teaser_text\">\n\t\t\t\t\t\t\t\t\t\t\t\t\t\t\t\t\t<a class=\"main_teaser_prev\"><\/a>\n\t\t\t\t\t<a class=\"main_teaser_next\"><\/a>\n\t\t\t\t\t\t\t\t\t\t\t<\/div>\n\t\t\t<img decoding=\"async\" src=\"https:\/\/www.k-m.de\/brand\/wp-content\/uploads\/2019\/03\/Service_03.jpg\" \/>\n\t\t<\/div>\n\t<\/div>[\/vc_column][\/vc_row][vc_row el_class=&#8220;content_m&#8220;][vc_column][vc_column_text]<\/p>\n<h1>Ihr direkter Draht zu uns<\/h1>\n<p style=\"text-align: center;\">&#8222;Wir wissen, dass unsere Kunden \u00fcber unseren Unternehmenserfolg entscheiden. Bei all unserem Handeln steht daher stets der Kunde im Zentrum der Aufmerksamkeit.&#8220;<\/p>\n<p>[\/vc_column_text][vc_empty_space height=&#8220;50px&#8220;][\/vc_column][\/vc_row][vc_row full_width=&#8220;stretch_row&#8220; el_class=&#8220;content_m bg_light_grey&#8220;][vc_column][vc_column_text css=&#8220;&#8220;]<\/p>\n<h3 style=\"text-align: left;\">Bester Service f\u00fcr Ihre Zufriedenheit<\/h3>\n<p>Unser Anspruch: H\u00f6chste Qualit\u00e4t und Zuverl\u00e4ssigkeit der Produkte sowie absolute Zufriedenheit der Kunden beim Service.<\/p>\n<p>&nbsp;<\/p>\n<p>K\u00f6nig &amp; Meyer &#8211; Produkte zeichnen sich durch hohe Qualit\u00e4t und Zuverl\u00e4ssigkeit aus und dies schon \u00fcber Jahrzehnte. Dies war f\u00fcr uns ein Grund, die Garantiezeit \u00fcber die gesetzliche zweij\u00e4hrige Gew\u00e4hrleistung hinaus auf 5 Jahre zu verl\u00e4ngern.<br \/>\nDaneben bieten wir auch einen Ersatzteilservice auf nahezu alle unsere Katalogprodukte f\u00fcr 10 Jahre!<br \/>\nMit diesen beiden Serviceleistungen setzen wir ein deutliches Zeichen f\u00fcr die Marke K\u00f6nig &amp; Meyer und wollen es unseren Kunden noch leichter machen, sich f\u00fcr unsere Musikzubeh\u00f6r zu entscheiden!<\/p>\n<p>&nbsp;<\/p>\n<p>Sollten innerhalb der Garantiezeit Material- und Produktionsfehler auftreten oder Ersatzteile ben\u00f6tigt werden, wenden Sie sich bitte an Ihren Fachh\u00e4ndler. Hier finden Sie einen H\u00e4ndler in Ihrer N\u00e4he.\u00a0<a href=\"\/brand\/de\/support\/garantie\/\">Alle Details zu unserer Garantie finden Sie\u00a0hier!<\/a><\/p>\n<p>&nbsp;<\/p>\n<p>Bei weiteren Fragen oder Anliegen k\u00f6nnen Sie uns unter den nebenstehenden Kontaktdaten erreichen oder Sie kontaktieren uns \u00fcber unsere Social Media Kan\u00e4le. \u00dcber\u00a0<a href=\"https:\/\/www.facebook.com\/KoenigundMeyer\">Facebook<\/a>\u00a0und\u00a0<a href=\"https:\/\/www.youtube.com\/user\/KoenigundMeyer\">YouTube<\/a>\u00a0erhalten sie auch weitere Infos rund um das Unternehmen und die Marke K\u00f6nig &amp; Meyer.[\/vc_column_text][\/vc_column][\/vc_row][vc_row full_width=&#8220;stretch_row&#8220; el_class=&#8220;bg_light_grey&#8220;][vc_column]\n<ul class=\"social_media social_media_large\">\n\t<li><a class=\"sm_facebook\" href=\"https:\/\/www.facebook.com\/KoenigundMeyer\" target=\"_blank\" rel=\"nofollow\"><i class=\"fab fa-facebook-f\"><\/i><i class=\"fab fa-facebook-f\"><\/i><\/a><\/li>\n\t<li><a class=\"sm_youtube\" href=\"https:\/\/www.youtube.com\/user\/KoenigundMeyer\" target=\"_blank\" rel=\"nofollow\"><i class=\"fab fa-youtube\"><\/i><i class=\"fab fa-youtube\"><\/i><\/a><\/li>\n\t<li><a class=\"sm_instagram\" href=\"https:\/\/instagram.com\/koenigundmeyer\" target=\"_blank\" rel=\"nofollow\"><i class=\"fab fa-instagram\"><\/i><i class=\"fab fa-instagram\"><\/i><\/a><\/li>\n<\/ul>[\/vc_column][\/vc_row][vc_row][vc_column][vc_column_text]<\/p>\n<p>[\/vc_column_text][\/vc_column][\/vc_row][vc_row][vc_column][vc_empty_space][\/vc_column][\/vc_row][vc_row el_class=&#8220;content_l&#8220;][vc_column width=&#8220;1\/2&#8243; css=&#8220;.vc_custom_1551883130724{border-right-width: 1px !important;border-right-color: #d1d1d1 !important;border-right-style: solid !important;}&#8220;][vc_column_text]<\/p>\n<h2 style=\"text-align: center;\">Support<\/h2>\n<p style=\"text-align: center;\">Wir wissen, dass wir nur mit zufriedenen Kunden Erfolg<br \/>\nhaben k\u00f6nnen! Hier finden Sie fachkundigen Rat.<\/p>\n<p>&nbsp;<\/p>\n<p>&nbsp;<\/p>\n<p style=\"text-align: center;\"><a class=\"button button_large\" href=\"\/brand\/de\/support\/\">Kontaktieren<\/a><\/p>\n<p>[\/vc_column_text][\/vc_column][vc_column width=&#8220;1\/2&#8243;][vc_column_text]<\/p>\n<h2 style=\"text-align: center;\">Garantie<\/h2>\n<p style=\"text-align: center;\">5 Jahre Garantie auf alle Produkte<br \/>\nsowie 10 Jahre Ersatzteilgarantie.<\/p>\n<p>&nbsp;<\/p>\n<p>&nbsp;<\/p>\n<p style=\"text-align: center;\"><a class=\"button button_large\" href=\"\/brand\/de\/support\/garantie\/\">Zur Garantie<\/a><\/p>\n<p>[\/vc_column_text][\/vc_column][\/vc_row]<\/p>\n<\/div>","protected":false},"excerpt":{"rendered":"<p>[vc_row full_width=&#8220;stretch_row_content_no_spaces&#8220;][vc_column][\/vc_column][\/vc_row][vc_row el_class=&#8220;content_m&#8220;][vc_column][vc_column_text] Ihr direkter Draht zu uns &#8222;Wir wissen, dass unsere Kunden \u00fcber unseren Unternehmenserfolg entscheiden. Bei all unserem<span class=\"read_more\">Mehr erfahren<\/span><\/p>\n","protected":false},"author":16,"featured_media":0,"parent":8,"menu_order":92,"comment_status":"closed","ping_status":"closed","template":"","meta":{"footnotes":""},"class_list":["post-10380","page","type-page","status-publish","format-standard","hentry"],"better_featured_image":null,"yoast_head":"<!-- This site is optimized with the Yoast SEO Premium plugin v26.8 (Yoast SEO v26.9) - https:\/\/yoast.com\/product\/yoast-seo-premium-wordpress\/ -->\n<title>Service - K\u00f6nig &amp; Meyer<\/title>\n<meta name=\"description\" content=\"Wir wissen, dass unsere Kunden \u00fcber unseren Unternehmenserfolg entscheiden. Bei unserem Handeln steht daher stets der Kunde im Zentrum der Aufmerksamkeit.\" \/>\n<meta name=\"robots\" content=\"index, follow, max-snippet:-1, max-image-preview:large, max-video-preview:-1\" \/>\n<link rel=\"canonical\" href=\"https:\/\/www.k-m.de\/brand\/de\/koenig-meyer\/service\/\" \/>\n<meta property=\"og:locale\" content=\"de_DE\" \/>\n<meta property=\"og:type\" content=\"article\" \/>\n<meta property=\"og:title\" content=\"Service\" \/>\n<meta property=\"og:description\" content=\"Wir wissen, dass unsere Kunden \u00fcber unseren Unternehmenserfolg entscheiden. Bei unserem Handeln steht daher stets der Kunde im Zentrum der Aufmerksamkeit.\" \/>\n<meta property=\"og:url\" content=\"https:\/\/www.k-m.de\/brand\/de\/koenig-meyer\/service\/\" \/>\n<meta property=\"og:site_name\" content=\"K\u00f6nig &amp; Meyer\" \/>\n<meta property=\"article:modified_time\" content=\"2024-08-15T13:43:50+00:00\" \/>\n<meta name=\"twitter:card\" content=\"summary_large_image\" \/>\n<meta name=\"twitter:label1\" content=\"Gesch\u00e4tzte Lesezeit\" \/>\n\t<meta name=\"twitter:data1\" content=\"2\u00a0Minuten\" \/>\n<script type=\"application\/ld+json\" class=\"yoast-schema-graph\">{\"@context\":\"https:\/\/schema.org\",\"@graph\":[{\"@type\":\"WebPage\",\"@id\":\"https:\/\/www.k-m.de\/brand\/de\/koenig-meyer\/service\/\",\"url\":\"https:\/\/www.k-m.de\/brand\/de\/koenig-meyer\/service\/\",\"name\":\"Service - K\u00f6nig &amp; Meyer\",\"isPartOf\":{\"@id\":\"https:\/\/www.k-m.de\/brand\/de\/#website\"},\"datePublished\":\"2019-03-06T13:55:03+00:00\",\"dateModified\":\"2024-08-15T13:43:50+00:00\",\"description\":\"Wir wissen, dass unsere Kunden \u00fcber unseren Unternehmenserfolg entscheiden. Bei unserem Handeln steht daher stets der Kunde im Zentrum der Aufmerksamkeit.\",\"breadcrumb\":{\"@id\":\"https:\/\/www.k-m.de\/brand\/de\/koenig-meyer\/service\/#breadcrumb\"},\"inLanguage\":\"de\",\"potentialAction\":[{\"@type\":\"ReadAction\",\"target\":[\"https:\/\/www.k-m.de\/brand\/de\/koenig-meyer\/service\/\"]}]},{\"@type\":\"BreadcrumbList\",\"@id\":\"https:\/\/www.k-m.de\/brand\/de\/koenig-meyer\/service\/#breadcrumb\",\"itemListElement\":[{\"@type\":\"ListItem\",\"position\":1,\"name\":\"Startseite\",\"item\":\"https:\/\/www.k-m.de\/brand\/de\/\"},{\"@type\":\"ListItem\",\"position\":2,\"name\":\"K\u00f6nig &#038; Meyer\",\"item\":\"https:\/\/www.k-m.de\/brand\/de\/koenig-meyer\/\"},{\"@type\":\"ListItem\",\"position\":3,\"name\":\"Service\"}]},{\"@type\":\"WebSite\",\"@id\":\"https:\/\/www.k-m.de\/brand\/de\/#website\",\"url\":\"https:\/\/www.k-m.de\/brand\/de\/\",\"name\":\"K\u00f6nig & Meyer\",\"description\":\"K\u00f6nig &amp; Meyer ist ein weltweit f\u00fchrender Hersteller f\u00fcr Musikzubeh\u00f6r. Seit \u00fcber 65 Jahren steht K&amp;M f\u00fcr qualitativ hochwertige Produkte.\",\"publisher\":{\"@id\":\"https:\/\/www.k-m.de\/brand\/de\/#organization\"},\"potentialAction\":[{\"@type\":\"SearchAction\",\"target\":{\"@type\":\"EntryPoint\",\"urlTemplate\":\"https:\/\/www.k-m.de\/brand\/de\/?s={search_term_string}\"},\"query-input\":{\"@type\":\"PropertyValueSpecification\",\"valueRequired\":true,\"valueName\":\"search_term_string\"}}],\"inLanguage\":\"de\"},{\"@type\":\"Organization\",\"@id\":\"https:\/\/www.k-m.de\/brand\/de\/#organization\",\"name\":\"K\u00f6nig & Meyer\",\"url\":\"https:\/\/www.k-m.de\/brand\/de\/\",\"logo\":{\"@type\":\"ImageObject\",\"inLanguage\":\"de\",\"@id\":\"https:\/\/www.k-m.de\/brand\/de\/#\/schema\/logo\/image\/\",\"url\":\"https:\/\/www.k-m.de\/brand\/wp-content\/uploads\/2023\/01\/KM_1c.tif\",\"contentUrl\":\"https:\/\/www.k-m.de\/brand\/wp-content\/uploads\/2023\/01\/KM_1c.tif\",\"width\":1,\"height\":1,\"caption\":\"K\u00f6nig & Meyer\"},\"image\":{\"@id\":\"https:\/\/www.k-m.de\/brand\/de\/#\/schema\/logo\/image\/\"}}]}<\/script>\n<!-- \/ Yoast SEO Premium plugin. -->","yoast_head_json":{"title":"Service - K\u00f6nig &amp; Meyer","description":"Wir wissen, dass unsere Kunden \u00fcber unseren Unternehmenserfolg entscheiden. Bei unserem Handeln steht daher stets der Kunde im Zentrum der Aufmerksamkeit.","robots":{"index":"index","follow":"follow","max-snippet":"max-snippet:-1","max-image-preview":"max-image-preview:large","max-video-preview":"max-video-preview:-1"},"canonical":"https:\/\/www.k-m.de\/brand\/de\/koenig-meyer\/service\/","og_locale":"de_DE","og_type":"article","og_title":"Service","og_description":"Wir wissen, dass unsere Kunden \u00fcber unseren Unternehmenserfolg entscheiden. Bei unserem Handeln steht daher stets der Kunde im Zentrum der Aufmerksamkeit.","og_url":"https:\/\/www.k-m.de\/brand\/de\/koenig-meyer\/service\/","og_site_name":"K\u00f6nig &amp; Meyer","article_modified_time":"2024-08-15T13:43:50+00:00","twitter_card":"summary_large_image","twitter_misc":{"Gesch\u00e4tzte Lesezeit":"2\u00a0Minuten"},"schema":{"@context":"https:\/\/schema.org","@graph":[{"@type":"WebPage","@id":"https:\/\/www.k-m.de\/brand\/de\/koenig-meyer\/service\/","url":"https:\/\/www.k-m.de\/brand\/de\/koenig-meyer\/service\/","name":"Service - K\u00f6nig &amp; Meyer","isPartOf":{"@id":"https:\/\/www.k-m.de\/brand\/de\/#website"},"datePublished":"2019-03-06T13:55:03+00:00","dateModified":"2024-08-15T13:43:50+00:00","description":"Wir wissen, dass unsere Kunden \u00fcber unseren Unternehmenserfolg entscheiden. Bei unserem Handeln steht daher stets der Kunde im Zentrum der Aufmerksamkeit.","breadcrumb":{"@id":"https:\/\/www.k-m.de\/brand\/de\/koenig-meyer\/service\/#breadcrumb"},"inLanguage":"de","potentialAction":[{"@type":"ReadAction","target":["https:\/\/www.k-m.de\/brand\/de\/koenig-meyer\/service\/"]}]},{"@type":"BreadcrumbList","@id":"https:\/\/www.k-m.de\/brand\/de\/koenig-meyer\/service\/#breadcrumb","itemListElement":[{"@type":"ListItem","position":1,"name":"Startseite","item":"https:\/\/www.k-m.de\/brand\/de\/"},{"@type":"ListItem","position":2,"name":"K\u00f6nig &#038; Meyer","item":"https:\/\/www.k-m.de\/brand\/de\/koenig-meyer\/"},{"@type":"ListItem","position":3,"name":"Service"}]},{"@type":"WebSite","@id":"https:\/\/www.k-m.de\/brand\/de\/#website","url":"https:\/\/www.k-m.de\/brand\/de\/","name":"K\u00f6nig & Meyer","description":"K\u00f6nig &amp; Meyer ist ein weltweit f\u00fchrender Hersteller f\u00fcr Musikzubeh\u00f6r. Seit \u00fcber 65 Jahren steht K&amp;M f\u00fcr qualitativ hochwertige Produkte.","publisher":{"@id":"https:\/\/www.k-m.de\/brand\/de\/#organization"},"potentialAction":[{"@type":"SearchAction","target":{"@type":"EntryPoint","urlTemplate":"https:\/\/www.k-m.de\/brand\/de\/?s={search_term_string}"},"query-input":{"@type":"PropertyValueSpecification","valueRequired":true,"valueName":"search_term_string"}}],"inLanguage":"de"},{"@type":"Organization","@id":"https:\/\/www.k-m.de\/brand\/de\/#organization","name":"K\u00f6nig & Meyer","url":"https:\/\/www.k-m.de\/brand\/de\/","logo":{"@type":"ImageObject","inLanguage":"de","@id":"https:\/\/www.k-m.de\/brand\/de\/#\/schema\/logo\/image\/","url":"https:\/\/www.k-m.de\/brand\/wp-content\/uploads\/2023\/01\/KM_1c.tif","contentUrl":"https:\/\/www.k-m.de\/brand\/wp-content\/uploads\/2023\/01\/KM_1c.tif","width":1,"height":1,"caption":"K\u00f6nig & Meyer"},"image":{"@id":"https:\/\/www.k-m.de\/brand\/de\/#\/schema\/logo\/image\/"}}]}},"_links":{"self":[{"href":"https:\/\/www.k-m.de\/brand\/de\/wp-json\/wp\/v2\/pages\/10380","targetHints":{"allow":["GET"]}}],"collection":[{"href":"https:\/\/www.k-m.de\/brand\/de\/wp-json\/wp\/v2\/pages"}],"about":[{"href":"https:\/\/www.k-m.de\/brand\/de\/wp-json\/wp\/v2\/types\/page"}],"author":[{"embeddable":true,"href":"https:\/\/www.k-m.de\/brand\/de\/wp-json\/wp\/v2\/users\/16"}],"replies":[{"embeddable":true,"href":"https:\/\/www.k-m.de\/brand\/de\/wp-json\/wp\/v2\/comments?post=10380"}],"version-history":[{"count":33,"href":"https:\/\/www.k-m.de\/brand\/de\/wp-json\/wp\/v2\/pages\/10380\/revisions"}],"predecessor-version":[{"id":36459,"href":"https:\/\/www.k-m.de\/brand\/de\/wp-json\/wp\/v2\/pages\/10380\/revisions\/36459"}],"up":[{"embeddable":true,"href":"https:\/\/www.k-m.de\/brand\/de\/wp-json\/wp\/v2\/pages\/8"}],"wp:attachment":[{"href":"https:\/\/www.k-m.de\/brand\/de\/wp-json\/wp\/v2\/media?parent=10380"}],"curies":[{"name":"wp","href":"https:\/\/api.w.org\/{rel}","templated":true}]}}