{"id":104,"date":"2018-08-16T10:40:55","date_gmt":"2018-08-16T08:40:55","guid":{"rendered":"http:\/\/loc.www.k-m.de\/brand\/?page_id=104"},"modified":"2022-02-13T13:46:44","modified_gmt":"2022-02-13T12:46:44","slug":"qualitaet","status":"publish","type":"page","link":"https:\/\/www.k-m.de\/brand\/de\/koenig-meyer\/qualitaet\/","title":{"rendered":"Qualit\u00e4t"},"content":{"rendered":"<div class=\"wpb-content-wrapper\"><p>[vc_row full_width=&#8220;stretch_row_content_no_spaces&#8220;][vc_column]\n<div class=\"main_teasers owl-carousel owl-theme\">\n\t\t\t\t\t<div class=\"main_teaser main_teaser_light\">\n\t\t\t<div class=\"main_teaser_text\">\n\t\t\t\t\t\t\t\t\t\t\t\t\t\t\t\t\t<a class=\"main_teaser_prev\"><\/a>\n\t\t\t\t\t<a class=\"main_teaser_next\"><\/a>\n\t\t\t\t\t\t\t\t\t\t\t<\/div>\n\t\t\t<img decoding=\"async\" src=\"https:\/\/www.k-m.de\/brand\/wp-content\/uploads\/2019\/01\/Qualitaet_01.jpg\" \/>\n\t\t<\/div>\n\t\t\t\t\t<div class=\"main_teaser main_teaser_light\">\n\t\t\t<div class=\"main_teaser_text\">\n\t\t\t\t\t\t\t\t\t\t\t\t\t\t\t\t\t<a class=\"main_teaser_prev\"><\/a>\n\t\t\t\t\t<a class=\"main_teaser_next\"><\/a>\n\t\t\t\t\t\t\t\t\t\t\t<\/div>\n\t\t\t<img decoding=\"async\" src=\"https:\/\/www.k-m.de\/brand\/wp-content\/uploads\/2019\/01\/Qualitaet_02.jpg\" \/>\n\t\t<\/div>\n\t\t\t\t\t<div class=\"main_teaser main_teaser_light\">\n\t\t\t<div class=\"main_teaser_text\">\n\t\t\t\t\t\t\t\t\t\t\t\t\t\t\t\t\t<a class=\"main_teaser_prev\"><\/a>\n\t\t\t\t\t<a class=\"main_teaser_next\"><\/a>\n\t\t\t\t\t\t\t\t\t\t\t<\/div>\n\t\t\t<img decoding=\"async\" src=\"https:\/\/www.k-m.de\/brand\/wp-content\/uploads\/2019\/03\/Qualitaet_03.jpg\" \/>\n\t\t<\/div>\n\t<\/div>[\/vc_column][\/vc_row][vc_row el_class=&#8220;content_m&#8220;][vc_column][vc_column_text]<\/p>\n<h1>Pr\u00e4zision \u2013 Made in Germany<\/h1>\n<p style=\"text-align: center;\">&#8222;Unser uneingeschr\u00e4nktes Bekenntnis zur Qualit\u00e4t pr\u00e4gt unser Handeln auf allen Unternehmens\u00adebenen. Das eben Erreichte ist stets nur der Ausgangspunkt zu etwas Besserem.&#8220;<\/p>\n<p>[\/vc_column_text][vc_empty_space height=&#8220;50px&#8220;][\/vc_column][\/vc_row][vc_row full_width=&#8220;stretch_row&#8220; el_class=&#8220;content_m bg_light_grey&#8220;][vc_column][vc_column_text]Diese \u00dcberzeugung bewegt jeden Einzelnen bei K\u00f6nig &amp; Meyer, sie pr\u00e4gt die Unternehmenskultur und bestimmt die Prozesse im Unternehmen. Sie findet ihre Auspr\u00e4gung in einer kompromisslosen Ausrichtung am Premiumanspruch: Nur eine starke Marke mit einem einzigartigen Service und der besten Qualit\u00e4t \u00fcberzeugt unsere Kunden langfristig. Unser Qualit\u00e4tsmanagement wird seit 2007 nach der international g\u00fcltigen <a href=\"https:\/\/www.k-m.de\/brand\/wp-content\/uploads\/2019\/01\/KM_ISO9001-2015_21-24_deutsch_10.05.2021.pdf\" target=\"_blank\" rel=\"noopener\">Qualit\u00e4tsnorm ISO 9001<\/a> j\u00e4hrlich erneut \u00fcberpr\u00fcft und zertifiziert.<\/p>\n<p>&nbsp;<\/p>\n<p>Von der Entwicklung und Konstruktion bis hin zur Endfertigung bietet K\u00f6nig &amp; Meyer alles aus einer Hand. Um eine langlebige und zuverl\u00e4ssige Qualit\u00e4t unserer Produkte zu erreichen, verwenden wir ausschlie\u00dflich Pr\u00e4zisionsstahlrohre, die in ihren Abmessungen und Toleranzen nicht abweichen. Metall- und Kunststoffteile werden in eigener Fertigung hergestellt. Werkzeuge und Vorrichtungen entwickeln und bauen wir seit vielen Jahren selbst. Produktverantwortung beginnt bereits bei der Entwicklung. Mit unserem hoch qualifizierten Mitarbeiterstab betreiben wir eine eigenst\u00e4ndige Forschung und Entwicklung. Modernste Computertechnik, kurze Entwicklungszeiten und h\u00f6chste Qualit\u00e4tsanspr\u00fcche bilden die Basis f\u00fcr die Innovationen von morgen. Im Vordergrund stehen immer der Nutzen f\u00fcr den Anwender, die Nachhaltigkeit der Produkte und die Ber\u00fccksichtigung ressourcen- und umweltschonender Produktionsprozesse.<\/p>\n<p>&nbsp;<\/p>\n<p>Durch eine innovative Technik, eine hohe Fertigungstiefe und konsequente Reinvestitionen in den Maschinenpark erreicht K\u00f6nig &amp; Meyer eine Flexibilit\u00e4t, mit der schnell und unkompliziert auf Kundenw\u00fcnsche und Marktanforderungen reagiert werden kann.[\/vc_column_text][\/vc_column][\/vc_row][vc_row el_class=&#8220;text_img_boxes content_l&#8220;][vc_column][vc_single_image image=&#8220;108&#8243; img_size=&#8220;full&#8220;][vc_column_text]<\/p>\n<h2>Unsere Garantieleistung<\/h2>\n<p>Unsere Produkte haben eine 5-Jahres-Garantie. Dar\u00fcber hinaus bieten wir einen Ersatzteilservice f\u00fcr all unsere Katalogprodukte f\u00fcr 10 Jahre.[\/vc_column_text][\/vc_column][\/vc_row]<\/p>\n<\/div>","protected":false},"excerpt":{"rendered":"<p>[vc_row full_width=&#8220;stretch_row_content_no_spaces&#8220;][vc_column][\/vc_column][\/vc_row][vc_row el_class=&#8220;content_m&#8220;][vc_column][vc_column_text] Pr\u00e4zision \u2013 Made in Germany &#8222;Unser uneingeschr\u00e4nktes Bekenntnis zur Qualit\u00e4t pr\u00e4gt unser Handeln auf allen Unternehmens\u00adebenen. Das<span class=\"read_more\">Mehr erfahren<\/span><\/p>\n","protected":false},"author":11,"featured_media":0,"parent":8,"menu_order":87,"comment_status":"closed","ping_status":"closed","template":"","meta":{"footnotes":""},"class_list":["post-104","page","type-page","status-publish","format-standard","hentry"],"better_featured_image":null,"yoast_head":"<!-- This site is optimized with the Yoast SEO Premium plugin v26.8 (Yoast SEO v27.4) - https:\/\/yoast.com\/product\/yoast-seo-premium-wordpress\/ -->\n<title>Qualit\u00e4t - K\u00f6nig &amp; Meyer<\/title>\n<meta name=\"description\" content=\"Unser uneingeschr\u00e4nktes Bekenntnis zur Qualit\u00e4t pr\u00e4gt das Handeln auf allen Unternehmensebenen. Das Erreichte ist stets der Ausgangspunkt zu etwas Besserem.\" \/>\n<meta name=\"robots\" content=\"index, follow, max-snippet:-1, max-image-preview:large, max-video-preview:-1\" \/>\n<link rel=\"canonical\" href=\"https:\/\/www.k-m.de\/brand\/de\/koenig-meyer\/qualitaet\/\" \/>\n<meta property=\"og:locale\" content=\"de_DE\" \/>\n<meta property=\"og:type\" content=\"article\" \/>\n<meta property=\"og:title\" content=\"Qualit\u00e4t\" \/>\n<meta property=\"og:description\" content=\"Unser uneingeschr\u00e4nktes Bekenntnis zur Qualit\u00e4t pr\u00e4gt das Handeln auf allen Unternehmensebenen. Das Erreichte ist stets der Ausgangspunkt zu etwas Besserem.\" \/>\n<meta property=\"og:url\" content=\"https:\/\/www.k-m.de\/brand\/de\/koenig-meyer\/qualitaet\/\" \/>\n<meta property=\"og:site_name\" content=\"K\u00f6nig &amp; Meyer\" \/>\n<meta property=\"article:modified_time\" content=\"2022-02-13T12:46:44+00:00\" \/>\n<meta name=\"twitter:card\" content=\"summary_large_image\" \/>\n<meta name=\"twitter:label1\" content=\"Gesch\u00e4tzte Lesezeit\" \/>\n\t<meta name=\"twitter:data1\" content=\"2\u00a0Minuten\" \/>\n<script type=\"application\/ld+json\" class=\"yoast-schema-graph\">{\"@context\":\"https:\\\/\\\/schema.org\",\"@graph\":[{\"@type\":\"WebPage\",\"@id\":\"https:\\\/\\\/www.k-m.de\\\/brand\\\/de\\\/koenig-meyer\\\/qualitaet\\\/\",\"url\":\"https:\\\/\\\/www.k-m.de\\\/brand\\\/de\\\/koenig-meyer\\\/qualitaet\\\/\",\"name\":\"Qualit\u00e4t - K\u00f6nig &amp; Meyer\",\"isPartOf\":{\"@id\":\"https:\\\/\\\/www.k-m.de\\\/brand\\\/de\\\/#website\"},\"datePublished\":\"2018-08-16T08:40:55+00:00\",\"dateModified\":\"2022-02-13T12:46:44+00:00\",\"description\":\"Unser uneingeschr\u00e4nktes Bekenntnis zur Qualit\u00e4t pr\u00e4gt das Handeln auf allen Unternehmensebenen. Das Erreichte ist stets der Ausgangspunkt zu etwas Besserem.\",\"breadcrumb\":{\"@id\":\"https:\\\/\\\/www.k-m.de\\\/brand\\\/de\\\/koenig-meyer\\\/qualitaet\\\/#breadcrumb\"},\"inLanguage\":\"de\",\"potentialAction\":[{\"@type\":\"ReadAction\",\"target\":[\"https:\\\/\\\/www.k-m.de\\\/brand\\\/de\\\/koenig-meyer\\\/qualitaet\\\/\"]}]},{\"@type\":\"BreadcrumbList\",\"@id\":\"https:\\\/\\\/www.k-m.de\\\/brand\\\/de\\\/koenig-meyer\\\/qualitaet\\\/#breadcrumb\",\"itemListElement\":[{\"@type\":\"ListItem\",\"position\":1,\"name\":\"Startseite\",\"item\":\"https:\\\/\\\/www.k-m.de\\\/brand\\\/de\\\/\"},{\"@type\":\"ListItem\",\"position\":2,\"name\":\"K\u00f6nig &#038; Meyer\",\"item\":\"https:\\\/\\\/www.k-m.de\\\/brand\\\/de\\\/koenig-meyer\\\/\"},{\"@type\":\"ListItem\",\"position\":3,\"name\":\"Qualit\u00e4t\"}]},{\"@type\":\"WebSite\",\"@id\":\"https:\\\/\\\/www.k-m.de\\\/brand\\\/de\\\/#website\",\"url\":\"https:\\\/\\\/www.k-m.de\\\/brand\\\/de\\\/\",\"name\":\"K\u00f6nig & Meyer\",\"description\":\"K\u00f6nig &amp; Meyer ist ein weltweit f\u00fchrender Hersteller f\u00fcr Musikzubeh\u00f6r. Seit \u00fcber 65 Jahren steht K&amp;M f\u00fcr qualitativ hochwertige Produkte.\",\"publisher\":{\"@id\":\"https:\\\/\\\/www.k-m.de\\\/brand\\\/de\\\/#organization\"},\"potentialAction\":[{\"@type\":\"SearchAction\",\"target\":{\"@type\":\"EntryPoint\",\"urlTemplate\":\"https:\\\/\\\/www.k-m.de\\\/brand\\\/de\\\/?s={search_term_string}\"},\"query-input\":{\"@type\":\"PropertyValueSpecification\",\"valueRequired\":true,\"valueName\":\"search_term_string\"}}],\"inLanguage\":\"de\"},{\"@type\":\"Organization\",\"@id\":\"https:\\\/\\\/www.k-m.de\\\/brand\\\/de\\\/#organization\",\"name\":\"K\u00f6nig & Meyer\",\"url\":\"https:\\\/\\\/www.k-m.de\\\/brand\\\/de\\\/\",\"logo\":{\"@type\":\"ImageObject\",\"inLanguage\":\"de\",\"@id\":\"https:\\\/\\\/www.k-m.de\\\/brand\\\/de\\\/#\\\/schema\\\/logo\\\/image\\\/\",\"url\":\"https:\\\/\\\/www.k-m.de\\\/brand\\\/wp-content\\\/uploads\\\/2023\\\/01\\\/KM_1c.tif\",\"contentUrl\":\"https:\\\/\\\/www.k-m.de\\\/brand\\\/wp-content\\\/uploads\\\/2023\\\/01\\\/KM_1c.tif\",\"width\":1,\"height\":1,\"caption\":\"K\u00f6nig & Meyer\"},\"image\":{\"@id\":\"https:\\\/\\\/www.k-m.de\\\/brand\\\/de\\\/#\\\/schema\\\/logo\\\/image\\\/\"}}]}<\/script>\n<!-- \/ Yoast SEO Premium plugin. -->","yoast_head_json":{"title":"Qualit\u00e4t - K\u00f6nig &amp; Meyer","description":"Unser uneingeschr\u00e4nktes Bekenntnis zur Qualit\u00e4t pr\u00e4gt das Handeln auf allen Unternehmensebenen. Das Erreichte ist stets der Ausgangspunkt zu etwas Besserem.","robots":{"index":"index","follow":"follow","max-snippet":"max-snippet:-1","max-image-preview":"max-image-preview:large","max-video-preview":"max-video-preview:-1"},"canonical":"https:\/\/www.k-m.de\/brand\/de\/koenig-meyer\/qualitaet\/","og_locale":"de_DE","og_type":"article","og_title":"Qualit\u00e4t","og_description":"Unser uneingeschr\u00e4nktes Bekenntnis zur Qualit\u00e4t pr\u00e4gt das Handeln auf allen Unternehmensebenen. Das Erreichte ist stets der Ausgangspunkt zu etwas Besserem.","og_url":"https:\/\/www.k-m.de\/brand\/de\/koenig-meyer\/qualitaet\/","og_site_name":"K\u00f6nig &amp; Meyer","article_modified_time":"2022-02-13T12:46:44+00:00","twitter_card":"summary_large_image","twitter_misc":{"Gesch\u00e4tzte Lesezeit":"2\u00a0Minuten"},"schema":{"@context":"https:\/\/schema.org","@graph":[{"@type":"WebPage","@id":"https:\/\/www.k-m.de\/brand\/de\/koenig-meyer\/qualitaet\/","url":"https:\/\/www.k-m.de\/brand\/de\/koenig-meyer\/qualitaet\/","name":"Qualit\u00e4t - K\u00f6nig &amp; Meyer","isPartOf":{"@id":"https:\/\/www.k-m.de\/brand\/de\/#website"},"datePublished":"2018-08-16T08:40:55+00:00","dateModified":"2022-02-13T12:46:44+00:00","description":"Unser uneingeschr\u00e4nktes Bekenntnis zur Qualit\u00e4t pr\u00e4gt das Handeln auf allen Unternehmensebenen. Das Erreichte ist stets der Ausgangspunkt zu etwas Besserem.","breadcrumb":{"@id":"https:\/\/www.k-m.de\/brand\/de\/koenig-meyer\/qualitaet\/#breadcrumb"},"inLanguage":"de","potentialAction":[{"@type":"ReadAction","target":["https:\/\/www.k-m.de\/brand\/de\/koenig-meyer\/qualitaet\/"]}]},{"@type":"BreadcrumbList","@id":"https:\/\/www.k-m.de\/brand\/de\/koenig-meyer\/qualitaet\/#breadcrumb","itemListElement":[{"@type":"ListItem","position":1,"name":"Startseite","item":"https:\/\/www.k-m.de\/brand\/de\/"},{"@type":"ListItem","position":2,"name":"K\u00f6nig &#038; Meyer","item":"https:\/\/www.k-m.de\/brand\/de\/koenig-meyer\/"},{"@type":"ListItem","position":3,"name":"Qualit\u00e4t"}]},{"@type":"WebSite","@id":"https:\/\/www.k-m.de\/brand\/de\/#website","url":"https:\/\/www.k-m.de\/brand\/de\/","name":"K\u00f6nig & Meyer","description":"K\u00f6nig &amp; Meyer ist ein weltweit f\u00fchrender Hersteller f\u00fcr Musikzubeh\u00f6r. Seit \u00fcber 65 Jahren steht K&amp;M f\u00fcr qualitativ hochwertige Produkte.","publisher":{"@id":"https:\/\/www.k-m.de\/brand\/de\/#organization"},"potentialAction":[{"@type":"SearchAction","target":{"@type":"EntryPoint","urlTemplate":"https:\/\/www.k-m.de\/brand\/de\/?s={search_term_string}"},"query-input":{"@type":"PropertyValueSpecification","valueRequired":true,"valueName":"search_term_string"}}],"inLanguage":"de"},{"@type":"Organization","@id":"https:\/\/www.k-m.de\/brand\/de\/#organization","name":"K\u00f6nig & Meyer","url":"https:\/\/www.k-m.de\/brand\/de\/","logo":{"@type":"ImageObject","inLanguage":"de","@id":"https:\/\/www.k-m.de\/brand\/de\/#\/schema\/logo\/image\/","url":"https:\/\/www.k-m.de\/brand\/wp-content\/uploads\/2023\/01\/KM_1c.tif","contentUrl":"https:\/\/www.k-m.de\/brand\/wp-content\/uploads\/2023\/01\/KM_1c.tif","width":1,"height":1,"caption":"K\u00f6nig & Meyer"},"image":{"@id":"https:\/\/www.k-m.de\/brand\/de\/#\/schema\/logo\/image\/"}}]}},"_links":{"self":[{"href":"https:\/\/www.k-m.de\/brand\/de\/wp-json\/wp\/v2\/pages\/104","targetHints":{"allow":["GET"]}}],"collection":[{"href":"https:\/\/www.k-m.de\/brand\/de\/wp-json\/wp\/v2\/pages"}],"about":[{"href":"https:\/\/www.k-m.de\/brand\/de\/wp-json\/wp\/v2\/types\/page"}],"author":[{"embeddable":true,"href":"https:\/\/www.k-m.de\/brand\/de\/wp-json\/wp\/v2\/users\/11"}],"replies":[{"embeddable":true,"href":"https:\/\/www.k-m.de\/brand\/de\/wp-json\/wp\/v2\/comments?post=104"}],"version-history":[{"count":12,"href":"https:\/\/www.k-m.de\/brand\/de\/wp-json\/wp\/v2\/pages\/104\/revisions"}],"predecessor-version":[{"id":16210,"href":"https:\/\/www.k-m.de\/brand\/de\/wp-json\/wp\/v2\/pages\/104\/revisions\/16210"}],"up":[{"embeddable":true,"href":"https:\/\/www.k-m.de\/brand\/de\/wp-json\/wp\/v2\/pages\/8"}],"wp:attachment":[{"href":"https:\/\/www.k-m.de\/brand\/de\/wp-json\/wp\/v2\/media?parent=104"}],"curies":[{"name":"wp","href":"https:\/\/api.w.org\/{rel}","templated":true}]}}