{"id":10462,"date":"2019-03-12T13:37:26","date_gmt":"2019-03-12T12:37:26","guid":{"rendered":"https:\/\/www.k-m.de\/brand\/?page_id=10462"},"modified":"2023-01-30T11:40:45","modified_gmt":"2023-01-30T10:40:45","slug":"impressum","status":"publish","type":"page","link":"https:\/\/www.k-m.de\/brand\/de\/impressum\/","title":{"rendered":"Impressum"},"content":{"rendered":"<div class=\"wpb-content-wrapper\"><p>[vc_row el_class=&#8220;content_m&#8220;][vc_column][vc_custom_heading text=&#8220;Impressum&#8220; font_container=&#8220;tag:h2|text_align:center&#8220; use_theme_fonts=&#8220;yes&#8220;][vc_empty_space][vc_column_text]K\u00f6nig &amp; Meyer freut sich \u00fcber Ihren Besuch auf dieser Webseite und Ihr Interesse an unseren Produkten.<\/p>\n<p>&nbsp;<\/p>\n<h4><b>Impressum K\u00d6NIG &amp; MEYER GmbH &amp; Co. KG<\/b><\/h4>\n<p>Kiesweg 2a<br \/>\n97877 Wertheim<br \/>\nTel. + 49 9342\/806-0<br \/>\nFax. + 49 9342\/806-150<br \/>\nE-Mail: contact(at)k-m.de<br \/>\nRegistergericht: Amtsgericht Mannheim<br \/>\nRegisternummer: HRA 570098<br \/>\nDatenschutzbeauftragter: datenschutz@k-m.de<br \/>\nInhaltlich Verantwortlicher gem\u00e4\u00df \u00a755 Rundfunkstaatsvertrag (RStV): Gesch\u00e4ftsf\u00fchrerin Gabriela K\u00f6nig<\/p>\n<p>&nbsp;<\/p>\n<h4><b>Pers\u00f6nlich haftende Gesellschafter:<\/b><\/h4>\n<p>K\u00f6nig &amp; Meyer Gesch\u00e4ftsf\u00fchrungs-GmbH \u2013 Sitz Wertheim<br \/>\nGesch\u00e4ftsf\u00fchrer: Gabriela K\u00f6nig, Heiko Wolz<br \/>\nRegistergericht: Amtsgericht Mannheim<br \/>\nRegisternummer: HRB 570054<\/p>\n<p>USt-IdNr.: DE146577888<br \/>\nWEEE-Reg.Nr.: DE69302636<\/p>\n<p>Informationspflichten gem\u00e4\u00df \u00a718 Abs. 2 Elektro- und Elektronikger\u00e4tegesetz:<br \/>\n<a href=\"https:\/\/www.bmu.de\/themen\/wasser-abfall-boden\/abfallwirtschaft\/statistiken\/elektro-und-elektronikaltgeraete\/\">https:\/\/www.bmu.de\/themen\/wasser-abfall-boden\/abfallwirtschaft\/statistiken\/elektro-und-elektronikaltgeraete\/<\/a><\/p>\n<p>Zertifiziert nach:<br \/>\nISO 14001:2009 (Umweltmanagement)<br \/>\nEMAS III (Verordnung EG Nr. 1221\/2009)<br \/>\nISO 9001:2008 (Qualit\u00e4tsmanagement)<\/p>\n<p>&nbsp;<\/p>\n<h4><b>Haftung f\u00fcr Inhalte<\/b><\/h4>\n<p>Die K\u00d6NIG &amp; MEYER GmbH &amp; Co. KG \u00fcbernimmt keine Gew\u00e4hr f\u00fcr die Aktualit\u00e4t, Richtigkeit und Vollst\u00e4ndigkeit der Informationen auf diesen Seiten oder einen jederzeit st\u00f6rungsfreien Zugang. Weiterhin schlie\u00dft die K\u00d6NIG &amp; MEYER GmbH &amp; Co. KG eine Haftung bei Serviceleistungen insbesondere bei Downloads aus.<br \/>\nDie Angaben der Internetseiten der K\u00d6NIG &amp; MEYER GmbH &amp; Co. KG dienen der unverbindlichen allgemeinen Information und ersetzen nicht die individuelle Beratung f\u00fcr eine Kaufentscheidung. Technische \u00c4nderungen an Produkten behalten wir uns vor.<br \/>\nAls Diensteanbieter sind wir gem\u00e4\u00df \u00a7 7 Abs.1 TMG f\u00fcr eigene Inhalte auf diesen Seiten nach den allgemeinen Gesetzen verantwortlich. Nach \u00a7\u00a7 8 bis 10 TMG sind wir als Diensteanbieter jedoch nicht verpflichtet, \u00fcbermittelte oder gespeicherte fremde Informationen zu \u00fcberwachen oder nach Umst\u00e4nden zu forschen, die auf eine rechtswidrige T\u00e4tigkeit hinweisen. Verpflichtungen zur Entfernung oder Sperrung der Nutzung von Informationen nach den allgemeinen Gesetzen bleiben hiervon unber\u00fchrt. Eine diesbez\u00fcgliche Haftung ist jedoch erst ab dem Zeitpunkt der Kenntnis einer konkreten Rechtsverletzung m\u00f6glich. Bei bekannt werden von entsprechenden Rechtsverletzungen werden wir diese Inhalte umgehend entfernen.<\/p>\n<p>&nbsp;<\/p>\n<h4><b>Haftung f\u00fcr Links<\/b><\/h4>\n<p>Unser Angebot enth\u00e4lt Links zu externen Webseiten Dritter, auf deren Inhalte wir keinen Einfluss haben. Deshalb k\u00f6nnen wir f\u00fcr diese fremden Inhalte auch keine Gew\u00e4hr \u00fcbernehmen. F\u00fcr die Inhalte der verlinkten Seiten ist stets der jeweilige Anbieter oder Betreiber der Seiten verantwortlich. Die verlinkten Seiten wurden zum Zeitpunkt der Verlinkung auf m\u00f6gliche Rechtsverst\u00f6\u00dfe \u00fcberpr\u00fcft. Rechtswidrige Inhalte waren zum Zeitpunkt der Verlinkung nicht erkennbar. Eine permanente inhaltliche Kontrolle der verlinkten Seiten ist jedoch ohne konkrete Anhaltspunkte einer Rechtsverletzung nicht zumutbar. Bei Bekanntwerden von Rechtsverletzungen werden wir derartige Links umgehend entfernen.<\/p>\n<p>&nbsp;<\/p>\n<h4><b>Copyright<\/b><\/h4>\n<p>S\u00e4mtliche Texte, Bilder, Logos, Prospekte und andere auf der Internetseite ver\u00f6ffentlichte Werke unterliegen (sofern nicht anders gekennzeichnet) dem Copyright der K\u00d6NIG &amp; MEYER GmbH &amp; Co. KG. Die Verwendung ist aufgrund und nach Ma\u00dfgabe der nachfolgenden Bestimmungen gestattet: Eine Nutzung der Daten ist nur f\u00fcr eigene Zwecke gestattet. Die Nutzung ohne Bezug auf K\u00d6NIG &amp; MEYER-Produkte oder -Services ist nicht gestattet. Ver\u00e4nderungen der Daten, mit Ausnahme einer proportionalen Gr\u00f6\u00dfen\u00e4nderung, sind untersagt.<\/p>\n<p>&nbsp;<\/p>\n<p><b>Konzept, Design und Realisierung<\/b><\/p>\n<p><b>GREEN-M<br \/>\nINTERFACE<br \/>\nDESIGN<\/b><\/p>\n<p>Gustav-Adolf-Str. 39<br \/>\n04105 Leipzig<br \/>\nGermany<\/p>\n<p><a href=\"http:\/\/www.green-m.de\/\" target=\"_blank\" rel=\"noopener\">www.green-m.de<\/a>[\/vc_column_text][\/vc_column][\/vc_row][vc_row][vc_column][vc_empty_space height=&#8220;70px&#8220;][\/vc_column][\/vc_row]<\/p>\n<\/div>","protected":false},"excerpt":{"rendered":"<p>[vc_row el_class=&#8220;content_m&#8220;][vc_column][vc_custom_heading text=&#8220;Impressum&#8220; font_container=&#8220;tag:h2|text_align:center&#8220; use_theme_fonts=&#8220;yes&#8220;][vc_empty_space][vc_column_text]K\u00f6nig &amp; Meyer freut sich \u00fcber Ihren Besuch auf dieser Webseite und Ihr Interesse an unseren<span class=\"read_more\">Mehr erfahren<\/span><\/p>\n","protected":false},"author":16,"featured_media":0,"parent":0,"menu_order":2,"comment_status":"closed","ping_status":"closed","template":"","meta":{"footnotes":""},"class_list":["post-10462","page","type-page","status-publish","format-standard","hentry"],"better_featured_image":null,"yoast_head":"<!-- This site is optimized with the Yoast SEO Premium plugin v26.8 (Yoast SEO v26.9) - https:\/\/yoast.com\/product\/yoast-seo-premium-wordpress\/ -->\n<title>Impressum - K\u00f6nig &amp; Meyer<\/title>\n<meta name=\"robots\" content=\"index, follow, max-snippet:-1, max-image-preview:large, max-video-preview:-1\" \/>\n<link rel=\"canonical\" href=\"https:\/\/www.k-m.de\/brand\/de\/impressum\/\" \/>\n<meta property=\"og:locale\" content=\"de_DE\" \/>\n<meta property=\"og:type\" content=\"article\" \/>\n<meta property=\"og:title\" content=\"Impressum\" \/>\n<meta property=\"og:description\" content=\"[vc_row el_class=&#8220;content_m&#8220;][vc_column][vc_custom_heading text=&#8220;Impressum&#8220; font_container=&#8220;tag:h2|text_align:center&#8220; use_theme_fonts=&#8220;yes&#8220;][vc_empty_space][vc_column_text]K\u00f6nig &amp; Meyer freut sich \u00fcber Ihren Besuch auf dieser Webseite und Ihr Interesse an unserenMehr erfahren\" \/>\n<meta property=\"og:url\" content=\"https:\/\/www.k-m.de\/brand\/de\/impressum\/\" \/>\n<meta property=\"og:site_name\" content=\"K\u00f6nig &amp; Meyer\" \/>\n<meta property=\"article:modified_time\" content=\"2023-01-30T10:40:45+00:00\" \/>\n<meta name=\"twitter:card\" content=\"summary_large_image\" \/>\n<meta name=\"twitter:label1\" content=\"Gesch\u00e4tzte Lesezeit\" \/>\n\t<meta name=\"twitter:data1\" content=\"3\u00a0Minuten\" \/>\n<script type=\"application\/ld+json\" class=\"yoast-schema-graph\">{\"@context\":\"https:\/\/schema.org\",\"@graph\":[{\"@type\":\"WebPage\",\"@id\":\"https:\/\/www.k-m.de\/brand\/de\/impressum\/\",\"url\":\"https:\/\/www.k-m.de\/brand\/de\/impressum\/\",\"name\":\"Impressum - K\u00f6nig &amp; Meyer\",\"isPartOf\":{\"@id\":\"https:\/\/www.k-m.de\/brand\/de\/#website\"},\"datePublished\":\"2019-03-12T12:37:26+00:00\",\"dateModified\":\"2023-01-30T10:40:45+00:00\",\"breadcrumb\":{\"@id\":\"https:\/\/www.k-m.de\/brand\/de\/impressum\/#breadcrumb\"},\"inLanguage\":\"de\",\"potentialAction\":[{\"@type\":\"ReadAction\",\"target\":[\"https:\/\/www.k-m.de\/brand\/de\/impressum\/\"]}]},{\"@type\":\"BreadcrumbList\",\"@id\":\"https:\/\/www.k-m.de\/brand\/de\/impressum\/#breadcrumb\",\"itemListElement\":[{\"@type\":\"ListItem\",\"position\":1,\"name\":\"Startseite\",\"item\":\"https:\/\/www.k-m.de\/brand\/de\/\"},{\"@type\":\"ListItem\",\"position\":2,\"name\":\"Impressum\"}]},{\"@type\":\"WebSite\",\"@id\":\"https:\/\/www.k-m.de\/brand\/de\/#website\",\"url\":\"https:\/\/www.k-m.de\/brand\/de\/\",\"name\":\"K\u00f6nig & Meyer\",\"description\":\"K\u00f6nig &amp; Meyer ist ein weltweit f\u00fchrender Hersteller f\u00fcr Musikzubeh\u00f6r. Seit \u00fcber 65 Jahren steht K&amp;M f\u00fcr qualitativ hochwertige Produkte.\",\"publisher\":{\"@id\":\"https:\/\/www.k-m.de\/brand\/de\/#organization\"},\"potentialAction\":[{\"@type\":\"SearchAction\",\"target\":{\"@type\":\"EntryPoint\",\"urlTemplate\":\"https:\/\/www.k-m.de\/brand\/de\/?s={search_term_string}\"},\"query-input\":{\"@type\":\"PropertyValueSpecification\",\"valueRequired\":true,\"valueName\":\"search_term_string\"}}],\"inLanguage\":\"de\"},{\"@type\":\"Organization\",\"@id\":\"https:\/\/www.k-m.de\/brand\/de\/#organization\",\"name\":\"K\u00f6nig & Meyer\",\"url\":\"https:\/\/www.k-m.de\/brand\/de\/\",\"logo\":{\"@type\":\"ImageObject\",\"inLanguage\":\"de\",\"@id\":\"https:\/\/www.k-m.de\/brand\/de\/#\/schema\/logo\/image\/\",\"url\":\"https:\/\/www.k-m.de\/brand\/wp-content\/uploads\/2023\/01\/KM_1c.tif\",\"contentUrl\":\"https:\/\/www.k-m.de\/brand\/wp-content\/uploads\/2023\/01\/KM_1c.tif\",\"width\":1,\"height\":1,\"caption\":\"K\u00f6nig & Meyer\"},\"image\":{\"@id\":\"https:\/\/www.k-m.de\/brand\/de\/#\/schema\/logo\/image\/\"}}]}<\/script>\n<!-- \/ Yoast SEO Premium plugin. -->","yoast_head_json":{"title":"Impressum - K\u00f6nig &amp; Meyer","robots":{"index":"index","follow":"follow","max-snippet":"max-snippet:-1","max-image-preview":"max-image-preview:large","max-video-preview":"max-video-preview:-1"},"canonical":"https:\/\/www.k-m.de\/brand\/de\/impressum\/","og_locale":"de_DE","og_type":"article","og_title":"Impressum","og_description":"[vc_row el_class=&#8220;content_m&#8220;][vc_column][vc_custom_heading text=&#8220;Impressum&#8220; font_container=&#8220;tag:h2|text_align:center&#8220; use_theme_fonts=&#8220;yes&#8220;][vc_empty_space][vc_column_text]K\u00f6nig &amp; Meyer freut sich \u00fcber Ihren Besuch auf dieser Webseite und Ihr Interesse an unserenMehr erfahren","og_url":"https:\/\/www.k-m.de\/brand\/de\/impressum\/","og_site_name":"K\u00f6nig &amp; Meyer","article_modified_time":"2023-01-30T10:40:45+00:00","twitter_card":"summary_large_image","twitter_misc":{"Gesch\u00e4tzte Lesezeit":"3\u00a0Minuten"},"schema":{"@context":"https:\/\/schema.org","@graph":[{"@type":"WebPage","@id":"https:\/\/www.k-m.de\/brand\/de\/impressum\/","url":"https:\/\/www.k-m.de\/brand\/de\/impressum\/","name":"Impressum - K\u00f6nig &amp; Meyer","isPartOf":{"@id":"https:\/\/www.k-m.de\/brand\/de\/#website"},"datePublished":"2019-03-12T12:37:26+00:00","dateModified":"2023-01-30T10:40:45+00:00","breadcrumb":{"@id":"https:\/\/www.k-m.de\/brand\/de\/impressum\/#breadcrumb"},"inLanguage":"de","potentialAction":[{"@type":"ReadAction","target":["https:\/\/www.k-m.de\/brand\/de\/impressum\/"]}]},{"@type":"BreadcrumbList","@id":"https:\/\/www.k-m.de\/brand\/de\/impressum\/#breadcrumb","itemListElement":[{"@type":"ListItem","position":1,"name":"Startseite","item":"https:\/\/www.k-m.de\/brand\/de\/"},{"@type":"ListItem","position":2,"name":"Impressum"}]},{"@type":"WebSite","@id":"https:\/\/www.k-m.de\/brand\/de\/#website","url":"https:\/\/www.k-m.de\/brand\/de\/","name":"K\u00f6nig & Meyer","description":"K\u00f6nig &amp; Meyer ist ein weltweit f\u00fchrender Hersteller f\u00fcr Musikzubeh\u00f6r. Seit \u00fcber 65 Jahren steht K&amp;M f\u00fcr qualitativ hochwertige Produkte.","publisher":{"@id":"https:\/\/www.k-m.de\/brand\/de\/#organization"},"potentialAction":[{"@type":"SearchAction","target":{"@type":"EntryPoint","urlTemplate":"https:\/\/www.k-m.de\/brand\/de\/?s={search_term_string}"},"query-input":{"@type":"PropertyValueSpecification","valueRequired":true,"valueName":"search_term_string"}}],"inLanguage":"de"},{"@type":"Organization","@id":"https:\/\/www.k-m.de\/brand\/de\/#organization","name":"K\u00f6nig & Meyer","url":"https:\/\/www.k-m.de\/brand\/de\/","logo":{"@type":"ImageObject","inLanguage":"de","@id":"https:\/\/www.k-m.de\/brand\/de\/#\/schema\/logo\/image\/","url":"https:\/\/www.k-m.de\/brand\/wp-content\/uploads\/2023\/01\/KM_1c.tif","contentUrl":"https:\/\/www.k-m.de\/brand\/wp-content\/uploads\/2023\/01\/KM_1c.tif","width":1,"height":1,"caption":"K\u00f6nig & Meyer"},"image":{"@id":"https:\/\/www.k-m.de\/brand\/de\/#\/schema\/logo\/image\/"}}]}},"_links":{"self":[{"href":"https:\/\/www.k-m.de\/brand\/de\/wp-json\/wp\/v2\/pages\/10462","targetHints":{"allow":["GET"]}}],"collection":[{"href":"https:\/\/www.k-m.de\/brand\/de\/wp-json\/wp\/v2\/pages"}],"about":[{"href":"https:\/\/www.k-m.de\/brand\/de\/wp-json\/wp\/v2\/types\/page"}],"author":[{"embeddable":true,"href":"https:\/\/www.k-m.de\/brand\/de\/wp-json\/wp\/v2\/users\/16"}],"replies":[{"embeddable":true,"href":"https:\/\/www.k-m.de\/brand\/de\/wp-json\/wp\/v2\/comments?post=10462"}],"version-history":[{"count":12,"href":"https:\/\/www.k-m.de\/brand\/de\/wp-json\/wp\/v2\/pages\/10462\/revisions"}],"predecessor-version":[{"id":26889,"href":"https:\/\/www.k-m.de\/brand\/de\/wp-json\/wp\/v2\/pages\/10462\/revisions\/26889"}],"wp:attachment":[{"href":"https:\/\/www.k-m.de\/brand\/de\/wp-json\/wp\/v2\/media?parent=10462"}],"curies":[{"name":"wp","href":"https:\/\/api.w.org\/{rel}","templated":true}]}}