{"id":115,"date":"2018-08-16T12:02:34","date_gmt":"2018-08-16T10:02:34","guid":{"rendered":"http:\/\/loc.www.k-m.de\/brand\/?page_id=115"},"modified":"2024-10-02T15:53:28","modified_gmt":"2024-10-02T13:53:28","slug":"umwelt","status":"publish","type":"page","link":"https:\/\/www.k-m.de\/brand\/de\/koenig-meyer\/umwelt\/","title":{"rendered":"Umwelt"},"content":{"rendered":"<div class=\"wpb-content-wrapper\"><p>[vc_row full_width=&#8220;stretch_row_content_no_spaces&#8220;][vc_column]\n<div class=\"main_teasers owl-carousel owl-theme\">\n\t\t\t\t\t<div class=\"main_teaser main_teaser_light\">\n\t\t\t<div class=\"main_teaser_text\">\n\t\t\t\t\t\t\t\t\t\t\t\t\t\t\t\t\t<a class=\"main_teaser_prev\"><\/a>\n\t\t\t\t\t<a class=\"main_teaser_next\"><\/a>\n\t\t\t\t\t\t\t\t\t\t\t<\/div>\n\t\t\t<img decoding=\"async\" src=\"https:\/\/www.k-m.de\/brand\/wp-content\/uploads\/2019\/01\/Umwelt_01.jpg\" \/>\n\t\t<\/div>\n\t\t\t\t\t<div class=\"main_teaser main_teaser_light\">\n\t\t\t<div class=\"main_teaser_text\">\n\t\t\t\t\t\t\t\t\t\t\t\t\t\t\t\t\t<a class=\"main_teaser_prev\"><\/a>\n\t\t\t\t\t<a class=\"main_teaser_next\"><\/a>\n\t\t\t\t\t\t\t\t\t\t\t<\/div>\n\t\t\t<img decoding=\"async\" src=\"https:\/\/www.k-m.de\/brand\/wp-content\/uploads\/2019\/01\/Umwelt_02.jpg\" \/>\n\t\t<\/div>\n\t\t\t\t\t<div class=\"main_teaser main_teaser_light\">\n\t\t\t<div class=\"main_teaser_text\">\n\t\t\t\t\t\t\t\t\t\t\t\t\t\t\t\t\t<a class=\"main_teaser_prev\"><\/a>\n\t\t\t\t\t<a class=\"main_teaser_next\"><\/a>\n\t\t\t\t\t\t\t\t\t\t\t<\/div>\n\t\t\t<img decoding=\"async\" src=\"https:\/\/www.k-m.de\/brand\/wp-content\/uploads\/2019\/03\/Umwelt_03.jpg\" \/>\n\t\t<\/div>\n\t<\/div>[\/vc_column][\/vc_row][vc_row el_class=&#8220;content_m&#8220;][vc_column][vc_column_text]<\/p>\n<h1>Unsere Umwelt ist uns wichtig<\/h1>\n<p style=\"text-align: center;\">&#8222;Ressourcen sind zu wertvoll, um sie zu verschwenden. Egal ob wir ein Notenpult, einen Mikrofonst\u00e4nder oder ein Boxenstativ fertigen, Ressourcenschonung und Umweltschutz sind fest in jedem Schritt unserer Produktion verankert.&#8220;<\/p>\n<p>[\/vc_column_text][vc_empty_space height=&#8220;50px&#8220;][\/vc_column][\/vc_row][vc_row full_width=&#8220;stretch_row&#8220; el_class=&#8220;content_m bg_light_grey&#8220;][vc_column][vc_column_text css=&#8220;&#8220;]Wir vermeiden Abfall, sparen Wasser und Energie und verringern Emissionen, wo immer es m\u00f6glich ist. Kontinuierlich \u00fcberpr\u00fcfen wir alle umweltrelevanten Prozesse und entwickeln Strategien und Ma\u00dfnahmen, mit denen sich Ressourcenverbrauch und Umweltauswirkungen minimieren lassen.<\/p>\n<p>&nbsp;<\/p>\n<p>Seit Jahrzehnten ist der Umweltschutz erkl\u00e4rtes Unternehmensziel bei K\u00f6nig &amp; Meyer. Unser uneingeschr\u00e4nktes Bekenntnis zu Qualit\u00e4t und Umweltschutz im Produktionsprozess bedeutet\u00a0f\u00fcr uns die effektive Nutzung der eingesetzten Rohstoffe, die Einsparung von Energie, die zunehmende Nutzung erneuerbarer Energien, die Wiederverwertbarkeit von Teilen und Produkten am Ende ihrer Lebenszeit, die Vermeidung von Schadstoffen in der Produktion, die Minderung des CO2-Aussto\u00dfes, Senkung des Wasserverbrauchs und die Aufbereitung des Gebrauchswassers im Produktionsprozess zu Trinkqualit\u00e4t. Seit 1979 haben wir unseren Wasserverbrauch um 94 % gesenkt.<\/p>\n<p>&nbsp;<\/p>\n<p>K\u00f6nig &amp; Meyer ist seit 2000 nach der anerkannten ISO 14001 Norm und seit 1998 nach der EU EMAS Verordnung zertifiziert. Beide werden f\u00fcr einen effektiven und verantwortungsvollen betrieblichen Umweltschutz vergeben.<\/p>\n<p>&nbsp;<\/p>\n<p>F\u00fcr unsere herausragenden Leistungen bei der F\u00f6rderung des betrieblichen Umweltschutzes und f\u00fcr unsere umweltorientierte Unternehmensf\u00fchrung wurden wir au\u00dferdem beim Umweltpreis des Landes Baden-W\u00fcrttemberg ausgezeichnet.[\/vc_column_text][\/vc_column][\/vc_row][vc_row][vc_column]\n<a class=\"download_box  download_box_small\" href=\"https:\/\/www.k-m.de\/brand\/wp-content\/uploads\/2021\/07\/CORE-ISO-14001_Zert_KoenigMeyer_2024_sign.pdf\" target=\"_blank\">\n\t\t\t<span class=\"download_image\">\n\t\t\t\t\t\t\t<img loading=\"lazy\" decoding=\"async\" width=\"203\" height=\"300\" src=\"https:\/\/www.k-m.de\/brand\/wp-content\/uploads\/2021\/07\/Bildschirmfoto-2024-10-02-um-15.26.17-406x600.png\" class=\"attachment-medium size-medium wp-post-image\" alt=\"Umweltmanagementsystem DIN EN ISO 14001:2015\" srcset=\"https:\/\/www.k-m.de\/brand\/wp-content\/uploads\/2021\/07\/Bildschirmfoto-2024-10-02-um-15.26.17-406x600.png 406w, https:\/\/www.k-m.de\/brand\/wp-content\/uploads\/2021\/07\/Bildschirmfoto-2024-10-02-um-15.26.17-693x1024.png 693w, https:\/\/www.k-m.de\/brand\/wp-content\/uploads\/2021\/07\/Bildschirmfoto-2024-10-02-um-15.26.17-768x1135.png 768w, https:\/\/www.k-m.de\/brand\/wp-content\/uploads\/2021\/07\/Bildschirmfoto-2024-10-02-um-15.26.17-520x768.png 520w, https:\/\/www.k-m.de\/brand\/wp-content\/uploads\/2021\/07\/Bildschirmfoto-2024-10-02-um-15.26.17-812x1200.png 812w, https:\/\/www.k-m.de\/brand\/wp-content\/uploads\/2021\/07\/Bildschirmfoto-2024-10-02-um-15.26.17-203x300.png 203w, https:\/\/www.k-m.de\/brand\/wp-content\/uploads\/2021\/07\/Bildschirmfoto-2024-10-02-um-15.26.17.png 920w\" sizes=\"auto, (max-width: 203px) 100vw, 203px\" \/>\t\t\t\t\t<\/span>\n\t\t<span class=\"download_title\">Umweltmanagement DIN EN ISO 14001:2015<\/span>\n\t\t<ins>(PDF, 119.84 KB)<\/ins>\n\t<\/a>\n<a class=\"download_box  download_box_small\" href=\"https:\/\/www.k-m.de\/brand\/wp-content\/uploads\/2019\/01\/SPRMC-A3-TI24072212350.pdf\" target=\"_blank\">\n\t\t\t<span class=\"download_image\">\n\t\t\t\t\t\t\t<img loading=\"lazy\" decoding=\"async\" width=\"212\" height=\"300\" src=\"https:\/\/www.k-m.de\/brand\/wp-content\/uploads\/2019\/01\/emas_24-424x600.jpg\" class=\"attachment-medium size-medium wp-post-image\" alt=\"EMAS Auszeichnung f\u00fcr Umweltmanagement\" srcset=\"https:\/\/www.k-m.de\/brand\/wp-content\/uploads\/2019\/01\/emas_24-424x600.jpg 424w, https:\/\/www.k-m.de\/brand\/wp-content\/uploads\/2019\/01\/emas_24-724x1024.jpg 724w, https:\/\/www.k-m.de\/brand\/wp-content\/uploads\/2019\/01\/emas_24-768x1086.jpg 768w, https:\/\/www.k-m.de\/brand\/wp-content\/uploads\/2019\/01\/emas_24-543x768.jpg 543w, https:\/\/www.k-m.de\/brand\/wp-content\/uploads\/2019\/01\/emas_24-1086x1536.jpg 1086w, https:\/\/www.k-m.de\/brand\/wp-content\/uploads\/2019\/01\/emas_24-1448x2048.jpg 1448w, https:\/\/www.k-m.de\/brand\/wp-content\/uploads\/2019\/01\/emas_24-849x1200.jpg 849w, https:\/\/www.k-m.de\/brand\/wp-content\/uploads\/2019\/01\/emas_24-212x300.jpg 212w\" sizes=\"auto, (max-width: 212px) 100vw, 212px\" \/>\t\t\t\t\t<\/span>\n\t\t<span class=\"download_title\">Umweltmanagement EMAS III<\/span>\n\t\t<ins>(PDF, 81.62 KB)<\/ins>\n\t<\/a>\n<a class=\"download_box  download_box_small\" href=\"https:\/\/www.k-m.de\/brand\/wp-content\/uploads\/2018\/08\/UME-Koenig-Meyer_2024_sign.pdf\" target=\"_blank\">\n\t\t\t<span class=\"download_image\">\n\t\t\t\t\t\t\t<img loading=\"lazy\" decoding=\"async\" width=\"213\" height=\"300\" src=\"https:\/\/www.k-m.de\/brand\/wp-content\/uploads\/2018\/08\/titel_UME-Koenig-Meyer_2024_sign-425x600.jpg\" class=\"attachment-medium size-medium wp-post-image\" alt=\"Titel: Umwelterkl\u00e4rung 2024\" srcset=\"https:\/\/www.k-m.de\/brand\/wp-content\/uploads\/2018\/08\/titel_UME-Koenig-Meyer_2024_sign-425x600.jpg 425w, https:\/\/www.k-m.de\/brand\/wp-content\/uploads\/2018\/08\/titel_UME-Koenig-Meyer_2024_sign-543x768.jpg 543w, https:\/\/www.k-m.de\/brand\/wp-content\/uploads\/2018\/08\/titel_UME-Koenig-Meyer_2024_sign-212x300.jpg 212w, https:\/\/www.k-m.de\/brand\/wp-content\/uploads\/2018\/08\/titel_UME-Koenig-Meyer_2024_sign.jpg 629w\" sizes=\"auto, (max-width: 213px) 100vw, 213px\" \/>\t\t\t\t\t<\/span>\n\t\t<span class=\"download_title\">Umwelterkl\u00e4rung<\/span>\n\t\t<ins>(PDF, 1.05 MB)<\/ins>\n\t<\/a>[\/vc_column][\/vc_row]<\/p>\n<\/div>","protected":false},"excerpt":{"rendered":"<p>[vc_row full_width=&#8220;stretch_row_content_no_spaces&#8220;][vc_column][\/vc_column][\/vc_row][vc_row el_class=&#8220;content_m&#8220;][vc_column][vc_column_text] Unsere Umwelt ist uns wichtig &#8222;Ressourcen sind zu wertvoll, um sie zu verschwenden. Egal ob wir ein<span class=\"read_more\">Mehr erfahren<\/span><\/p>\n","protected":false},"author":11,"featured_media":0,"parent":8,"menu_order":95,"comment_status":"closed","ping_status":"closed","template":"","meta":{"footnotes":""},"class_list":["post-115","page","type-page","status-publish","format-standard","hentry"],"better_featured_image":null,"yoast_head":"<!-- This site is optimized with the Yoast SEO Premium plugin v26.8 (Yoast SEO v27.4) - https:\/\/yoast.com\/product\/yoast-seo-premium-wordpress\/ -->\n<title>Umwelt - K\u00f6nig &amp; Meyer<\/title>\n<meta name=\"description\" content=\"Ressourcen sind zu wertvoll, um sie zu verschwenden. So sind Ressourcenschonung und Umweltschutz fest in jedem Schritt unserer Produktion verankert.\" \/>\n<meta name=\"robots\" content=\"index, follow, max-snippet:-1, max-image-preview:large, max-video-preview:-1\" \/>\n<link rel=\"canonical\" href=\"https:\/\/www.k-m.de\/brand\/en\/koenig-meyer\/environment\/\" \/>\n<meta property=\"og:locale\" content=\"de_DE\" \/>\n<meta property=\"og:type\" content=\"article\" \/>\n<meta property=\"og:title\" content=\"Umwelt\" \/>\n<meta property=\"og:description\" content=\"Ressourcen sind zu wertvoll, um sie zu verschwenden. So sind Ressourcenschonung und Umweltschutz fest in jedem Schritt unserer Produktion verankert.\" \/>\n<meta property=\"og:url\" content=\"https:\/\/www.k-m.de\/brand\/en\/koenig-meyer\/environment\/\" \/>\n<meta property=\"og:site_name\" content=\"K\u00f6nig &amp; Meyer\" \/>\n<meta property=\"article:modified_time\" content=\"2024-10-02T13:53:28+00:00\" \/>\n<meta name=\"twitter:card\" content=\"summary_large_image\" \/>\n<meta name=\"twitter:label1\" content=\"Gesch\u00e4tzte Lesezeit\" \/>\n\t<meta name=\"twitter:data1\" content=\"2\u00a0Minuten\" \/>\n<script type=\"application\/ld+json\" class=\"yoast-schema-graph\">{\"@context\":\"https:\\\/\\\/schema.org\",\"@graph\":[{\"@type\":\"WebPage\",\"@id\":\"https:\\\/\\\/www.k-m.de\\\/brand\\\/en\\\/koenig-meyer\\\/environment\\\/\",\"url\":\"https:\\\/\\\/www.k-m.de\\\/brand\\\/en\\\/koenig-meyer\\\/environment\\\/\",\"name\":\"Umwelt - K\u00f6nig &amp; Meyer\",\"isPartOf\":{\"@id\":\"https:\\\/\\\/www.k-m.de\\\/brand\\\/de\\\/#website\"},\"datePublished\":\"2018-08-16T10:02:34+00:00\",\"dateModified\":\"2024-10-02T13:53:28+00:00\",\"description\":\"Ressourcen sind zu wertvoll, um sie zu verschwenden. So sind Ressourcenschonung und Umweltschutz fest in jedem Schritt unserer Produktion verankert.\",\"breadcrumb\":{\"@id\":\"https:\\\/\\\/www.k-m.de\\\/brand\\\/en\\\/koenig-meyer\\\/environment\\\/#breadcrumb\"},\"inLanguage\":\"de\",\"potentialAction\":[{\"@type\":\"ReadAction\",\"target\":[\"https:\\\/\\\/www.k-m.de\\\/brand\\\/en\\\/koenig-meyer\\\/environment\\\/\"]}]},{\"@type\":\"BreadcrumbList\",\"@id\":\"https:\\\/\\\/www.k-m.de\\\/brand\\\/en\\\/koenig-meyer\\\/environment\\\/#breadcrumb\",\"itemListElement\":[{\"@type\":\"ListItem\",\"position\":1,\"name\":\"Startseite\",\"item\":\"https:\\\/\\\/www.k-m.de\\\/brand\\\/de\\\/\"},{\"@type\":\"ListItem\",\"position\":2,\"name\":\"K\u00f6nig &#038; Meyer\",\"item\":\"https:\\\/\\\/www.k-m.de\\\/brand\\\/de\\\/koenig-meyer\\\/\"},{\"@type\":\"ListItem\",\"position\":3,\"name\":\"Umwelt\"}]},{\"@type\":\"WebSite\",\"@id\":\"https:\\\/\\\/www.k-m.de\\\/brand\\\/de\\\/#website\",\"url\":\"https:\\\/\\\/www.k-m.de\\\/brand\\\/de\\\/\",\"name\":\"K\u00f6nig & Meyer\",\"description\":\"K\u00f6nig &amp; Meyer ist ein weltweit f\u00fchrender Hersteller f\u00fcr Musikzubeh\u00f6r. Seit \u00fcber 65 Jahren steht K&amp;M f\u00fcr qualitativ hochwertige Produkte.\",\"publisher\":{\"@id\":\"https:\\\/\\\/www.k-m.de\\\/brand\\\/de\\\/#organization\"},\"potentialAction\":[{\"@type\":\"SearchAction\",\"target\":{\"@type\":\"EntryPoint\",\"urlTemplate\":\"https:\\\/\\\/www.k-m.de\\\/brand\\\/de\\\/?s={search_term_string}\"},\"query-input\":{\"@type\":\"PropertyValueSpecification\",\"valueRequired\":true,\"valueName\":\"search_term_string\"}}],\"inLanguage\":\"de\"},{\"@type\":\"Organization\",\"@id\":\"https:\\\/\\\/www.k-m.de\\\/brand\\\/de\\\/#organization\",\"name\":\"K\u00f6nig & Meyer\",\"url\":\"https:\\\/\\\/www.k-m.de\\\/brand\\\/de\\\/\",\"logo\":{\"@type\":\"ImageObject\",\"inLanguage\":\"de\",\"@id\":\"https:\\\/\\\/www.k-m.de\\\/brand\\\/de\\\/#\\\/schema\\\/logo\\\/image\\\/\",\"url\":\"https:\\\/\\\/www.k-m.de\\\/brand\\\/wp-content\\\/uploads\\\/2023\\\/01\\\/KM_1c.tif\",\"contentUrl\":\"https:\\\/\\\/www.k-m.de\\\/brand\\\/wp-content\\\/uploads\\\/2023\\\/01\\\/KM_1c.tif\",\"width\":1,\"height\":1,\"caption\":\"K\u00f6nig & Meyer\"},\"image\":{\"@id\":\"https:\\\/\\\/www.k-m.de\\\/brand\\\/de\\\/#\\\/schema\\\/logo\\\/image\\\/\"}}]}<\/script>\n<!-- \/ Yoast SEO Premium plugin. -->","yoast_head_json":{"title":"Umwelt - K\u00f6nig &amp; Meyer","description":"Ressourcen sind zu wertvoll, um sie zu verschwenden. So sind Ressourcenschonung und Umweltschutz fest in jedem Schritt unserer Produktion verankert.","robots":{"index":"index","follow":"follow","max-snippet":"max-snippet:-1","max-image-preview":"max-image-preview:large","max-video-preview":"max-video-preview:-1"},"canonical":"https:\/\/www.k-m.de\/brand\/en\/koenig-meyer\/environment\/","og_locale":"de_DE","og_type":"article","og_title":"Umwelt","og_description":"Ressourcen sind zu wertvoll, um sie zu verschwenden. So sind Ressourcenschonung und Umweltschutz fest in jedem Schritt unserer Produktion verankert.","og_url":"https:\/\/www.k-m.de\/brand\/en\/koenig-meyer\/environment\/","og_site_name":"K\u00f6nig &amp; Meyer","article_modified_time":"2024-10-02T13:53:28+00:00","twitter_card":"summary_large_image","twitter_misc":{"Gesch\u00e4tzte Lesezeit":"2\u00a0Minuten"},"schema":{"@context":"https:\/\/schema.org","@graph":[{"@type":"WebPage","@id":"https:\/\/www.k-m.de\/brand\/en\/koenig-meyer\/environment\/","url":"https:\/\/www.k-m.de\/brand\/en\/koenig-meyer\/environment\/","name":"Umwelt - K\u00f6nig &amp; Meyer","isPartOf":{"@id":"https:\/\/www.k-m.de\/brand\/de\/#website"},"datePublished":"2018-08-16T10:02:34+00:00","dateModified":"2024-10-02T13:53:28+00:00","description":"Ressourcen sind zu wertvoll, um sie zu verschwenden. So sind Ressourcenschonung und Umweltschutz fest in jedem Schritt unserer Produktion verankert.","breadcrumb":{"@id":"https:\/\/www.k-m.de\/brand\/en\/koenig-meyer\/environment\/#breadcrumb"},"inLanguage":"de","potentialAction":[{"@type":"ReadAction","target":["https:\/\/www.k-m.de\/brand\/en\/koenig-meyer\/environment\/"]}]},{"@type":"BreadcrumbList","@id":"https:\/\/www.k-m.de\/brand\/en\/koenig-meyer\/environment\/#breadcrumb","itemListElement":[{"@type":"ListItem","position":1,"name":"Startseite","item":"https:\/\/www.k-m.de\/brand\/de\/"},{"@type":"ListItem","position":2,"name":"K\u00f6nig &#038; Meyer","item":"https:\/\/www.k-m.de\/brand\/de\/koenig-meyer\/"},{"@type":"ListItem","position":3,"name":"Umwelt"}]},{"@type":"WebSite","@id":"https:\/\/www.k-m.de\/brand\/de\/#website","url":"https:\/\/www.k-m.de\/brand\/de\/","name":"K\u00f6nig & Meyer","description":"K\u00f6nig &amp; Meyer ist ein weltweit f\u00fchrender Hersteller f\u00fcr Musikzubeh\u00f6r. Seit \u00fcber 65 Jahren steht K&amp;M f\u00fcr qualitativ hochwertige Produkte.","publisher":{"@id":"https:\/\/www.k-m.de\/brand\/de\/#organization"},"potentialAction":[{"@type":"SearchAction","target":{"@type":"EntryPoint","urlTemplate":"https:\/\/www.k-m.de\/brand\/de\/?s={search_term_string}"},"query-input":{"@type":"PropertyValueSpecification","valueRequired":true,"valueName":"search_term_string"}}],"inLanguage":"de"},{"@type":"Organization","@id":"https:\/\/www.k-m.de\/brand\/de\/#organization","name":"K\u00f6nig & Meyer","url":"https:\/\/www.k-m.de\/brand\/de\/","logo":{"@type":"ImageObject","inLanguage":"de","@id":"https:\/\/www.k-m.de\/brand\/de\/#\/schema\/logo\/image\/","url":"https:\/\/www.k-m.de\/brand\/wp-content\/uploads\/2023\/01\/KM_1c.tif","contentUrl":"https:\/\/www.k-m.de\/brand\/wp-content\/uploads\/2023\/01\/KM_1c.tif","width":1,"height":1,"caption":"K\u00f6nig & Meyer"},"image":{"@id":"https:\/\/www.k-m.de\/brand\/de\/#\/schema\/logo\/image\/"}}]}},"_links":{"self":[{"href":"https:\/\/www.k-m.de\/brand\/de\/wp-json\/wp\/v2\/pages\/115","targetHints":{"allow":["GET"]}}],"collection":[{"href":"https:\/\/www.k-m.de\/brand\/de\/wp-json\/wp\/v2\/pages"}],"about":[{"href":"https:\/\/www.k-m.de\/brand\/de\/wp-json\/wp\/v2\/types\/page"}],"author":[{"embeddable":true,"href":"https:\/\/www.k-m.de\/brand\/de\/wp-json\/wp\/v2\/users\/11"}],"replies":[{"embeddable":true,"href":"https:\/\/www.k-m.de\/brand\/de\/wp-json\/wp\/v2\/comments?post=115"}],"version-history":[{"count":25,"href":"https:\/\/www.k-m.de\/brand\/de\/wp-json\/wp\/v2\/pages\/115\/revisions"}],"predecessor-version":[{"id":37217,"href":"https:\/\/www.k-m.de\/brand\/de\/wp-json\/wp\/v2\/pages\/115\/revisions\/37217"}],"up":[{"embeddable":true,"href":"https:\/\/www.k-m.de\/brand\/de\/wp-json\/wp\/v2\/pages\/8"}],"wp:attachment":[{"href":"https:\/\/www.k-m.de\/brand\/de\/wp-json\/wp\/v2\/media?parent=115"}],"curies":[{"name":"wp","href":"https:\/\/api.w.org\/{rel}","templated":true}]}}