{"id":138,"date":"2018-08-22T13:51:50","date_gmt":"2018-08-22T11:51:50","guid":{"rendered":"http:\/\/loc.www.k-m.de\/brand\/?page_id=138"},"modified":"2023-04-21T22:19:04","modified_gmt":"2023-04-21T20:19:04","slug":"werkzeugbau","status":"publish","type":"page","link":"https:\/\/www.k-m.de\/brand\/de\/koenig-meyer\/lohnfertigung\/werkzeugbau\/","title":{"rendered":"Werkzeugbau"},"content":{"rendered":"<div class=\"wpb-content-wrapper\"><p>[vc_section full_width=&#8220;stretch_row_content&#8220; el_class=&#8220;bg_light_grey&#8220;][vc_row el_class=&#8220;content_l&#8220;][vc_column][vc_custom_heading source=&#8220;post_title&#8220; font_container=&#8220;tag:h2|text_align:center&#8220; use_theme_fonts=&#8220;yes&#8220;]\n<div class=\"default_slider owl-carousel\">\n\t\t\t<img loading=\"lazy\" decoding=\"async\" width=\"1120\" height=\"435\" src=\"https:\/\/www.k-m.de\/brand\/wp-content\/uploads\/2019\/01\/Lohnfertigung_Werkzeugbau_01.jpg\" class=\"attachment-very_large size-very_large\" alt=\"Lohnfertigung: Werkzeugbau\" srcset=\"https:\/\/www.k-m.de\/brand\/wp-content\/uploads\/2019\/01\/Lohnfertigung_Werkzeugbau_01.jpg 1120w, https:\/\/www.k-m.de\/brand\/wp-content\/uploads\/2019\/01\/Lohnfertigung_Werkzeugbau_01-300x117.jpg 300w, https:\/\/www.k-m.de\/brand\/wp-content\/uploads\/2019\/01\/Lohnfertigung_Werkzeugbau_01-768x298.jpg 768w, https:\/\/www.k-m.de\/brand\/wp-content\/uploads\/2019\/01\/Lohnfertigung_Werkzeugbau_01-1024x398.jpg 1024w, https:\/\/www.k-m.de\/brand\/wp-content\/uploads\/2019\/01\/Lohnfertigung_Werkzeugbau_01-772x300.jpg 772w\" sizes=\"auto, (max-width: 1120px) 100vw, 1120px\" \/>\t\t\t\t<\/div>[vc_empty_space height=&#8220;60px&#8220;][\/vc_column][\/vc_row][vc_row el_class=&#8220;content_m&#8220;][vc_column][vc_column_text]<\/p>\n<h3 style=\"text-align: left;\">Wenn Pr\u00e4zision zur Philosophie wird.<\/h3>\n<p>&nbsp;<\/p>\n<p>Seit Gr\u00fcndung von K\u00f6nig &amp; Meyer ist der Werkzeugbau Schwerpunkt im Produktionsablauf. Hier paart sich Kreativit\u00e4t mit Pr\u00e4zision Formenbau. Folgeverbundwerkzeuge, technische Probleml\u00f6sungen und Sondermaschinenbau geh\u00f6ren zum Tagesgesch\u00e4ft, nicht zuletzt wegen der eigenen hohen Fertigungstiefe.<\/p>\n<p>Von der Konstruktion am CAD-System (Siemens Nx und Creo Elements Direct Drafting) bis hin zur Umsetzung erarbeiten erfahrene Fachkr\u00e4fte mit Kompetenz und h\u00f6chster Sorgfalt Ihre Probleml\u00f6sung. Diese Kompetenz und neueste Technologien, wie CNC-gesteuerte Fr\u00e4s- und Drehmaschinen sowie Draht- und Senkerodiermaschinen sind es, welche die Qualit\u00e4t unseres Werkzeug- und Maschinenbaus ausmachen.[\/vc_column_text][vc_row_inner][vc_column_inner width=&#8220;1\/4&#8243;][\/vc_column_inner][vc_column_inner width=&#8220;1\/4&#8243;][vc_single_image image=&#8220;8065&#8243; img_size=&#8220;200&#215;200&#8243; alignment=&#8220;center&#8220;][\/vc_column_inner][vc_column_inner width=&#8220;1\/4&#8243;][vc_single_image image=&#8220;8067&#8243; img_size=&#8220;200&#215;200&#8243; alignment=&#8220;center&#8220;][\/vc_column_inner][vc_column_inner width=&#8220;1\/4&#8243;][\/vc_column_inner][\/vc_row_inner][vc_column_text]<\/p>\n<table>\n<tbody>\n<tr>\n<td width=\"20%\">H\u00e4rten<\/td>\n<td>300 x 170 x 100 mm<\/td>\n<\/tr>\n<tr>\n<td>CNC-Fr\u00e4sen<\/td>\n<td>2300 x 600 x 650 mm<\/td>\n<\/tr>\n<tr>\n<td>CNC-Drehen<\/td>\n<td>\u00f8 280 mm, L 450 mm<\/td>\n<\/tr>\n<tr>\n<td>Schleifen<\/td>\n<td>1000 x 600 x 425 mm<\/td>\n<\/tr>\n<tr>\n<td>Drahterodieren<\/td>\n<td>550 x 350 x 300 mm<\/td>\n<\/tr>\n<\/tbody>\n<tbody>\n<tr>\n<td>Senkerodieren<\/td>\n<td>620 x 420 x 400 mm<\/td>\n<\/tr>\n<\/tbody>\n<tbody>\n<tr>\n<td>Startlocherodieren<\/td>\n<td>\u00f8 0,5 mm \u2013 3,0 mm<br \/>\n(max. H: 200 mm)<\/td>\n<\/tr>\n<\/tbody>\n<\/table>\n<p>[\/vc_column_text][\/vc_column][\/vc_row][\/vc_section][vc_row][vc_column]\n\n\t<div class=\"nextprev_navigation\">\n\t\t\t\t\n\t\t\t\t\t\t\t<a class=\"load_childpage\" href=\"https:\/\/www.k-m.de\/brand\/de\/koenig-meyer\/lohnfertigung\/schweisserei\/\" rel=\"next\" title=\"Schwei\u00dferei\">Schwei\u00dferei<\/a>\n\t\t\t<\/div>\n[\/vc_column][\/vc_row]<\/p>\n<\/div>","protected":false},"excerpt":{"rendered":"<p>[vc_section full_width=&#8220;stretch_row_content&#8220; el_class=&#8220;bg_light_grey&#8220;][vc_row el_class=&#8220;content_l&#8220;][vc_column][vc_custom_heading source=&#8220;post_title&#8220; font_container=&#8220;tag:h2|text_align:center&#8220; use_theme_fonts=&#8220;yes&#8220;][vc_empty_space height=&#8220;60px&#8220;][\/vc_column][\/vc_row][vc_row el_class=&#8220;content_m&#8220;][vc_column][vc_column_text] Wenn Pr\u00e4zision zur Philosophie wird. &nbsp; Seit Gr\u00fcndung von K\u00f6nig &amp;<span class=\"read_more\">Mehr erfahren<\/span><\/p>\n","protected":false},"author":11,"featured_media":12202,"parent":134,"menu_order":25,"comment_status":"closed","ping_status":"closed","template":"","meta":{"footnotes":""},"class_list":["post-138","page","type-page","status-publish","format-standard","has-post-thumbnail","hentry"],"better_featured_image":{"id":12202,"alt_text":"Werkzeugbau I Beispielhaftes Produktbild","caption":"","description":"","media_type":"image","media_details":{"width":500,"height":500,"file":"2019\/04\/Kat_Werkzeugbau.png","sizes":{"thumbnail":{"file":"Kat_Werkzeugbau-800x480.png","width":800,"height":480,"mime-type":"image\/png","source_url":"https:\/\/www.k-m.de\/brand\/wp-content\/uploads\/2019\/04\/Kat_Werkzeugbau-800x480.png"},"post-thumbnail":{"file":"Kat_Werkzeugbau-800x480.png","width":800,"height":480,"mime-type":"image\/png","source_url":"https:\/\/www.k-m.de\/brand\/wp-content\/uploads\/2019\/04\/Kat_Werkzeugbau-800x480.png"},"medium_cropped":{"file":"Kat_Werkzeugbau-600x600.png","width":600,"height":600,"mime-type":"image\/png","source_url":"https:\/\/www.k-m.de\/brand\/wp-content\/uploads\/2019\/04\/Kat_Werkzeugbau-600x600.png"},"large_cropped":{"file":"Kat_Werkzeugbau-1200x720.png","width":1200,"height":720,"mime-type":"image\/png","source_url":"https:\/\/www.k-m.de\/brand\/wp-content\/uploads\/2019\/04\/Kat_Werkzeugbau-1200x720.png"},"very_large_cropped":{"file":"Kat_Werkzeugbau-1800x900.png","width":1800,"height":900,"mime-type":"image\/png","source_url":"https:\/\/www.k-m.de\/brand\/wp-content\/uploads\/2019\/04\/Kat_Werkzeugbau-1800x900.png"},"x_large_cropped":{"file":"Kat_Werkzeugbau-2200x1100.png","width":2200,"height":1100,"mime-type":"image\/png","source_url":"https:\/\/www.k-m.de\/brand\/wp-content\/uploads\/2019\/04\/Kat_Werkzeugbau-2200x1100.png"},"landingpage_thumb":{"file":"Kat_Werkzeugbau-300x300.png","width":300,"height":300,"mime-type":"image\/png","source_url":"https:\/\/www.k-m.de\/brand\/wp-content\/uploads\/2019\/04\/Kat_Werkzeugbau-300x300.png"},"profile_24":{"file":"Kat_Werkzeugbau-24x24.png","width":24,"height":24,"mime-type":"image\/png","source_url":"https:\/\/www.k-m.de\/brand\/wp-content\/uploads\/2019\/04\/Kat_Werkzeugbau-24x24.png"},"profile_48":{"file":"Kat_Werkzeugbau-48x48.png","width":48,"height":48,"mime-type":"image\/png","source_url":"https:\/\/www.k-m.de\/brand\/wp-content\/uploads\/2019\/04\/Kat_Werkzeugbau-48x48.png"},"profile_96":{"file":"Kat_Werkzeugbau-96x96.png","width":96,"height":96,"mime-type":"image\/png","source_url":"https:\/\/www.k-m.de\/brand\/wp-content\/uploads\/2019\/04\/Kat_Werkzeugbau-96x96.png"}},"image_meta":{"aperture":"0","credit":"","camera":"","caption":"","created_timestamp":"0","copyright":"","focal_length":"0","iso":"0","shutter_speed":"0","title":"","orientation":"0","keywords":[]}},"post":138,"source_url":"https:\/\/www.k-m.de\/brand\/wp-content\/uploads\/2019\/04\/Kat_Werkzeugbau.png"},"yoast_head":"<!-- This site is optimized with the Yoast SEO Premium plugin v26.8 (Yoast SEO v26.9) - https:\/\/yoast.com\/product\/yoast-seo-premium-wordpress\/ -->\n<title>Werkzeugbau - K\u00f6nig &amp; Meyer<\/title>\n<meta name=\"robots\" content=\"index, follow, max-snippet:-1, max-image-preview:large, max-video-preview:-1\" \/>\n<link rel=\"canonical\" href=\"https:\/\/www.k-m.de\/brand\/de\/koenig-meyer\/lohnfertigung\/werkzeugbau\/\" \/>\n<meta property=\"og:locale\" content=\"de_DE\" \/>\n<meta property=\"og:type\" content=\"article\" \/>\n<meta property=\"og:title\" content=\"Werkzeugbau\" \/>\n<meta property=\"og:description\" content=\"[vc_section full_width=&#8220;stretch_row_content&#8220; el_class=&#8220;bg_light_grey&#8220;][vc_row el_class=&#8220;content_l&#8220;][vc_column][vc_custom_heading source=&#8220;post_title&#8220; font_container=&#8220;tag:h2|text_align:center&#8220; use_theme_fonts=&#8220;yes&#8220;][vc_empty_space height=&#8220;60px&#8220;][\/vc_column][\/vc_row][vc_row el_class=&#8220;content_m&#8220;][vc_column][vc_column_text] Wenn Pr\u00e4zision zur Philosophie wird. &nbsp; Seit Gr\u00fcndung von K\u00f6nig &amp;Mehr erfahren\" \/>\n<meta property=\"og:url\" content=\"https:\/\/www.k-m.de\/brand\/de\/koenig-meyer\/lohnfertigung\/werkzeugbau\/\" \/>\n<meta property=\"og:site_name\" content=\"K\u00f6nig &amp; Meyer\" \/>\n<meta property=\"article:modified_time\" content=\"2023-04-21T20:19:04+00:00\" \/>\n<meta property=\"og:image\" content=\"https:\/\/www.k-m.de\/brand\/wp-content\/uploads\/2019\/04\/Kat_Werkzeugbau.png\" \/>\n\t<meta property=\"og:image:width\" content=\"500\" \/>\n\t<meta property=\"og:image:height\" content=\"500\" \/>\n\t<meta property=\"og:image:type\" content=\"image\/png\" \/>\n<meta name=\"twitter:card\" content=\"summary_large_image\" \/>\n<meta name=\"twitter:label1\" content=\"Gesch\u00e4tzte Lesezeit\" \/>\n\t<meta name=\"twitter:data1\" content=\"1\u00a0Minute\" \/>\n<script type=\"application\/ld+json\" class=\"yoast-schema-graph\">{\"@context\":\"https:\/\/schema.org\",\"@graph\":[{\"@type\":\"WebPage\",\"@id\":\"https:\/\/www.k-m.de\/brand\/de\/koenig-meyer\/lohnfertigung\/werkzeugbau\/\",\"url\":\"https:\/\/www.k-m.de\/brand\/de\/koenig-meyer\/lohnfertigung\/werkzeugbau\/\",\"name\":\"Werkzeugbau - K\u00f6nig &amp; Meyer\",\"isPartOf\":{\"@id\":\"https:\/\/www.k-m.de\/brand\/de\/#website\"},\"primaryImageOfPage\":{\"@id\":\"https:\/\/www.k-m.de\/brand\/de\/koenig-meyer\/lohnfertigung\/werkzeugbau\/#primaryimage\"},\"image\":{\"@id\":\"https:\/\/www.k-m.de\/brand\/de\/koenig-meyer\/lohnfertigung\/werkzeugbau\/#primaryimage\"},\"thumbnailUrl\":\"https:\/\/www.k-m.de\/brand\/wp-content\/uploads\/2019\/04\/Kat_Werkzeugbau.png\",\"datePublished\":\"2018-08-22T11:51:50+00:00\",\"dateModified\":\"2023-04-21T20:19:04+00:00\",\"breadcrumb\":{\"@id\":\"https:\/\/www.k-m.de\/brand\/de\/koenig-meyer\/lohnfertigung\/werkzeugbau\/#breadcrumb\"},\"inLanguage\":\"de\",\"potentialAction\":[{\"@type\":\"ReadAction\",\"target\":[\"https:\/\/www.k-m.de\/brand\/de\/koenig-meyer\/lohnfertigung\/werkzeugbau\/\"]}]},{\"@type\":\"ImageObject\",\"inLanguage\":\"de\",\"@id\":\"https:\/\/www.k-m.de\/brand\/de\/koenig-meyer\/lohnfertigung\/werkzeugbau\/#primaryimage\",\"url\":\"https:\/\/www.k-m.de\/brand\/wp-content\/uploads\/2019\/04\/Kat_Werkzeugbau.png\",\"contentUrl\":\"https:\/\/www.k-m.de\/brand\/wp-content\/uploads\/2019\/04\/Kat_Werkzeugbau.png\",\"width\":500,\"height\":500,\"caption\":\"Werkzeugbau I Beispielhaftes Produktbild\"},{\"@type\":\"BreadcrumbList\",\"@id\":\"https:\/\/www.k-m.de\/brand\/de\/koenig-meyer\/lohnfertigung\/werkzeugbau\/#breadcrumb\",\"itemListElement\":[{\"@type\":\"ListItem\",\"position\":1,\"name\":\"Startseite\",\"item\":\"https:\/\/www.k-m.de\/brand\/de\/\"},{\"@type\":\"ListItem\",\"position\":2,\"name\":\"K\u00f6nig &#038; Meyer\",\"item\":\"https:\/\/www.k-m.de\/brand\/de\/koenig-meyer\/\"},{\"@type\":\"ListItem\",\"position\":3,\"name\":\"Lohnfertigung\",\"item\":\"https:\/\/www.k-m.de\/brand\/de\/koenig-meyer\/lohnfertigung\/\"},{\"@type\":\"ListItem\",\"position\":4,\"name\":\"Werkzeugbau\"}]},{\"@type\":\"WebSite\",\"@id\":\"https:\/\/www.k-m.de\/brand\/de\/#website\",\"url\":\"https:\/\/www.k-m.de\/brand\/de\/\",\"name\":\"K\u00f6nig & Meyer\",\"description\":\"K\u00f6nig &amp; Meyer ist ein weltweit f\u00fchrender Hersteller f\u00fcr Musikzubeh\u00f6r. Seit \u00fcber 65 Jahren steht K&amp;M f\u00fcr qualitativ hochwertige Produkte.\",\"publisher\":{\"@id\":\"https:\/\/www.k-m.de\/brand\/de\/#organization\"},\"potentialAction\":[{\"@type\":\"SearchAction\",\"target\":{\"@type\":\"EntryPoint\",\"urlTemplate\":\"https:\/\/www.k-m.de\/brand\/de\/?s={search_term_string}\"},\"query-input\":{\"@type\":\"PropertyValueSpecification\",\"valueRequired\":true,\"valueName\":\"search_term_string\"}}],\"inLanguage\":\"de\"},{\"@type\":\"Organization\",\"@id\":\"https:\/\/www.k-m.de\/brand\/de\/#organization\",\"name\":\"K\u00f6nig & Meyer\",\"url\":\"https:\/\/www.k-m.de\/brand\/de\/\",\"logo\":{\"@type\":\"ImageObject\",\"inLanguage\":\"de\",\"@id\":\"https:\/\/www.k-m.de\/brand\/de\/#\/schema\/logo\/image\/\",\"url\":\"https:\/\/www.k-m.de\/brand\/wp-content\/uploads\/2023\/01\/KM_1c.tif\",\"contentUrl\":\"https:\/\/www.k-m.de\/brand\/wp-content\/uploads\/2023\/01\/KM_1c.tif\",\"width\":1,\"height\":1,\"caption\":\"K\u00f6nig & Meyer\"},\"image\":{\"@id\":\"https:\/\/www.k-m.de\/brand\/de\/#\/schema\/logo\/image\/\"}}]}<\/script>\n<!-- \/ Yoast SEO Premium plugin. -->","yoast_head_json":{"title":"Werkzeugbau - K\u00f6nig &amp; Meyer","robots":{"index":"index","follow":"follow","max-snippet":"max-snippet:-1","max-image-preview":"max-image-preview:large","max-video-preview":"max-video-preview:-1"},"canonical":"https:\/\/www.k-m.de\/brand\/de\/koenig-meyer\/lohnfertigung\/werkzeugbau\/","og_locale":"de_DE","og_type":"article","og_title":"Werkzeugbau","og_description":"[vc_section full_width=&#8220;stretch_row_content&#8220; el_class=&#8220;bg_light_grey&#8220;][vc_row el_class=&#8220;content_l&#8220;][vc_column][vc_custom_heading source=&#8220;post_title&#8220; font_container=&#8220;tag:h2|text_align:center&#8220; use_theme_fonts=&#8220;yes&#8220;][vc_empty_space height=&#8220;60px&#8220;][\/vc_column][\/vc_row][vc_row el_class=&#8220;content_m&#8220;][vc_column][vc_column_text] Wenn Pr\u00e4zision zur Philosophie wird. &nbsp; Seit Gr\u00fcndung von K\u00f6nig &amp;Mehr erfahren","og_url":"https:\/\/www.k-m.de\/brand\/de\/koenig-meyer\/lohnfertigung\/werkzeugbau\/","og_site_name":"K\u00f6nig &amp; Meyer","article_modified_time":"2023-04-21T20:19:04+00:00","og_image":[{"width":500,"height":500,"url":"https:\/\/www.k-m.de\/brand\/wp-content\/uploads\/2019\/04\/Kat_Werkzeugbau.png","type":"image\/png"}],"twitter_card":"summary_large_image","twitter_misc":{"Gesch\u00e4tzte Lesezeit":"1\u00a0Minute"},"schema":{"@context":"https:\/\/schema.org","@graph":[{"@type":"WebPage","@id":"https:\/\/www.k-m.de\/brand\/de\/koenig-meyer\/lohnfertigung\/werkzeugbau\/","url":"https:\/\/www.k-m.de\/brand\/de\/koenig-meyer\/lohnfertigung\/werkzeugbau\/","name":"Werkzeugbau - K\u00f6nig &amp; Meyer","isPartOf":{"@id":"https:\/\/www.k-m.de\/brand\/de\/#website"},"primaryImageOfPage":{"@id":"https:\/\/www.k-m.de\/brand\/de\/koenig-meyer\/lohnfertigung\/werkzeugbau\/#primaryimage"},"image":{"@id":"https:\/\/www.k-m.de\/brand\/de\/koenig-meyer\/lohnfertigung\/werkzeugbau\/#primaryimage"},"thumbnailUrl":"https:\/\/www.k-m.de\/brand\/wp-content\/uploads\/2019\/04\/Kat_Werkzeugbau.png","datePublished":"2018-08-22T11:51:50+00:00","dateModified":"2023-04-21T20:19:04+00:00","breadcrumb":{"@id":"https:\/\/www.k-m.de\/brand\/de\/koenig-meyer\/lohnfertigung\/werkzeugbau\/#breadcrumb"},"inLanguage":"de","potentialAction":[{"@type":"ReadAction","target":["https:\/\/www.k-m.de\/brand\/de\/koenig-meyer\/lohnfertigung\/werkzeugbau\/"]}]},{"@type":"ImageObject","inLanguage":"de","@id":"https:\/\/www.k-m.de\/brand\/de\/koenig-meyer\/lohnfertigung\/werkzeugbau\/#primaryimage","url":"https:\/\/www.k-m.de\/brand\/wp-content\/uploads\/2019\/04\/Kat_Werkzeugbau.png","contentUrl":"https:\/\/www.k-m.de\/brand\/wp-content\/uploads\/2019\/04\/Kat_Werkzeugbau.png","width":500,"height":500,"caption":"Werkzeugbau I Beispielhaftes Produktbild"},{"@type":"BreadcrumbList","@id":"https:\/\/www.k-m.de\/brand\/de\/koenig-meyer\/lohnfertigung\/werkzeugbau\/#breadcrumb","itemListElement":[{"@type":"ListItem","position":1,"name":"Startseite","item":"https:\/\/www.k-m.de\/brand\/de\/"},{"@type":"ListItem","position":2,"name":"K\u00f6nig &#038; Meyer","item":"https:\/\/www.k-m.de\/brand\/de\/koenig-meyer\/"},{"@type":"ListItem","position":3,"name":"Lohnfertigung","item":"https:\/\/www.k-m.de\/brand\/de\/koenig-meyer\/lohnfertigung\/"},{"@type":"ListItem","position":4,"name":"Werkzeugbau"}]},{"@type":"WebSite","@id":"https:\/\/www.k-m.de\/brand\/de\/#website","url":"https:\/\/www.k-m.de\/brand\/de\/","name":"K\u00f6nig & Meyer","description":"K\u00f6nig &amp; Meyer ist ein weltweit f\u00fchrender Hersteller f\u00fcr Musikzubeh\u00f6r. Seit \u00fcber 65 Jahren steht K&amp;M f\u00fcr qualitativ hochwertige Produkte.","publisher":{"@id":"https:\/\/www.k-m.de\/brand\/de\/#organization"},"potentialAction":[{"@type":"SearchAction","target":{"@type":"EntryPoint","urlTemplate":"https:\/\/www.k-m.de\/brand\/de\/?s={search_term_string}"},"query-input":{"@type":"PropertyValueSpecification","valueRequired":true,"valueName":"search_term_string"}}],"inLanguage":"de"},{"@type":"Organization","@id":"https:\/\/www.k-m.de\/brand\/de\/#organization","name":"K\u00f6nig & Meyer","url":"https:\/\/www.k-m.de\/brand\/de\/","logo":{"@type":"ImageObject","inLanguage":"de","@id":"https:\/\/www.k-m.de\/brand\/de\/#\/schema\/logo\/image\/","url":"https:\/\/www.k-m.de\/brand\/wp-content\/uploads\/2023\/01\/KM_1c.tif","contentUrl":"https:\/\/www.k-m.de\/brand\/wp-content\/uploads\/2023\/01\/KM_1c.tif","width":1,"height":1,"caption":"K\u00f6nig & Meyer"},"image":{"@id":"https:\/\/www.k-m.de\/brand\/de\/#\/schema\/logo\/image\/"}}]}},"_links":{"self":[{"href":"https:\/\/www.k-m.de\/brand\/de\/wp-json\/wp\/v2\/pages\/138","targetHints":{"allow":["GET"]}}],"collection":[{"href":"https:\/\/www.k-m.de\/brand\/de\/wp-json\/wp\/v2\/pages"}],"about":[{"href":"https:\/\/www.k-m.de\/brand\/de\/wp-json\/wp\/v2\/types\/page"}],"author":[{"embeddable":true,"href":"https:\/\/www.k-m.de\/brand\/de\/wp-json\/wp\/v2\/users\/11"}],"replies":[{"embeddable":true,"href":"https:\/\/www.k-m.de\/brand\/de\/wp-json\/wp\/v2\/comments?post=138"}],"version-history":[{"count":25,"href":"https:\/\/www.k-m.de\/brand\/de\/wp-json\/wp\/v2\/pages\/138\/revisions"}],"predecessor-version":[{"id":27988,"href":"https:\/\/www.k-m.de\/brand\/de\/wp-json\/wp\/v2\/pages\/138\/revisions\/27988"}],"up":[{"embeddable":true,"href":"https:\/\/www.k-m.de\/brand\/de\/wp-json\/wp\/v2\/pages\/134"}],"wp:featuredmedia":[{"embeddable":true,"href":"https:\/\/www.k-m.de\/brand\/de\/wp-json\/wp\/v2\/media\/12202"}],"wp:attachment":[{"href":"https:\/\/www.k-m.de\/brand\/de\/wp-json\/wp\/v2\/media?parent=138"}],"curies":[{"name":"wp","href":"https:\/\/api.w.org\/{rel}","templated":true}]}}