{"id":15,"date":"2018-07-16T11:38:49","date_gmt":"2018-07-16T09:38:49","guid":{"rendered":"https:\/\/www.k-m.de\/brand\/?page_id=15"},"modified":"2024-10-25T09:34:18","modified_gmt":"2024-10-25T07:34:18","slug":"unternehmen","status":"publish","type":"page","link":"https:\/\/www.k-m.de\/brand\/de\/koenig-meyer\/unternehmen\/","title":{"rendered":"Unternehmen"},"content":{"rendered":"<div class=\"wpb-content-wrapper\"><p>[vc_row full_width=&#8220;stretch_row_content_no_spaces&#8220;][vc_column]\n<div class=\"main_teasers owl-carousel owl-theme\">\n\t\t\t\t\t<div class=\"main_teaser main_teaser_light\">\n\t\t\t<div class=\"main_teaser_text\">\n\t\t\t\t\t\t\t\t\t\t\t\t\t\t\t\t\t<a class=\"main_teaser_prev\"><\/a>\n\t\t\t\t\t<a class=\"main_teaser_next\"><\/a>\n\t\t\t\t\t\t\t\t\t\t\t<\/div>\n\t\t\t<img decoding=\"async\" src=\"https:\/\/www.k-m.de\/brand\/wp-content\/uploads\/2019\/01\/Unternehmen_01.jpg\" \/>\n\t\t<\/div>\n\t\t\t\t\t<div class=\"main_teaser main_teaser_light\">\n\t\t\t<div class=\"main_teaser_text\">\n\t\t\t\t\t\t\t\t\t\t\t\t\t\t\t\t\t<a class=\"main_teaser_prev\"><\/a>\n\t\t\t\t\t<a class=\"main_teaser_next\"><\/a>\n\t\t\t\t\t\t\t\t\t\t\t\t\t<a class=\"main_teaser_video open_video_layer\" href=\"https:\/\/www.k-m.de\/cdn\/imagefilm_unternehmen\/KM_image_video_2020.mp4\"><i class=\"fal fa-play\"><\/i> Video ansehen<\/a> \n\t\t\t\t\t\t\t<\/div>\n\t\t\t<img decoding=\"async\" src=\"https:\/\/www.k-m.de\/brand\/wp-content\/uploads\/2019\/03\/Unternehmen_03.jpg\" \/>\n\t\t<\/div>\n\t\t\t\t\t<div class=\"main_teaser main_teaser_light\">\n\t\t\t<div class=\"main_teaser_text\">\n\t\t\t\t\t\t\t\t\t\t\t\t\t\t\t\t\t<a class=\"main_teaser_prev\"><\/a>\n\t\t\t\t\t<a class=\"main_teaser_next\"><\/a>\n\t\t\t\t\t\t\t\t\t\t\t<\/div>\n\t\t\t<img decoding=\"async\" src=\"https:\/\/www.k-m.de\/brand\/wp-content\/uploads\/2019\/01\/Unternehmen_02.jpg\" \/>\n\t\t<\/div>\n\t<\/div>[\/vc_column][\/vc_row][vc_row el_class=&#8220;content_s&#8220;][vc_column][vc_column_text]<\/p>\n<h1>Stands For Your Music<\/h1>\n<h3>seit 1949<\/h3>\n<p style=\"text-align: center;\">Unsere Philosophie ist es, qualitativ hochwertige und langlebige Produkte umweltgerecht zu fertigen, damit sich Musiker weltweit auf das Wesentliche konzentrieren k\u00f6nnen \u2013 ihre Musik.<\/p>\n<p>[\/vc_column_text][vc_empty_space height=&#8220;50px&#8220;][\/vc_column][\/vc_row][vc_row][vc_column]\n<div class=\"km_video\">\n\t<a class=\"open_video_layer\" href=\"https:\/\/www.k-m.de\/cdn\/imagefilm_unternehmen\/KM_image_video_2020.mp4\">\n\t\t\t\t<i class=\"fal fa-play\"><\/i>\n\t\t<img decoding=\"async\" src=\"https:\/\/www.k-m.de\/brand\/wp-content\/uploads\/2019\/03\/Unternehmen_02-1.jpg\" \/>\n\t<\/a>\n<\/div>[vc_empty_space height=&#8220;50px&#8220;][vc_empty_space height=&#8220;50px&#8220;][\/vc_column][\/vc_row][vc_row full_width=&#8220;stretch_row&#8220; el_class=&#8220;content_m bg_light_grey&#8220;][vc_column][vc_column_text css=&#8220;&#8220;]Seit 75 Jahren machen wir es uns zur Aufgabe, Musikern auf der ganzen Welt Produkte zu bieten, die sich durch ein innovatives Design, Funktionalit\u00e4t und Langlebigkeit auszeichnen. Kurz gesagt: Music is what we stand for.<\/p>\n<p>&nbsp;<\/p>\n<p>Zu unserem Sortiment geh\u00f6ren Notenpulte, Mikrofon- und Instrumentenst\u00e4nder, Boxenstative, Sitze sowie Zubeh\u00f6r f\u00fcr Beleuchtungs-, Beschallungs-, und Studiotechnik. Wir sind aufgeschlossen gegen\u00fcber neuesten Trends und der Art und Weise, wie in Zukunft Musik gemacht wird. Produkte f\u00fcr den Multimediabereich finden in unserem Portfolio ebenso Platz, wie Produkte, die vor Jahrzehnten Ma\u00dfst\u00e4be gesetzt und sich zu echten Klassikern etabliert haben.<\/p>\n<p>&nbsp;<\/p>\n<p>Von Wertheim in die Welt ist bei uns Programm: Unserem Qualit\u00e4tsanspruch entsprechend, werden fast alle Metall- und Kunststoffelemente unserer Produkte in eigener Fertigung hergestellt. Unter einer Made in Germany Produktion verstehen wir aber nicht nur Innovationsgeist und Qualit\u00e4tsprodukte, sondern auch die Ausbildung, F\u00f6rderung und die faire Entlohnung von Fachkr\u00e4ften und die Nutzung effizienter und ressourcenschonender Technologien. Wir sind der festen \u00dcberzeugung, dass wir auch dann wirtschaftlich erfolgreich sind, wenn wir den Lebensraum k\u00fcnftiger Generationen sch\u00fctzen und Menschen einen sicheren Arbeitsplatz bieten. Daf\u00fcr wurden wir bereits mehrfach ausgezeichnet.<\/p>\n<p>&nbsp;<\/p>\n<p>Wir stehen also nicht nur f\u00fcr Musik. Wir stehen f\u00fcr nachhaltige Produktion. F\u00fcr sichere Arbeitspl\u00e4tze. F\u00fcr zuverl\u00e4ssige Produkte. F\u00fcr innovative Ideen. Und f\u00fcr Produkte, die Sie gerne nutzen.[\/vc_column_text][\/vc_column][\/vc_row][vc_row el_class=&#8220;management&#8220;][vc_column][vc_empty_space height=&#8220;60px&#8220;][vc_custom_heading text=&#8220;Die Gesch\u00e4ftsf\u00fchrung&#8220; font_container=&#8220;tag:h2|text_align:center&#8220; use_theme_fonts=&#8220;yes&#8220;][vc_row_inner][vc_column_inner width=&#8220;1\/3&#8243;][vc_single_image image=&#8220;11116&#8243; img_size=&#8220;300&#215;300&#8243; alignment=&#8220;center&#8220; style=&#8220;vc_box_circle&#8220;][vc_column_text]<\/p>\n<h3>Martin K\u00f6nig<\/h3>\n<p style=\"text-align: center;\">\u271d 04. Januar 2023<br \/>\nGesch\u00e4ftsf\u00fchrer f\u00fcr<span class=\"Apple-converted-space\">\u00a0<\/span>strategische Aufgaben<\/p>\n<p>[\/vc_column_text][\/vc_column_inner][vc_column_inner width=&#8220;1\/3&#8243;][vc_single_image image=&#8220;11126&#8243; img_size=&#8220;300&#215;300&#8243; alignment=&#8220;center&#8220; style=&#8220;vc_box_circle&#8220;][vc_column_text]<\/p>\n<h3>Gabriela K\u00f6nig<\/h3>\n<p style=\"text-align: center;\">Kaufm\u00e4nnische Gesch\u00e4ftsf\u00fchrung<\/p>\n<p>[\/vc_column_text][\/vc_column_inner][vc_column_inner width=&#8220;1\/3&#8243;][vc_single_image image=&#8220;11119&#8243; img_size=&#8220;300&#215;300&#8243; alignment=&#8220;center&#8220; style=&#8220;vc_box_circle&#8220;][vc_column_text]<\/p>\n<h3>Heiko Wolz<\/h3>\n<p style=\"text-align: center;\">Technische Gesch\u00e4ftsf\u00fchrung<\/p>\n<p>[\/vc_column_text][\/vc_column_inner][\/vc_row_inner][\/vc_column][\/vc_row][vc_row][vc_column][vc_separator][\/vc_column][\/vc_row][vc_row el_class=&#8220;text_icon_boxes&#8220;][vc_column][vc_custom_heading text=&#8220;Unsere \u00dcberzeugung&#8220; font_container=&#8220;tag:h2|text_align:center&#8220; use_theme_fonts=&#8220;yes&#8220;][vc_row_inner][vc_column_inner width=&#8220;1\/2&#8243;][vc_single_image image=&#8220;91&#8243; img_size=&#8220;full&#8220;][vc_column_text]<\/p>\n<h3>Kundenzufriedenheit und Qualit\u00e4t<\/h3>\n<p>Wir verfolgen das Ziel, unseren Kunden die qualitativ hochwertigsten Produkte, Services und L\u00f6sungen zu attraktiven Preisen anzubieten, um dadurch eine langfristige Partnerschaft zu erreichen. Dabei orientieren wir uns an den Kundenw\u00fcnschen, gestalten unsere Unternehmensprozesse effektiv und effizient und verbessern die Qualit\u00e4tsabl\u00e4ufe kontinuierlich.[\/vc_column_text][vc_single_image image=&#8220;90&#8243;][vc_column_text]<\/p>\n<h3>Mitarbeiterzufriedenheit und Arbeitssicherheit<\/h3>\n<p>Wir m\u00f6chten, dass unsere Mitarbeiter\/innen Zufriedenheit und Erf\u00fcllung bei ihrer Arbeit finden. Eine leistungsorientierte Besch\u00e4ftigung und eine kreative Arbeitsumgebung,<span class=\"Apple-converted-space\">\u00a0 <\/span>in der sowohl die Vielseitigkeit als auch die Individualit\u00e4t jedes Einzelnen gesch\u00e4tzt wird, sind ebenso wichtig wie die Arbeitssicherheit. Diese Sicherheit und die Gesundheit der Mitarbeiter\/innen aber auch Dritter muss in allen Arbeitsbedingungen und Produktionsverfahren gew\u00e4hrleistet werden. Die Unfall- und Schadensverh\u00fctung sowie die Verbesserung des Gesundheitsschutzes am Arbeitsplatz soll gemeinsam aktiv vorangetrieben werden.[\/vc_column_text][vc_single_image image=&#8220;89&#8243; img_size=&#8220;full&#8220;][vc_column_text]<\/p>\n<h3>Gewinn<\/h3>\n<p>Wir verfolgen das Ziel, ausreichend Gewinn zu erwirtschaften, um das weitere Wachstum des Betriebs zu finanzieren und um Ressourcen bereitzustellen, die zum Erreichen anderer Unternehmensziele ben\u00f6tigt werden. Voraussetzung f\u00fcr den Erfolg sind eine stets zeitgem\u00e4\u00dfe technische Ausr\u00fcstung und die konsequente Qualifizierung unserer Mitarbeiter\/-innen.[\/vc_column_text][\/vc_column_inner][vc_column_inner width=&#8220;1\/2&#8243;][vc_single_image image=&#8220;88&#8243;][vc_column_text]<\/p>\n<h3>Umwelt<\/h3>\n<p>Das verantwortungsvolle Umgehen mit den Ressourcen unseres Planeten ist die Basis f\u00fcr eine erfolgreiche und dauerhafte Gesch\u00e4ftst\u00e4tigkeit und die Erhaltung einer lebenswerten Umwelt. Umweltaspekte werden bereits bei der Planung von neuen Produkten, T\u00e4tigkeiten und Verfahren ber\u00fccksichtigt. Umweltbelastungen werden auf allen Ebenen im Betrieb durch die permanente Verbesserung von Prozessen und Abl\u00e4ufen minimiert bzw. vermieden.<span class=\"Apple-converted-space\">\u00a0 <\/span>Neben der Kooperation mit den zust\u00e4ndigen Beh\u00f6rden, informieren wir die \u00d6ffentlichkeit \u00fcber unsere Umweltaktivit\u00e4ten. Wir verpflichten uns einerseits zur Einhaltung aller einschl\u00e4gigen Umweltvorschriften und andererseits zur \u00dcberpr\u00fcfung unseres Umweltmanagementsystems.[\/vc_column_text][vc_single_image image=&#8220;87&#8243;][vc_column_text]<\/p>\n<h3>Marktf\u00fchrerschaft<\/h3>\n<p>M\u00e4rkte, auf denen wir bereits vertreten sind, mit sinnvollen und innovativen Produkten und Designs bedienen hat h\u00f6chste Priorit\u00e4t. Daneben wollen wir in neue Bereiche und M\u00e4rkte vorsto\u00dfen, die auf unseren Technologien und Kompetenzen aufbauen. Die hohe Wertsch\u00e4tzung der Marke K\u00f6nig &amp; Meyer soll bewahrt und weiter ausgebaut werden.[\/vc_column_text][\/vc_column_inner][\/vc_row_inner][\/vc_column][\/vc_row][vc_row][vc_column][vc_separator][\/vc_column][\/vc_row][vc_row el_class=&#8220;content_m&#8220;][vc_column][vc_custom_heading text=&#8220;Im \u00dcberblick&#8220; font_container=&#8220;tag:h2|text_align:center&#8220; use_theme_fonts=&#8220;yes&#8220;][vc_column_text]<\/p>\n<table>\n<tbody>\n<tr>\n<td width=\"20%\">Gr\u00fcndung:<\/td>\n<td>1949<\/td>\n<\/tr>\n<tr>\n<td>Standort:<\/td>\n<td>Wertheim\/Main<\/td>\n<\/tr>\n<tr>\n<td>Mitarbeiter:<\/td>\n<td>300<\/td>\n<\/tr>\n<tr>\n<td>Zertifikate:<\/td>\n<td><a href=\"https:\/\/www.k-m.de\/brand\/wp-content\/uploads\/2021\/07\/EMAS-1221-gueltig-bis-16.-Juni-2024.pdf\" target=\"_blank\" rel=\"noopener noreferrer\">EMAS Verordnung (EU) Nr. 1221\/2009<\/a><br \/>\n<a href=\"https:\/\/www.k-m.de\/brand\/wp-content\/uploads\/2019\/01\/ISO-14001_Koenig-Meyer_2021_sign.pdf\" target=\"_blank\" rel=\"noopener noreferrer\">DIN EN ISO 14001:2015 Umweltmanagement<\/a><br \/>\n<a href=\"https:\/\/www.k-m.de\/brand\/wp-content\/uploads\/2019\/01\/KM_ISO9001-2015_21-24_deutsch_10.05.2021.pdf\" target=\"_blank\" rel=\"noopener noreferrer\">DIN EN ISO 9001:2015 Qualit\u00e4tsmanagement<\/a><\/td>\n<\/tr>\n<tr>\n<td>Produkte:<\/td>\n<td>Notenpulte, Instrumentenst\u00e4nder, Drummersitze\/B\u00e4nke, Keyboardst\u00e4nder, Ger\u00e4test\u00e4nder\/19&#8243;, Mikrofonstative, Boxen- u. Leuchtenstative, Multimedia, Gesch\u00e4ftsausstattung, Merchandising<\/td>\n<\/tr>\n<\/tbody>\n<\/table>\n<p>[\/vc_column_text][vc_empty_space height=&#8220;70px&#8220;][\/vc_column][\/vc_row]<\/p>\n<\/div>","protected":false},"excerpt":{"rendered":"<p>[vc_row full_width=&#8220;stretch_row_content_no_spaces&#8220;][vc_column][\/vc_column][\/vc_row][vc_row el_class=&#8220;content_s&#8220;][vc_column][vc_column_text] Stands For Your Music seit 1949 Unsere Philosophie ist es, qualitativ hochwertige und langlebige Produkte umweltgerecht zu<span class=\"read_more\">Mehr erfahren<\/span><\/p>\n","protected":false},"author":11,"featured_media":0,"parent":8,"menu_order":96,"comment_status":"closed","ping_status":"closed","template":"","meta":{"footnotes":""},"class_list":["post-15","page","type-page","status-publish","format-standard","hentry"],"better_featured_image":null,"yoast_head":"<!-- This site is optimized with the Yoast SEO Premium plugin v26.8 (Yoast SEO v26.9) - https:\/\/yoast.com\/product\/yoast-seo-premium-wordpress\/ -->\n<title>Unternehmen - K\u00f6nig &amp; Meyer<\/title>\n<meta name=\"description\" content=\"Wir bei K\u00f6nig &amp; Meyer geben alles, damit sich Musiker weltweit auf das Wesentliche konzentrieren k\u00f6nnen \u2013 ihre Musik.\" \/>\n<meta name=\"robots\" content=\"index, follow, max-snippet:-1, max-image-preview:large, max-video-preview:-1\" \/>\n<link rel=\"canonical\" href=\"https:\/\/www.k-m.de\/brand\/de\/koenig-meyer\/unternehmen\/\" \/>\n<meta property=\"og:locale\" content=\"de_DE\" \/>\n<meta property=\"og:type\" content=\"article\" \/>\n<meta property=\"og:title\" content=\"Unternehmen\" \/>\n<meta property=\"og:description\" content=\"Wir bei K\u00f6nig &amp; Meyer geben alles, damit sich Musiker weltweit auf das Wesentliche konzentrieren k\u00f6nnen \u2013 ihre Musik.\" \/>\n<meta property=\"og:url\" content=\"https:\/\/www.k-m.de\/brand\/de\/koenig-meyer\/unternehmen\/\" \/>\n<meta property=\"og:site_name\" content=\"K\u00f6nig &amp; Meyer\" \/>\n<meta property=\"article:modified_time\" content=\"2024-10-25T07:34:18+00:00\" \/>\n<meta name=\"twitter:card\" content=\"summary_large_image\" \/>\n<meta name=\"twitter:label1\" content=\"Gesch\u00e4tzte Lesezeit\" \/>\n\t<meta name=\"twitter:data1\" content=\"4\u00a0Minuten\" \/>\n<script type=\"application\/ld+json\" class=\"yoast-schema-graph\">{\"@context\":\"https:\/\/schema.org\",\"@graph\":[{\"@type\":\"WebPage\",\"@id\":\"https:\/\/www.k-m.de\/brand\/de\/koenig-meyer\/unternehmen\/\",\"url\":\"https:\/\/www.k-m.de\/brand\/de\/koenig-meyer\/unternehmen\/\",\"name\":\"Unternehmen - K\u00f6nig &amp; Meyer\",\"isPartOf\":{\"@id\":\"https:\/\/www.k-m.de\/brand\/de\/#website\"},\"datePublished\":\"2018-07-16T09:38:49+00:00\",\"dateModified\":\"2024-10-25T07:34:18+00:00\",\"description\":\"Wir bei K\u00f6nig & Meyer geben alles, damit sich Musiker weltweit auf das Wesentliche konzentrieren k\u00f6nnen \u2013 ihre Musik.\",\"breadcrumb\":{\"@id\":\"https:\/\/www.k-m.de\/brand\/de\/koenig-meyer\/unternehmen\/#breadcrumb\"},\"inLanguage\":\"de\",\"potentialAction\":[{\"@type\":\"ReadAction\",\"target\":[\"https:\/\/www.k-m.de\/brand\/de\/koenig-meyer\/unternehmen\/\"]}]},{\"@type\":\"BreadcrumbList\",\"@id\":\"https:\/\/www.k-m.de\/brand\/de\/koenig-meyer\/unternehmen\/#breadcrumb\",\"itemListElement\":[{\"@type\":\"ListItem\",\"position\":1,\"name\":\"Startseite\",\"item\":\"https:\/\/www.k-m.de\/brand\/de\/\"},{\"@type\":\"ListItem\",\"position\":2,\"name\":\"K\u00f6nig &#038; Meyer\",\"item\":\"https:\/\/www.k-m.de\/brand\/de\/koenig-meyer\/\"},{\"@type\":\"ListItem\",\"position\":3,\"name\":\"Unternehmen\"}]},{\"@type\":\"WebSite\",\"@id\":\"https:\/\/www.k-m.de\/brand\/de\/#website\",\"url\":\"https:\/\/www.k-m.de\/brand\/de\/\",\"name\":\"K\u00f6nig & Meyer\",\"description\":\"K\u00f6nig &amp; Meyer ist ein weltweit f\u00fchrender Hersteller f\u00fcr Musikzubeh\u00f6r. Seit \u00fcber 65 Jahren steht K&amp;M f\u00fcr qualitativ hochwertige Produkte.\",\"publisher\":{\"@id\":\"https:\/\/www.k-m.de\/brand\/de\/#organization\"},\"potentialAction\":[{\"@type\":\"SearchAction\",\"target\":{\"@type\":\"EntryPoint\",\"urlTemplate\":\"https:\/\/www.k-m.de\/brand\/de\/?s={search_term_string}\"},\"query-input\":{\"@type\":\"PropertyValueSpecification\",\"valueRequired\":true,\"valueName\":\"search_term_string\"}}],\"inLanguage\":\"de\"},{\"@type\":\"Organization\",\"@id\":\"https:\/\/www.k-m.de\/brand\/de\/#organization\",\"name\":\"K\u00f6nig & Meyer\",\"url\":\"https:\/\/www.k-m.de\/brand\/de\/\",\"logo\":{\"@type\":\"ImageObject\",\"inLanguage\":\"de\",\"@id\":\"https:\/\/www.k-m.de\/brand\/de\/#\/schema\/logo\/image\/\",\"url\":\"https:\/\/www.k-m.de\/brand\/wp-content\/uploads\/2023\/01\/KM_1c.tif\",\"contentUrl\":\"https:\/\/www.k-m.de\/brand\/wp-content\/uploads\/2023\/01\/KM_1c.tif\",\"width\":1,\"height\":1,\"caption\":\"K\u00f6nig & Meyer\"},\"image\":{\"@id\":\"https:\/\/www.k-m.de\/brand\/de\/#\/schema\/logo\/image\/\"}}]}<\/script>\n<!-- \/ Yoast SEO Premium plugin. -->","yoast_head_json":{"title":"Unternehmen - K\u00f6nig &amp; Meyer","description":"Wir bei K\u00f6nig & Meyer geben alles, damit sich Musiker weltweit auf das Wesentliche konzentrieren k\u00f6nnen \u2013 ihre Musik.","robots":{"index":"index","follow":"follow","max-snippet":"max-snippet:-1","max-image-preview":"max-image-preview:large","max-video-preview":"max-video-preview:-1"},"canonical":"https:\/\/www.k-m.de\/brand\/de\/koenig-meyer\/unternehmen\/","og_locale":"de_DE","og_type":"article","og_title":"Unternehmen","og_description":"Wir bei K\u00f6nig & Meyer geben alles, damit sich Musiker weltweit auf das Wesentliche konzentrieren k\u00f6nnen \u2013 ihre Musik.","og_url":"https:\/\/www.k-m.de\/brand\/de\/koenig-meyer\/unternehmen\/","og_site_name":"K\u00f6nig &amp; Meyer","article_modified_time":"2024-10-25T07:34:18+00:00","twitter_card":"summary_large_image","twitter_misc":{"Gesch\u00e4tzte Lesezeit":"4\u00a0Minuten"},"schema":{"@context":"https:\/\/schema.org","@graph":[{"@type":"WebPage","@id":"https:\/\/www.k-m.de\/brand\/de\/koenig-meyer\/unternehmen\/","url":"https:\/\/www.k-m.de\/brand\/de\/koenig-meyer\/unternehmen\/","name":"Unternehmen - K\u00f6nig &amp; Meyer","isPartOf":{"@id":"https:\/\/www.k-m.de\/brand\/de\/#website"},"datePublished":"2018-07-16T09:38:49+00:00","dateModified":"2024-10-25T07:34:18+00:00","description":"Wir bei K\u00f6nig & Meyer geben alles, damit sich Musiker weltweit auf das Wesentliche konzentrieren k\u00f6nnen \u2013 ihre Musik.","breadcrumb":{"@id":"https:\/\/www.k-m.de\/brand\/de\/koenig-meyer\/unternehmen\/#breadcrumb"},"inLanguage":"de","potentialAction":[{"@type":"ReadAction","target":["https:\/\/www.k-m.de\/brand\/de\/koenig-meyer\/unternehmen\/"]}]},{"@type":"BreadcrumbList","@id":"https:\/\/www.k-m.de\/brand\/de\/koenig-meyer\/unternehmen\/#breadcrumb","itemListElement":[{"@type":"ListItem","position":1,"name":"Startseite","item":"https:\/\/www.k-m.de\/brand\/de\/"},{"@type":"ListItem","position":2,"name":"K\u00f6nig &#038; Meyer","item":"https:\/\/www.k-m.de\/brand\/de\/koenig-meyer\/"},{"@type":"ListItem","position":3,"name":"Unternehmen"}]},{"@type":"WebSite","@id":"https:\/\/www.k-m.de\/brand\/de\/#website","url":"https:\/\/www.k-m.de\/brand\/de\/","name":"K\u00f6nig & Meyer","description":"K\u00f6nig &amp; Meyer ist ein weltweit f\u00fchrender Hersteller f\u00fcr Musikzubeh\u00f6r. Seit \u00fcber 65 Jahren steht K&amp;M f\u00fcr qualitativ hochwertige Produkte.","publisher":{"@id":"https:\/\/www.k-m.de\/brand\/de\/#organization"},"potentialAction":[{"@type":"SearchAction","target":{"@type":"EntryPoint","urlTemplate":"https:\/\/www.k-m.de\/brand\/de\/?s={search_term_string}"},"query-input":{"@type":"PropertyValueSpecification","valueRequired":true,"valueName":"search_term_string"}}],"inLanguage":"de"},{"@type":"Organization","@id":"https:\/\/www.k-m.de\/brand\/de\/#organization","name":"K\u00f6nig & Meyer","url":"https:\/\/www.k-m.de\/brand\/de\/","logo":{"@type":"ImageObject","inLanguage":"de","@id":"https:\/\/www.k-m.de\/brand\/de\/#\/schema\/logo\/image\/","url":"https:\/\/www.k-m.de\/brand\/wp-content\/uploads\/2023\/01\/KM_1c.tif","contentUrl":"https:\/\/www.k-m.de\/brand\/wp-content\/uploads\/2023\/01\/KM_1c.tif","width":1,"height":1,"caption":"K\u00f6nig & Meyer"},"image":{"@id":"https:\/\/www.k-m.de\/brand\/de\/#\/schema\/logo\/image\/"}}]}},"_links":{"self":[{"href":"https:\/\/www.k-m.de\/brand\/de\/wp-json\/wp\/v2\/pages\/15","targetHints":{"allow":["GET"]}}],"collection":[{"href":"https:\/\/www.k-m.de\/brand\/de\/wp-json\/wp\/v2\/pages"}],"about":[{"href":"https:\/\/www.k-m.de\/brand\/de\/wp-json\/wp\/v2\/types\/page"}],"author":[{"embeddable":true,"href":"https:\/\/www.k-m.de\/brand\/de\/wp-json\/wp\/v2\/users\/11"}],"replies":[{"embeddable":true,"href":"https:\/\/www.k-m.de\/brand\/de\/wp-json\/wp\/v2\/comments?post=15"}],"version-history":[{"count":64,"href":"https:\/\/www.k-m.de\/brand\/de\/wp-json\/wp\/v2\/pages\/15\/revisions"}],"predecessor-version":[{"id":37269,"href":"https:\/\/www.k-m.de\/brand\/de\/wp-json\/wp\/v2\/pages\/15\/revisions\/37269"}],"up":[{"embeddable":true,"href":"https:\/\/www.k-m.de\/brand\/de\/wp-json\/wp\/v2\/pages\/8"}],"wp:attachment":[{"href":"https:\/\/www.k-m.de\/brand\/de\/wp-json\/wp\/v2\/media?parent=15"}],"curies":[{"name":"wp","href":"https:\/\/api.w.org\/{rel}","templated":true}]}}