{"id":37738,"date":"2025-06-24T10:18:28","date_gmt":"2025-06-24T08:18:28","guid":{"rendered":"https:\/\/www.k-m.de\/brand\/?page_id=37738"},"modified":"2025-09-29T11:27:23","modified_gmt":"2025-09-29T09:27:23","slug":"barrierefreiheit","status":"publish","type":"page","link":"https:\/\/www.k-m.de\/brand\/de\/barrierefreiheit\/","title":{"rendered":"Erkl\u00e4rung zur Barrierefreiheit"},"content":{"rendered":"<div class=\"wpb-content-wrapper\"><p >[vc_row el_class=&#8220;content_m&#8220;][vc_column][vc_custom_heading text=&#8220;Erkl\u00e4rung zur Barrierefreiheit&#8220; font_container=&#8220;tag:h2|text_align:center&#8220; use_theme_fonts=&#8220;yes&#8220; css=&#8220;&#8220;][vc_empty_space][vc_column_text]K\u00f6nig &amp; Meyer GmbH &amp; Co. KG ist bem\u00fcht, sein Online-Angebot, allen Nutzern, insbesondere auch Menschen mit Beeintr\u00e4chtigungen, in \u00dcbereinstimmung mit dem Barrierefreiheitsst\u00e4rkungsgesetz (BFSG) zug\u00e4nglich zu machen.<\/p>\n<p>&nbsp;<\/p>\n<h4 ><b>Geltungsbereich dieser Erkl\u00e4rung<\/b><\/h4>\n<p >Diese Erkl\u00e4rung zur Barrierefreiheit gilt f\u00fcr die Website <a href=\"https:\/\/eu-central-1.protection.sophos.com\/?d=k-m.de&amp;u=d3d3LmstbS5kZQ==&amp;i=NjI4ZTA0ODYxNjcyNDcxMWU3YTIxMjlj&amp;t=alNrSGJ6SnpXTmkwWmUrOStoS1RPd2trNnNFRlZOd211NkZBb21FOFNkUT0=&amp;h=79356c2bbf854ba0ac276127deacba25&amp;s=AVNPUEhUT0NFTkNSWVBUSVan55p2LtjgP8VbENc8DM7c\">www.k-m.de<\/a>.<\/p>\n<p>&nbsp;<\/p>\n<h4 ><b>Stand der Vereinbarkeit mit den Anforderungen<\/b><\/h4>\n<p >Die Anforderungen der Web Content Accessibility Guidelines (WCAG) 2.1 auf Konformit\u00e4tsstufe AA werden derzeit nicht erf\u00fcllt. Die Website ist daher nicht barrierefrei im Sinne der geltenden gesetzlichen Anforderungen.<\/p>\n<p >Insbesondere bestehen Barrieren in folgenden Bereichen:<\/p>\n<p>&nbsp;<\/p>\n<p >\u2022 Fehlende Alternativtexte bei Bildern<\/p>\n<p >\u2022 Videos ohne Untertitel<\/p>\n<p >\u2022 Unzureichende Kontraste<\/p>\n<p >\u2022 Eingeschr\u00e4nkte Tastaturbedienbarkeit<\/p>\n<p >\u2022 nicht barrierefreie PDF-Dokumente<\/p>\n<p>&nbsp;<\/p>\n<p >Dies trifft vor allem f\u00fcr historische Inhalte zu, die vor dem Inkrafttreten des Barrierefreiheitsst\u00e4rkungsgesetzes erstellt wurden. Wir sind jedoch bem\u00fcht die Barrierefreiheit der Website schrittweise zu verbessern.<\/p>\n<p>&nbsp;<\/p>\n<h4 ><b>Barrieren melden<\/b><\/h4>\n<p >Falls Sie auf unserer Website auf Barrieren sto\u00dfen, z\u00f6gern Sie nicht, uns zu kontaktieren. Wir freuen uns auf Ihr Feedback und bem\u00fchen uns, die gemeldeten Barrieren im Rahmen der technischen und wirtschaftlichen M\u00f6glichkeiten schnellstm\u00f6glich zu beheben.<\/p>\n<p>&nbsp;<\/p>\n<p >Kontakt:<\/p>\n<p >K\u00f6nig &amp; Meyer GmbH &amp; Co. KG<\/p>\n<p ><a href=\"mailto:bfsg@k-m.de\">bfsg@k-m.de<\/a><\/p>\n<p>&nbsp;<\/p>\n<p ><b>Durchsetzungsverfahren<\/b><\/p>\n<p >Falls Ihre Kontaktaufnahme mit uns nicht zufriedenstellend beantwortet wurde, k\u00f6nnen Sie sich an die Durchsetzungsstelle gem\u00e4\u00df \u00a7 16 BGG wenden:<\/p>\n<p>&nbsp;<\/p>\n<p >Schlichtungsstelle BGG<\/p>\n<p >bei dem Beauftragten der Bundesregierung f\u00fcr die Belange von Menschen mit Behinderungen<\/p>\n<p >Mauerstra\u00dfe 53 \/ 10117 Berlin<\/p>\n<p >E-Mail: <a href=\"mailto:info@schlichtungsstelle-bgg.de\">info@schlichtungsstelle-bgg.de<\/a><\/p>\n<p >Webseite: <a href=\"https:\/\/eu-central-1.protection.sophos.com\/?d=schlichtungsstelle-bgg.de&amp;u=d3d3LnNjaGxpY2h0dW5nc3N0ZWxsZS1iZ2cuZGU=&amp;i=NjI4ZTA0ODYxNjcyNDcxMWU3YTIxMjlj&amp;t=T1RRN3JVN2tESS9RWkV0ck55cjdUbUlDSVYrSXFvUWZKd1UwNFRQcXRDQT0=&amp;h=79356c2bbf854ba0ac276127deacba25&amp;s=AVNPUEhUT0NFTkNSWVBUSVan55p2LtjgP8VbENc8DM7c\">www.schlichtungsstelle-bgg.de<\/a><\/p>\n<p>&nbsp;<\/p>\n<h4 ><b>Datum der Erstellung dieser Erkl\u00e4rung zur Barrierefreiheit<\/b><\/h4>\n<p >Diese Erkl\u00e4rung wurde am 23.06.25 erstellt.\u00a0[\/vc_column_text][\/vc_column][\/vc_row][vc_row][vc_column][vc_empty_space height=&#8220;70px&#8220;][\/vc_column][\/vc_row]<\/p>\n<\/div>","protected":false},"excerpt":{"rendered":"<p>[vc_row el_class=&#8220;content_m&#8220;][vc_column][vc_custom_heading text=&#8220;Erkl\u00e4rung zur Barrierefreiheit&#8220; font_container=&#8220;tag:h2|text_align:center&#8220; use_theme_fonts=&#8220;yes&#8220; css=&#8220;&#8220;][vc_empty_space][vc_column_text]K\u00f6nig &amp; Meyer GmbH &amp; Co. KG ist bem\u00fcht, sein Online-Angebot, allen Nutzern,<span class=\"read_more\">Mehr erfahren<\/span><\/p>\n","protected":false},"author":25,"featured_media":0,"parent":0,"menu_order":2,"comment_status":"closed","ping_status":"closed","template":"","meta":{"footnotes":""},"class_list":["post-37738","page","type-page","status-publish","format-standard","hentry"],"better_featured_image":null,"yoast_head":"<!-- This site is optimized with the Yoast SEO Premium plugin v26.8 (Yoast SEO v26.9) - https:\/\/yoast.com\/product\/yoast-seo-premium-wordpress\/ -->\n<title>Erkl\u00e4rung zur Barrierefreiheit - K\u00f6nig &amp; Meyer<\/title>\n<meta name=\"robots\" content=\"index, follow, max-snippet:-1, max-image-preview:large, max-video-preview:-1\" \/>\n<link rel=\"canonical\" href=\"https:\/\/www.k-m.de\/brand\/de\/barrierefreiheit\/\" \/>\n<meta property=\"og:locale\" content=\"de_DE\" \/>\n<meta property=\"og:type\" content=\"article\" \/>\n<meta property=\"og:title\" content=\"Erkl\u00e4rung zur Barrierefreiheit\" \/>\n<meta property=\"og:description\" content=\"[vc_row el_class=&#8220;content_m&#8220;][vc_column][vc_custom_heading text=&#8220;Erkl\u00e4rung zur Barrierefreiheit&#8220; font_container=&#8220;tag:h2|text_align:center&#8220; use_theme_fonts=&#8220;yes&#8220; css=&#8220;&#8220;][vc_empty_space][vc_column_text]K\u00f6nig &amp; Meyer GmbH &amp; Co. KG ist bem\u00fcht, sein Online-Angebot, allen Nutzern,Mehr erfahren\" \/>\n<meta property=\"og:url\" content=\"https:\/\/www.k-m.de\/brand\/de\/barrierefreiheit\/\" \/>\n<meta property=\"og:site_name\" content=\"K\u00f6nig &amp; Meyer\" \/>\n<meta property=\"article:modified_time\" content=\"2025-09-29T09:27:23+00:00\" \/>\n<meta name=\"twitter:card\" content=\"summary_large_image\" \/>\n<meta name=\"twitter:label1\" content=\"Gesch\u00e4tzte Lesezeit\" \/>\n\t<meta name=\"twitter:data1\" content=\"2\u00a0Minuten\" \/>\n<script type=\"application\/ld+json\" class=\"yoast-schema-graph\">{\"@context\":\"https:\/\/schema.org\",\"@graph\":[{\"@type\":\"WebPage\",\"@id\":\"https:\/\/www.k-m.de\/brand\/de\/barrierefreiheit\/\",\"url\":\"https:\/\/www.k-m.de\/brand\/de\/barrierefreiheit\/\",\"name\":\"Erkl\u00e4rung zur Barrierefreiheit - K\u00f6nig &amp; Meyer\",\"isPartOf\":{\"@id\":\"https:\/\/www.k-m.de\/brand\/de\/#website\"},\"datePublished\":\"2025-06-24T08:18:28+00:00\",\"dateModified\":\"2025-09-29T09:27:23+00:00\",\"breadcrumb\":{\"@id\":\"https:\/\/www.k-m.de\/brand\/de\/barrierefreiheit\/#breadcrumb\"},\"inLanguage\":\"de\",\"potentialAction\":[{\"@type\":\"ReadAction\",\"target\":[\"https:\/\/www.k-m.de\/brand\/de\/barrierefreiheit\/\"]}]},{\"@type\":\"BreadcrumbList\",\"@id\":\"https:\/\/www.k-m.de\/brand\/de\/barrierefreiheit\/#breadcrumb\",\"itemListElement\":[{\"@type\":\"ListItem\",\"position\":1,\"name\":\"Startseite\",\"item\":\"https:\/\/www.k-m.de\/brand\/de\/\"},{\"@type\":\"ListItem\",\"position\":2,\"name\":\"Erkl\u00e4rung zur Barrierefreiheit\"}]},{\"@type\":\"WebSite\",\"@id\":\"https:\/\/www.k-m.de\/brand\/de\/#website\",\"url\":\"https:\/\/www.k-m.de\/brand\/de\/\",\"name\":\"K\u00f6nig & Meyer\",\"description\":\"K\u00f6nig &amp; Meyer ist ein weltweit f\u00fchrender Hersteller f\u00fcr Musikzubeh\u00f6r. Seit \u00fcber 65 Jahren steht K&amp;M f\u00fcr qualitativ hochwertige Produkte.\",\"publisher\":{\"@id\":\"https:\/\/www.k-m.de\/brand\/de\/#organization\"},\"potentialAction\":[{\"@type\":\"SearchAction\",\"target\":{\"@type\":\"EntryPoint\",\"urlTemplate\":\"https:\/\/www.k-m.de\/brand\/de\/?s={search_term_string}\"},\"query-input\":{\"@type\":\"PropertyValueSpecification\",\"valueRequired\":true,\"valueName\":\"search_term_string\"}}],\"inLanguage\":\"de\"},{\"@type\":\"Organization\",\"@id\":\"https:\/\/www.k-m.de\/brand\/de\/#organization\",\"name\":\"K\u00f6nig & Meyer\",\"url\":\"https:\/\/www.k-m.de\/brand\/de\/\",\"logo\":{\"@type\":\"ImageObject\",\"inLanguage\":\"de\",\"@id\":\"https:\/\/www.k-m.de\/brand\/de\/#\/schema\/logo\/image\/\",\"url\":\"https:\/\/www.k-m.de\/brand\/wp-content\/uploads\/2023\/01\/KM_1c.tif\",\"contentUrl\":\"https:\/\/www.k-m.de\/brand\/wp-content\/uploads\/2023\/01\/KM_1c.tif\",\"width\":1,\"height\":1,\"caption\":\"K\u00f6nig & Meyer\"},\"image\":{\"@id\":\"https:\/\/www.k-m.de\/brand\/de\/#\/schema\/logo\/image\/\"}}]}<\/script>\n<!-- \/ Yoast SEO Premium plugin. -->","yoast_head_json":{"title":"Erkl\u00e4rung zur Barrierefreiheit - K\u00f6nig &amp; Meyer","robots":{"index":"index","follow":"follow","max-snippet":"max-snippet:-1","max-image-preview":"max-image-preview:large","max-video-preview":"max-video-preview:-1"},"canonical":"https:\/\/www.k-m.de\/brand\/de\/barrierefreiheit\/","og_locale":"de_DE","og_type":"article","og_title":"Erkl\u00e4rung zur Barrierefreiheit","og_description":"[vc_row el_class=&#8220;content_m&#8220;][vc_column][vc_custom_heading text=&#8220;Erkl\u00e4rung zur Barrierefreiheit&#8220; font_container=&#8220;tag:h2|text_align:center&#8220; use_theme_fonts=&#8220;yes&#8220; css=&#8220;&#8220;][vc_empty_space][vc_column_text]K\u00f6nig &amp; Meyer GmbH &amp; Co. KG ist bem\u00fcht, sein Online-Angebot, allen Nutzern,Mehr erfahren","og_url":"https:\/\/www.k-m.de\/brand\/de\/barrierefreiheit\/","og_site_name":"K\u00f6nig &amp; Meyer","article_modified_time":"2025-09-29T09:27:23+00:00","twitter_card":"summary_large_image","twitter_misc":{"Gesch\u00e4tzte Lesezeit":"2\u00a0Minuten"},"schema":{"@context":"https:\/\/schema.org","@graph":[{"@type":"WebPage","@id":"https:\/\/www.k-m.de\/brand\/de\/barrierefreiheit\/","url":"https:\/\/www.k-m.de\/brand\/de\/barrierefreiheit\/","name":"Erkl\u00e4rung zur Barrierefreiheit - K\u00f6nig &amp; Meyer","isPartOf":{"@id":"https:\/\/www.k-m.de\/brand\/de\/#website"},"datePublished":"2025-06-24T08:18:28+00:00","dateModified":"2025-09-29T09:27:23+00:00","breadcrumb":{"@id":"https:\/\/www.k-m.de\/brand\/de\/barrierefreiheit\/#breadcrumb"},"inLanguage":"de","potentialAction":[{"@type":"ReadAction","target":["https:\/\/www.k-m.de\/brand\/de\/barrierefreiheit\/"]}]},{"@type":"BreadcrumbList","@id":"https:\/\/www.k-m.de\/brand\/de\/barrierefreiheit\/#breadcrumb","itemListElement":[{"@type":"ListItem","position":1,"name":"Startseite","item":"https:\/\/www.k-m.de\/brand\/de\/"},{"@type":"ListItem","position":2,"name":"Erkl\u00e4rung zur Barrierefreiheit"}]},{"@type":"WebSite","@id":"https:\/\/www.k-m.de\/brand\/de\/#website","url":"https:\/\/www.k-m.de\/brand\/de\/","name":"K\u00f6nig & Meyer","description":"K\u00f6nig &amp; Meyer ist ein weltweit f\u00fchrender Hersteller f\u00fcr Musikzubeh\u00f6r. Seit \u00fcber 65 Jahren steht K&amp;M f\u00fcr qualitativ hochwertige Produkte.","publisher":{"@id":"https:\/\/www.k-m.de\/brand\/de\/#organization"},"potentialAction":[{"@type":"SearchAction","target":{"@type":"EntryPoint","urlTemplate":"https:\/\/www.k-m.de\/brand\/de\/?s={search_term_string}"},"query-input":{"@type":"PropertyValueSpecification","valueRequired":true,"valueName":"search_term_string"}}],"inLanguage":"de"},{"@type":"Organization","@id":"https:\/\/www.k-m.de\/brand\/de\/#organization","name":"K\u00f6nig & Meyer","url":"https:\/\/www.k-m.de\/brand\/de\/","logo":{"@type":"ImageObject","inLanguage":"de","@id":"https:\/\/www.k-m.de\/brand\/de\/#\/schema\/logo\/image\/","url":"https:\/\/www.k-m.de\/brand\/wp-content\/uploads\/2023\/01\/KM_1c.tif","contentUrl":"https:\/\/www.k-m.de\/brand\/wp-content\/uploads\/2023\/01\/KM_1c.tif","width":1,"height":1,"caption":"K\u00f6nig & Meyer"},"image":{"@id":"https:\/\/www.k-m.de\/brand\/de\/#\/schema\/logo\/image\/"}}]}},"_links":{"self":[{"href":"https:\/\/www.k-m.de\/brand\/de\/wp-json\/wp\/v2\/pages\/37738","targetHints":{"allow":["GET"]}}],"collection":[{"href":"https:\/\/www.k-m.de\/brand\/de\/wp-json\/wp\/v2\/pages"}],"about":[{"href":"https:\/\/www.k-m.de\/brand\/de\/wp-json\/wp\/v2\/types\/page"}],"author":[{"embeddable":true,"href":"https:\/\/www.k-m.de\/brand\/de\/wp-json\/wp\/v2\/users\/25"}],"replies":[{"embeddable":true,"href":"https:\/\/www.k-m.de\/brand\/de\/wp-json\/wp\/v2\/comments?post=37738"}],"version-history":[{"count":2,"href":"https:\/\/www.k-m.de\/brand\/de\/wp-json\/wp\/v2\/pages\/37738\/revisions"}],"predecessor-version":[{"id":40419,"href":"https:\/\/www.k-m.de\/brand\/de\/wp-json\/wp\/v2\/pages\/37738\/revisions\/40419"}],"wp:attachment":[{"href":"https:\/\/www.k-m.de\/brand\/de\/wp-json\/wp\/v2\/media?parent=37738"}],"curies":[{"name":"wp","href":"https:\/\/api.w.org\/{rel}","templated":true}]}}