{"id":8033,"date":"2018-12-18T11:48:53","date_gmt":"2018-12-18T10:48:53","guid":{"rendered":"https:\/\/www.k-m.de\/brand\/?page_id=8033"},"modified":"2023-04-21T21:23:06","modified_gmt":"2023-04-21T19:23:06","slug":"dreherei","status":"publish","type":"page","link":"https:\/\/www.k-m.de\/brand\/de\/koenig-meyer\/lohnfertigung\/dreherei\/","title":{"rendered":"Dreherei"},"content":{"rendered":"<div class=\"wpb-content-wrapper\"><p>[vc_section full_width=&#8220;stretch_row_content&#8220; el_class=&#8220;bg_light_grey&#8220;][vc_row el_class=&#8220;content_l&#8220;][vc_column][vc_custom_heading source=&#8220;post_title&#8220; font_container=&#8220;tag:h2|text_align:center&#8220; use_theme_fonts=&#8220;yes&#8220;]\n<div class=\"default_slider owl-carousel\">\n\t\t\t<img loading=\"lazy\" decoding=\"async\" width=\"1120\" height=\"435\" src=\"https:\/\/www.k-m.de\/brand\/wp-content\/uploads\/2019\/01\/Lohnfertigung_Dreherei_01.jpg\" class=\"attachment-very_large size-very_large\" alt=\"Lohnfertigung: Dreherei\" srcset=\"https:\/\/www.k-m.de\/brand\/wp-content\/uploads\/2019\/01\/Lohnfertigung_Dreherei_01.jpg 1120w, https:\/\/www.k-m.de\/brand\/wp-content\/uploads\/2019\/01\/Lohnfertigung_Dreherei_01-300x117.jpg 300w, https:\/\/www.k-m.de\/brand\/wp-content\/uploads\/2019\/01\/Lohnfertigung_Dreherei_01-768x298.jpg 768w, https:\/\/www.k-m.de\/brand\/wp-content\/uploads\/2019\/01\/Lohnfertigung_Dreherei_01-1024x398.jpg 1024w, https:\/\/www.k-m.de\/brand\/wp-content\/uploads\/2019\/01\/Lohnfertigung_Dreherei_01-772x300.jpg 772w\" sizes=\"auto, (max-width: 1120px) 100vw, 1120px\" \/>\t\t\t<img loading=\"lazy\" decoding=\"async\" width=\"1120\" height=\"435\" src=\"https:\/\/www.k-m.de\/brand\/wp-content\/uploads\/2019\/05\/Lohnfertigung_Dreherei.jpg\" class=\"attachment-very_large size-very_large\" alt=\"Lohnfertigung I Beispielhaftes Bild aus der Produktion\" srcset=\"https:\/\/www.k-m.de\/brand\/wp-content\/uploads\/2019\/05\/Lohnfertigung_Dreherei.jpg 1120w, https:\/\/www.k-m.de\/brand\/wp-content\/uploads\/2019\/05\/Lohnfertigung_Dreherei-600x233.jpg 600w, https:\/\/www.k-m.de\/brand\/wp-content\/uploads\/2019\/05\/Lohnfertigung_Dreherei-768x298.jpg 768w, https:\/\/www.k-m.de\/brand\/wp-content\/uploads\/2019\/05\/Lohnfertigung_Dreherei-1024x398.jpg 1024w, https:\/\/www.k-m.de\/brand\/wp-content\/uploads\/2019\/05\/Lohnfertigung_Dreherei-772x300.jpg 772w\" sizes=\"auto, (max-width: 1120px) 100vw, 1120px\" \/>\t<\/div>[vc_empty_space height=&#8220;60px&#8220;][\/vc_column][\/vc_row][vc_row el_class=&#8220;content_m&#8220;][vc_column][vc_column_text]<\/p>\n<h3 style=\"text-align: left;\">Alles dreht sich um Qualit\u00e4t.<\/h3>\n<p>An ihrer Maschine macht ihnen keiner so leicht was vor: Gut ausgebildete Feinwerkmechaniker nutzen die volle Leistungsf\u00e4higkeit unserer CNC- Drehmaschinen, um so rationell und kostensparend wie m\u00f6glich zu produzieren. Best\u00fcckbare Werkzeugrevolver mit angetriebenen Werkzeugen, die Werkst\u00fccke ohne Umspannvorgang von beiden Seiten bearbeiten k\u00f6nnen und Lademagazine f\u00fcr einen automatisierten Produktionsablauf machen dies m\u00f6glich.<\/p>\n<p>Rundmaterial, Vierkant- oder Sechskantmaterial kann in Alu, Messing oder Stahl verarbeitet werden. Das exakte Einhalten von Toleranzen ist dabei selbstverst\u00e4ndlich.[\/vc_column_text][vc_column_text]<\/p>\n<table>\n<tbody>\n<tr>\n<td width=\"20%\">2 CNC-Drehautomaten<\/td>\n<td>12-Positionen-Revolver<br \/>\nmit 6 oder 12 angetriebenen Werkzeugen<br \/>\nmax. Werkst\u00fcckgr\u00f6\u00dfe L: 180 mm, \u00a0\u00d8 60 mm<\/td>\n<\/tr>\n<tr>\n<td>8 CNC-Langdrehautomaten<\/td>\n<td>15-Positionen-Revolver, max.<br \/>\nWerkst\u00fcckgr\u00f6\u00dfe L: 400 mm, \u00f8: 5 &#8211; 40 mm<\/td>\n<\/tr>\n<\/tbody>\n<\/table>\n<p>[\/vc_column_text][\/vc_column][\/vc_row][\/vc_section][vc_row][vc_column]\n\n\t<div class=\"nextprev_navigation\">\n\t\t\t\t\n\t\t\t\t\t<a class=\"load_childpage\" href=\"https:\/\/www.k-m.de\/brand\/de\/koenig-meyer\/lohnfertigung\/kunststoffverarbeitung\/\" rel=\"prev\" title=\"Kunststoffverarbeitung\">Kunststoffverarbeitung<\/a>\n\t\t\t\t\t\t\t<a class=\"load_childpage\" href=\"https:\/\/www.k-m.de\/brand\/de\/koenig-meyer\/lohnfertigung\/stanzerei\/\" rel=\"next\" title=\"Stanzerei\">Stanzerei<\/a>\n\t\t\t<\/div>\n[\/vc_column][\/vc_row]<\/p>\n<\/div>","protected":false},"excerpt":{"rendered":"<p>[vc_section full_width=&#8220;stretch_row_content&#8220; el_class=&#8220;bg_light_grey&#8220;][vc_row el_class=&#8220;content_l&#8220;][vc_column][vc_custom_heading source=&#8220;post_title&#8220; font_container=&#8220;tag:h2|text_align:center&#8220; use_theme_fonts=&#8220;yes&#8220;][vc_empty_space height=&#8220;60px&#8220;][\/vc_column][\/vc_row][vc_row el_class=&#8220;content_m&#8220;][vc_column][vc_column_text] Alles dreht sich um Qualit\u00e4t. An ihrer Maschine macht ihnen keiner<span class=\"read_more\">Mehr erfahren<\/span><\/p>\n","protected":false},"author":16,"featured_media":12217,"parent":134,"menu_order":51,"comment_status":"closed","ping_status":"closed","template":"","meta":{"footnotes":""},"class_list":["post-8033","page","type-page","status-publish","format-standard","has-post-thumbnail","hentry"],"better_featured_image":{"id":12217,"alt_text":"Dreherei I Beispielhaftes Produktbild I Schraube","caption":"","description":"","media_type":"image","media_details":{"width":500,"height":500,"file":"2019\/04\/Kat_Dreherei.png","sizes":{"thumbnail":{"file":"Kat_Dreherei-800x480.png","width":800,"height":480,"mime-type":"image\/png","source_url":"https:\/\/www.k-m.de\/brand\/wp-content\/uploads\/2019\/04\/Kat_Dreherei-800x480.png"},"post-thumbnail":{"file":"Kat_Dreherei-800x480.png","width":800,"height":480,"mime-type":"image\/png","source_url":"https:\/\/www.k-m.de\/brand\/wp-content\/uploads\/2019\/04\/Kat_Dreherei-800x480.png"},"medium_cropped":{"file":"Kat_Dreherei-600x600.png","width":600,"height":600,"mime-type":"image\/png","source_url":"https:\/\/www.k-m.de\/brand\/wp-content\/uploads\/2019\/04\/Kat_Dreherei-600x600.png"},"large_cropped":{"file":"Kat_Dreherei-1200x720.png","width":1200,"height":720,"mime-type":"image\/png","source_url":"https:\/\/www.k-m.de\/brand\/wp-content\/uploads\/2019\/04\/Kat_Dreherei-1200x720.png"},"very_large_cropped":{"file":"Kat_Dreherei-1800x900.png","width":1800,"height":900,"mime-type":"image\/png","source_url":"https:\/\/www.k-m.de\/brand\/wp-content\/uploads\/2019\/04\/Kat_Dreherei-1800x900.png"},"x_large_cropped":{"file":"Kat_Dreherei-2200x1100.png","width":2200,"height":1100,"mime-type":"image\/png","source_url":"https:\/\/www.k-m.de\/brand\/wp-content\/uploads\/2019\/04\/Kat_Dreherei-2200x1100.png"},"landingpage_thumb":{"file":"Kat_Dreherei-300x300.png","width":300,"height":300,"mime-type":"image\/png","source_url":"https:\/\/www.k-m.de\/brand\/wp-content\/uploads\/2019\/04\/Kat_Dreherei-300x300.png"},"profile_24":{"file":"Kat_Dreherei-24x24.png","width":24,"height":24,"mime-type":"image\/png","source_url":"https:\/\/www.k-m.de\/brand\/wp-content\/uploads\/2019\/04\/Kat_Dreherei-24x24.png"},"profile_48":{"file":"Kat_Dreherei-48x48.png","width":48,"height":48,"mime-type":"image\/png","source_url":"https:\/\/www.k-m.de\/brand\/wp-content\/uploads\/2019\/04\/Kat_Dreherei-48x48.png"},"profile_96":{"file":"Kat_Dreherei-96x96.png","width":96,"height":96,"mime-type":"image\/png","source_url":"https:\/\/www.k-m.de\/brand\/wp-content\/uploads\/2019\/04\/Kat_Dreherei-96x96.png"}},"image_meta":{"aperture":"0","credit":"","camera":"","caption":"","created_timestamp":"0","copyright":"","focal_length":"0","iso":"0","shutter_speed":"0","title":"","orientation":"0","keywords":[]}},"post":154,"source_url":"https:\/\/www.k-m.de\/brand\/wp-content\/uploads\/2019\/04\/Kat_Dreherei.png"},"yoast_head":"<!-- This site is optimized with the Yoast SEO Premium plugin v26.8 (Yoast SEO v27.4) - https:\/\/yoast.com\/product\/yoast-seo-premium-wordpress\/ -->\n<title>Dreherei - K\u00f6nig &amp; Meyer<\/title>\n<meta name=\"robots\" content=\"index, follow, max-snippet:-1, max-image-preview:large, max-video-preview:-1\" \/>\n<link rel=\"canonical\" href=\"https:\/\/www.k-m.de\/brand\/de\/koenig-meyer\/lohnfertigung\/dreherei\/\" \/>\n<meta property=\"og:locale\" content=\"de_DE\" \/>\n<meta property=\"og:type\" content=\"article\" \/>\n<meta property=\"og:title\" content=\"Dreherei\" \/>\n<meta property=\"og:description\" content=\"[vc_section full_width=&#8220;stretch_row_content&#8220; el_class=&#8220;bg_light_grey&#8220;][vc_row el_class=&#8220;content_l&#8220;][vc_column][vc_custom_heading source=&#8220;post_title&#8220; font_container=&#8220;tag:h2|text_align:center&#8220; use_theme_fonts=&#8220;yes&#8220;][vc_empty_space height=&#8220;60px&#8220;][\/vc_column][\/vc_row][vc_row el_class=&#8220;content_m&#8220;][vc_column][vc_column_text] Alles dreht sich um Qualit\u00e4t. An ihrer Maschine macht ihnen keinerMehr erfahren\" \/>\n<meta property=\"og:url\" content=\"https:\/\/www.k-m.de\/brand\/de\/koenig-meyer\/lohnfertigung\/dreherei\/\" \/>\n<meta property=\"og:site_name\" content=\"K\u00f6nig &amp; Meyer\" \/>\n<meta property=\"article:modified_time\" content=\"2023-04-21T19:23:06+00:00\" \/>\n<meta property=\"og:image\" content=\"https:\/\/www.k-m.de\/brand\/wp-content\/uploads\/2019\/04\/Kat_Dreherei.png\" \/>\n\t<meta property=\"og:image:width\" content=\"500\" \/>\n\t<meta property=\"og:image:height\" content=\"500\" \/>\n\t<meta property=\"og:image:type\" content=\"image\/png\" \/>\n<meta name=\"twitter:card\" content=\"summary_large_image\" \/>\n<meta name=\"twitter:label1\" content=\"Gesch\u00e4tzte Lesezeit\" \/>\n\t<meta name=\"twitter:data1\" content=\"1\u00a0Minute\" \/>\n<script type=\"application\/ld+json\" class=\"yoast-schema-graph\">{\"@context\":\"https:\\\/\\\/schema.org\",\"@graph\":[{\"@type\":\"WebPage\",\"@id\":\"https:\\\/\\\/www.k-m.de\\\/brand\\\/de\\\/koenig-meyer\\\/lohnfertigung\\\/dreherei\\\/\",\"url\":\"https:\\\/\\\/www.k-m.de\\\/brand\\\/de\\\/koenig-meyer\\\/lohnfertigung\\\/dreherei\\\/\",\"name\":\"Dreherei - K\u00f6nig &amp; Meyer\",\"isPartOf\":{\"@id\":\"https:\\\/\\\/www.k-m.de\\\/brand\\\/de\\\/#website\"},\"primaryImageOfPage\":{\"@id\":\"https:\\\/\\\/www.k-m.de\\\/brand\\\/de\\\/koenig-meyer\\\/lohnfertigung\\\/dreherei\\\/#primaryimage\"},\"image\":{\"@id\":\"https:\\\/\\\/www.k-m.de\\\/brand\\\/de\\\/koenig-meyer\\\/lohnfertigung\\\/dreherei\\\/#primaryimage\"},\"thumbnailUrl\":\"https:\\\/\\\/www.k-m.de\\\/brand\\\/wp-content\\\/uploads\\\/2019\\\/04\\\/Kat_Dreherei.png\",\"datePublished\":\"2018-12-18T10:48:53+00:00\",\"dateModified\":\"2023-04-21T19:23:06+00:00\",\"breadcrumb\":{\"@id\":\"https:\\\/\\\/www.k-m.de\\\/brand\\\/de\\\/koenig-meyer\\\/lohnfertigung\\\/dreherei\\\/#breadcrumb\"},\"inLanguage\":\"de\",\"potentialAction\":[{\"@type\":\"ReadAction\",\"target\":[\"https:\\\/\\\/www.k-m.de\\\/brand\\\/de\\\/koenig-meyer\\\/lohnfertigung\\\/dreherei\\\/\"]}]},{\"@type\":\"ImageObject\",\"inLanguage\":\"de\",\"@id\":\"https:\\\/\\\/www.k-m.de\\\/brand\\\/de\\\/koenig-meyer\\\/lohnfertigung\\\/dreherei\\\/#primaryimage\",\"url\":\"https:\\\/\\\/www.k-m.de\\\/brand\\\/wp-content\\\/uploads\\\/2019\\\/04\\\/Kat_Dreherei.png\",\"contentUrl\":\"https:\\\/\\\/www.k-m.de\\\/brand\\\/wp-content\\\/uploads\\\/2019\\\/04\\\/Kat_Dreherei.png\",\"width\":500,\"height\":500,\"caption\":\"Dreherei I Beispielhaftes Produktbild I Schraube\"},{\"@type\":\"BreadcrumbList\",\"@id\":\"https:\\\/\\\/www.k-m.de\\\/brand\\\/de\\\/koenig-meyer\\\/lohnfertigung\\\/dreherei\\\/#breadcrumb\",\"itemListElement\":[{\"@type\":\"ListItem\",\"position\":1,\"name\":\"Startseite\",\"item\":\"https:\\\/\\\/www.k-m.de\\\/brand\\\/de\\\/\"},{\"@type\":\"ListItem\",\"position\":2,\"name\":\"K\u00f6nig &#038; Meyer\",\"item\":\"https:\\\/\\\/www.k-m.de\\\/brand\\\/de\\\/koenig-meyer\\\/\"},{\"@type\":\"ListItem\",\"position\":3,\"name\":\"Lohnfertigung\",\"item\":\"https:\\\/\\\/www.k-m.de\\\/brand\\\/de\\\/koenig-meyer\\\/lohnfertigung\\\/\"},{\"@type\":\"ListItem\",\"position\":4,\"name\":\"Dreherei\"}]},{\"@type\":\"WebSite\",\"@id\":\"https:\\\/\\\/www.k-m.de\\\/brand\\\/de\\\/#website\",\"url\":\"https:\\\/\\\/www.k-m.de\\\/brand\\\/de\\\/\",\"name\":\"K\u00f6nig & Meyer\",\"description\":\"K\u00f6nig &amp; Meyer ist ein weltweit f\u00fchrender Hersteller f\u00fcr Musikzubeh\u00f6r. Seit \u00fcber 65 Jahren steht K&amp;M f\u00fcr qualitativ hochwertige Produkte.\",\"publisher\":{\"@id\":\"https:\\\/\\\/www.k-m.de\\\/brand\\\/de\\\/#organization\"},\"potentialAction\":[{\"@type\":\"SearchAction\",\"target\":{\"@type\":\"EntryPoint\",\"urlTemplate\":\"https:\\\/\\\/www.k-m.de\\\/brand\\\/de\\\/?s={search_term_string}\"},\"query-input\":{\"@type\":\"PropertyValueSpecification\",\"valueRequired\":true,\"valueName\":\"search_term_string\"}}],\"inLanguage\":\"de\"},{\"@type\":\"Organization\",\"@id\":\"https:\\\/\\\/www.k-m.de\\\/brand\\\/de\\\/#organization\",\"name\":\"K\u00f6nig & Meyer\",\"url\":\"https:\\\/\\\/www.k-m.de\\\/brand\\\/de\\\/\",\"logo\":{\"@type\":\"ImageObject\",\"inLanguage\":\"de\",\"@id\":\"https:\\\/\\\/www.k-m.de\\\/brand\\\/de\\\/#\\\/schema\\\/logo\\\/image\\\/\",\"url\":\"https:\\\/\\\/www.k-m.de\\\/brand\\\/wp-content\\\/uploads\\\/2023\\\/01\\\/KM_1c.tif\",\"contentUrl\":\"https:\\\/\\\/www.k-m.de\\\/brand\\\/wp-content\\\/uploads\\\/2023\\\/01\\\/KM_1c.tif\",\"width\":1,\"height\":1,\"caption\":\"K\u00f6nig & Meyer\"},\"image\":{\"@id\":\"https:\\\/\\\/www.k-m.de\\\/brand\\\/de\\\/#\\\/schema\\\/logo\\\/image\\\/\"}}]}<\/script>\n<!-- \/ Yoast SEO Premium plugin. -->","yoast_head_json":{"title":"Dreherei - K\u00f6nig &amp; Meyer","robots":{"index":"index","follow":"follow","max-snippet":"max-snippet:-1","max-image-preview":"max-image-preview:large","max-video-preview":"max-video-preview:-1"},"canonical":"https:\/\/www.k-m.de\/brand\/de\/koenig-meyer\/lohnfertigung\/dreherei\/","og_locale":"de_DE","og_type":"article","og_title":"Dreherei","og_description":"[vc_section full_width=&#8220;stretch_row_content&#8220; el_class=&#8220;bg_light_grey&#8220;][vc_row el_class=&#8220;content_l&#8220;][vc_column][vc_custom_heading source=&#8220;post_title&#8220; font_container=&#8220;tag:h2|text_align:center&#8220; use_theme_fonts=&#8220;yes&#8220;][vc_empty_space height=&#8220;60px&#8220;][\/vc_column][\/vc_row][vc_row el_class=&#8220;content_m&#8220;][vc_column][vc_column_text] Alles dreht sich um Qualit\u00e4t. An ihrer Maschine macht ihnen keinerMehr erfahren","og_url":"https:\/\/www.k-m.de\/brand\/de\/koenig-meyer\/lohnfertigung\/dreherei\/","og_site_name":"K\u00f6nig &amp; Meyer","article_modified_time":"2023-04-21T19:23:06+00:00","og_image":[{"width":500,"height":500,"url":"https:\/\/www.k-m.de\/brand\/wp-content\/uploads\/2019\/04\/Kat_Dreherei.png","type":"image\/png"}],"twitter_card":"summary_large_image","twitter_misc":{"Gesch\u00e4tzte Lesezeit":"1\u00a0Minute"},"schema":{"@context":"https:\/\/schema.org","@graph":[{"@type":"WebPage","@id":"https:\/\/www.k-m.de\/brand\/de\/koenig-meyer\/lohnfertigung\/dreherei\/","url":"https:\/\/www.k-m.de\/brand\/de\/koenig-meyer\/lohnfertigung\/dreherei\/","name":"Dreherei - K\u00f6nig &amp; Meyer","isPartOf":{"@id":"https:\/\/www.k-m.de\/brand\/de\/#website"},"primaryImageOfPage":{"@id":"https:\/\/www.k-m.de\/brand\/de\/koenig-meyer\/lohnfertigung\/dreherei\/#primaryimage"},"image":{"@id":"https:\/\/www.k-m.de\/brand\/de\/koenig-meyer\/lohnfertigung\/dreherei\/#primaryimage"},"thumbnailUrl":"https:\/\/www.k-m.de\/brand\/wp-content\/uploads\/2019\/04\/Kat_Dreherei.png","datePublished":"2018-12-18T10:48:53+00:00","dateModified":"2023-04-21T19:23:06+00:00","breadcrumb":{"@id":"https:\/\/www.k-m.de\/brand\/de\/koenig-meyer\/lohnfertigung\/dreherei\/#breadcrumb"},"inLanguage":"de","potentialAction":[{"@type":"ReadAction","target":["https:\/\/www.k-m.de\/brand\/de\/koenig-meyer\/lohnfertigung\/dreherei\/"]}]},{"@type":"ImageObject","inLanguage":"de","@id":"https:\/\/www.k-m.de\/brand\/de\/koenig-meyer\/lohnfertigung\/dreherei\/#primaryimage","url":"https:\/\/www.k-m.de\/brand\/wp-content\/uploads\/2019\/04\/Kat_Dreherei.png","contentUrl":"https:\/\/www.k-m.de\/brand\/wp-content\/uploads\/2019\/04\/Kat_Dreherei.png","width":500,"height":500,"caption":"Dreherei I Beispielhaftes Produktbild I Schraube"},{"@type":"BreadcrumbList","@id":"https:\/\/www.k-m.de\/brand\/de\/koenig-meyer\/lohnfertigung\/dreherei\/#breadcrumb","itemListElement":[{"@type":"ListItem","position":1,"name":"Startseite","item":"https:\/\/www.k-m.de\/brand\/de\/"},{"@type":"ListItem","position":2,"name":"K\u00f6nig &#038; Meyer","item":"https:\/\/www.k-m.de\/brand\/de\/koenig-meyer\/"},{"@type":"ListItem","position":3,"name":"Lohnfertigung","item":"https:\/\/www.k-m.de\/brand\/de\/koenig-meyer\/lohnfertigung\/"},{"@type":"ListItem","position":4,"name":"Dreherei"}]},{"@type":"WebSite","@id":"https:\/\/www.k-m.de\/brand\/de\/#website","url":"https:\/\/www.k-m.de\/brand\/de\/","name":"K\u00f6nig & Meyer","description":"K\u00f6nig &amp; Meyer ist ein weltweit f\u00fchrender Hersteller f\u00fcr Musikzubeh\u00f6r. Seit \u00fcber 65 Jahren steht K&amp;M f\u00fcr qualitativ hochwertige Produkte.","publisher":{"@id":"https:\/\/www.k-m.de\/brand\/de\/#organization"},"potentialAction":[{"@type":"SearchAction","target":{"@type":"EntryPoint","urlTemplate":"https:\/\/www.k-m.de\/brand\/de\/?s={search_term_string}"},"query-input":{"@type":"PropertyValueSpecification","valueRequired":true,"valueName":"search_term_string"}}],"inLanguage":"de"},{"@type":"Organization","@id":"https:\/\/www.k-m.de\/brand\/de\/#organization","name":"K\u00f6nig & Meyer","url":"https:\/\/www.k-m.de\/brand\/de\/","logo":{"@type":"ImageObject","inLanguage":"de","@id":"https:\/\/www.k-m.de\/brand\/de\/#\/schema\/logo\/image\/","url":"https:\/\/www.k-m.de\/brand\/wp-content\/uploads\/2023\/01\/KM_1c.tif","contentUrl":"https:\/\/www.k-m.de\/brand\/wp-content\/uploads\/2023\/01\/KM_1c.tif","width":1,"height":1,"caption":"K\u00f6nig & Meyer"},"image":{"@id":"https:\/\/www.k-m.de\/brand\/de\/#\/schema\/logo\/image\/"}}]}},"_links":{"self":[{"href":"https:\/\/www.k-m.de\/brand\/de\/wp-json\/wp\/v2\/pages\/8033","targetHints":{"allow":["GET"]}}],"collection":[{"href":"https:\/\/www.k-m.de\/brand\/de\/wp-json\/wp\/v2\/pages"}],"about":[{"href":"https:\/\/www.k-m.de\/brand\/de\/wp-json\/wp\/v2\/types\/page"}],"author":[{"embeddable":true,"href":"https:\/\/www.k-m.de\/brand\/de\/wp-json\/wp\/v2\/users\/16"}],"replies":[{"embeddable":true,"href":"https:\/\/www.k-m.de\/brand\/de\/wp-json\/wp\/v2\/comments?post=8033"}],"version-history":[{"count":14,"href":"https:\/\/www.k-m.de\/brand\/de\/wp-json\/wp\/v2\/pages\/8033\/revisions"}],"predecessor-version":[{"id":27984,"href":"https:\/\/www.k-m.de\/brand\/de\/wp-json\/wp\/v2\/pages\/8033\/revisions\/27984"}],"up":[{"embeddable":true,"href":"https:\/\/www.k-m.de\/brand\/de\/wp-json\/wp\/v2\/pages\/134"}],"wp:featuredmedia":[{"embeddable":true,"href":"https:\/\/www.k-m.de\/brand\/de\/wp-json\/wp\/v2\/media\/12217"}],"wp:attachment":[{"href":"https:\/\/www.k-m.de\/brand\/de\/wp-json\/wp\/v2\/media?parent=8033"}],"curies":[{"name":"wp","href":"https:\/\/api.w.org\/{rel}","templated":true}]}}