{"id":8037,"date":"2018-12-18T11:49:31","date_gmt":"2018-12-18T10:49:31","guid":{"rendered":"https:\/\/www.k-m.de\/brand\/?page_id=8037"},"modified":"2024-08-19T16:09:51","modified_gmt":"2024-08-19T14:09:51","slug":"pulverbeschichtung","status":"publish","type":"page","link":"https:\/\/www.k-m.de\/brand\/de\/koenig-meyer\/lohnfertigung\/pulverbeschichtung\/","title":{"rendered":"Pulverbeschichtung"},"content":{"rendered":"<div class=\"wpb-content-wrapper\"><p>[vc_section full_width=&#8220;stretch_row_content&#8220; el_class=&#8220;bg_light_grey&#8220;][vc_row el_class=&#8220;content_l&#8220;][vc_column][vc_custom_heading source=&#8220;post_title&#8220; font_container=&#8220;tag:h2|text_align:center&#8220; use_theme_fonts=&#8220;yes&#8220;]\n<div class=\"default_slider owl-carousel\">\n\t\t\t<img loading=\"lazy\" decoding=\"async\" width=\"1800\" height=\"740\" src=\"https:\/\/www.k-m.de\/brand\/wp-content\/uploads\/2024\/08\/7R9A7217_edit-1-1800x740.jpg\" class=\"attachment-very_large size-very_large\" alt=\"K&amp;M Einblicke: K&amp;M Mitarbeiter an der neuen Pulverbeschichtungsanlage\" srcset=\"https:\/\/www.k-m.de\/brand\/wp-content\/uploads\/2024\/08\/7R9A7217_edit-1-1800x740.jpg 1800w, https:\/\/www.k-m.de\/brand\/wp-content\/uploads\/2024\/08\/7R9A7217_edit-1-600x247.jpg 600w, https:\/\/www.k-m.de\/brand\/wp-content\/uploads\/2024\/08\/7R9A7217_edit-1-1024x421.jpg 1024w, https:\/\/www.k-m.de\/brand\/wp-content\/uploads\/2024\/08\/7R9A7217_edit-1-768x316.jpg 768w, https:\/\/www.k-m.de\/brand\/wp-content\/uploads\/2024\/08\/7R9A7217_edit-1-1536x631.jpg 1536w, https:\/\/www.k-m.de\/brand\/wp-content\/uploads\/2024\/08\/7R9A7217_edit-1-2048x842.jpg 2048w, https:\/\/www.k-m.de\/brand\/wp-content\/uploads\/2024\/08\/7R9A7217_edit-1-730x300.jpg 730w\" sizes=\"auto, (max-width: 1800px) 100vw, 1800px\" \/>\t\t\t<img loading=\"lazy\" decoding=\"async\" width=\"1800\" height=\"788\" src=\"https:\/\/www.k-m.de\/brand\/wp-content\/uploads\/2024\/08\/IMG_8771-1-1800x788.jpeg\" class=\"attachment-very_large size-very_large\" alt=\"K&amp;M Einblicke: K&amp;M Pulverbeschichtungsanlage\" srcset=\"https:\/\/www.k-m.de\/brand\/wp-content\/uploads\/2024\/08\/IMG_8771-1-1800x788.jpeg 1800w, https:\/\/www.k-m.de\/brand\/wp-content\/uploads\/2024\/08\/IMG_8771-1-600x263.jpeg 600w, https:\/\/www.k-m.de\/brand\/wp-content\/uploads\/2024\/08\/IMG_8771-1-1024x448.jpeg 1024w, https:\/\/www.k-m.de\/brand\/wp-content\/uploads\/2024\/08\/IMG_8771-1-768x336.jpeg 768w, https:\/\/www.k-m.de\/brand\/wp-content\/uploads\/2024\/08\/IMG_8771-1-1536x672.jpeg 1536w, https:\/\/www.k-m.de\/brand\/wp-content\/uploads\/2024\/08\/IMG_8771-1-2048x896.jpeg 2048w, https:\/\/www.k-m.de\/brand\/wp-content\/uploads\/2024\/08\/IMG_8771-1-686x300.jpeg 686w\" sizes=\"auto, (max-width: 1800px) 100vw, 1800px\" \/>\t\t\t\t<\/div>[vc_empty_space height=&#8220;60px&#8220;][\/vc_column][\/vc_row][vc_row el_class=&#8220;content_m&#8220;][vc_column][vc_column_text css=&#8220;&#8220;]<\/p>\n<h3 style=\"text-align: left;\">Nat\u00fcrlich arbeiten wir auch oberfl\u00e4chlich<\/h3>\n<p>Gerade in der Oberfl\u00e4chentechnik zeigt sich unser Know-How. Unsere 2024 neu errichtete Pulverbeschichtungsanlage setzt Ma\u00dfst\u00e4be in Sachen Qualit\u00e4t, Flexibilit\u00e4t und rationeller Fertigung. Hier werden Metallwerkst\u00fccke von 12 Pistolen (je Kabine) mit hochwertigem Pulver elektrostatisch beschichtet. Ein Zyklon bzw. Filter sorgen mit 93 \u2013 99 % R\u00fcckgewinnung f\u00fcr umweltfreundliche Fertigung und h\u00f6chste Effizienz. Besonders schwarz zu pulvernde Teile k\u00f6nnen kurzfristig und kosteng\u00fcnstig in die laufende Produktion integriert werden. Vielseitig verwendbare Gestellwagen k\u00f6nnen fast alle Werkst\u00fcckformen (bis zu einer Gr\u00f6\u00dfe von 1200 x 1800 x 400 mm) aufnehmen und ersparen so oft Neuanfertigungen. Mehrere Pufferstationen und zwei Best\u00fcckungs-Stationen gew\u00e4hrleisten eine schnelle und anpassungsf\u00e4hige Produktion.[\/vc_column_text][vc_column_text css=&#8220;&#8220;]<\/p>\n<table>\n<tbody>\n<tr>\n<td width=\"30%\">Vorbehandlung:<\/td>\n<td>Entfetten\/Phosphatieren, Sp\u00fclen, Trocknen<\/td>\n<\/tr>\n<tr>\n<td>Best\u00fcckung:<\/td>\n<td>2 Best\u00fcckungsstationen Farbkabinen<\/td>\n<\/tr>\n<tr>\n<td>Kabine 1:<\/td>\n<td>schwarzes Epoxydharzpulver<\/td>\n<\/tr>\n<tr>\n<td>Kabine 2:<\/td>\n<td>f\u00fcr alle Farben<\/td>\n<\/tr>\n<tr>\n<td>max. Werkst\u00fcckgr\u00f6\u00dfe:<\/td>\n<td>1200 x 1800 x 400 mm<\/td>\n<\/tr>\n<\/tbody>\n<\/table>\n<p>[\/vc_column_text][\/vc_column][\/vc_row][\/vc_section][vc_row][vc_column]\n\n\t<div class=\"nextprev_navigation\">\n\t\t\t\t\n\t\t\t\t\t<a class=\"load_childpage\" href=\"https:\/\/www.k-m.de\/brand\/de\/koenig-meyer\/lohnfertigung\/stanzerei\/\" rel=\"prev\" title=\"Stanzerei\">Stanzerei<\/a>\n\t\t\t\t\t\t\t<a class=\"load_childpage\" href=\"https:\/\/www.k-m.de\/brand\/de\/koenig-meyer\/lohnfertigung\/rohrlaserschneide-arbeiten\/\" rel=\"next\" title=\"Rohrlaserschneidearbeiten\">Rohrlaserschneidearbeiten<\/a>\n\t\t\t<\/div>\n[\/vc_column][\/vc_row]<\/p>\n<\/div>","protected":false},"excerpt":{"rendered":"<p>[vc_section full_width=&#8220;stretch_row_content&#8220; el_class=&#8220;bg_light_grey&#8220;][vc_row el_class=&#8220;content_l&#8220;][vc_column][vc_custom_heading source=&#8220;post_title&#8220; font_container=&#8220;tag:h2|text_align:center&#8220; use_theme_fonts=&#8220;yes&#8220;][vc_empty_space height=&#8220;60px&#8220;][\/vc_column][\/vc_row][vc_row el_class=&#8220;content_m&#8220;][vc_column][vc_column_text css=&#8220;&#8220;] Nat\u00fcrlich arbeiten wir auch oberfl\u00e4chlich Gerade in der Oberfl\u00e4chentechnik zeigt<span class=\"read_more\">Mehr erfahren<\/span><\/p>\n","protected":false},"author":16,"featured_media":12208,"parent":134,"menu_order":64,"comment_status":"closed","ping_status":"closed","template":"","meta":{"footnotes":""},"class_list":["post-8037","page","type-page","status-publish","format-standard","has-post-thumbnail","hentry"],"better_featured_image":{"id":12208,"alt_text":"Pulverbeschichtung I Beispielhaftes Produktbild","caption":"","description":"","media_type":"image","media_details":{"width":500,"height":500,"file":"2019\/04\/Kat_Pulverbeschichtung.png","sizes":{"thumbnail":{"file":"Kat_Pulverbeschichtung-800x480.png","width":800,"height":480,"mime-type":"image\/png","source_url":"https:\/\/www.k-m.de\/brand\/wp-content\/uploads\/2019\/04\/Kat_Pulverbeschichtung-800x480.png"},"post-thumbnail":{"file":"Kat_Pulverbeschichtung-800x480.png","width":800,"height":480,"mime-type":"image\/png","source_url":"https:\/\/www.k-m.de\/brand\/wp-content\/uploads\/2019\/04\/Kat_Pulverbeschichtung-800x480.png"},"medium_cropped":{"file":"Kat_Pulverbeschichtung-600x600.png","width":600,"height":600,"mime-type":"image\/png","source_url":"https:\/\/www.k-m.de\/brand\/wp-content\/uploads\/2019\/04\/Kat_Pulverbeschichtung-600x600.png"},"large_cropped":{"file":"Kat_Pulverbeschichtung-1200x720.png","width":1200,"height":720,"mime-type":"image\/png","source_url":"https:\/\/www.k-m.de\/brand\/wp-content\/uploads\/2019\/04\/Kat_Pulverbeschichtung-1200x720.png"},"very_large_cropped":{"file":"Kat_Pulverbeschichtung-1800x900.png","width":1800,"height":900,"mime-type":"image\/png","source_url":"https:\/\/www.k-m.de\/brand\/wp-content\/uploads\/2019\/04\/Kat_Pulverbeschichtung-1800x900.png"},"x_large_cropped":{"file":"Kat_Pulverbeschichtung-2200x1100.png","width":2200,"height":1100,"mime-type":"image\/png","source_url":"https:\/\/www.k-m.de\/brand\/wp-content\/uploads\/2019\/04\/Kat_Pulverbeschichtung-2200x1100.png"},"landingpage_thumb":{"file":"Kat_Pulverbeschichtung-300x300.png","width":300,"height":300,"mime-type":"image\/png","source_url":"https:\/\/www.k-m.de\/brand\/wp-content\/uploads\/2019\/04\/Kat_Pulverbeschichtung-300x300.png"},"profile_24":{"file":"Kat_Pulverbeschichtung-24x24.png","width":24,"height":24,"mime-type":"image\/png","source_url":"https:\/\/www.k-m.de\/brand\/wp-content\/uploads\/2019\/04\/Kat_Pulverbeschichtung-24x24.png"},"profile_48":{"file":"Kat_Pulverbeschichtung-48x48.png","width":48,"height":48,"mime-type":"image\/png","source_url":"https:\/\/www.k-m.de\/brand\/wp-content\/uploads\/2019\/04\/Kat_Pulverbeschichtung-48x48.png"},"profile_96":{"file":"Kat_Pulverbeschichtung-96x96.png","width":96,"height":96,"mime-type":"image\/png","source_url":"https:\/\/www.k-m.de\/brand\/wp-content\/uploads\/2019\/04\/Kat_Pulverbeschichtung-96x96.png"}},"image_meta":{"aperture":"0","credit":"","camera":"","caption":"","created_timestamp":"0","copyright":"","focal_length":"0","iso":"0","shutter_speed":"0","title":"","orientation":"0","keywords":[]}},"post":154,"source_url":"https:\/\/www.k-m.de\/brand\/wp-content\/uploads\/2019\/04\/Kat_Pulverbeschichtung.png"},"yoast_head":"<!-- This site is optimized with the Yoast SEO Premium plugin v26.8 (Yoast SEO v26.9) - https:\/\/yoast.com\/product\/yoast-seo-premium-wordpress\/ -->\n<title>Pulverbeschichtung - K\u00f6nig &amp; Meyer<\/title>\n<meta name=\"robots\" content=\"index, follow, max-snippet:-1, max-image-preview:large, max-video-preview:-1\" \/>\n<link rel=\"canonical\" href=\"https:\/\/www.k-m.de\/brand\/de\/koenig-meyer\/lohnfertigung\/pulverbeschichtung\/\" \/>\n<meta property=\"og:locale\" content=\"de_DE\" \/>\n<meta property=\"og:type\" content=\"article\" \/>\n<meta property=\"og:title\" content=\"Pulverbeschichtung\" \/>\n<meta property=\"og:description\" content=\"[vc_section full_width=&#8220;stretch_row_content&#8220; el_class=&#8220;bg_light_grey&#8220;][vc_row el_class=&#8220;content_l&#8220;][vc_column][vc_custom_heading source=&#8220;post_title&#8220; font_container=&#8220;tag:h2|text_align:center&#8220; use_theme_fonts=&#8220;yes&#8220;][vc_empty_space height=&#8220;60px&#8220;][\/vc_column][\/vc_row][vc_row el_class=&#8220;content_m&#8220;][vc_column][vc_column_text css=&#8220;&#8220;] Nat\u00fcrlich arbeiten wir auch oberfl\u00e4chlich Gerade in der Oberfl\u00e4chentechnik zeigtMehr erfahren\" \/>\n<meta property=\"og:url\" content=\"https:\/\/www.k-m.de\/brand\/de\/koenig-meyer\/lohnfertigung\/pulverbeschichtung\/\" \/>\n<meta property=\"og:site_name\" content=\"K\u00f6nig &amp; Meyer\" \/>\n<meta property=\"article:modified_time\" content=\"2024-08-19T14:09:51+00:00\" \/>\n<meta property=\"og:image\" content=\"https:\/\/www.k-m.de\/brand\/wp-content\/uploads\/2019\/04\/Kat_Pulverbeschichtung.png\" \/>\n\t<meta property=\"og:image:width\" content=\"500\" \/>\n\t<meta property=\"og:image:height\" content=\"500\" \/>\n\t<meta property=\"og:image:type\" content=\"image\/png\" \/>\n<meta name=\"twitter:card\" content=\"summary_large_image\" \/>\n<meta name=\"twitter:label1\" content=\"Gesch\u00e4tzte Lesezeit\" \/>\n\t<meta name=\"twitter:data1\" content=\"2\u00a0Minuten\" \/>\n<script type=\"application\/ld+json\" class=\"yoast-schema-graph\">{\"@context\":\"https:\/\/schema.org\",\"@graph\":[{\"@type\":\"WebPage\",\"@id\":\"https:\/\/www.k-m.de\/brand\/de\/koenig-meyer\/lohnfertigung\/pulverbeschichtung\/\",\"url\":\"https:\/\/www.k-m.de\/brand\/de\/koenig-meyer\/lohnfertigung\/pulverbeschichtung\/\",\"name\":\"Pulverbeschichtung - K\u00f6nig &amp; Meyer\",\"isPartOf\":{\"@id\":\"https:\/\/www.k-m.de\/brand\/de\/#website\"},\"primaryImageOfPage\":{\"@id\":\"https:\/\/www.k-m.de\/brand\/de\/koenig-meyer\/lohnfertigung\/pulverbeschichtung\/#primaryimage\"},\"image\":{\"@id\":\"https:\/\/www.k-m.de\/brand\/de\/koenig-meyer\/lohnfertigung\/pulverbeschichtung\/#primaryimage\"},\"thumbnailUrl\":\"https:\/\/www.k-m.de\/brand\/wp-content\/uploads\/2019\/04\/Kat_Pulverbeschichtung.png\",\"datePublished\":\"2018-12-18T10:49:31+00:00\",\"dateModified\":\"2024-08-19T14:09:51+00:00\",\"breadcrumb\":{\"@id\":\"https:\/\/www.k-m.de\/brand\/de\/koenig-meyer\/lohnfertigung\/pulverbeschichtung\/#breadcrumb\"},\"inLanguage\":\"de\",\"potentialAction\":[{\"@type\":\"ReadAction\",\"target\":[\"https:\/\/www.k-m.de\/brand\/de\/koenig-meyer\/lohnfertigung\/pulverbeschichtung\/\"]}]},{\"@type\":\"ImageObject\",\"inLanguage\":\"de\",\"@id\":\"https:\/\/www.k-m.de\/brand\/de\/koenig-meyer\/lohnfertigung\/pulverbeschichtung\/#primaryimage\",\"url\":\"https:\/\/www.k-m.de\/brand\/wp-content\/uploads\/2019\/04\/Kat_Pulverbeschichtung.png\",\"contentUrl\":\"https:\/\/www.k-m.de\/brand\/wp-content\/uploads\/2019\/04\/Kat_Pulverbeschichtung.png\",\"width\":500,\"height\":500,\"caption\":\"Pulverbeschichtung I Beispielhaftes Produktbild\"},{\"@type\":\"BreadcrumbList\",\"@id\":\"https:\/\/www.k-m.de\/brand\/de\/koenig-meyer\/lohnfertigung\/pulverbeschichtung\/#breadcrumb\",\"itemListElement\":[{\"@type\":\"ListItem\",\"position\":1,\"name\":\"Startseite\",\"item\":\"https:\/\/www.k-m.de\/brand\/de\/\"},{\"@type\":\"ListItem\",\"position\":2,\"name\":\"K\u00f6nig &#038; Meyer\",\"item\":\"https:\/\/www.k-m.de\/brand\/de\/koenig-meyer\/\"},{\"@type\":\"ListItem\",\"position\":3,\"name\":\"Lohnfertigung\",\"item\":\"https:\/\/www.k-m.de\/brand\/de\/koenig-meyer\/lohnfertigung\/\"},{\"@type\":\"ListItem\",\"position\":4,\"name\":\"Pulverbeschichtung\"}]},{\"@type\":\"WebSite\",\"@id\":\"https:\/\/www.k-m.de\/brand\/de\/#website\",\"url\":\"https:\/\/www.k-m.de\/brand\/de\/\",\"name\":\"K\u00f6nig & Meyer\",\"description\":\"K\u00f6nig &amp; Meyer ist ein weltweit f\u00fchrender Hersteller f\u00fcr Musikzubeh\u00f6r. Seit \u00fcber 65 Jahren steht K&amp;M f\u00fcr qualitativ hochwertige Produkte.\",\"publisher\":{\"@id\":\"https:\/\/www.k-m.de\/brand\/de\/#organization\"},\"potentialAction\":[{\"@type\":\"SearchAction\",\"target\":{\"@type\":\"EntryPoint\",\"urlTemplate\":\"https:\/\/www.k-m.de\/brand\/de\/?s={search_term_string}\"},\"query-input\":{\"@type\":\"PropertyValueSpecification\",\"valueRequired\":true,\"valueName\":\"search_term_string\"}}],\"inLanguage\":\"de\"},{\"@type\":\"Organization\",\"@id\":\"https:\/\/www.k-m.de\/brand\/de\/#organization\",\"name\":\"K\u00f6nig & Meyer\",\"url\":\"https:\/\/www.k-m.de\/brand\/de\/\",\"logo\":{\"@type\":\"ImageObject\",\"inLanguage\":\"de\",\"@id\":\"https:\/\/www.k-m.de\/brand\/de\/#\/schema\/logo\/image\/\",\"url\":\"https:\/\/www.k-m.de\/brand\/wp-content\/uploads\/2023\/01\/KM_1c.tif\",\"contentUrl\":\"https:\/\/www.k-m.de\/brand\/wp-content\/uploads\/2023\/01\/KM_1c.tif\",\"width\":1,\"height\":1,\"caption\":\"K\u00f6nig & Meyer\"},\"image\":{\"@id\":\"https:\/\/www.k-m.de\/brand\/de\/#\/schema\/logo\/image\/\"}}]}<\/script>\n<!-- \/ Yoast SEO Premium plugin. -->","yoast_head_json":{"title":"Pulverbeschichtung - K\u00f6nig &amp; Meyer","robots":{"index":"index","follow":"follow","max-snippet":"max-snippet:-1","max-image-preview":"max-image-preview:large","max-video-preview":"max-video-preview:-1"},"canonical":"https:\/\/www.k-m.de\/brand\/de\/koenig-meyer\/lohnfertigung\/pulverbeschichtung\/","og_locale":"de_DE","og_type":"article","og_title":"Pulverbeschichtung","og_description":"[vc_section full_width=&#8220;stretch_row_content&#8220; el_class=&#8220;bg_light_grey&#8220;][vc_row el_class=&#8220;content_l&#8220;][vc_column][vc_custom_heading source=&#8220;post_title&#8220; font_container=&#8220;tag:h2|text_align:center&#8220; use_theme_fonts=&#8220;yes&#8220;][vc_empty_space height=&#8220;60px&#8220;][\/vc_column][\/vc_row][vc_row el_class=&#8220;content_m&#8220;][vc_column][vc_column_text css=&#8220;&#8220;] Nat\u00fcrlich arbeiten wir auch oberfl\u00e4chlich Gerade in der Oberfl\u00e4chentechnik zeigtMehr erfahren","og_url":"https:\/\/www.k-m.de\/brand\/de\/koenig-meyer\/lohnfertigung\/pulverbeschichtung\/","og_site_name":"K\u00f6nig &amp; Meyer","article_modified_time":"2024-08-19T14:09:51+00:00","og_image":[{"width":500,"height":500,"url":"https:\/\/www.k-m.de\/brand\/wp-content\/uploads\/2019\/04\/Kat_Pulverbeschichtung.png","type":"image\/png"}],"twitter_card":"summary_large_image","twitter_misc":{"Gesch\u00e4tzte Lesezeit":"2\u00a0Minuten"},"schema":{"@context":"https:\/\/schema.org","@graph":[{"@type":"WebPage","@id":"https:\/\/www.k-m.de\/brand\/de\/koenig-meyer\/lohnfertigung\/pulverbeschichtung\/","url":"https:\/\/www.k-m.de\/brand\/de\/koenig-meyer\/lohnfertigung\/pulverbeschichtung\/","name":"Pulverbeschichtung - K\u00f6nig &amp; Meyer","isPartOf":{"@id":"https:\/\/www.k-m.de\/brand\/de\/#website"},"primaryImageOfPage":{"@id":"https:\/\/www.k-m.de\/brand\/de\/koenig-meyer\/lohnfertigung\/pulverbeschichtung\/#primaryimage"},"image":{"@id":"https:\/\/www.k-m.de\/brand\/de\/koenig-meyer\/lohnfertigung\/pulverbeschichtung\/#primaryimage"},"thumbnailUrl":"https:\/\/www.k-m.de\/brand\/wp-content\/uploads\/2019\/04\/Kat_Pulverbeschichtung.png","datePublished":"2018-12-18T10:49:31+00:00","dateModified":"2024-08-19T14:09:51+00:00","breadcrumb":{"@id":"https:\/\/www.k-m.de\/brand\/de\/koenig-meyer\/lohnfertigung\/pulverbeschichtung\/#breadcrumb"},"inLanguage":"de","potentialAction":[{"@type":"ReadAction","target":["https:\/\/www.k-m.de\/brand\/de\/koenig-meyer\/lohnfertigung\/pulverbeschichtung\/"]}]},{"@type":"ImageObject","inLanguage":"de","@id":"https:\/\/www.k-m.de\/brand\/de\/koenig-meyer\/lohnfertigung\/pulverbeschichtung\/#primaryimage","url":"https:\/\/www.k-m.de\/brand\/wp-content\/uploads\/2019\/04\/Kat_Pulverbeschichtung.png","contentUrl":"https:\/\/www.k-m.de\/brand\/wp-content\/uploads\/2019\/04\/Kat_Pulverbeschichtung.png","width":500,"height":500,"caption":"Pulverbeschichtung I Beispielhaftes Produktbild"},{"@type":"BreadcrumbList","@id":"https:\/\/www.k-m.de\/brand\/de\/koenig-meyer\/lohnfertigung\/pulverbeschichtung\/#breadcrumb","itemListElement":[{"@type":"ListItem","position":1,"name":"Startseite","item":"https:\/\/www.k-m.de\/brand\/de\/"},{"@type":"ListItem","position":2,"name":"K\u00f6nig &#038; Meyer","item":"https:\/\/www.k-m.de\/brand\/de\/koenig-meyer\/"},{"@type":"ListItem","position":3,"name":"Lohnfertigung","item":"https:\/\/www.k-m.de\/brand\/de\/koenig-meyer\/lohnfertigung\/"},{"@type":"ListItem","position":4,"name":"Pulverbeschichtung"}]},{"@type":"WebSite","@id":"https:\/\/www.k-m.de\/brand\/de\/#website","url":"https:\/\/www.k-m.de\/brand\/de\/","name":"K\u00f6nig & Meyer","description":"K\u00f6nig &amp; Meyer ist ein weltweit f\u00fchrender Hersteller f\u00fcr Musikzubeh\u00f6r. Seit \u00fcber 65 Jahren steht K&amp;M f\u00fcr qualitativ hochwertige Produkte.","publisher":{"@id":"https:\/\/www.k-m.de\/brand\/de\/#organization"},"potentialAction":[{"@type":"SearchAction","target":{"@type":"EntryPoint","urlTemplate":"https:\/\/www.k-m.de\/brand\/de\/?s={search_term_string}"},"query-input":{"@type":"PropertyValueSpecification","valueRequired":true,"valueName":"search_term_string"}}],"inLanguage":"de"},{"@type":"Organization","@id":"https:\/\/www.k-m.de\/brand\/de\/#organization","name":"K\u00f6nig & Meyer","url":"https:\/\/www.k-m.de\/brand\/de\/","logo":{"@type":"ImageObject","inLanguage":"de","@id":"https:\/\/www.k-m.de\/brand\/de\/#\/schema\/logo\/image\/","url":"https:\/\/www.k-m.de\/brand\/wp-content\/uploads\/2023\/01\/KM_1c.tif","contentUrl":"https:\/\/www.k-m.de\/brand\/wp-content\/uploads\/2023\/01\/KM_1c.tif","width":1,"height":1,"caption":"K\u00f6nig & Meyer"},"image":{"@id":"https:\/\/www.k-m.de\/brand\/de\/#\/schema\/logo\/image\/"}}]}},"_links":{"self":[{"href":"https:\/\/www.k-m.de\/brand\/de\/wp-json\/wp\/v2\/pages\/8037","targetHints":{"allow":["GET"]}}],"collection":[{"href":"https:\/\/www.k-m.de\/brand\/de\/wp-json\/wp\/v2\/pages"}],"about":[{"href":"https:\/\/www.k-m.de\/brand\/de\/wp-json\/wp\/v2\/types\/page"}],"author":[{"embeddable":true,"href":"https:\/\/www.k-m.de\/brand\/de\/wp-json\/wp\/v2\/users\/16"}],"replies":[{"embeddable":true,"href":"https:\/\/www.k-m.de\/brand\/de\/wp-json\/wp\/v2\/comments?post=8037"}],"version-history":[{"count":12,"href":"https:\/\/www.k-m.de\/brand\/de\/wp-json\/wp\/v2\/pages\/8037\/revisions"}],"predecessor-version":[{"id":36833,"href":"https:\/\/www.k-m.de\/brand\/de\/wp-json\/wp\/v2\/pages\/8037\/revisions\/36833"}],"up":[{"embeddable":true,"href":"https:\/\/www.k-m.de\/brand\/de\/wp-json\/wp\/v2\/pages\/134"}],"wp:featuredmedia":[{"embeddable":true,"href":"https:\/\/www.k-m.de\/brand\/de\/wp-json\/wp\/v2\/media\/12208"}],"wp:attachment":[{"href":"https:\/\/www.k-m.de\/brand\/de\/wp-json\/wp\/v2\/media?parent=8037"}],"curies":[{"name":"wp","href":"https:\/\/api.w.org\/{rel}","templated":true}]}}