{"id":8044,"date":"2018-12-18T11:51:33","date_gmt":"2018-12-18T10:51:33","guid":{"rendered":"https:\/\/www.k-m.de\/brand\/?page_id=8044"},"modified":"2023-04-22T08:37:22","modified_gmt":"2023-04-22T06:37:22","slug":"stanzerei","status":"publish","type":"page","link":"https:\/\/www.k-m.de\/brand\/de\/koenig-meyer\/lohnfertigung\/stanzerei\/","title":{"rendered":"Stanzerei"},"content":{"rendered":"<div class=\"wpb-content-wrapper\"><p>[vc_section full_width=&#8220;stretch_row_content&#8220; el_class=&#8220;bg_light_grey&#8220;][vc_row el_class=&#8220;content_l&#8220;][vc_column][vc_custom_heading source=&#8220;post_title&#8220; font_container=&#8220;tag:h2|text_align:center&#8220; use_theme_fonts=&#8220;yes&#8220;]\n<div class=\"default_slider owl-carousel\">\n\t\t\t<img loading=\"lazy\" decoding=\"async\" width=\"1120\" height=\"435\" src=\"https:\/\/www.k-m.de\/brand\/wp-content\/uploads\/2019\/01\/Lohnfertigung_Stanzerei_01.jpg\" class=\"attachment-very_large size-very_large\" alt=\"Lohnfertigung: Stanzerei\" srcset=\"https:\/\/www.k-m.de\/brand\/wp-content\/uploads\/2019\/01\/Lohnfertigung_Stanzerei_01.jpg 1120w, https:\/\/www.k-m.de\/brand\/wp-content\/uploads\/2019\/01\/Lohnfertigung_Stanzerei_01-300x117.jpg 300w, https:\/\/www.k-m.de\/brand\/wp-content\/uploads\/2019\/01\/Lohnfertigung_Stanzerei_01-768x298.jpg 768w, https:\/\/www.k-m.de\/brand\/wp-content\/uploads\/2019\/01\/Lohnfertigung_Stanzerei_01-1024x398.jpg 1024w, https:\/\/www.k-m.de\/brand\/wp-content\/uploads\/2019\/01\/Lohnfertigung_Stanzerei_01-772x300.jpg 772w\" sizes=\"auto, (max-width: 1120px) 100vw, 1120px\" \/>\t\t\t<img loading=\"lazy\" decoding=\"async\" width=\"1120\" height=\"435\" src=\"https:\/\/www.k-m.de\/brand\/wp-content\/uploads\/2019\/01\/Lohnfertigung_Stanzerei_02.jpg\" class=\"attachment-very_large size-very_large\" alt=\"Lohnfertigung: Stanzerei\" srcset=\"https:\/\/www.k-m.de\/brand\/wp-content\/uploads\/2019\/01\/Lohnfertigung_Stanzerei_02.jpg 1120w, https:\/\/www.k-m.de\/brand\/wp-content\/uploads\/2019\/01\/Lohnfertigung_Stanzerei_02-300x117.jpg 300w, https:\/\/www.k-m.de\/brand\/wp-content\/uploads\/2019\/01\/Lohnfertigung_Stanzerei_02-768x298.jpg 768w, https:\/\/www.k-m.de\/brand\/wp-content\/uploads\/2019\/01\/Lohnfertigung_Stanzerei_02-1024x398.jpg 1024w, https:\/\/www.k-m.de\/brand\/wp-content\/uploads\/2019\/01\/Lohnfertigung_Stanzerei_02-772x300.jpg 772w\" sizes=\"auto, (max-width: 1120px) 100vw, 1120px\" \/>\t<\/div>[vc_empty_space height=&#8220;60px&#8220;][\/vc_column][\/vc_row][vc_row el_class=&#8220;content_m&#8220;][vc_column][vc_column_text]<\/p>\n<h3 style=\"text-align: left;\">Trennschnitt- und Umformarbeiten in hoher Qualit\u00e4t.<\/h3>\n<p>Mit CNC-gesteuerten Exzenterpressen verarbeiten wir Bandstahl (auch Edelstahl, verzinkten Stahl und Aluminium) vom Coil zu hochwertigen Halbfertigerzeugnissen.<\/p>\n<p>&nbsp;<\/p>\n<p>Dabei sorgen Folgeverbundwerkzeuge f\u00fcr den Trennschnitt, das Umformen, Pr\u00e4gungen und sogar f\u00fcr das Gewinderollen in einem Arbeitsgang. F\u00fchler, Taster oder Sensoren gew\u00e4hrleisten dabei einen sicheren Ablauf und h\u00f6chste Pr\u00e4zision. Unsere hausinterne Werkzeugbau-Abteilung erstellt Ihnen gern die daf\u00fcr n\u00f6tigen Werkzeuge. Unsere CNC-gesteuerten Hydraulikpressen haben eine Presskraft bis zu 63 Tonnen. Auch hier leisten wir jede Art von Trennschnitt- und Umformarbeit in gewohnt hoher Qualit\u00e4t.[\/vc_column_text][vc_column_text]<\/p>\n<table>\n<tbody>\n<tr>\n<td width=\"40%\">Hydraulische Pressen:<\/td>\n<td>&#8211; bis zu 63 t Presskraft Exzenterpressen:<br \/>\n&#8211; bis zu 160 t Presskraft, 150 h\u00fcbe\/Minute<br \/>\n&#8211; Bandstahl vom Coil (max. B: 540 mm, T: 5 mm)<br \/>\n&#8211; Folgeverbundwerkzeuge<\/td>\n<\/tr>\n<\/tbody>\n<\/table>\n<p>[\/vc_column_text][\/vc_column][\/vc_row][\/vc_section][vc_row][vc_column]\n\n\t<div class=\"nextprev_navigation\">\n\t\t\t\t\n\t\t\t\t\t<a class=\"load_childpage\" href=\"https:\/\/www.k-m.de\/brand\/de\/koenig-meyer\/lohnfertigung\/dreherei\/\" rel=\"prev\" title=\"Dreherei\">Dreherei<\/a>\n\t\t\t\t\t\t\t<a class=\"load_childpage\" href=\"https:\/\/www.k-m.de\/brand\/de\/koenig-meyer\/lohnfertigung\/pulverbeschichtung\/\" rel=\"next\" title=\"Pulverbeschichtung\">Pulverbeschichtung<\/a>\n\t\t\t<\/div>\n[\/vc_column][\/vc_row]<\/p>\n<\/div>","protected":false},"excerpt":{"rendered":"<p>[vc_section full_width=&#8220;stretch_row_content&#8220; el_class=&#8220;bg_light_grey&#8220;][vc_row el_class=&#8220;content_l&#8220;][vc_column][vc_custom_heading source=&#8220;post_title&#8220; font_container=&#8220;tag:h2|text_align:center&#8220; use_theme_fonts=&#8220;yes&#8220;][vc_empty_space height=&#8220;60px&#8220;][\/vc_column][\/vc_row][vc_row el_class=&#8220;content_m&#8220;][vc_column][vc_column_text] Trennschnitt- und Umformarbeiten in hoher Qualit\u00e4t. Mit CNC-gesteuerten Exzenterpressen verarbeiten wir<span class=\"read_more\">Mehr erfahren<\/span><\/p>\n","protected":false},"author":16,"featured_media":12211,"parent":134,"menu_order":57,"comment_status":"closed","ping_status":"closed","template":"","meta":{"footnotes":""},"class_list":["post-8044","page","type-page","status-publish","format-standard","has-post-thumbnail","hentry"],"better_featured_image":{"id":12211,"alt_text":"Stanzerei I Beispielhaftes Produktbild I ausgestanzte Elemente","caption":"","description":"","media_type":"image","media_details":{"width":500,"height":500,"file":"2019\/04\/Kat_Stanzerei.png","sizes":{"thumbnail":{"file":"Kat_Stanzerei-800x480.png","width":800,"height":480,"mime-type":"image\/png","source_url":"https:\/\/www.k-m.de\/brand\/wp-content\/uploads\/2019\/04\/Kat_Stanzerei-800x480.png"},"post-thumbnail":{"file":"Kat_Stanzerei-800x480.png","width":800,"height":480,"mime-type":"image\/png","source_url":"https:\/\/www.k-m.de\/brand\/wp-content\/uploads\/2019\/04\/Kat_Stanzerei-800x480.png"},"medium_cropped":{"file":"Kat_Stanzerei-600x600.png","width":600,"height":600,"mime-type":"image\/png","source_url":"https:\/\/www.k-m.de\/brand\/wp-content\/uploads\/2019\/04\/Kat_Stanzerei-600x600.png"},"large_cropped":{"file":"Kat_Stanzerei-1200x720.png","width":1200,"height":720,"mime-type":"image\/png","source_url":"https:\/\/www.k-m.de\/brand\/wp-content\/uploads\/2019\/04\/Kat_Stanzerei-1200x720.png"},"very_large_cropped":{"file":"Kat_Stanzerei-1800x900.png","width":1800,"height":900,"mime-type":"image\/png","source_url":"https:\/\/www.k-m.de\/brand\/wp-content\/uploads\/2019\/04\/Kat_Stanzerei-1800x900.png"},"x_large_cropped":{"file":"Kat_Stanzerei-2200x1100.png","width":2200,"height":1100,"mime-type":"image\/png","source_url":"https:\/\/www.k-m.de\/brand\/wp-content\/uploads\/2019\/04\/Kat_Stanzerei-2200x1100.png"},"landingpage_thumb":{"file":"Kat_Stanzerei-300x300.png","width":300,"height":300,"mime-type":"image\/png","source_url":"https:\/\/www.k-m.de\/brand\/wp-content\/uploads\/2019\/04\/Kat_Stanzerei-300x300.png"},"profile_24":{"file":"Kat_Stanzerei-24x24.png","width":24,"height":24,"mime-type":"image\/png","source_url":"https:\/\/www.k-m.de\/brand\/wp-content\/uploads\/2019\/04\/Kat_Stanzerei-24x24.png"},"profile_48":{"file":"Kat_Stanzerei-48x48.png","width":48,"height":48,"mime-type":"image\/png","source_url":"https:\/\/www.k-m.de\/brand\/wp-content\/uploads\/2019\/04\/Kat_Stanzerei-48x48.png"},"profile_96":{"file":"Kat_Stanzerei-96x96.png","width":96,"height":96,"mime-type":"image\/png","source_url":"https:\/\/www.k-m.de\/brand\/wp-content\/uploads\/2019\/04\/Kat_Stanzerei-96x96.png"}},"image_meta":{"aperture":"0","credit":"","camera":"","caption":"","created_timestamp":"0","copyright":"","focal_length":"0","iso":"0","shutter_speed":"0","title":"","orientation":"0","keywords":[]}},"post":154,"source_url":"https:\/\/www.k-m.de\/brand\/wp-content\/uploads\/2019\/04\/Kat_Stanzerei.png"},"yoast_head":"<!-- This site is optimized with the Yoast SEO Premium plugin v26.8 (Yoast SEO v26.9) - https:\/\/yoast.com\/product\/yoast-seo-premium-wordpress\/ -->\n<title>Stanzerei - K\u00f6nig &amp; Meyer<\/title>\n<meta name=\"robots\" content=\"index, follow, max-snippet:-1, max-image-preview:large, max-video-preview:-1\" \/>\n<link rel=\"canonical\" href=\"https:\/\/www.k-m.de\/brand\/de\/koenig-meyer\/lohnfertigung\/stanzerei\/\" \/>\n<meta property=\"og:locale\" content=\"de_DE\" \/>\n<meta property=\"og:type\" content=\"article\" \/>\n<meta property=\"og:title\" content=\"Stanzerei\" \/>\n<meta property=\"og:description\" content=\"[vc_section full_width=&#8220;stretch_row_content&#8220; el_class=&#8220;bg_light_grey&#8220;][vc_row el_class=&#8220;content_l&#8220;][vc_column][vc_custom_heading source=&#8220;post_title&#8220; font_container=&#8220;tag:h2|text_align:center&#8220; use_theme_fonts=&#8220;yes&#8220;][vc_empty_space height=&#8220;60px&#8220;][\/vc_column][\/vc_row][vc_row el_class=&#8220;content_m&#8220;][vc_column][vc_column_text] Trennschnitt- und Umformarbeiten in hoher Qualit\u00e4t. Mit CNC-gesteuerten Exzenterpressen verarbeiten wirMehr erfahren\" \/>\n<meta property=\"og:url\" content=\"https:\/\/www.k-m.de\/brand\/de\/koenig-meyer\/lohnfertigung\/stanzerei\/\" \/>\n<meta property=\"og:site_name\" content=\"K\u00f6nig &amp; Meyer\" \/>\n<meta property=\"article:modified_time\" content=\"2023-04-22T06:37:22+00:00\" \/>\n<meta property=\"og:image\" content=\"https:\/\/www.k-m.de\/brand\/wp-content\/uploads\/2019\/04\/Kat_Stanzerei.png\" \/>\n\t<meta property=\"og:image:width\" content=\"500\" \/>\n\t<meta property=\"og:image:height\" content=\"500\" \/>\n\t<meta property=\"og:image:type\" content=\"image\/png\" \/>\n<meta name=\"twitter:card\" content=\"summary_large_image\" \/>\n<meta name=\"twitter:label1\" content=\"Gesch\u00e4tzte Lesezeit\" \/>\n\t<meta name=\"twitter:data1\" content=\"1\u00a0Minute\" \/>\n<script type=\"application\/ld+json\" class=\"yoast-schema-graph\">{\"@context\":\"https:\/\/schema.org\",\"@graph\":[{\"@type\":\"WebPage\",\"@id\":\"https:\/\/www.k-m.de\/brand\/de\/koenig-meyer\/lohnfertigung\/stanzerei\/\",\"url\":\"https:\/\/www.k-m.de\/brand\/de\/koenig-meyer\/lohnfertigung\/stanzerei\/\",\"name\":\"Stanzerei - K\u00f6nig &amp; Meyer\",\"isPartOf\":{\"@id\":\"https:\/\/www.k-m.de\/brand\/de\/#website\"},\"primaryImageOfPage\":{\"@id\":\"https:\/\/www.k-m.de\/brand\/de\/koenig-meyer\/lohnfertigung\/stanzerei\/#primaryimage\"},\"image\":{\"@id\":\"https:\/\/www.k-m.de\/brand\/de\/koenig-meyer\/lohnfertigung\/stanzerei\/#primaryimage\"},\"thumbnailUrl\":\"https:\/\/www.k-m.de\/brand\/wp-content\/uploads\/2019\/04\/Kat_Stanzerei.png\",\"datePublished\":\"2018-12-18T10:51:33+00:00\",\"dateModified\":\"2023-04-22T06:37:22+00:00\",\"breadcrumb\":{\"@id\":\"https:\/\/www.k-m.de\/brand\/de\/koenig-meyer\/lohnfertigung\/stanzerei\/#breadcrumb\"},\"inLanguage\":\"de\",\"potentialAction\":[{\"@type\":\"ReadAction\",\"target\":[\"https:\/\/www.k-m.de\/brand\/de\/koenig-meyer\/lohnfertigung\/stanzerei\/\"]}]},{\"@type\":\"ImageObject\",\"inLanguage\":\"de\",\"@id\":\"https:\/\/www.k-m.de\/brand\/de\/koenig-meyer\/lohnfertigung\/stanzerei\/#primaryimage\",\"url\":\"https:\/\/www.k-m.de\/brand\/wp-content\/uploads\/2019\/04\/Kat_Stanzerei.png\",\"contentUrl\":\"https:\/\/www.k-m.de\/brand\/wp-content\/uploads\/2019\/04\/Kat_Stanzerei.png\",\"width\":500,\"height\":500,\"caption\":\"Stanzerei I Beispielhaftes Produktbild I ausgestanzte Elemente\"},{\"@type\":\"BreadcrumbList\",\"@id\":\"https:\/\/www.k-m.de\/brand\/de\/koenig-meyer\/lohnfertigung\/stanzerei\/#breadcrumb\",\"itemListElement\":[{\"@type\":\"ListItem\",\"position\":1,\"name\":\"Startseite\",\"item\":\"https:\/\/www.k-m.de\/brand\/de\/\"},{\"@type\":\"ListItem\",\"position\":2,\"name\":\"K\u00f6nig &#038; Meyer\",\"item\":\"https:\/\/www.k-m.de\/brand\/de\/koenig-meyer\/\"},{\"@type\":\"ListItem\",\"position\":3,\"name\":\"Lohnfertigung\",\"item\":\"https:\/\/www.k-m.de\/brand\/de\/koenig-meyer\/lohnfertigung\/\"},{\"@type\":\"ListItem\",\"position\":4,\"name\":\"Stanzerei\"}]},{\"@type\":\"WebSite\",\"@id\":\"https:\/\/www.k-m.de\/brand\/de\/#website\",\"url\":\"https:\/\/www.k-m.de\/brand\/de\/\",\"name\":\"K\u00f6nig & Meyer\",\"description\":\"K\u00f6nig &amp; Meyer ist ein weltweit f\u00fchrender Hersteller f\u00fcr Musikzubeh\u00f6r. Seit \u00fcber 65 Jahren steht K&amp;M f\u00fcr qualitativ hochwertige Produkte.\",\"publisher\":{\"@id\":\"https:\/\/www.k-m.de\/brand\/de\/#organization\"},\"potentialAction\":[{\"@type\":\"SearchAction\",\"target\":{\"@type\":\"EntryPoint\",\"urlTemplate\":\"https:\/\/www.k-m.de\/brand\/de\/?s={search_term_string}\"},\"query-input\":{\"@type\":\"PropertyValueSpecification\",\"valueRequired\":true,\"valueName\":\"search_term_string\"}}],\"inLanguage\":\"de\"},{\"@type\":\"Organization\",\"@id\":\"https:\/\/www.k-m.de\/brand\/de\/#organization\",\"name\":\"K\u00f6nig & Meyer\",\"url\":\"https:\/\/www.k-m.de\/brand\/de\/\",\"logo\":{\"@type\":\"ImageObject\",\"inLanguage\":\"de\",\"@id\":\"https:\/\/www.k-m.de\/brand\/de\/#\/schema\/logo\/image\/\",\"url\":\"https:\/\/www.k-m.de\/brand\/wp-content\/uploads\/2023\/01\/KM_1c.tif\",\"contentUrl\":\"https:\/\/www.k-m.de\/brand\/wp-content\/uploads\/2023\/01\/KM_1c.tif\",\"width\":1,\"height\":1,\"caption\":\"K\u00f6nig & Meyer\"},\"image\":{\"@id\":\"https:\/\/www.k-m.de\/brand\/de\/#\/schema\/logo\/image\/\"}}]}<\/script>\n<!-- \/ Yoast SEO Premium plugin. -->","yoast_head_json":{"title":"Stanzerei - K\u00f6nig &amp; Meyer","robots":{"index":"index","follow":"follow","max-snippet":"max-snippet:-1","max-image-preview":"max-image-preview:large","max-video-preview":"max-video-preview:-1"},"canonical":"https:\/\/www.k-m.de\/brand\/de\/koenig-meyer\/lohnfertigung\/stanzerei\/","og_locale":"de_DE","og_type":"article","og_title":"Stanzerei","og_description":"[vc_section full_width=&#8220;stretch_row_content&#8220; el_class=&#8220;bg_light_grey&#8220;][vc_row el_class=&#8220;content_l&#8220;][vc_column][vc_custom_heading source=&#8220;post_title&#8220; font_container=&#8220;tag:h2|text_align:center&#8220; use_theme_fonts=&#8220;yes&#8220;][vc_empty_space height=&#8220;60px&#8220;][\/vc_column][\/vc_row][vc_row el_class=&#8220;content_m&#8220;][vc_column][vc_column_text] Trennschnitt- und Umformarbeiten in hoher Qualit\u00e4t. Mit CNC-gesteuerten Exzenterpressen verarbeiten wirMehr erfahren","og_url":"https:\/\/www.k-m.de\/brand\/de\/koenig-meyer\/lohnfertigung\/stanzerei\/","og_site_name":"K\u00f6nig &amp; Meyer","article_modified_time":"2023-04-22T06:37:22+00:00","og_image":[{"width":500,"height":500,"url":"https:\/\/www.k-m.de\/brand\/wp-content\/uploads\/2019\/04\/Kat_Stanzerei.png","type":"image\/png"}],"twitter_card":"summary_large_image","twitter_misc":{"Gesch\u00e4tzte Lesezeit":"1\u00a0Minute"},"schema":{"@context":"https:\/\/schema.org","@graph":[{"@type":"WebPage","@id":"https:\/\/www.k-m.de\/brand\/de\/koenig-meyer\/lohnfertigung\/stanzerei\/","url":"https:\/\/www.k-m.de\/brand\/de\/koenig-meyer\/lohnfertigung\/stanzerei\/","name":"Stanzerei - K\u00f6nig &amp; Meyer","isPartOf":{"@id":"https:\/\/www.k-m.de\/brand\/de\/#website"},"primaryImageOfPage":{"@id":"https:\/\/www.k-m.de\/brand\/de\/koenig-meyer\/lohnfertigung\/stanzerei\/#primaryimage"},"image":{"@id":"https:\/\/www.k-m.de\/brand\/de\/koenig-meyer\/lohnfertigung\/stanzerei\/#primaryimage"},"thumbnailUrl":"https:\/\/www.k-m.de\/brand\/wp-content\/uploads\/2019\/04\/Kat_Stanzerei.png","datePublished":"2018-12-18T10:51:33+00:00","dateModified":"2023-04-22T06:37:22+00:00","breadcrumb":{"@id":"https:\/\/www.k-m.de\/brand\/de\/koenig-meyer\/lohnfertigung\/stanzerei\/#breadcrumb"},"inLanguage":"de","potentialAction":[{"@type":"ReadAction","target":["https:\/\/www.k-m.de\/brand\/de\/koenig-meyer\/lohnfertigung\/stanzerei\/"]}]},{"@type":"ImageObject","inLanguage":"de","@id":"https:\/\/www.k-m.de\/brand\/de\/koenig-meyer\/lohnfertigung\/stanzerei\/#primaryimage","url":"https:\/\/www.k-m.de\/brand\/wp-content\/uploads\/2019\/04\/Kat_Stanzerei.png","contentUrl":"https:\/\/www.k-m.de\/brand\/wp-content\/uploads\/2019\/04\/Kat_Stanzerei.png","width":500,"height":500,"caption":"Stanzerei I Beispielhaftes Produktbild I ausgestanzte Elemente"},{"@type":"BreadcrumbList","@id":"https:\/\/www.k-m.de\/brand\/de\/koenig-meyer\/lohnfertigung\/stanzerei\/#breadcrumb","itemListElement":[{"@type":"ListItem","position":1,"name":"Startseite","item":"https:\/\/www.k-m.de\/brand\/de\/"},{"@type":"ListItem","position":2,"name":"K\u00f6nig &#038; Meyer","item":"https:\/\/www.k-m.de\/brand\/de\/koenig-meyer\/"},{"@type":"ListItem","position":3,"name":"Lohnfertigung","item":"https:\/\/www.k-m.de\/brand\/de\/koenig-meyer\/lohnfertigung\/"},{"@type":"ListItem","position":4,"name":"Stanzerei"}]},{"@type":"WebSite","@id":"https:\/\/www.k-m.de\/brand\/de\/#website","url":"https:\/\/www.k-m.de\/brand\/de\/","name":"K\u00f6nig & Meyer","description":"K\u00f6nig &amp; Meyer ist ein weltweit f\u00fchrender Hersteller f\u00fcr Musikzubeh\u00f6r. Seit \u00fcber 65 Jahren steht K&amp;M f\u00fcr qualitativ hochwertige Produkte.","publisher":{"@id":"https:\/\/www.k-m.de\/brand\/de\/#organization"},"potentialAction":[{"@type":"SearchAction","target":{"@type":"EntryPoint","urlTemplate":"https:\/\/www.k-m.de\/brand\/de\/?s={search_term_string}"},"query-input":{"@type":"PropertyValueSpecification","valueRequired":true,"valueName":"search_term_string"}}],"inLanguage":"de"},{"@type":"Organization","@id":"https:\/\/www.k-m.de\/brand\/de\/#organization","name":"K\u00f6nig & Meyer","url":"https:\/\/www.k-m.de\/brand\/de\/","logo":{"@type":"ImageObject","inLanguage":"de","@id":"https:\/\/www.k-m.de\/brand\/de\/#\/schema\/logo\/image\/","url":"https:\/\/www.k-m.de\/brand\/wp-content\/uploads\/2023\/01\/KM_1c.tif","contentUrl":"https:\/\/www.k-m.de\/brand\/wp-content\/uploads\/2023\/01\/KM_1c.tif","width":1,"height":1,"caption":"K\u00f6nig & Meyer"},"image":{"@id":"https:\/\/www.k-m.de\/brand\/de\/#\/schema\/logo\/image\/"}}]}},"_links":{"self":[{"href":"https:\/\/www.k-m.de\/brand\/de\/wp-json\/wp\/v2\/pages\/8044","targetHints":{"allow":["GET"]}}],"collection":[{"href":"https:\/\/www.k-m.de\/brand\/de\/wp-json\/wp\/v2\/pages"}],"about":[{"href":"https:\/\/www.k-m.de\/brand\/de\/wp-json\/wp\/v2\/types\/page"}],"author":[{"embeddable":true,"href":"https:\/\/www.k-m.de\/brand\/de\/wp-json\/wp\/v2\/users\/16"}],"replies":[{"embeddable":true,"href":"https:\/\/www.k-m.de\/brand\/de\/wp-json\/wp\/v2\/comments?post=8044"}],"version-history":[{"count":16,"href":"https:\/\/www.k-m.de\/brand\/de\/wp-json\/wp\/v2\/pages\/8044\/revisions"}],"predecessor-version":[{"id":27995,"href":"https:\/\/www.k-m.de\/brand\/de\/wp-json\/wp\/v2\/pages\/8044\/revisions\/27995"}],"up":[{"embeddable":true,"href":"https:\/\/www.k-m.de\/brand\/de\/wp-json\/wp\/v2\/pages\/134"}],"wp:featuredmedia":[{"embeddable":true,"href":"https:\/\/www.k-m.de\/brand\/de\/wp-json\/wp\/v2\/media\/12211"}],"wp:attachment":[{"href":"https:\/\/www.k-m.de\/brand\/de\/wp-json\/wp\/v2\/media?parent=8044"}],"curies":[{"name":"wp","href":"https:\/\/api.w.org\/{rel}","templated":true}]}}