{"id":9256,"date":"2019-02-04T14:20:14","date_gmt":"2019-02-04T13:20:14","guid":{"rendered":"https:\/\/www.k-m.de\/brand\/?page_id=9256"},"modified":"2025-04-01T16:08:12","modified_gmt":"2025-04-01T14:08:12","slug":"garantie","status":"publish","type":"page","link":"https:\/\/www.k-m.de\/brand\/de\/support\/garantie\/","title":{"rendered":"Garantie"},"content":{"rendered":"<div class=\"wpb-content-wrapper\"><p>[vc_row el_class=&#8220;content_m&#8220;][vc_column][vc_column_text css=&#8220;&#8220;]<\/p>\n<div class=\"page\" title=\"Page 9\">\n<div class=\"section\">\n<div class=\"layoutArea\">\n<div class=\"column\">\n<h2>Unsere Garantieleistungen<\/h2>\n<p>K\u00f6nig &amp; Meyer ist seit mehr als 75 Jahren in der Musikwelt ein Begriff f\u00fcr durchdachtes Zubeh\u00f6r in hervorragender Qualit\u00e4t. Unsere Produktqualit\u00e4t \u00e4u\u00dfert sich vor allem in einem guten Design, in hoher Funktionalit\u00e4t und in erstklassigen Materialien. Ausgereifte Produktionsprozesse und qualifizierte Mitarbeiter sorgen daf\u00fcr, dass jedes Produkt in bester Qualit\u00e4t p\u00fcnktlich geliefert wird.<\/p>\n<p>&nbsp;<\/p>\n<p>Wir wissen, dass wir nur mit zufriedenen Kunden Erfolg haben k\u00f6nnen. Kundenservice hat f\u00fcr uns allererste Priorit\u00e4t. Wir versuchen, unsere Produkte fehlerfrei auszuliefern, damit Sie an Ihrem K\u00f6nig &amp; Meyer Produkt lange Freude haben. Sollte trotzdem einmal etwas zu beanstanden sein, offerieren wir Ihnen den folgenden Service:<\/p>\n<\/div>\n<\/div>\n<\/div>\n<\/div>\n<p>[\/vc_column_text][vc_empty_space height=&#8220;80px&#8220;][\/vc_column][\/vc_row][vc_row el_class=&#8220;content_l&#8220;][vc_column][vc_single_image image=&#8220;13169&#8243; img_size=&#8220;full&#8220;][\/vc_column][\/vc_row][vc_row][vc_column][vc_separator][\/vc_column][\/vc_row][vc_row el_class=&#8220;content_l&#8220;][vc_column][vc_row_inner equal_height=&#8220;yes&#8220;][vc_column_inner width=&#8220;1\/2&#8243; css=&#8220;.vc_custom_1550139606216{border-right-width: 1px !important;padding-right: 70px !important;border-right-color: #ededed !important;border-right-style: solid !important;}&#8220;][vc_column_text]<\/p>\n<div class=\"page\" title=\"Page 9\">\n<div class=\"section\">\n<div class=\"layoutArea\">\n<div class=\"column\">\n<h2>Im Garantiefall zum Fachh\u00e4ndler<\/h2>\n<p>Im Garantiefall k\u00f6nnen Sie das Produkt bei Ihrem Fachh\u00e4ndler reklamieren. Ein Kaufbeleg ist mit dem reklamierten Produkt vorzulegen.<br \/>\nWir werden mit dem H\u00e4ndler bei einer berechtigten Reklamation entscheiden, ob das Produkt nach unserer Wahl von uns kostenlos repariert oder umgetauscht (ggf. auch durch ein Nachfolgemodell) wird.<\/p>\n<p>Bitte schicken Sie keine Produkte direkt an K\u00f6nig &amp; Meyer. Produkte, die bei uns unfrei eingehen, werden von uns nicht angenommen.<\/p>\n<\/div>\n<\/div>\n<\/div>\n<\/div>\n<p>[\/vc_column_text][\/vc_column_inner][vc_column_inner width=&#8220;1\/2&#8243;]<section class=\"find_dealer find_dealer_widget\">\n\t<form action=\"\/kmStorelocator\" method=\"get\">\n\t\t<h2 class=\"h2\">Fachh\u00e4ndler finden<\/h2>\n\t\t<p class=\"medium\"><\/p>\n<p>Sollte w\u00e4hrend der Garantiezeit ein Material- oder Produktionsfehler auftreten, wenden Sie sich einfach an Ihren Fachh\u00e4ndler!<\/p>\n<p><\/p>\n\t\t\n\t\t<input type=\"text\" name=\"location\" placeholder=\"PLZ oder Ort eingeben\" class=\"input_large\" \/>\n\t\t\n\t\t<br \/>\n\t\t\n\t\t<label for=\"all_dealer\"><input type=\"radio\" name=\"storetype\" id=\"nearby\" value=\"nearby\" checked=\"checked\" \/> Alle H\u00e4ndler<\/label>\n\t\t&nbsp;&nbsp;&nbsp;&nbsp;\n\t\t<label for=\"online_dealer\"><input type=\"radio\" name=\"storetype\" id=\"online\" value=\"online\" \/> Nur Onlineh\u00e4ndler<\/label>\n\t\t\n\t\t<br \/>\n\t\t\n\t\t<button name=\"search\" class=\"button button_large\">H\u00e4ndler anzeigen<\/button>\n\t<\/form>\n<\/section>[\/vc_column_inner][\/vc_row_inner][vc_empty_space height=&#8220;80px&#8220;][\/vc_column][\/vc_row][vc_row full_width=&#8220;stretch_row&#8220; css=&#8220;.vc_custom_1550072166966{background-color: #f5f5f5 !important;}&#8220; el_class=&#8220;content_m&#8220;][vc_column][vc_empty_space height=&#8220;80px&#8220;][vc_column_text]<\/p>\n<h3>Von der Garantie ausgenommen<\/h3>\n<ul>\n<li>Leuchten, Leuchtmittel und Batterien<\/li>\n<li>Produkte, die einem gebrauchsbedingten oder sonstigen nat\u00fcrlichen Verschlei\u00df unterliegen, sowie M\u00e4ngel am Produkt, die auf Nichtbeachtung von Bedienungshinweisen, nicht bestimmungsgem\u00e4\u00dfen Gebrauch, anomale Umweltbedingungen, sachfremde Betriebsbedingungen, \u00dcberlastung oder mangelnde Wartung oder Pflege zur\u00fcckzuf\u00fchren sind.<\/li>\n<li>M\u00e4ngel am Produkt, die durch Verwendung von Zubeh\u00f6r-, Erg\u00e4nzungs- oder Ersatzteilen verursacht wurden, die keine Originalteile sind.<\/li>\n<li>Produkte, an denen Ver\u00e4nderungen oder Erg\u00e4nzungen vorgenommen wurden.<\/li>\n<li>Geringf\u00fcgige Abweichungen von der Soll-Beschaffenheit, die f\u00fcr Wert und Gebrauchstauglichkeit des Produkts irrelevant sind.<\/li>\n<\/ul>\n<p>&nbsp;<\/p>\n<h3>Hinweis zur Garantiedauer<\/h3>\n<p>Durch die Erbringung von Garantieleistungen wird die Garantiefrist f\u00fcr das Produkt weder verl\u00e4ngert noch erneut in Gang gesetzt.[\/vc_column_text][vc_empty_space height=&#8220;80px&#8220;][\/vc_column][\/vc_row][vc_row][vc_column][vc_empty_space height=&#8220;80px&#8220;][\/vc_column][\/vc_row][vc_row el_class=&#8220;content_l&#8220;][vc_column width=&#8220;1\/2&#8243; css=&#8220;.vc_custom_1550139883555{border-right-width: 1px !important;border-right-color: #ededed !important;border-right-style: solid !important;}&#8220;][vc_column_text]<\/p>\n<h2 style=\"text-align: center;\">Support<\/h2>\n<p style=\"text-align: center;\">Wir wissen, dass wir nur mit zufriedenen Kunden Erfolg<br \/>\nhaben k\u00f6nnen! Hier finden Sie fachkundigen Rat.<\/p>\n<p>&nbsp;<\/p>\n<p>&nbsp;<\/p>\n<p style=\"text-align: center;\"><a class=\"button button_large\" href=\"\/brand\/de\/support\/\">Kontaktieren<\/a><\/p>\n<p>[\/vc_column_text][\/vc_column][vc_column width=&#8220;1\/2&#8243;][vc_column_text]<\/p>\n<h2 style=\"text-align: center;\">Logos &amp; Prospekte<\/h2>\n<p style=\"text-align: center;\">Hier finden Sie Logos, Brosch\u00fcren und weitere<br \/>\nDownloads von K\u00f6nig &amp; Meyer<\/p>\n<p>&nbsp;<\/p>\n<p>&nbsp;<\/p>\n<p style=\"text-align: center;\"><a class=\"button button_large\" href=\"\/brand\/de\/support\/\">Downloads anzeigen<\/a><\/p>\n<p>[\/vc_column_text][\/vc_column][\/vc_row][vc_row][vc_column][vc_empty_space height=&#8220;60px&#8220;][vc_separator][\/vc_column][\/vc_row]<\/p>\n<\/div>","protected":false},"excerpt":{"rendered":"<p>[vc_row el_class=&#8220;content_m&#8220;][vc_column][vc_column_text css=&#8220;&#8220;] Unsere Garantieleistungen K\u00f6nig &amp; Meyer ist seit mehr als 75 Jahren in der Musikwelt ein Begriff f\u00fcr<span class=\"read_more\">Mehr erfahren<\/span><\/p>\n","protected":false},"author":16,"featured_media":0,"parent":9250,"menu_order":52,"comment_status":"closed","ping_status":"closed","template":"page_templates\/page_support.php","meta":{"footnotes":""},"class_list":["post-9256","page","type-page","status-publish","format-standard","hentry"],"better_featured_image":null,"yoast_head":"<!-- This site is optimized with the Yoast SEO Premium plugin v26.8 (Yoast SEO v26.9) - https:\/\/yoast.com\/product\/yoast-seo-premium-wordpress\/ -->\n<title>Garantie - K\u00f6nig &amp; Meyer<\/title>\n<meta name=\"description\" content=\"Wir bieten 5 Jahre Garantie auf alle unsere Produkte und 10 Jahre Ersatzteilservice auf nahezu alle unserer Katalogartikel. Hier erfahren Sie mehr dazu.\" \/>\n<meta name=\"robots\" content=\"index, follow, max-snippet:-1, max-image-preview:large, max-video-preview:-1\" \/>\n<link rel=\"canonical\" href=\"https:\/\/www.k-m.de\/brand\/de\/support\/garantie\/\" \/>\n<meta property=\"og:locale\" content=\"de_DE\" \/>\n<meta property=\"og:type\" content=\"article\" \/>\n<meta property=\"og:title\" content=\"Garantie\" \/>\n<meta property=\"og:description\" content=\"Wir bieten 5 Jahre Garantie auf alle unsere Produkte und 10 Jahre Ersatzteilservice auf nahezu alle unserer Katalogartikel. Hier erfahren Sie mehr dazu.\" \/>\n<meta property=\"og:url\" content=\"https:\/\/www.k-m.de\/brand\/de\/support\/garantie\/\" \/>\n<meta property=\"og:site_name\" content=\"K\u00f6nig &amp; Meyer\" \/>\n<meta property=\"article:modified_time\" content=\"2025-04-01T14:08:12+00:00\" \/>\n<meta name=\"twitter:card\" content=\"summary_large_image\" \/>\n<meta name=\"twitter:label1\" content=\"Gesch\u00e4tzte Lesezeit\" \/>\n\t<meta name=\"twitter:data1\" content=\"3\u00a0Minuten\" \/>\n<script type=\"application\/ld+json\" class=\"yoast-schema-graph\">{\"@context\":\"https:\/\/schema.org\",\"@graph\":[{\"@type\":\"WebPage\",\"@id\":\"https:\/\/www.k-m.de\/brand\/de\/support\/garantie\/\",\"url\":\"https:\/\/www.k-m.de\/brand\/de\/support\/garantie\/\",\"name\":\"Garantie - K\u00f6nig &amp; Meyer\",\"isPartOf\":{\"@id\":\"https:\/\/www.k-m.de\/brand\/de\/#website\"},\"datePublished\":\"2019-02-04T13:20:14+00:00\",\"dateModified\":\"2025-04-01T14:08:12+00:00\",\"description\":\"Wir bieten 5 Jahre Garantie auf alle unsere Produkte und 10 Jahre Ersatzteilservice auf nahezu alle unserer Katalogartikel. Hier erfahren Sie mehr dazu.\",\"breadcrumb\":{\"@id\":\"https:\/\/www.k-m.de\/brand\/de\/support\/garantie\/#breadcrumb\"},\"inLanguage\":\"de\",\"potentialAction\":[{\"@type\":\"ReadAction\",\"target\":[\"https:\/\/www.k-m.de\/brand\/de\/support\/garantie\/\"]}]},{\"@type\":\"BreadcrumbList\",\"@id\":\"https:\/\/www.k-m.de\/brand\/de\/support\/garantie\/#breadcrumb\",\"itemListElement\":[{\"@type\":\"ListItem\",\"position\":1,\"name\":\"Startseite\",\"item\":\"https:\/\/www.k-m.de\/brand\/de\/\"},{\"@type\":\"ListItem\",\"position\":2,\"name\":\"Support\",\"item\":\"https:\/\/www.k-m.de\/brand\/de\/support\/\"},{\"@type\":\"ListItem\",\"position\":3,\"name\":\"Garantie\"}]},{\"@type\":\"WebSite\",\"@id\":\"https:\/\/www.k-m.de\/brand\/de\/#website\",\"url\":\"https:\/\/www.k-m.de\/brand\/de\/\",\"name\":\"K\u00f6nig & Meyer\",\"description\":\"K\u00f6nig &amp; Meyer ist ein weltweit f\u00fchrender Hersteller f\u00fcr Musikzubeh\u00f6r. Seit \u00fcber 65 Jahren steht K&amp;M f\u00fcr qualitativ hochwertige Produkte.\",\"publisher\":{\"@id\":\"https:\/\/www.k-m.de\/brand\/de\/#organization\"},\"potentialAction\":[{\"@type\":\"SearchAction\",\"target\":{\"@type\":\"EntryPoint\",\"urlTemplate\":\"https:\/\/www.k-m.de\/brand\/de\/?s={search_term_string}\"},\"query-input\":{\"@type\":\"PropertyValueSpecification\",\"valueRequired\":true,\"valueName\":\"search_term_string\"}}],\"inLanguage\":\"de\"},{\"@type\":\"Organization\",\"@id\":\"https:\/\/www.k-m.de\/brand\/de\/#organization\",\"name\":\"K\u00f6nig & Meyer\",\"url\":\"https:\/\/www.k-m.de\/brand\/de\/\",\"logo\":{\"@type\":\"ImageObject\",\"inLanguage\":\"de\",\"@id\":\"https:\/\/www.k-m.de\/brand\/de\/#\/schema\/logo\/image\/\",\"url\":\"https:\/\/www.k-m.de\/brand\/wp-content\/uploads\/2023\/01\/KM_1c.tif\",\"contentUrl\":\"https:\/\/www.k-m.de\/brand\/wp-content\/uploads\/2023\/01\/KM_1c.tif\",\"width\":1,\"height\":1,\"caption\":\"K\u00f6nig & Meyer\"},\"image\":{\"@id\":\"https:\/\/www.k-m.de\/brand\/de\/#\/schema\/logo\/image\/\"}}]}<\/script>\n<!-- \/ Yoast SEO Premium plugin. -->","yoast_head_json":{"title":"Garantie - K\u00f6nig &amp; Meyer","description":"Wir bieten 5 Jahre Garantie auf alle unsere Produkte und 10 Jahre Ersatzteilservice auf nahezu alle unserer Katalogartikel. Hier erfahren Sie mehr dazu.","robots":{"index":"index","follow":"follow","max-snippet":"max-snippet:-1","max-image-preview":"max-image-preview:large","max-video-preview":"max-video-preview:-1"},"canonical":"https:\/\/www.k-m.de\/brand\/de\/support\/garantie\/","og_locale":"de_DE","og_type":"article","og_title":"Garantie","og_description":"Wir bieten 5 Jahre Garantie auf alle unsere Produkte und 10 Jahre Ersatzteilservice auf nahezu alle unserer Katalogartikel. Hier erfahren Sie mehr dazu.","og_url":"https:\/\/www.k-m.de\/brand\/de\/support\/garantie\/","og_site_name":"K\u00f6nig &amp; Meyer","article_modified_time":"2025-04-01T14:08:12+00:00","twitter_card":"summary_large_image","twitter_misc":{"Gesch\u00e4tzte Lesezeit":"3\u00a0Minuten"},"schema":{"@context":"https:\/\/schema.org","@graph":[{"@type":"WebPage","@id":"https:\/\/www.k-m.de\/brand\/de\/support\/garantie\/","url":"https:\/\/www.k-m.de\/brand\/de\/support\/garantie\/","name":"Garantie - K\u00f6nig &amp; Meyer","isPartOf":{"@id":"https:\/\/www.k-m.de\/brand\/de\/#website"},"datePublished":"2019-02-04T13:20:14+00:00","dateModified":"2025-04-01T14:08:12+00:00","description":"Wir bieten 5 Jahre Garantie auf alle unsere Produkte und 10 Jahre Ersatzteilservice auf nahezu alle unserer Katalogartikel. Hier erfahren Sie mehr dazu.","breadcrumb":{"@id":"https:\/\/www.k-m.de\/brand\/de\/support\/garantie\/#breadcrumb"},"inLanguage":"de","potentialAction":[{"@type":"ReadAction","target":["https:\/\/www.k-m.de\/brand\/de\/support\/garantie\/"]}]},{"@type":"BreadcrumbList","@id":"https:\/\/www.k-m.de\/brand\/de\/support\/garantie\/#breadcrumb","itemListElement":[{"@type":"ListItem","position":1,"name":"Startseite","item":"https:\/\/www.k-m.de\/brand\/de\/"},{"@type":"ListItem","position":2,"name":"Support","item":"https:\/\/www.k-m.de\/brand\/de\/support\/"},{"@type":"ListItem","position":3,"name":"Garantie"}]},{"@type":"WebSite","@id":"https:\/\/www.k-m.de\/brand\/de\/#website","url":"https:\/\/www.k-m.de\/brand\/de\/","name":"K\u00f6nig & Meyer","description":"K\u00f6nig &amp; Meyer ist ein weltweit f\u00fchrender Hersteller f\u00fcr Musikzubeh\u00f6r. Seit \u00fcber 65 Jahren steht K&amp;M f\u00fcr qualitativ hochwertige Produkte.","publisher":{"@id":"https:\/\/www.k-m.de\/brand\/de\/#organization"},"potentialAction":[{"@type":"SearchAction","target":{"@type":"EntryPoint","urlTemplate":"https:\/\/www.k-m.de\/brand\/de\/?s={search_term_string}"},"query-input":{"@type":"PropertyValueSpecification","valueRequired":true,"valueName":"search_term_string"}}],"inLanguage":"de"},{"@type":"Organization","@id":"https:\/\/www.k-m.de\/brand\/de\/#organization","name":"K\u00f6nig & Meyer","url":"https:\/\/www.k-m.de\/brand\/de\/","logo":{"@type":"ImageObject","inLanguage":"de","@id":"https:\/\/www.k-m.de\/brand\/de\/#\/schema\/logo\/image\/","url":"https:\/\/www.k-m.de\/brand\/wp-content\/uploads\/2023\/01\/KM_1c.tif","contentUrl":"https:\/\/www.k-m.de\/brand\/wp-content\/uploads\/2023\/01\/KM_1c.tif","width":1,"height":1,"caption":"K\u00f6nig & Meyer"},"image":{"@id":"https:\/\/www.k-m.de\/brand\/de\/#\/schema\/logo\/image\/"}}]}},"_links":{"self":[{"href":"https:\/\/www.k-m.de\/brand\/de\/wp-json\/wp\/v2\/pages\/9256","targetHints":{"allow":["GET"]}}],"collection":[{"href":"https:\/\/www.k-m.de\/brand\/de\/wp-json\/wp\/v2\/pages"}],"about":[{"href":"https:\/\/www.k-m.de\/brand\/de\/wp-json\/wp\/v2\/types\/page"}],"author":[{"embeddable":true,"href":"https:\/\/www.k-m.de\/brand\/de\/wp-json\/wp\/v2\/users\/16"}],"replies":[{"embeddable":true,"href":"https:\/\/www.k-m.de\/brand\/de\/wp-json\/wp\/v2\/comments?post=9256"}],"version-history":[{"count":13,"href":"https:\/\/www.k-m.de\/brand\/de\/wp-json\/wp\/v2\/pages\/9256\/revisions"}],"predecessor-version":[{"id":37672,"href":"https:\/\/www.k-m.de\/brand\/de\/wp-json\/wp\/v2\/pages\/9256\/revisions\/37672"}],"up":[{"embeddable":true,"href":"https:\/\/www.k-m.de\/brand\/de\/wp-json\/wp\/v2\/pages\/9250"}],"wp:attachment":[{"href":"https:\/\/www.k-m.de\/brand\/de\/wp-json\/wp\/v2\/media?parent=9256"}],"curies":[{"name":"wp","href":"https:\/\/api.w.org\/{rel}","templated":true}]}}