{"id":9314,"date":"2019-02-14T12:04:00","date_gmt":"2019-02-14T11:04:00","guid":{"rendered":"https:\/\/www.k-m.de\/brand\/?page_id=9314"},"modified":"2022-02-13T14:17:36","modified_gmt":"2022-02-13T13:17:36","slug":"presse","status":"publish","type":"page","link":"https:\/\/www.k-m.de\/brand\/de\/support\/presse\/","title":{"rendered":"Presse"},"content":{"rendered":"<div class=\"wpb-content-wrapper\"><p>[vc_row][vc_column][vc_custom_heading text=&#8220;K\u00f6nig &amp; Meyer Logo&#8220; font_container=&#8220;tag:h2|text_align:center&#8220; use_theme_fonts=&#8220;yes&#8220;][\/vc_column][\/vc_row][vc_row el_class=&#8220;content_l&#8220;][vc_column][vc_row_inner][vc_column_inner width=&#8220;1\/2&#8243;]\n<a class=\"download_box  download_box_large\" href=\"https:\/\/www.k-m.de\/brand\/wp-content\/uploads\/2019\/01\/KM_KoenigMeyer_Logo_RGB.jpg\" target=\"_blank\">\n\t\t\t<span class=\"download_image\">\n\t\t\t\t\t\t\t<img loading=\"lazy\" decoding=\"async\" width=\"1181\" height=\"225\" src=\"https:\/\/www.k-m.de\/brand\/wp-content\/uploads\/2019\/01\/KM_KoenigMeyer_Logo_RGB.jpg\" class=\"attachment-full size-full wp-post-image\" alt=\"\" srcset=\"https:\/\/www.k-m.de\/brand\/wp-content\/uploads\/2019\/01\/KM_KoenigMeyer_Logo_RGB.jpg 1181w, https:\/\/www.k-m.de\/brand\/wp-content\/uploads\/2019\/01\/KM_KoenigMeyer_Logo_RGB-600x114.jpg 600w, https:\/\/www.k-m.de\/brand\/wp-content\/uploads\/2019\/01\/KM_KoenigMeyer_Logo_RGB-768x146.jpg 768w, https:\/\/www.k-m.de\/brand\/wp-content\/uploads\/2019\/01\/KM_KoenigMeyer_Logo_RGB-1024x195.jpg 1024w, https:\/\/www.k-m.de\/brand\/wp-content\/uploads\/2019\/01\/KM_KoenigMeyer_Logo_RGB-300x57.jpg 300w\" sizes=\"auto, (max-width: 1181px) 100vw, 1181px\" \/>\t\t\t\t\t<\/span>\n\t\t<span class=\"download_title\">K&M Logo (RGB)<\/span>\n\t\t<ins>(JPG, 52.40 KB)<\/ins>\n\t<\/a>[\/vc_column_inner][vc_column_inner width=&#8220;1\/2&#8243;]\n<a class=\"download_box  download_box_large\" href=\"https:\/\/www.k-m.de\/brand\/wp-content\/uploads\/2019\/01\/KM_KoenigMeyer_Logo_1c1.jpg\" target=\"_blank\">\n\t\t\t<span class=\"download_image\">\n\t\t\t\t\t\t\t<img loading=\"lazy\" decoding=\"async\" width=\"1181\" height=\"224\" src=\"https:\/\/www.k-m.de\/brand\/wp-content\/uploads\/2019\/01\/KM_KoenigMeyer_Logo_1c1.jpg\" class=\"attachment-full size-full wp-post-image\" alt=\"K&amp;M Logo I schwarz wei\u00df\" srcset=\"https:\/\/www.k-m.de\/brand\/wp-content\/uploads\/2019\/01\/KM_KoenigMeyer_Logo_1c1.jpg 1181w, https:\/\/www.k-m.de\/brand\/wp-content\/uploads\/2019\/01\/KM_KoenigMeyer_Logo_1c1-600x114.jpg 600w, https:\/\/www.k-m.de\/brand\/wp-content\/uploads\/2019\/01\/KM_KoenigMeyer_Logo_1c1-768x146.jpg 768w, https:\/\/www.k-m.de\/brand\/wp-content\/uploads\/2019\/01\/KM_KoenigMeyer_Logo_1c1-1024x194.jpg 1024w, https:\/\/www.k-m.de\/brand\/wp-content\/uploads\/2019\/01\/KM_KoenigMeyer_Logo_1c1-300x57.jpg 300w\" sizes=\"auto, (max-width: 1181px) 100vw, 1181px\" \/>\t\t\t\t\t<\/span>\n\t\t<span class=\"download_title\">K&M Logo (1c)<\/span>\n\t\t<ins>(JPG, 52.10 KB)<\/ins>\n\t<\/a>[\/vc_column_inner][\/vc_row_inner][\/vc_column][\/vc_row][vc_row][vc_column][vc_separator][\/vc_column][\/vc_row][vc_row][vc_column]<section>\t<div class=\"container\">\n\t\t\t\t<h2>Pressemitteilungen<\/h2>\n\t\t\t\t\n\t\t<div class=\"lined_head_neighbor\">\n\t\t\t\t\t\t\t\t\t\t\t\t<article class=\"alterning\">\n\t\t\t\t\t\t<a class=\"news_img\" href=\"https:\/\/www.k-m.de\/brand\/de\/gabriela-koenig-mit-der-wirtschaftsmedaille-des-landes-baden-wuerttemberg-ausgezeichnet\/\">\n\t\t\t\t\t\t\t<img loading=\"lazy\" decoding=\"async\" width=\"1024\" height=\"512\" src=\"https:\/\/www.k-m.de\/brand\/wp-content\/uploads\/2025\/11\/Wirtschaftsmedaille_Blog-1024x512.jpg\" class=\"attachment-large size-large wp-post-image\" alt=\"\" srcset=\"https:\/\/www.k-m.de\/brand\/wp-content\/uploads\/2025\/11\/Wirtschaftsmedaille_Blog-1024x512.jpg 1024w, https:\/\/www.k-m.de\/brand\/wp-content\/uploads\/2025\/11\/Wirtschaftsmedaille_Blog-600x300.jpg 600w, https:\/\/www.k-m.de\/brand\/wp-content\/uploads\/2025\/11\/Wirtschaftsmedaille_Blog-768x384.jpg 768w, https:\/\/www.k-m.de\/brand\/wp-content\/uploads\/2025\/11\/Wirtschaftsmedaille_Blog-1536x768.jpg 1536w, https:\/\/www.k-m.de\/brand\/wp-content\/uploads\/2025\/11\/Wirtschaftsmedaille_Blog.jpg 1800w\" sizes=\"auto, (max-width: 1024px) 100vw, 1024px\" \/>\t\t\t\t\t\t<\/a>\n\t\t\t\t\t\t<span class=\"news_text\">\n\t\t\t\t\t\t\t<span class=\"news_text_inner\">\n\t\t\t\t\t\t\t\t<h5><a href=\"https:\/\/www.k-m.de\/brand\/de\/category\/pressemitteilung\/\">Pressemitteilung<\/a> 14.11.2025<\/h5>\n\t\t\t\t\t\t\t\t<a href=\"https:\/\/www.k-m.de\/brand\/de\/gabriela-koenig-mit-der-wirtschaftsmedaille-des-landes-baden-wuerttemberg-ausgezeichnet\/\"><h3>Gabriela K\u00f6nig mit der Wirtschaftsmedaille des Landes Baden-W\u00fcrttemberg ausgezeichnet<\/h3><\/a>\n\t\t\t\t\t\t\t<\/span>\n\t\t\t\t\t\t<\/span>\n\t\t\t\t\t<\/article>\n\t\t\t\t\t\t\t\t\t<article class=\"alterning\">\n\t\t\t\t\t\t<a class=\"news_img\" href=\"https:\/\/www.k-m.de\/brand\/de\/vom-werkzeugmacher-lehrling-zum-ceo_heiko_wolz\/\">\n\t\t\t\t\t\t\t<img loading=\"lazy\" decoding=\"async\" width=\"1024\" height=\"512\" src=\"https:\/\/www.k-m.de\/brand\/wp-content\/uploads\/2024\/08\/MicrosoftTeams-image-10-1024x512.jpg\" class=\"attachment-large size-large wp-post-image\" alt=\"Heiko Wolz vor der Laser Maschine im K&amp;M Werk Wertheim\" srcset=\"https:\/\/www.k-m.de\/brand\/wp-content\/uploads\/2024\/08\/MicrosoftTeams-image-10-1024x512.jpg 1024w, https:\/\/www.k-m.de\/brand\/wp-content\/uploads\/2024\/08\/MicrosoftTeams-image-10-600x300.jpg 600w, https:\/\/www.k-m.de\/brand\/wp-content\/uploads\/2024\/08\/MicrosoftTeams-image-10-768x384.jpg 768w, https:\/\/www.k-m.de\/brand\/wp-content\/uploads\/2024\/08\/MicrosoftTeams-image-10-1536x768.jpg 1536w, https:\/\/www.k-m.de\/brand\/wp-content\/uploads\/2024\/08\/MicrosoftTeams-image-10-2048x1024.jpg 2048w, https:\/\/www.k-m.de\/brand\/wp-content\/uploads\/2024\/08\/MicrosoftTeams-image-10-1800x900.jpg 1800w\" sizes=\"auto, (max-width: 1024px) 100vw, 1024px\" \/>\t\t\t\t\t\t<\/a>\n\t\t\t\t\t\t<span class=\"news_text\">\n\t\t\t\t\t\t\t<span class=\"news_text_inner\">\n\t\t\t\t\t\t\t\t<h5><a href=\"https:\/\/www.k-m.de\/brand\/de\/category\/pressemitteilung\/\">Pressemitteilung<\/a> 27.08.2024<\/h5>\n\t\t\t\t\t\t\t\t<a href=\"https:\/\/www.k-m.de\/brand\/de\/vom-werkzeugmacher-lehrling-zum-ceo_heiko_wolz\/\"><h3>Vom Werkzeugmacher-Lehrling zum Gesch\u00e4ftsf\u00fchrer: Der Karriereweg von Heiko Wolz bei K\u00f6nig &#038; Meyer<\/h3><\/a>\n\t\t\t\t\t\t\t<\/span>\n\t\t\t\t\t\t<\/span>\n\t\t\t\t\t<\/article>\n\t\t\t\t\t\t\t\t\t\t\t\t\t<br \/><br \/>\n\t\t\t<center>\n\t\t\t\t<a class=\"button button_large secondary\" href=\"\/brand\/de\/category\/pressemitteilung\/\">Alle Pressemitteilungen anzeigen<\/a>\n\t\t\t<\/center>\n\t\t\t<br \/><br \/>\n\t\t\t\t\t<\/div>\n\t<\/div>\n<\/section>[\/vc_column][\/vc_row][vc_row][vc_column][vc_separator][\/vc_column][\/vc_row][vc_row][vc_column][vc_custom_heading text=&#8220;Download Unternehmensbilder&#8220; font_container=&#8220;tag:h2|text_align:center&#8220; use_theme_fonts=&#8220;yes&#8220;][\/vc_column][\/vc_row][vc_row][vc_column width=&#8220;1\/5&#8243;]\n<a class=\"download_box  download_img_download\" href=\"https:\/\/www.k-m.de\/brand\/wp-content\/uploads\/2018\/07\/Slice1.jpg\" target=\"_blank\">\n\t\t\t<span class=\"download_image\">\n\t\t\t\t\t\t\t<img loading=\"lazy\" decoding=\"async\" width=\"800\" height=\"480\" src=\"https:\/\/www.k-m.de\/brand\/wp-content\/uploads\/2018\/07\/Slice1-800x480.jpg\" class=\"attachment-thumbnail size-thumbnail wp-post-image\" alt=\"K&amp;M Werk 3 Au\u00dfenansicht\" srcset=\"https:\/\/www.k-m.de\/brand\/wp-content\/uploads\/2018\/07\/Slice1-800x480.jpg 800w, https:\/\/www.k-m.de\/brand\/wp-content\/uploads\/2018\/07\/Slice1-1200x720.jpg 1200w\" sizes=\"auto, (max-width: 800px) 100vw, 800px\" \/>\t\t\t\t\t<\/span>\n\t\t<span class=\"download_title\">Logistikzentrum Werk 3<\/span>\n\t\t<ins>(JPG, 184.35 KB)<\/ins>\n\t<\/a>[\/vc_column][vc_column width=&#8220;1\/5&#8243;]\n<a class=\"download_box  download_img_download\" href=\"https:\/\/www.k-m.de\/brand\/wp-content\/uploads\/2019\/03\/7118_final1_1.jpg\" target=\"_blank\">\n\t\t\t<span class=\"download_image\">\n\t\t\t\t\t\t\t<img loading=\"lazy\" decoding=\"async\" width=\"800\" height=\"480\" src=\"https:\/\/www.k-m.de\/brand\/wp-content\/uploads\/2019\/03\/7118_final1_1-800x480.jpg\" class=\"attachment-thumbnail size-thumbnail wp-post-image\" alt=\"K&amp;M Zusammenhalt: Kolleg*innen vor dem neuen K&amp;M Werk\" srcset=\"https:\/\/www.k-m.de\/brand\/wp-content\/uploads\/2019\/03\/7118_final1_1-800x480.jpg 800w, https:\/\/www.k-m.de\/brand\/wp-content\/uploads\/2019\/03\/7118_final1_1-1200x720.jpg 1200w\" sizes=\"auto, (max-width: 800px) 100vw, 800px\" \/>\t\t\t\t\t<\/span>\n\t\t<span class=\"download_title\">Unternehmen<\/span>\n\t\t<ins>(JPG, 3.60 MB)<\/ins>\n\t<\/a>[\/vc_column][vc_column width=&#8220;1\/5&#8243;]\n<a class=\"download_box  download_img_download\" href=\"https:\/\/www.k-m.de\/brand\/wp-content\/uploads\/2019\/03\/Qualitaet_01.jpg\" target=\"_blank\">\n\t\t\t<span class=\"download_image\">\n\t\t\t\t\t\t\t<img loading=\"lazy\" decoding=\"async\" width=\"800\" height=\"480\" src=\"https:\/\/www.k-m.de\/brand\/wp-content\/uploads\/2019\/03\/Qualitaet_01-800x480.jpg\" class=\"attachment-thumbnail size-thumbnail wp-post-image\" alt=\"Qualit\u00e4tssicherung, kurz QS, wird bei K&amp;M gro\u00df geschrieben\" srcset=\"https:\/\/www.k-m.de\/brand\/wp-content\/uploads\/2019\/03\/Qualitaet_01-800x480.jpg 800w, https:\/\/www.k-m.de\/brand\/wp-content\/uploads\/2019\/03\/Qualitaet_01-1200x720.jpg 1200w\" sizes=\"auto, (max-width: 800px) 100vw, 800px\" \/>\t\t\t\t\t<\/span>\n\t\t<span class=\"download_title\">Qualit\u00e4t<\/span>\n\t\t<ins>(JPG, 764.03 KB)<\/ins>\n\t<\/a>[\/vc_column][vc_column width=&#8220;1\/5&#8243;]\n<a class=\"download_box  download_img_download\" href=\"https:\/\/www.k-m.de\/brand\/wp-content\/uploads\/2019\/03\/6192_final1.jpg\" target=\"_blank\">\n\t\t\t<span class=\"download_image\">\n\t\t\t\t\t\t\t<img loading=\"lazy\" decoding=\"async\" width=\"800\" height=\"480\" src=\"https:\/\/www.k-m.de\/brand\/wp-content\/uploads\/2019\/03\/6192_final1-e1565540964438-800x480.jpg\" class=\"attachment-thumbnail size-thumbnail wp-post-image\" alt=\"K&amp;M Werke werden mit Solar ausgestattet\" srcset=\"https:\/\/www.k-m.de\/brand\/wp-content\/uploads\/2019\/03\/6192_final1-e1565540964438-800x480.jpg 800w, https:\/\/www.k-m.de\/brand\/wp-content\/uploads\/2019\/03\/6192_final1-e1565540964438-1200x720.jpg 1200w\" sizes=\"auto, (max-width: 800px) 100vw, 800px\" \/>\t\t\t\t\t<\/span>\n\t\t<span class=\"download_title\">Umwelt<\/span>\n\t\t<ins>(JPG, 1.14 MB)<\/ins>\n\t<\/a>[\/vc_column][vc_column width=&#8220;1\/5&#8243;]\n<a class=\"download_box  download_img_download\" href=\"https:\/\/www.k-m.de\/brand\/wp-content\/uploads\/2019\/03\/6304_final1.jpg\" target=\"_blank\">\n\t\t\t<span class=\"download_image\">\n\t\t\t\t\t\t\t<img loading=\"lazy\" decoding=\"async\" width=\"800\" height=\"480\" src=\"https:\/\/www.k-m.de\/brand\/wp-content\/uploads\/2019\/03\/6304_final1-800x480.jpg\" class=\"attachment-thumbnail size-thumbnail wp-post-image\" alt=\"K&amp;M Imagebild I 5 Jahre Garantie I Labeln von Stativen\" srcset=\"https:\/\/www.k-m.de\/brand\/wp-content\/uploads\/2019\/03\/6304_final1-800x480.jpg 800w, https:\/\/www.k-m.de\/brand\/wp-content\/uploads\/2019\/03\/6304_final1-1200x720.jpg 1200w\" sizes=\"auto, (max-width: 800px) 100vw, 800px\" \/>\t\t\t\t\t<\/span>\n\t\t<span class=\"download_title\">Service<\/span>\n\t\t<ins>(JPG, 2.86 MB)<\/ins>\n\t<\/a>[\/vc_column][\/vc_row][vc_row][vc_column][vc_separator][\/vc_column][\/vc_row][vc_row][vc_column][vc_custom_heading text=&#8220;Kataloge&#8220; font_container=&#8220;tag:h2|text_align:center&#8220; use_theme_fonts=&#8220;yes&#8220;][\/vc_column][\/vc_row][vc_row el_class=&#8220;content_l&#8220;][vc_column][vc_row_inner][vc_column_inner width=&#8220;1\/2&#8243;]\n<a class=\"download_box  download_box_large\" href=\"\" target=\"_blank\">\n\t\t\t<span class=\"download_image\">\n\t\t\t\t\t<\/span>\n\t\t<span class=\"download_title\"><\/span>\n\t\t<ins>(, )<\/ins>\n\t<\/a>[\/vc_column_inner][vc_column_inner width=&#8220;1\/2&#8243;]\n<a class=\"download_box  download_box_large\" href=\"\" target=\"_blank\">\n\t\t\t<span class=\"download_image\">\n\t\t\t\t\t<\/span>\n\t\t<span class=\"download_title\"><\/span>\n\t\t<ins>(, )<\/ins>\n\t<\/a>[\/vc_column_inner][\/vc_row_inner][\/vc_column][\/vc_row][vc_row][vc_column][vc_separator][\/vc_column][\/vc_row][vc_row el_class=&#8220;content_l&#8220;][vc_column][vc_row_inner][vc_column_inner width=&#8220;1\/2&#8243; css=&#8220;.vc_custom_1549986994220{border-right-width: 1px !important;border-right-color: #ededed !important;border-right-style: solid !important;}&#8220;]\n<div class=\"contact\">\n\t<h4 class=\"h2\">Ansprechpartner Online Marketing<\/h4>\n\t\t\t<span class=\"image_wrapper_centered image_wrapper_circle\">\n\t\t\t<img loading=\"lazy\" decoding=\"async\" width=\"600\" height=\"600\" src=\"https:\/\/www.k-m.de\/brand\/wp-content\/uploads\/2019\/03\/Jochen-600x600.jpg\" class=\"attachment-medium_cropped size-medium_cropped wp-post-image\" alt=\"Jochen I Portraitbild\" srcset=\"https:\/\/www.k-m.de\/brand\/wp-content\/uploads\/2019\/03\/Jochen-600x600.jpg 600w, https:\/\/www.k-m.de\/brand\/wp-content\/uploads\/2019\/03\/Jochen-24x24.jpg 24w, https:\/\/www.k-m.de\/brand\/wp-content\/uploads\/2019\/03\/Jochen-48x48.jpg 48w, https:\/\/www.k-m.de\/brand\/wp-content\/uploads\/2019\/03\/Jochen-96x96.jpg 96w\" sizes=\"auto, (max-width: 600px) 100vw, 600px\" \/>\t\t<\/span>\n\t\t<strong>Jochen Erbacher<\/strong><br \/>\n\t\t<div class=\"contact_content\">\n\t\t<p><strong>Online Marketing Manager<\/strong><\/p>\n<p>Telefon: +49 (0) 9342 806120<br \/>\nFax: +49 (0) 9342 806150<\/p>\n<p>Social Media: <a href=\"http:\/\/xing.com\/profile\/Jochen_Erbacher2\">Xing<\/a> | <a href=\"http:\/\/facebook.com\/jochen.erbacher\">Facebook<\/a> | <a href=\"http:\/\/twitter.com\/JochenErbacher\">Twitter<\/a><\/p>\n\t\t\t\tE-Mail: <a href=\"mailto:ej@k-m.de\">ej@k-m.de<\/a>\n\t\t\t<\/div>\n\t\t<a class=\"button button_large\" href=\"mailto:ej@k-m.de\">kontaktieren<\/a>\n\t\t\t<\/div>\n[\/vc_column_inner][vc_column_inner width=&#8220;1\/2&#8243;]\n<div class=\"contact\">\n\t<h4 class=\"h2\">Ansprechpartner Print<\/h4>\n\t\t\t<span class=\"image_wrapper_centered image_wrapper_circle\">\n\t\t\t<img loading=\"lazy\" decoding=\"async\" width=\"600\" height=\"600\" src=\"https:\/\/www.k-m.de\/brand\/wp-content\/uploads\/2019\/03\/Andre-600x600.jpg\" class=\"attachment-medium_cropped size-medium_cropped wp-post-image\" alt=\"\" srcset=\"https:\/\/www.k-m.de\/brand\/wp-content\/uploads\/2019\/03\/Andre-600x600.jpg 600w, https:\/\/www.k-m.de\/brand\/wp-content\/uploads\/2019\/03\/Andre-24x24.jpg 24w, https:\/\/www.k-m.de\/brand\/wp-content\/uploads\/2019\/03\/Andre-48x48.jpg 48w, https:\/\/www.k-m.de\/brand\/wp-content\/uploads\/2019\/03\/Andre-96x96.jpg 96w\" sizes=\"auto, (max-width: 600px) 100vw, 600px\" \/>\t\t<\/span>\n\t\t<strong>Andr\u00e9 Scherzer<\/strong><br \/>\n\t\t<div class=\"contact_content\">\n\t\t<p><strong>Print Marketing<\/strong><\/p>\n<p>Phone: +49 (0) 9342 806148<br \/>\nFax: +49 (0) 9342 806150<\/p>\n\t\t\t\tE-Mail: <a href=\"mailto:as@k-m.de\">as@k-m.de<\/a>\n\t\t\t<\/div>\n\t\t<a class=\"button button_large\" href=\"mailto:as@k-m.de\">kontaktieren<\/a>\n\t\t\t<\/div>\n[\/vc_column_inner][\/vc_row_inner][\/vc_column][\/vc_row][vc_row][vc_column][vc_empty_space height=&#8220;120px&#8220;][vc_separator][\/vc_column][\/vc_row]<\/p>\n<\/div>","protected":false},"excerpt":{"rendered":"<p>[vc_row][vc_column][vc_custom_heading text=&#8220;K\u00f6nig &amp; Meyer Logo&#8220; font_container=&#8220;tag:h2|text_align:center&#8220; use_theme_fonts=&#8220;yes&#8220;][\/vc_column][\/vc_row][vc_row el_class=&#8220;content_l&#8220;][vc_column][vc_row_inner][vc_column_inner width=&#8220;1\/2&#8243;][\/vc_column_inner][vc_column_inner width=&#8220;1\/2&#8243;][\/vc_column_inner][\/vc_row_inner][\/vc_column][\/vc_row][vc_row][vc_column][vc_separator][\/vc_column][\/vc_row][vc_row][vc_column][\/vc_column][\/vc_row][vc_row][vc_column][vc_separator][\/vc_column][\/vc_row][vc_row][vc_column][vc_custom_heading text=&#8220;Download Unternehmensbilder&#8220; font_container=&#8220;tag:h2|text_align:center&#8220; use_theme_fonts=&#8220;yes&#8220;][\/vc_column][\/vc_row][vc_row][vc_column width=&#8220;1\/5&#8243;][\/vc_column][vc_column width=&#8220;1\/5&#8243;][\/vc_column][vc_column width=&#8220;1\/5&#8243;][\/vc_column][vc_column width=&#8220;1\/5&#8243;][\/vc_column][vc_column width=&#8220;1\/5&#8243;][\/vc_column][\/vc_row][vc_row][vc_column][vc_separator][\/vc_column][\/vc_row][vc_row][vc_column][vc_custom_heading text=&#8220;Kataloge&#8220;<span class=\"read_more\">Mehr erfahren<\/span><\/p>\n","protected":false},"author":16,"featured_media":0,"parent":9250,"menu_order":30,"comment_status":"closed","ping_status":"closed","template":"page_templates\/page_support.php","meta":{"footnotes":""},"class_list":["post-9314","page","type-page","status-publish","format-standard","hentry"],"better_featured_image":null,"yoast_head":"<!-- This site is optimized with the Yoast SEO Premium plugin v26.8 (Yoast SEO v26.9) - https:\/\/yoast.com\/product\/yoast-seo-premium-wordpress\/ -->\n<title>Presse - K\u00f6nig &amp; Meyer<\/title>\n<meta name=\"description\" content=\"Hier erhalten Sie alle Pressemitteilungen der K\u00f6nig &amp; Meyer GmbH &amp; Co. KG. Wir freuen uns auf Ihre Ver\u00f6ffentlichung.\" \/>\n<meta name=\"robots\" content=\"index, follow, max-snippet:-1, max-image-preview:large, max-video-preview:-1\" \/>\n<link rel=\"canonical\" href=\"https:\/\/www.k-m.de\/brand\/de\/support\/presse\/\" \/>\n<meta property=\"og:locale\" content=\"de_DE\" \/>\n<meta property=\"og:type\" content=\"article\" \/>\n<meta property=\"og:title\" content=\"Presse\" \/>\n<meta property=\"og:description\" content=\"Hier erhalten Sie alle Pressemitteilungen der K\u00f6nig &amp; Meyer GmbH &amp; Co. KG. Wir freuen uns auf Ihre Ver\u00f6ffentlichung.\" \/>\n<meta property=\"og:url\" content=\"https:\/\/www.k-m.de\/brand\/de\/support\/presse\/\" \/>\n<meta property=\"og:site_name\" content=\"K\u00f6nig &amp; Meyer\" \/>\n<meta property=\"article:modified_time\" content=\"2022-02-13T13:17:36+00:00\" \/>\n<meta name=\"twitter:card\" content=\"summary_large_image\" \/>\n<meta name=\"twitter:label1\" content=\"Gesch\u00e4tzte Lesezeit\" \/>\n\t<meta name=\"twitter:data1\" content=\"2\u00a0Minuten\" \/>\n<script type=\"application\/ld+json\" class=\"yoast-schema-graph\">{\"@context\":\"https:\/\/schema.org\",\"@graph\":[{\"@type\":\"WebPage\",\"@id\":\"https:\/\/www.k-m.de\/brand\/de\/support\/presse\/\",\"url\":\"https:\/\/www.k-m.de\/brand\/de\/support\/presse\/\",\"name\":\"Presse - K\u00f6nig &amp; Meyer\",\"isPartOf\":{\"@id\":\"https:\/\/www.k-m.de\/brand\/de\/#website\"},\"datePublished\":\"2019-02-14T11:04:00+00:00\",\"dateModified\":\"2022-02-13T13:17:36+00:00\",\"description\":\"Hier erhalten Sie alle Pressemitteilungen der K\u00f6nig & Meyer GmbH & Co. KG. Wir freuen uns auf Ihre Ver\u00f6ffentlichung.\",\"breadcrumb\":{\"@id\":\"https:\/\/www.k-m.de\/brand\/de\/support\/presse\/#breadcrumb\"},\"inLanguage\":\"de\",\"potentialAction\":[{\"@type\":\"ReadAction\",\"target\":[\"https:\/\/www.k-m.de\/brand\/de\/support\/presse\/\"]}]},{\"@type\":\"BreadcrumbList\",\"@id\":\"https:\/\/www.k-m.de\/brand\/de\/support\/presse\/#breadcrumb\",\"itemListElement\":[{\"@type\":\"ListItem\",\"position\":1,\"name\":\"Startseite\",\"item\":\"https:\/\/www.k-m.de\/brand\/de\/\"},{\"@type\":\"ListItem\",\"position\":2,\"name\":\"Support\",\"item\":\"https:\/\/www.k-m.de\/brand\/de\/support\/\"},{\"@type\":\"ListItem\",\"position\":3,\"name\":\"Presse\"}]},{\"@type\":\"WebSite\",\"@id\":\"https:\/\/www.k-m.de\/brand\/de\/#website\",\"url\":\"https:\/\/www.k-m.de\/brand\/de\/\",\"name\":\"K\u00f6nig & Meyer\",\"description\":\"K\u00f6nig &amp; Meyer ist ein weltweit f\u00fchrender Hersteller f\u00fcr Musikzubeh\u00f6r. Seit \u00fcber 65 Jahren steht K&amp;M f\u00fcr qualitativ hochwertige Produkte.\",\"publisher\":{\"@id\":\"https:\/\/www.k-m.de\/brand\/de\/#organization\"},\"potentialAction\":[{\"@type\":\"SearchAction\",\"target\":{\"@type\":\"EntryPoint\",\"urlTemplate\":\"https:\/\/www.k-m.de\/brand\/de\/?s={search_term_string}\"},\"query-input\":{\"@type\":\"PropertyValueSpecification\",\"valueRequired\":true,\"valueName\":\"search_term_string\"}}],\"inLanguage\":\"de\"},{\"@type\":\"Organization\",\"@id\":\"https:\/\/www.k-m.de\/brand\/de\/#organization\",\"name\":\"K\u00f6nig & Meyer\",\"url\":\"https:\/\/www.k-m.de\/brand\/de\/\",\"logo\":{\"@type\":\"ImageObject\",\"inLanguage\":\"de\",\"@id\":\"https:\/\/www.k-m.de\/brand\/de\/#\/schema\/logo\/image\/\",\"url\":\"https:\/\/www.k-m.de\/brand\/wp-content\/uploads\/2023\/01\/KM_1c.tif\",\"contentUrl\":\"https:\/\/www.k-m.de\/brand\/wp-content\/uploads\/2023\/01\/KM_1c.tif\",\"width\":1,\"height\":1,\"caption\":\"K\u00f6nig & Meyer\"},\"image\":{\"@id\":\"https:\/\/www.k-m.de\/brand\/de\/#\/schema\/logo\/image\/\"}}]}<\/script>\n<!-- \/ Yoast SEO Premium plugin. -->","yoast_head_json":{"title":"Presse - K\u00f6nig &amp; Meyer","description":"Hier erhalten Sie alle Pressemitteilungen der K\u00f6nig & Meyer GmbH & Co. KG. Wir freuen uns auf Ihre Ver\u00f6ffentlichung.","robots":{"index":"index","follow":"follow","max-snippet":"max-snippet:-1","max-image-preview":"max-image-preview:large","max-video-preview":"max-video-preview:-1"},"canonical":"https:\/\/www.k-m.de\/brand\/de\/support\/presse\/","og_locale":"de_DE","og_type":"article","og_title":"Presse","og_description":"Hier erhalten Sie alle Pressemitteilungen der K\u00f6nig & Meyer GmbH & Co. KG. Wir freuen uns auf Ihre Ver\u00f6ffentlichung.","og_url":"https:\/\/www.k-m.de\/brand\/de\/support\/presse\/","og_site_name":"K\u00f6nig &amp; Meyer","article_modified_time":"2022-02-13T13:17:36+00:00","twitter_card":"summary_large_image","twitter_misc":{"Gesch\u00e4tzte Lesezeit":"2\u00a0Minuten"},"schema":{"@context":"https:\/\/schema.org","@graph":[{"@type":"WebPage","@id":"https:\/\/www.k-m.de\/brand\/de\/support\/presse\/","url":"https:\/\/www.k-m.de\/brand\/de\/support\/presse\/","name":"Presse - K\u00f6nig &amp; Meyer","isPartOf":{"@id":"https:\/\/www.k-m.de\/brand\/de\/#website"},"datePublished":"2019-02-14T11:04:00+00:00","dateModified":"2022-02-13T13:17:36+00:00","description":"Hier erhalten Sie alle Pressemitteilungen der K\u00f6nig & Meyer GmbH & Co. KG. Wir freuen uns auf Ihre Ver\u00f6ffentlichung.","breadcrumb":{"@id":"https:\/\/www.k-m.de\/brand\/de\/support\/presse\/#breadcrumb"},"inLanguage":"de","potentialAction":[{"@type":"ReadAction","target":["https:\/\/www.k-m.de\/brand\/de\/support\/presse\/"]}]},{"@type":"BreadcrumbList","@id":"https:\/\/www.k-m.de\/brand\/de\/support\/presse\/#breadcrumb","itemListElement":[{"@type":"ListItem","position":1,"name":"Startseite","item":"https:\/\/www.k-m.de\/brand\/de\/"},{"@type":"ListItem","position":2,"name":"Support","item":"https:\/\/www.k-m.de\/brand\/de\/support\/"},{"@type":"ListItem","position":3,"name":"Presse"}]},{"@type":"WebSite","@id":"https:\/\/www.k-m.de\/brand\/de\/#website","url":"https:\/\/www.k-m.de\/brand\/de\/","name":"K\u00f6nig & Meyer","description":"K\u00f6nig &amp; Meyer ist ein weltweit f\u00fchrender Hersteller f\u00fcr Musikzubeh\u00f6r. Seit \u00fcber 65 Jahren steht K&amp;M f\u00fcr qualitativ hochwertige Produkte.","publisher":{"@id":"https:\/\/www.k-m.de\/brand\/de\/#organization"},"potentialAction":[{"@type":"SearchAction","target":{"@type":"EntryPoint","urlTemplate":"https:\/\/www.k-m.de\/brand\/de\/?s={search_term_string}"},"query-input":{"@type":"PropertyValueSpecification","valueRequired":true,"valueName":"search_term_string"}}],"inLanguage":"de"},{"@type":"Organization","@id":"https:\/\/www.k-m.de\/brand\/de\/#organization","name":"K\u00f6nig & Meyer","url":"https:\/\/www.k-m.de\/brand\/de\/","logo":{"@type":"ImageObject","inLanguage":"de","@id":"https:\/\/www.k-m.de\/brand\/de\/#\/schema\/logo\/image\/","url":"https:\/\/www.k-m.de\/brand\/wp-content\/uploads\/2023\/01\/KM_1c.tif","contentUrl":"https:\/\/www.k-m.de\/brand\/wp-content\/uploads\/2023\/01\/KM_1c.tif","width":1,"height":1,"caption":"K\u00f6nig & Meyer"},"image":{"@id":"https:\/\/www.k-m.de\/brand\/de\/#\/schema\/logo\/image\/"}}]}},"_links":{"self":[{"href":"https:\/\/www.k-m.de\/brand\/de\/wp-json\/wp\/v2\/pages\/9314","targetHints":{"allow":["GET"]}}],"collection":[{"href":"https:\/\/www.k-m.de\/brand\/de\/wp-json\/wp\/v2\/pages"}],"about":[{"href":"https:\/\/www.k-m.de\/brand\/de\/wp-json\/wp\/v2\/types\/page"}],"author":[{"embeddable":true,"href":"https:\/\/www.k-m.de\/brand\/de\/wp-json\/wp\/v2\/users\/16"}],"replies":[{"embeddable":true,"href":"https:\/\/www.k-m.de\/brand\/de\/wp-json\/wp\/v2\/comments?post=9314"}],"version-history":[{"count":15,"href":"https:\/\/www.k-m.de\/brand\/de\/wp-json\/wp\/v2\/pages\/9314\/revisions"}],"predecessor-version":[{"id":10838,"href":"https:\/\/www.k-m.de\/brand\/de\/wp-json\/wp\/v2\/pages\/9314\/revisions\/10838"}],"up":[{"embeddable":true,"href":"https:\/\/www.k-m.de\/brand\/de\/wp-json\/wp\/v2\/pages\/9250"}],"wp:attachment":[{"href":"https:\/\/www.k-m.de\/brand\/de\/wp-json\/wp\/v2\/media?parent=9314"}],"curies":[{"name":"wp","href":"https:\/\/api.w.org\/{rel}","templated":true}]}}