{"id":10421,"date":"2019-01-19T12:19:29","date_gmt":"2019-01-19T11:19:29","guid":{"rendered":"https:\/\/www.k-m.de\/brand\/koenig-meyer\/"},"modified":"2022-04-18T19:06:18","modified_gmt":"2022-04-18T17:06:18","slug":"koenig-meyer","status":"publish","type":"page","link":"https:\/\/www.k-m.de\/brand\/en\/koenig-meyer\/","title":{"rendered":"K\u00f6nig &#038; Meyer"},"content":{"rendered":"<div class=\"wpb-content-wrapper\"><p>[vc_row full_width=&#8221;stretch_row_content_no_spaces&#8221;][vc_column]\n<div class=\"main_teasers owl-carousel owl-theme\">\n\t\t\t\t\t<div class=\"main_teaser main_teaser_light\">\n\t\t\t<div class=\"main_teaser_text\">\n\t\t\t\t\t\t\t\t\t\t\t\t\t\t\t\t\t<a class=\"main_teaser_prev\"><\/a>\n\t\t\t\t\t<a class=\"main_teaser_next\"><\/a>\n\t\t\t\t\t\t\t\t\t\t\t<\/div>\n\t\t\t<img decoding=\"async\" src=\"https:\/\/www.k-m.de\/brand\/wp-content\/uploads\/2019\/03\/Unternehmen_02-1.jpg\" \/>\n\t\t<\/div>\n\t\t\t\t\t<div class=\"main_teaser main_teaser_light\">\n\t\t\t<div class=\"main_teaser_text\">\n\t\t\t\t\t\t\t\t\t\t\t\t\t\t\t\t\t<a class=\"main_teaser_prev\"><\/a>\n\t\t\t\t\t<a class=\"main_teaser_next\"><\/a>\n\t\t\t\t\t\t\t\t\t\t\t<\/div>\n\t\t\t<img decoding=\"async\" src=\"https:\/\/www.k-m.de\/brand\/wp-content\/uploads\/2019\/03\/Unternehmen_01-1.jpg\" \/>\n\t\t<\/div>\n\t\t\t\t\t<div class=\"main_teaser main_teaser_light\">\n\t\t\t<div class=\"main_teaser_text\">\n\t\t\t\t\t\t\t\t\t\t\t\t\t\t\t\t\t<a class=\"main_teaser_prev\"><\/a>\n\t\t\t\t\t<a class=\"main_teaser_next\"><\/a>\n\t\t\t\t\t\t\t\t\t\t\t<\/div>\n\t\t\t<img decoding=\"async\" src=\"https:\/\/www.k-m.de\/brand\/wp-content\/uploads\/2019\/03\/Umwelt_01.jpg\" \/>\n\t\t<\/div>\n\t\t\t\t\t<div class=\"main_teaser main_teaser_light\">\n\t\t\t<div class=\"main_teaser_text\">\n\t\t\t\t\t\t\t\t\t\t\t\t\t\t\t\t\t<a class=\"main_teaser_prev\"><\/a>\n\t\t\t\t\t<a class=\"main_teaser_next\"><\/a>\n\t\t\t\t\t\t\t\t\t\t\t<\/div>\n\t\t\t<img decoding=\"async\" src=\"https:\/\/www.k-m.de\/brand\/wp-content\/uploads\/2019\/03\/Service_02.jpg\" \/>\n\t\t<\/div>\n\t\t\t\t\t<div class=\"main_teaser main_teaser_light\">\n\t\t\t<div class=\"main_teaser_text\">\n\t\t\t\t\t\t\t\t\t\t\t\t\t\t\t\t\t<a class=\"main_teaser_prev\"><\/a>\n\t\t\t\t\t<a class=\"main_teaser_next\"><\/a>\n\t\t\t\t\t\t\t\t\t\t\t<\/div>\n\t\t\t<img decoding=\"async\" src=\"https:\/\/www.k-m.de\/brand\/wp-content\/uploads\/2019\/03\/Qualitaet_01-1.jpg\" \/>\n\t\t<\/div>\n\t\t\t\t\t<div class=\"main_teaser main_teaser_light\">\n\t\t\t<div class=\"main_teaser_text\">\n\t\t\t\t\t\t\t\t\t\t\t\t\t\t\t\t\t<a class=\"main_teaser_prev\"><\/a>\n\t\t\t\t\t<a class=\"main_teaser_next\"><\/a>\n\t\t\t\t\t\t\t\t\t\t\t<\/div>\n\t\t\t<img decoding=\"async\" src=\"https:\/\/www.k-m.de\/brand\/wp-content\/uploads\/2019\/03\/Karriere_01.jpg\" \/>\n\t\t<\/div>\n\t<\/div>[\/vc_column][\/vc_row][vc_row el_class=&#8221;content_s&#8221;][vc_column][vc_column_text]<\/p>\n<h1>K\u00f6nig &amp; Meyer<\/h1>\n<p style=\"text-align: center;\">&#8220;K\u00f6nig &amp; Meyer is a family-operated company that is socially and environmentally responsible, generates creative ideas, and deals fairly with its employees, customers and suppliers.&#8221;<\/p>\n<p>&nbsp;<\/p>\n<h4 style=\"text-align: center;\">Gabriela K\u00f6nig<\/h4>\n<p style=\"text-align: center;\"><small>CEO<\/small><\/p>\n<p>[\/vc_column_text][vc_empty_space][\/vc_column][\/vc_row][vc_row full_width=&#8221;stretch_row&#8221; css=&#8221;.vc_custom_1532610138909{background-color: #f5f5f5 !important;}&#8221; el_class=&#8221;text_img_boxes&#8221;][vc_column][vc_single_image image=&#8221;11315&#8243; img_size=&#8221;large&#8221; onclick=&#8221;custom_link&#8221; link=&#8221;\/brand\/en\/koenig-meyer\/unternehmen\/&#8221;][vc_column_text]<\/p>\n<h2>Company<\/h2>\n<p>Established 70 years ago in the music branch, our company stands for sophisticated equipment with excellent Quality.[\/vc_column_text][vc_single_image image=&#8221;11318&#8243; img_size=&#8221;large&#8221; alignment=&#8221;right&#8221; onclick=&#8221;custom_link&#8221; link=&#8221;\/brand\/en\/koenig-meyer\/qualitaet\/&#8221;][vc_column_text]<\/p>\n<h2>Quality<\/h2>\n<p>Our total commitment to quality is reflected in our activities at all company levels![\/vc_column_text][\/vc_column][\/vc_row][vc_row full_width=&#8221;stretch_row_content_no_spaces&#8221;][vc_column]\n<div class=\"history history_module\">\n\t<h2>History of K\u00f6nig &amp; Meyer<\/h2>\t\n\t\t\n\t\t\t<div class=\"history_years\">\n\t\t\t<a><\/a>\n\t\t\t\t\t\t\t\t\t<a id=\"history_year_1949\" href=\"https:\/\/www.k-m.de\/brand\/geschichte\/?y=1949\">\n\t\t\t\t<strong>1949<\/strong>\n\t\t\t\t<span>K&M Foundation<\/span>\n\t\t\t<\/a>\n\t\t\t\t\t\t\t\t\t<a id=\"history_year_1951\" href=\"https:\/\/www.k-m.de\/brand\/geschichte\/?y=1951\">\n\t\t\t\t<strong>1951<\/strong>\n\t\t\t\t<span>The range expands<\/span>\n\t\t\t<\/a>\n\t\t\t\t\t\t\t\t\t<a id=\"history_year_1959\" href=\"https:\/\/www.k-m.de\/brand\/geschichte\/?y=1959\">\n\t\t\t\t<strong>1959<\/strong>\n\t\t\t\t<span>The TV and radio trade show<\/span>\n\t\t\t<\/a>\n\t\t\t\t\t\t\t\t\t<a id=\"history_year_1968\" href=\"https:\/\/www.k-m.de\/brand\/geschichte\/?y=1968\">\n\t\t\t\t<strong>1968<\/strong>\n\t\t\t\t<span>Full speed ahead<\/span>\n\t\t\t<\/a>\n\t\t\t\t\t\t\t\t\t<a id=\"history_year_1969\" href=\"https:\/\/www.k-m.de\/brand\/geschichte\/?y=1969\">\n\t\t\t\t<strong>1969<\/strong>\n\t\t\t\t<span>Second factory<\/span>\n\t\t\t<\/a>\n\t\t\t\t\t\t\t\t\t<a id=\"history_year_1978\" href=\"https:\/\/www.k-m.de\/brand\/geschichte\/?y=1978\">\n\t\t\t\t<strong>1978<\/strong>\n\t\t\t\t<span>Expansion<\/span>\n\t\t\t<\/a>\n\t\t\t\t\t\t\t\t\t<a id=\"history_year_1987\" href=\"https:\/\/www.k-m.de\/brand\/geschichte\/?y=1987\">\n\t\t\t\t<strong>1987<\/strong>\n\t\t\t\t<span>Assortment variety<\/span>\n\t\t\t<\/a>\n\t\t\t\t\t\t\t\t\t<a id=\"history_year_1989\" href=\"https:\/\/www.k-m.de\/brand\/geschichte\/?y=1989\">\n\t\t\t\t<strong>1989<\/strong>\n\t\t\t\t<span>40th anniversary<\/span>\n\t\t\t<\/a>\n\t\t\t\t\t\t\t\t\t<a id=\"history_year_1998\" href=\"https:\/\/www.k-m.de\/brand\/geschichte\/?y=1998\">\n\t\t\t\t<strong>1998<\/strong>\n\t\t\t\t<span>Expansion & environmental certification<\/span>\n\t\t\t<\/a>\n\t\t\t\t\t\t\t\t\t<a id=\"history_year_1999\" href=\"https:\/\/www.k-m.de\/brand\/geschichte\/?y=1999\">\n\t\t\t\t<strong>1999<\/strong>\n\t\t\t\t<span>50th anniversary<\/span>\n\t\t\t<\/a>\n\t\t\t\t\t\t\t\t\t<a id=\"history_year_2001\" href=\"https:\/\/www.k-m.de\/brand\/geschichte\/?y=2001\">\n\t\t\t\t<strong>2001<\/strong>\n\t\t\t\t<span>K&M supports musicians<\/span>\n\t\t\t<\/a>\n\t\t\t\t\t\t\t\t\t<a id=\"history_year_2002\" href=\"https:\/\/www.k-m.de\/brand\/geschichte\/?y=2002\">\n\t\t\t\t<strong>2002<\/strong>\n\t\t\t\t<span>Flexible production<\/span>\n\t\t\t<\/a>\n\t\t\t\t\t\t\t\t\t<a id=\"history_year_2004\" href=\"https:\/\/www.k-m.de\/brand\/geschichte\/?y=2004\">\n\t\t\t\t<strong>2004<\/strong>\n\t\t\t\t<span>Modernization of the production<\/span>\n\t\t\t<\/a>\n\t\t\t\t\t\t\t\t\t<a id=\"history_year_2005\" href=\"https:\/\/www.k-m.de\/brand\/geschichte\/?y=2005\">\n\t\t\t\t<strong>2005<\/strong>\n\t\t\t\t<span>New managing team<\/span>\n\t\t\t<\/a>\n\t\t\t\t\t\t\t\t\t<a id=\"history_year_2006\" href=\"https:\/\/www.k-m.de\/brand\/geschichte\/?y=2006\">\n\t\t\t\t<strong>2006<\/strong>\n\t\t\t\t<span>New laser tube-cutting machine<\/span>\n\t\t\t<\/a>\n\t\t\t\t\t\t\t\t\t<a id=\"history_year_2007\" href=\"https:\/\/www.k-m.de\/brand\/geschichte\/?y=2007\">\n\t\t\t\t<strong>2007<\/strong>\n\t\t\t\t<span>Quality management system<\/span>\n\t\t\t<\/a>\n\t\t\t\t\t\t\t\t\t<a id=\"history_year_2009\" href=\"https:\/\/www.k-m.de\/brand\/geschichte\/?y=2009\">\n\t\t\t\t<strong>2009<\/strong>\n\t\t\t\t<span>60th anniversary<\/span>\n\t\t\t<\/a>\n\t\t\t\t\t\t\t\t\t<a id=\"history_year_2010\" href=\"https:\/\/www.k-m.de\/brand\/geschichte\/?y=2010\">\n\t\t\t\t<strong>2010<\/strong>\n\t\t\t\t<span>Solar panels<\/span>\n\t\t\t<\/a>\n\t\t\t\t\t\t\t\t\t<a id=\"history_year_2011\" href=\"https:\/\/www.k-m.de\/brand\/geschichte\/?y=2011\">\n\t\t\t\t<strong>2011<\/strong>\n\t\t\t\t<span>New Website & Highlight Products<\/span>\n\t\t\t<\/a>\n\t\t\t\t\t\t\t\t\t<a id=\"history_year_2012\" href=\"https:\/\/www.k-m.de\/brand\/geschichte\/?y=2012\">\n\t\t\t\t<strong>2012<\/strong>\n\t\t\t\t<span>A Corporate Blog is launched<\/span>\n\t\t\t<\/a>\n\t\t\t\t\t\t\t\t\t<a id=\"history_year_2013\" href=\"https:\/\/www.k-m.de\/brand\/geschichte\/?y=2013\">\n\t\t\t\t<strong>2013<\/strong>\n\t\t\t\t<span>red dot award: product design 2013<\/span>\n\t\t\t<\/a>\n\t\t\t\t\t\t\t\t\t<a id=\"history_year_2014\" href=\"https:\/\/www.k-m.de\/brand\/geschichte\/?y=2014\">\n\t\t\t\t<strong>2014<\/strong>\n\t\t\t\t<span>65th anniversary<\/span>\n\t\t\t<\/a>\n\t\t\t\t\t\t\t\t\t<a id=\"history_year_2015\" href=\"https:\/\/www.k-m.de\/brand\/geschichte\/?y=2015\">\n\t\t\t\t<strong>2015<\/strong>\n\t\t\t\t<span>Lifetime Achievement Award<\/span>\n\t\t\t<\/a>\n\t\t\t\t\t\t\t\t\t<a id=\"history_year_2016\" href=\"https:\/\/www.k-m.de\/brand\/geschichte\/?y=2016\">\n\t\t\t\t<strong>2016<\/strong>\n\t\t\t\t<span>A classic turns 50<\/span>\n\t\t\t<\/a>\n\t\t\t\t\t\t\t\t\t<a id=\"history_year_2017\" href=\"https:\/\/www.k-m.de\/brand\/geschichte\/?y=2017\">\n\t\t\t\t<strong>2017<\/strong>\n\t\t\t\t<span>Distribution Center & New line of chairs<\/span>\n\t\t\t<\/a>\n\t\t\t\t\t\t\t\t\t<a id=\"history_year_2019\" href=\"https:\/\/www.k-m.de\/brand\/geschichte\/?y=2019\">\n\t\t\t\t<strong>2019<\/strong>\n\t\t\t\t<span>70 years of K\u00f6nig & Meyer<\/span>\n\t\t\t<\/a>\n\t\t\t\t\t\t\t\t\t<a id=\"history_year_2020\" href=\"https:\/\/www.k-m.de\/brand\/geschichte\/?y=2020\">\n\t\t\t\t<strong>2020<\/strong>\n\t\t\t\t<span>2020 \u2013 A new product segment is created\u00a0\u00a0<\/span>\n\t\t\t<\/a>\n\t\t\t\t\t\t\t\t\t<a id=\"history_year_2021\" href=\"https:\/\/www.k-m.de\/brand\/geschichte\/?y=2021\">\n\t\t\t\t<strong>2021<\/strong>\n\t\t\t\t<span>Reduced environmental impact<\/span>\n\t\t\t<\/a>\n\t\t\t\t\t\t\t\t\t<a id=\"history_year_2022\" href=\"https:\/\/www.k-m.de\/brand\/geschichte\/?y=2022\">\n\t\t\t\t<strong>2022<\/strong>\n\t\t\t\t<span>2022\u00a0\u2013 Wind-up a new design<\/span>\n\t\t\t<\/a>\n\t\t\t\t\t\t\t\t\t<a id=\"history_year_2023\" href=\"https:\/\/www.k-m.de\/brand\/geschichte\/?y=2023\">\n\t\t\t\t<strong>2023<\/strong>\n\t\t\t\t<span>2023\u00a0\u2013\u00a0New powder coating plan<\/span>\n\t\t\t<\/a>\n\t\t\t\t\t\t\t\t\t<a id=\"history_year_2024\" href=\"https:\/\/www.k-m.de\/brand\/geschichte\/?y=2024\">\n\t\t\t\t<strong>2024<\/strong>\n\t\t\t\t<span>75th anniversary<\/span>\n\t\t\t<\/a>\n\t\t\t\t\t<\/div>\n\t<\/div>[\/vc_column][\/vc_row][vc_row full_width=&#8221;stretch_row&#8221; css=&#8221;.vc_custom_1532610138909{background-color: #f5f5f5 !important;}&#8221; el_class=&#8221;text_img_boxes&#8221;][vc_column][vc_single_image image=&#8221;11321&#8243; img_size=&#8221;large&#8221; alignment=&#8221;right&#8221; onclick=&#8221;custom_link&#8221; link=&#8221;\/brand\/en\/koenig-meyer\/umwelt\/&#8221;][vc_column_text]<\/p>\n<h2>Environment<\/h2>\n<p>Resources are too valuable to waste![\/vc_column_text][vc_single_image image=&#8221;11324&#8243; img_size=&#8221;large&#8221; onclick=&#8221;custom_link&#8221; link=&#8221;\/brand\/en\/koenig-meyer\/service\/&#8221;][vc_column_text]<\/p>\n<h2>Service<\/h2>\n<p>We know that content customers determine our success! Please contact us here for any support you might need.[\/vc_column_text][vc_single_image image=&#8221;11327&#8243; img_size=&#8221;large&#8221; alignment=&#8221;right&#8221; onclick=&#8221;custom_link&#8221; link=&#8221;\/brand\/en\/lohnfertigung\/&#8221;][vc_column_text]<\/p>\n<h2>Contract Manufacture<\/h2>\n<p>K\u00f6nig &amp; Meyer also stands for superior quality as a supplier of finished and semi finished products for other industries.[\/vc_column_text][\/vc_column][\/vc_row]<\/p>\n<\/div>","protected":false},"excerpt":{"rendered":"<p>[vc_row full_width=&#8221;stretch_row_content_no_spaces&#8221;][vc_column][\/vc_column][\/vc_row][vc_row el_class=&#8221;content_s&#8221;][vc_column][vc_column_text] K\u00f6nig &amp; Meyer &#8220;K\u00f6nig &amp; Meyer is a family-operated company that is socially and environmentally responsible, generates<span class=\"read_more\">Mehr erfahren<\/span><\/p>\n","protected":false},"author":9,"featured_media":0,"parent":0,"menu_order":76,"comment_status":"closed","ping_status":"closed","template":"","meta":{"footnotes":""},"class_list":["post-10421","page","type-page","status-publish","format-standard","hentry"],"better_featured_image":null,"yoast_head":"<!-- This site is optimized with the Yoast SEO Premium plugin v26.8 (Yoast SEO v26.9) - https:\/\/yoast.com\/product\/yoast-seo-premium-wordpress\/ -->\n<title>K\u00f6nig &amp; Meyer - K\u00f6nig &amp; Meyer<\/title>\n<meta name=\"description\" content=\"K\u00f6nig &amp; Meyer is a family-operated company that is socially and environmentally responsible and deals fairly with its employees, customers and suppliers.\" \/>\n<meta name=\"robots\" content=\"index, follow, max-snippet:-1, max-image-preview:large, max-video-preview:-1\" \/>\n<link rel=\"canonical\" href=\"https:\/\/www.k-m.de\/brand\/en\/koenig-meyer\/\" \/>\n<meta property=\"og:locale\" content=\"en_GB\" \/>\n<meta property=\"og:type\" content=\"article\" \/>\n<meta property=\"og:title\" content=\"K\u00f6nig &amp; Meyer\" \/>\n<meta property=\"og:description\" content=\"K\u00f6nig &amp; Meyer is a family-operated company that is socially and environmentally responsible and deals fairly with its employees, customers and suppliers.\" \/>\n<meta property=\"og:url\" content=\"https:\/\/www.k-m.de\/brand\/en\/koenig-meyer\/\" \/>\n<meta property=\"og:site_name\" content=\"K\u00f6nig &amp; Meyer\" \/>\n<meta property=\"article:modified_time\" content=\"2022-04-18T17:06:18+00:00\" \/>\n<meta name=\"twitter:card\" content=\"summary_large_image\" \/>\n<meta name=\"twitter:label1\" content=\"Estimated reading time\" \/>\n\t<meta name=\"twitter:data1\" content=\"2 minutes\" \/>\n<script type=\"application\/ld+json\" class=\"yoast-schema-graph\">{\"@context\":\"https:\/\/schema.org\",\"@graph\":[{\"@type\":\"WebPage\",\"@id\":\"https:\/\/www.k-m.de\/brand\/en\/koenig-meyer\/\",\"url\":\"https:\/\/www.k-m.de\/brand\/en\/koenig-meyer\/\",\"name\":\"K\u00f6nig & Meyer - K\u00f6nig &amp; Meyer\",\"isPartOf\":{\"@id\":\"https:\/\/www.k-m.de\/brand\/de\/#website\"},\"datePublished\":\"2019-01-19T11:19:29+00:00\",\"dateModified\":\"2022-04-18T17:06:18+00:00\",\"description\":\"K\u00f6nig & Meyer is a family-operated company that is socially and environmentally responsible and deals fairly with its employees, customers and suppliers.\",\"breadcrumb\":{\"@id\":\"https:\/\/www.k-m.de\/brand\/en\/koenig-meyer\/#breadcrumb\"},\"inLanguage\":\"en-GB\",\"potentialAction\":[{\"@type\":\"ReadAction\",\"target\":[\"https:\/\/www.k-m.de\/brand\/en\/koenig-meyer\/\"]}]},{\"@type\":\"BreadcrumbList\",\"@id\":\"https:\/\/www.k-m.de\/brand\/en\/koenig-meyer\/#breadcrumb\",\"itemListElement\":[{\"@type\":\"ListItem\",\"position\":1,\"name\":\"Startseite\",\"item\":\"https:\/\/www.k-m.de\/brand\/en\/\"},{\"@type\":\"ListItem\",\"position\":2,\"name\":\"K\u00f6nig &#038; Meyer\"}]},{\"@type\":\"WebSite\",\"@id\":\"https:\/\/www.k-m.de\/brand\/de\/#website\",\"url\":\"https:\/\/www.k-m.de\/brand\/de\/\",\"name\":\"K\u00f6nig & Meyer\",\"description\":\"K\u00f6nig &amp; Meyer ist ein weltweit f\u00fchrender Hersteller f\u00fcr Musikzubeh\u00f6r. Seit \u00fcber 65 Jahren steht K&amp;M f\u00fcr qualitativ hochwertige Produkte.\",\"publisher\":{\"@id\":\"https:\/\/www.k-m.de\/brand\/de\/#organization\"},\"potentialAction\":[{\"@type\":\"SearchAction\",\"target\":{\"@type\":\"EntryPoint\",\"urlTemplate\":\"https:\/\/www.k-m.de\/brand\/de\/?s={search_term_string}\"},\"query-input\":{\"@type\":\"PropertyValueSpecification\",\"valueRequired\":true,\"valueName\":\"search_term_string\"}}],\"inLanguage\":\"en-GB\"},{\"@type\":\"Organization\",\"@id\":\"https:\/\/www.k-m.de\/brand\/de\/#organization\",\"name\":\"K\u00f6nig & Meyer\",\"url\":\"https:\/\/www.k-m.de\/brand\/de\/\",\"logo\":{\"@type\":\"ImageObject\",\"inLanguage\":\"en-GB\",\"@id\":\"https:\/\/www.k-m.de\/brand\/de\/#\/schema\/logo\/image\/\",\"url\":\"https:\/\/www.k-m.de\/brand\/wp-content\/uploads\/2023\/01\/KM_1c.tif\",\"contentUrl\":\"https:\/\/www.k-m.de\/brand\/wp-content\/uploads\/2023\/01\/KM_1c.tif\",\"width\":1,\"height\":1,\"caption\":\"K\u00f6nig & Meyer\"},\"image\":{\"@id\":\"https:\/\/www.k-m.de\/brand\/de\/#\/schema\/logo\/image\/\"}}]}<\/script>\n<!-- \/ Yoast SEO Premium plugin. -->","yoast_head_json":{"title":"K\u00f6nig & Meyer - K\u00f6nig &amp; Meyer","description":"K\u00f6nig & Meyer is a family-operated company that is socially and environmentally responsible and deals fairly with its employees, customers and suppliers.","robots":{"index":"index","follow":"follow","max-snippet":"max-snippet:-1","max-image-preview":"max-image-preview:large","max-video-preview":"max-video-preview:-1"},"canonical":"https:\/\/www.k-m.de\/brand\/en\/koenig-meyer\/","og_locale":"en_GB","og_type":"article","og_title":"K\u00f6nig & Meyer","og_description":"K\u00f6nig & Meyer is a family-operated company that is socially and environmentally responsible and deals fairly with its employees, customers and suppliers.","og_url":"https:\/\/www.k-m.de\/brand\/en\/koenig-meyer\/","og_site_name":"K\u00f6nig &amp; Meyer","article_modified_time":"2022-04-18T17:06:18+00:00","twitter_card":"summary_large_image","twitter_misc":{"Estimated reading time":"2 minutes"},"schema":{"@context":"https:\/\/schema.org","@graph":[{"@type":"WebPage","@id":"https:\/\/www.k-m.de\/brand\/en\/koenig-meyer\/","url":"https:\/\/www.k-m.de\/brand\/en\/koenig-meyer\/","name":"K\u00f6nig & Meyer - K\u00f6nig &amp; Meyer","isPartOf":{"@id":"https:\/\/www.k-m.de\/brand\/de\/#website"},"datePublished":"2019-01-19T11:19:29+00:00","dateModified":"2022-04-18T17:06:18+00:00","description":"K\u00f6nig & Meyer is a family-operated company that is socially and environmentally responsible and deals fairly with its employees, customers and suppliers.","breadcrumb":{"@id":"https:\/\/www.k-m.de\/brand\/en\/koenig-meyer\/#breadcrumb"},"inLanguage":"en-GB","potentialAction":[{"@type":"ReadAction","target":["https:\/\/www.k-m.de\/brand\/en\/koenig-meyer\/"]}]},{"@type":"BreadcrumbList","@id":"https:\/\/www.k-m.de\/brand\/en\/koenig-meyer\/#breadcrumb","itemListElement":[{"@type":"ListItem","position":1,"name":"Startseite","item":"https:\/\/www.k-m.de\/brand\/en\/"},{"@type":"ListItem","position":2,"name":"K\u00f6nig &#038; Meyer"}]},{"@type":"WebSite","@id":"https:\/\/www.k-m.de\/brand\/de\/#website","url":"https:\/\/www.k-m.de\/brand\/de\/","name":"K\u00f6nig & Meyer","description":"K\u00f6nig &amp; Meyer ist ein weltweit f\u00fchrender Hersteller f\u00fcr Musikzubeh\u00f6r. Seit \u00fcber 65 Jahren steht K&amp;M f\u00fcr qualitativ hochwertige Produkte.","publisher":{"@id":"https:\/\/www.k-m.de\/brand\/de\/#organization"},"potentialAction":[{"@type":"SearchAction","target":{"@type":"EntryPoint","urlTemplate":"https:\/\/www.k-m.de\/brand\/de\/?s={search_term_string}"},"query-input":{"@type":"PropertyValueSpecification","valueRequired":true,"valueName":"search_term_string"}}],"inLanguage":"en-GB"},{"@type":"Organization","@id":"https:\/\/www.k-m.de\/brand\/de\/#organization","name":"K\u00f6nig & Meyer","url":"https:\/\/www.k-m.de\/brand\/de\/","logo":{"@type":"ImageObject","inLanguage":"en-GB","@id":"https:\/\/www.k-m.de\/brand\/de\/#\/schema\/logo\/image\/","url":"https:\/\/www.k-m.de\/brand\/wp-content\/uploads\/2023\/01\/KM_1c.tif","contentUrl":"https:\/\/www.k-m.de\/brand\/wp-content\/uploads\/2023\/01\/KM_1c.tif","width":1,"height":1,"caption":"K\u00f6nig & Meyer"},"image":{"@id":"https:\/\/www.k-m.de\/brand\/de\/#\/schema\/logo\/image\/"}}]}},"_links":{"self":[{"href":"https:\/\/www.k-m.de\/brand\/en\/wp-json\/wp\/v2\/pages\/10421","targetHints":{"allow":["GET"]}}],"collection":[{"href":"https:\/\/www.k-m.de\/brand\/en\/wp-json\/wp\/v2\/pages"}],"about":[{"href":"https:\/\/www.k-m.de\/brand\/en\/wp-json\/wp\/v2\/types\/page"}],"author":[{"embeddable":true,"href":"https:\/\/www.k-m.de\/brand\/en\/wp-json\/wp\/v2\/users\/9"}],"replies":[{"embeddable":true,"href":"https:\/\/www.k-m.de\/brand\/en\/wp-json\/wp\/v2\/comments?post=10421"}],"version-history":[{"count":7,"href":"https:\/\/www.k-m.de\/brand\/en\/wp-json\/wp\/v2\/pages\/10421\/revisions"}],"predecessor-version":[{"id":16524,"href":"https:\/\/www.k-m.de\/brand\/en\/wp-json\/wp\/v2\/pages\/10421\/revisions\/16524"}],"wp:attachment":[{"href":"https:\/\/www.k-m.de\/brand\/en\/wp-json\/wp\/v2\/media?parent=10421"}],"curies":[{"name":"wp","href":"https:\/\/api.w.org\/{rel}","templated":true}]}}