{"id":10494,"date":"2019-03-12T17:03:59","date_gmt":"2019-03-12T16:03:59","guid":{"rendered":"https:\/\/www.k-m.de\/brand\/?page_id=10494"},"modified":"2023-01-30T11:40:07","modified_gmt":"2023-01-30T10:40:07","slug":"imprint","status":"publish","type":"page","link":"https:\/\/www.k-m.de\/brand\/en\/imprint\/","title":{"rendered":"Imprint"},"content":{"rendered":"<div class=\"wpb-content-wrapper\"><p>[vc_row el_class=&#8221;content_m&#8221;][vc_column][vc_custom_heading text=&#8221;Impressum&#8221; font_container=&#8221;tag:h2|text_align:center&#8221; use_theme_fonts=&#8221;yes&#8221;][vc_empty_space][vc_column_text]Koenig &amp; Meyer likes to thank you for your visit to our website and your interest in our products.<\/p>\n<p>&nbsp;<\/p>\n<p><b>General Information about Koenig &amp; Meyer (K&amp;M):<\/b><\/p>\n<p><b>Imprint K\u00f6nig &amp; Meyer GmbH &amp; Co. KG<\/b><br \/>\nK\u00f6nig &amp; Meyer GmbH &amp; Co. KG<br \/>\nKiesweg 2a<br \/>\n97877 Wertheim<br \/>\nTel. + 49 9342\/806-0<br \/>\nFax. + 49 9342\/806-150<br \/>\ne-Mail: contact(at)k-m.de<br \/>\nRegister Court: Amtsgericht Mannheim<br \/>\nCompany registration number: HRA 570098<br \/>\nData protection officer: dateschutz@k-m.de<br \/>\nResponsible for contents according to \u00a7 55 Rundfunkstaatsvertrag CEO Gabriela K\u00f6nig<\/p>\n<p>&nbsp;<\/p>\n<p><b>Partner with unlimited liability:<\/b><br \/>\nK\u00f6nig &amp; Meyer Gesch\u00e4ftsf\u00fchrungs-GmbH \u2013 Sitz Wertheim<br \/>\nGeneral Manager: Gabriela K\u00f6nig, Heiko Wolz<br \/>\nRegister Court: Amtsgericht Mannheim<br \/>\nCompany registration number: HRB 570054<\/p>\n<p>VAT registration number: DE146577888<br \/>\nWEEE-Reg.Nr.: DE69302636<\/p>\n<p>&nbsp;<\/p>\n<p><b>Liability for Content<\/b><br \/>\nK\u00d6NIG &amp; MEYER GmbH &amp; Co. KG does not accept any responsibility for the accuracy, up-to-dateness, or completeness of the information on these pages nor does it guarantee uninterrupted access to its web pages. Furthermore, K\u00d6NIG &amp; MEYER GmbH &amp; Co. KG is not responsible for service features, especially downloads.<br \/>\nAs service provider we are responsible, according to TMG \u00a7 7 paragraph 1, for our own contents on this site under the general laws. However, according to TMG \u00a7 \u00a7 8 to 10, we as service provider are not required to monitor transmitted or stored foreign information, or under circumstances to investigate those indicating illegal activity. Obligations to remove or block the use of information remain unaffected under the general laws. In this regard, liability is only possible as of the date a specific infringement was known. If we become aware of such violations, we will remove the content immediately.<\/p>\n<p>&nbsp;<\/p>\n<p><b>Liability for Links<\/b><br \/>\nOur site contains links to external third-party websites, where we have no control over the contents. Therefore, we cannot provide any guarantee for these foreign contents. The respective provider or operator of such sites is always responsible for the contents of the linked sites. The linked sites were checked for possible violations of law at the time of linking. Illegal contents were not recognized at the time of linking. Permanently controlling the contents of linked pages is unreasonable without concrete evidence of a violation. Upon notification of violations, we will remove such links immediately.<\/p>\n<p>&nbsp;<\/p>\n<p><b>Copyright<\/b><br \/>\nAll texts, images, logos, prospectuses and other works published on the web site are subject (unless otherwise stated) to the copyright of K\u00d6NIG &amp; MEYER GmbH &amp; Co. KG. Use is authorised on the basis of and in accordance with the following provisions: Use of the data is only authorised for personal use. Use without reference to K\u00d6NIG &amp; MEYER products or services is not permitted. Changes to the data are prohibited except in the case of a proportional resize.[\/vc_column_text][\/vc_column][\/vc_row][vc_row][vc_column][vc_empty_space height=&#8221;70px&#8221;][\/vc_column][\/vc_row]<\/p>\n<\/div>","protected":false},"excerpt":{"rendered":"<p>[vc_row el_class=&#8221;content_m&#8221;][vc_column][vc_custom_heading text=&#8221;Impressum&#8221; font_container=&#8221;tag:h2|text_align:center&#8221; use_theme_fonts=&#8221;yes&#8221;][vc_empty_space][vc_column_text]Koenig &amp; Meyer likes to thank you for your visit to our website and your interest<span class=\"read_more\">Mehr erfahren<\/span><\/p>\n","protected":false},"author":9,"featured_media":0,"parent":0,"menu_order":2,"comment_status":"closed","ping_status":"closed","template":"","meta":{"footnotes":""},"class_list":["post-10494","page","type-page","status-publish","format-standard","hentry"],"better_featured_image":null,"yoast_head":"<!-- This site is optimized with the Yoast SEO Premium plugin v26.8 (Yoast SEO v26.9) - https:\/\/yoast.com\/product\/yoast-seo-premium-wordpress\/ -->\n<title>Imprint - K\u00f6nig &amp; Meyer<\/title>\n<meta name=\"robots\" content=\"index, follow, max-snippet:-1, max-image-preview:large, max-video-preview:-1\" \/>\n<link rel=\"canonical\" href=\"https:\/\/www.k-m.de\/brand\/en\/imprint\/\" \/>\n<meta property=\"og:locale\" content=\"en_GB\" \/>\n<meta property=\"og:type\" content=\"article\" \/>\n<meta property=\"og:title\" content=\"Imprint\" \/>\n<meta property=\"og:description\" content=\"[vc_row el_class=&#8221;content_m&#8221;][vc_column][vc_custom_heading text=&#8221;Impressum&#8221; font_container=&#8221;tag:h2|text_align:center&#8221; use_theme_fonts=&#8221;yes&#8221;][vc_empty_space][vc_column_text]Koenig &amp; Meyer likes to thank you for your visit to our website and your interestMehr erfahren\" \/>\n<meta property=\"og:url\" content=\"https:\/\/www.k-m.de\/brand\/en\/imprint\/\" \/>\n<meta property=\"og:site_name\" content=\"K\u00f6nig &amp; Meyer\" \/>\n<meta property=\"article:modified_time\" content=\"2023-01-30T10:40:07+00:00\" \/>\n<meta name=\"twitter:card\" content=\"summary_large_image\" \/>\n<meta name=\"twitter:label1\" content=\"Estimated reading time\" \/>\n\t<meta name=\"twitter:data1\" content=\"3 minutes\" \/>\n<script type=\"application\/ld+json\" class=\"yoast-schema-graph\">{\"@context\":\"https:\/\/schema.org\",\"@graph\":[{\"@type\":\"WebPage\",\"@id\":\"https:\/\/www.k-m.de\/brand\/en\/imprint\/\",\"url\":\"https:\/\/www.k-m.de\/brand\/en\/imprint\/\",\"name\":\"Imprint - K\u00f6nig &amp; Meyer\",\"isPartOf\":{\"@id\":\"https:\/\/www.k-m.de\/brand\/de\/#website\"},\"datePublished\":\"2019-03-12T16:03:59+00:00\",\"dateModified\":\"2023-01-30T10:40:07+00:00\",\"breadcrumb\":{\"@id\":\"https:\/\/www.k-m.de\/brand\/en\/imprint\/#breadcrumb\"},\"inLanguage\":\"en-GB\",\"potentialAction\":[{\"@type\":\"ReadAction\",\"target\":[\"https:\/\/www.k-m.de\/brand\/en\/imprint\/\"]}]},{\"@type\":\"BreadcrumbList\",\"@id\":\"https:\/\/www.k-m.de\/brand\/en\/imprint\/#breadcrumb\",\"itemListElement\":[{\"@type\":\"ListItem\",\"position\":1,\"name\":\"Startseite\",\"item\":\"https:\/\/www.k-m.de\/brand\/en\/\"},{\"@type\":\"ListItem\",\"position\":2,\"name\":\"Imprint\"}]},{\"@type\":\"WebSite\",\"@id\":\"https:\/\/www.k-m.de\/brand\/de\/#website\",\"url\":\"https:\/\/www.k-m.de\/brand\/de\/\",\"name\":\"K\u00f6nig & Meyer\",\"description\":\"K\u00f6nig &amp; Meyer ist ein weltweit f\u00fchrender Hersteller f\u00fcr Musikzubeh\u00f6r. Seit \u00fcber 65 Jahren steht K&amp;M f\u00fcr qualitativ hochwertige Produkte.\",\"publisher\":{\"@id\":\"https:\/\/www.k-m.de\/brand\/de\/#organization\"},\"potentialAction\":[{\"@type\":\"SearchAction\",\"target\":{\"@type\":\"EntryPoint\",\"urlTemplate\":\"https:\/\/www.k-m.de\/brand\/de\/?s={search_term_string}\"},\"query-input\":{\"@type\":\"PropertyValueSpecification\",\"valueRequired\":true,\"valueName\":\"search_term_string\"}}],\"inLanguage\":\"en-GB\"},{\"@type\":\"Organization\",\"@id\":\"https:\/\/www.k-m.de\/brand\/de\/#organization\",\"name\":\"K\u00f6nig & Meyer\",\"url\":\"https:\/\/www.k-m.de\/brand\/de\/\",\"logo\":{\"@type\":\"ImageObject\",\"inLanguage\":\"en-GB\",\"@id\":\"https:\/\/www.k-m.de\/brand\/de\/#\/schema\/logo\/image\/\",\"url\":\"https:\/\/www.k-m.de\/brand\/wp-content\/uploads\/2023\/01\/KM_1c.tif\",\"contentUrl\":\"https:\/\/www.k-m.de\/brand\/wp-content\/uploads\/2023\/01\/KM_1c.tif\",\"width\":1,\"height\":1,\"caption\":\"K\u00f6nig & Meyer\"},\"image\":{\"@id\":\"https:\/\/www.k-m.de\/brand\/de\/#\/schema\/logo\/image\/\"}}]}<\/script>\n<!-- \/ Yoast SEO Premium plugin. -->","yoast_head_json":{"title":"Imprint - K\u00f6nig &amp; Meyer","robots":{"index":"index","follow":"follow","max-snippet":"max-snippet:-1","max-image-preview":"max-image-preview:large","max-video-preview":"max-video-preview:-1"},"canonical":"https:\/\/www.k-m.de\/brand\/en\/imprint\/","og_locale":"en_GB","og_type":"article","og_title":"Imprint","og_description":"[vc_row el_class=&#8221;content_m&#8221;][vc_column][vc_custom_heading text=&#8221;Impressum&#8221; font_container=&#8221;tag:h2|text_align:center&#8221; use_theme_fonts=&#8221;yes&#8221;][vc_empty_space][vc_column_text]Koenig &amp; Meyer likes to thank you for your visit to our website and your interestMehr erfahren","og_url":"https:\/\/www.k-m.de\/brand\/en\/imprint\/","og_site_name":"K\u00f6nig &amp; Meyer","article_modified_time":"2023-01-30T10:40:07+00:00","twitter_card":"summary_large_image","twitter_misc":{"Estimated reading time":"3 minutes"},"schema":{"@context":"https:\/\/schema.org","@graph":[{"@type":"WebPage","@id":"https:\/\/www.k-m.de\/brand\/en\/imprint\/","url":"https:\/\/www.k-m.de\/brand\/en\/imprint\/","name":"Imprint - K\u00f6nig &amp; Meyer","isPartOf":{"@id":"https:\/\/www.k-m.de\/brand\/de\/#website"},"datePublished":"2019-03-12T16:03:59+00:00","dateModified":"2023-01-30T10:40:07+00:00","breadcrumb":{"@id":"https:\/\/www.k-m.de\/brand\/en\/imprint\/#breadcrumb"},"inLanguage":"en-GB","potentialAction":[{"@type":"ReadAction","target":["https:\/\/www.k-m.de\/brand\/en\/imprint\/"]}]},{"@type":"BreadcrumbList","@id":"https:\/\/www.k-m.de\/brand\/en\/imprint\/#breadcrumb","itemListElement":[{"@type":"ListItem","position":1,"name":"Startseite","item":"https:\/\/www.k-m.de\/brand\/en\/"},{"@type":"ListItem","position":2,"name":"Imprint"}]},{"@type":"WebSite","@id":"https:\/\/www.k-m.de\/brand\/de\/#website","url":"https:\/\/www.k-m.de\/brand\/de\/","name":"K\u00f6nig & Meyer","description":"K\u00f6nig &amp; Meyer ist ein weltweit f\u00fchrender Hersteller f\u00fcr Musikzubeh\u00f6r. Seit \u00fcber 65 Jahren steht K&amp;M f\u00fcr qualitativ hochwertige Produkte.","publisher":{"@id":"https:\/\/www.k-m.de\/brand\/de\/#organization"},"potentialAction":[{"@type":"SearchAction","target":{"@type":"EntryPoint","urlTemplate":"https:\/\/www.k-m.de\/brand\/de\/?s={search_term_string}"},"query-input":{"@type":"PropertyValueSpecification","valueRequired":true,"valueName":"search_term_string"}}],"inLanguage":"en-GB"},{"@type":"Organization","@id":"https:\/\/www.k-m.de\/brand\/de\/#organization","name":"K\u00f6nig & Meyer","url":"https:\/\/www.k-m.de\/brand\/de\/","logo":{"@type":"ImageObject","inLanguage":"en-GB","@id":"https:\/\/www.k-m.de\/brand\/de\/#\/schema\/logo\/image\/","url":"https:\/\/www.k-m.de\/brand\/wp-content\/uploads\/2023\/01\/KM_1c.tif","contentUrl":"https:\/\/www.k-m.de\/brand\/wp-content\/uploads\/2023\/01\/KM_1c.tif","width":1,"height":1,"caption":"K\u00f6nig & Meyer"},"image":{"@id":"https:\/\/www.k-m.de\/brand\/de\/#\/schema\/logo\/image\/"}}]}},"_links":{"self":[{"href":"https:\/\/www.k-m.de\/brand\/en\/wp-json\/wp\/v2\/pages\/10494","targetHints":{"allow":["GET"]}}],"collection":[{"href":"https:\/\/www.k-m.de\/brand\/en\/wp-json\/wp\/v2\/pages"}],"about":[{"href":"https:\/\/www.k-m.de\/brand\/en\/wp-json\/wp\/v2\/types\/page"}],"author":[{"embeddable":true,"href":"https:\/\/www.k-m.de\/brand\/en\/wp-json\/wp\/v2\/users\/9"}],"replies":[{"embeddable":true,"href":"https:\/\/www.k-m.de\/brand\/en\/wp-json\/wp\/v2\/comments?post=10494"}],"version-history":[{"count":10,"href":"https:\/\/www.k-m.de\/brand\/en\/wp-json\/wp\/v2\/pages\/10494\/revisions"}],"predecessor-version":[{"id":26888,"href":"https:\/\/www.k-m.de\/brand\/en\/wp-json\/wp\/v2\/pages\/10494\/revisions\/26888"}],"wp:attachment":[{"href":"https:\/\/www.k-m.de\/brand\/en\/wp-json\/wp\/v2\/media?parent=10494"}],"curies":[{"name":"wp","href":"https:\/\/api.w.org\/{rel}","templated":true}]}}