{"id":11169,"date":"2019-03-26T16:41:58","date_gmt":"2019-03-26T15:41:58","guid":{"rendered":"https:\/\/www.k-m.de\/brand\/k-mag\/social-sounds\/"},"modified":"2026-02-05T15:26:08","modified_gmt":"2026-02-05T14:26:08","slug":"social-sounds","status":"publish","type":"page","link":"https:\/\/www.k-m.de\/brand\/en\/k-mag\/social-sounds\/","title":{"rendered":"Social Sounds"},"content":{"rendered":"<div class=\"wpb-content-wrapper\"><p>[vc_row full_width=&#8221;stretch_row&#8221; el_class=&#8221;bg_light_grey&#8221;][vc_column][vc_column_text]<\/p>\n<h2 style=\"text-align: center;\">K&amp;M on Instagram<\/h2>\n<p>[\/vc_column_text][vc_column_text css=&#8221;&#8221;] <div class=\"brlbs-cmpnt-container brlbs-cmpnt-content-blocker brlbs-cmpnt-with-individual-styles\" data-borlabs-cookie-content-blocker-id=\"default\" data-borlabs-cookie-content=\"PC9wPgo8ZGl2IGlkPSJmbG9ja2xlci1lbWJlZC0xN2VlODdmMzdhZTA5MmJhMTIwYmY5YzBiNzgxMWU2ZSI+PC9kaXY+CjxwPjxzY3JpcHQgc3JjPSJodHRwczovL3BsdWdpbnMuZmxvY2tsZXIuY29tL2VtYmVkLzE3ZTQ0Mzc5ZTg3MDhhOWE3MjhlYmE2ODQ4MzQ3Y2ZmLzE3ZWU4N2YzN2FlMDkyYmExMjBiZjljMGI3ODExZTZlIiBhc3luYz0iIj48L3NjcmlwdD48YnIgLz4K\"><div class=\"brlbs-cmpnt-cb-preset-a\"> <p class=\"brlbs-cmpnt-cb-description\">You are currently viewing a placeholder content from <strong>Default<\/strong>. To access the actual content, click the button below. Please note that doing so will share data with third-party providers.<\/p> <div class=\"brlbs-cmpnt-cb-buttons\"> <a class=\"brlbs-cmpnt-cb-btn\" href=\"#\" data-borlabs-cookie-unblock role=\"button\">Unblock content<\/a> <a class=\"brlbs-cmpnt-cb-btn\" href=\"#\" data-borlabs-cookie-accept-service role=\"button\" style=\"display: none\">Accept required service and unblock content<\/a> <\/div> <a class=\"brlbs-cmpnt-cb-provider-toggle\" href=\"#\" data-borlabs-cookie-show-provider-information role=\"button\">More Information<\/a> <\/div><\/div>[\/vc_column_text][vc_empty_space height=&#8221;70px&#8221;][vc_column_text]<\/p>\n<h2 style=\"text-align: center;\">User Posts on Instagram<\/h2>\n<p>[\/vc_column_text][vc_column_text css=&#8221;&#8221;] <div class=\"brlbs-cmpnt-container brlbs-cmpnt-content-blocker brlbs-cmpnt-with-individual-styles\" data-borlabs-cookie-content-blocker-id=\"default\" data-borlabs-cookie-content=\"PC9wPgo8ZGl2IGlkPSJmbG9ja2xlci1lbWJlZC0xN2VlODgwMjJkYTA1NzVlZGYwNzYxZmJhODg2NjU1NCI+PC9kaXY+CjxwPjxzY3JpcHQgc3JjPSJodHRwczovL3BsdWdpbnMuZmxvY2tsZXIuY29tL2VtYmVkLzE3ZTQ0Mzc5ZTg3MDhhOWE3MjhlYmE2ODQ4MzQ3Y2ZmLzE3ZWU4ODAyMmRhMDU3NWVkZjA3NjFmYmE4ODY2NTU0IiBhc3luYz0iIj48L3NjcmlwdD48YnIgLz4K\"><div class=\"brlbs-cmpnt-cb-preset-a\"> <p class=\"brlbs-cmpnt-cb-description\">You are currently viewing a placeholder content from <strong>Default<\/strong>. To access the actual content, click the button below. Please note that doing so will share data with third-party providers.<\/p> <div class=\"brlbs-cmpnt-cb-buttons\"> <a class=\"brlbs-cmpnt-cb-btn\" href=\"#\" data-borlabs-cookie-unblock role=\"button\">Unblock content<\/a> <a class=\"brlbs-cmpnt-cb-btn\" href=\"#\" data-borlabs-cookie-accept-service role=\"button\" style=\"display: none\">Accept required service and unblock content<\/a> <\/div> <a class=\"brlbs-cmpnt-cb-provider-toggle\" href=\"#\" data-borlabs-cookie-show-provider-information role=\"button\">More Information<\/a> <\/div><\/div>[\/vc_column_text][vc_empty_space height=&#8221;70px&#8221;][\/vc_column][\/vc_row]<\/p>\n<\/div>","protected":false},"excerpt":{"rendered":"<p>[vc_row full_width=&#8221;stretch_row&#8221; el_class=&#8221;bg_light_grey&#8221;][vc_column][vc_column_text] K&amp;M on Instagram [\/vc_column_text][vc_column_text css=&#8221;&#8221;][\/vc_column_text][vc_empty_space height=&#8221;70px&#8221;][vc_column_text] User Posts on Instagram [\/vc_column_text][vc_column_text css=&#8221;&#8221;][\/vc_column_text][vc_empty_space height=&#8221;70px&#8221;][\/vc_column][\/vc_row]<\/p>\n","protected":false},"author":16,"featured_media":0,"parent":9184,"menu_order":13,"comment_status":"closed","ping_status":"closed","template":"","meta":{"footnotes":""},"class_list":["post-11169","page","type-page","status-publish","format-standard","hentry"],"better_featured_image":null,"yoast_head":"<!-- This site is optimized with the Yoast SEO Premium plugin v26.8 (Yoast SEO v26.9) - https:\/\/yoast.com\/product\/yoast-seo-premium-wordpress\/ -->\n<title>Social Sounds - K\u00f6nig &amp; Meyer<\/title>\n<meta name=\"description\" content=\"You can find K\u00f6nig &amp; Meyer on Instagram, Facebook, Youtube, Twitter &amp; Pinterest. And on this page are some social sounds for you.\" \/>\n<meta name=\"robots\" content=\"index, follow, max-snippet:-1, max-image-preview:large, max-video-preview:-1\" \/>\n<link rel=\"canonical\" href=\"https:\/\/www.k-m.de\/brand\/en\/k-mag\/social-sounds\/\" \/>\n<meta property=\"og:locale\" content=\"en_GB\" \/>\n<meta property=\"og:type\" content=\"article\" \/>\n<meta property=\"og:title\" content=\"Social Sounds\" \/>\n<meta property=\"og:description\" content=\"You can find K\u00f6nig &amp; Meyer on Instagram, Facebook, Youtube, Twitter &amp; Pinterest. And on this page are some social sounds for you.\" \/>\n<meta property=\"og:url\" content=\"https:\/\/www.k-m.de\/brand\/en\/k-mag\/social-sounds\/\" \/>\n<meta property=\"og:site_name\" content=\"K\u00f6nig &amp; Meyer\" \/>\n<meta property=\"article:modified_time\" content=\"2026-02-05T14:26:08+00:00\" \/>\n<meta name=\"twitter:card\" content=\"summary_large_image\" \/>\n<meta name=\"twitter:label1\" content=\"Estimated reading time\" \/>\n\t<meta name=\"twitter:data1\" content=\"1 minute\" \/>\n<script type=\"application\/ld+json\" class=\"yoast-schema-graph\">{\"@context\":\"https:\/\/schema.org\",\"@graph\":[{\"@type\":\"WebPage\",\"@id\":\"https:\/\/www.k-m.de\/brand\/en\/k-mag\/social-sounds\/\",\"url\":\"https:\/\/www.k-m.de\/brand\/en\/k-mag\/social-sounds\/\",\"name\":\"Social Sounds - K\u00f6nig &amp; Meyer\",\"isPartOf\":{\"@id\":\"https:\/\/www.k-m.de\/brand\/de\/#website\"},\"datePublished\":\"2019-03-26T15:41:58+00:00\",\"dateModified\":\"2026-02-05T14:26:08+00:00\",\"description\":\"You can find K\u00f6nig & Meyer on Instagram, Facebook, Youtube, Twitter & Pinterest. And on this page are some social sounds for you.\",\"breadcrumb\":{\"@id\":\"https:\/\/www.k-m.de\/brand\/en\/k-mag\/social-sounds\/#breadcrumb\"},\"inLanguage\":\"en-GB\",\"potentialAction\":[{\"@type\":\"ReadAction\",\"target\":[\"https:\/\/www.k-m.de\/brand\/en\/k-mag\/social-sounds\/\"]}]},{\"@type\":\"BreadcrumbList\",\"@id\":\"https:\/\/www.k-m.de\/brand\/en\/k-mag\/social-sounds\/#breadcrumb\",\"itemListElement\":[{\"@type\":\"ListItem\",\"position\":1,\"name\":\"Startseite\",\"item\":\"https:\/\/www.k-m.de\/brand\/en\/\"},{\"@type\":\"ListItem\",\"position\":2,\"name\":\"K-Mag\",\"item\":\"https:\/\/www.k-m.de\/brand\/en\/\"},{\"@type\":\"ListItem\",\"position\":3,\"name\":\"Social Sounds\"}]},{\"@type\":\"WebSite\",\"@id\":\"https:\/\/www.k-m.de\/brand\/de\/#website\",\"url\":\"https:\/\/www.k-m.de\/brand\/de\/\",\"name\":\"K\u00f6nig & Meyer\",\"description\":\"K\u00f6nig &amp; Meyer ist ein weltweit f\u00fchrender Hersteller f\u00fcr Musikzubeh\u00f6r. Seit \u00fcber 65 Jahren steht K&amp;M f\u00fcr qualitativ hochwertige Produkte.\",\"publisher\":{\"@id\":\"https:\/\/www.k-m.de\/brand\/de\/#organization\"},\"potentialAction\":[{\"@type\":\"SearchAction\",\"target\":{\"@type\":\"EntryPoint\",\"urlTemplate\":\"https:\/\/www.k-m.de\/brand\/de\/?s={search_term_string}\"},\"query-input\":{\"@type\":\"PropertyValueSpecification\",\"valueRequired\":true,\"valueName\":\"search_term_string\"}}],\"inLanguage\":\"en-GB\"},{\"@type\":\"Organization\",\"@id\":\"https:\/\/www.k-m.de\/brand\/de\/#organization\",\"name\":\"K\u00f6nig & Meyer\",\"url\":\"https:\/\/www.k-m.de\/brand\/de\/\",\"logo\":{\"@type\":\"ImageObject\",\"inLanguage\":\"en-GB\",\"@id\":\"https:\/\/www.k-m.de\/brand\/de\/#\/schema\/logo\/image\/\",\"url\":\"https:\/\/www.k-m.de\/brand\/wp-content\/uploads\/2023\/01\/KM_1c.tif\",\"contentUrl\":\"https:\/\/www.k-m.de\/brand\/wp-content\/uploads\/2023\/01\/KM_1c.tif\",\"width\":1,\"height\":1,\"caption\":\"K\u00f6nig & Meyer\"},\"image\":{\"@id\":\"https:\/\/www.k-m.de\/brand\/de\/#\/schema\/logo\/image\/\"}}]}<\/script>\n<!-- \/ Yoast SEO Premium plugin. -->","yoast_head_json":{"title":"Social Sounds - K\u00f6nig &amp; Meyer","description":"You can find K\u00f6nig & Meyer on Instagram, Facebook, Youtube, Twitter & Pinterest. And on this page are some social sounds for you.","robots":{"index":"index","follow":"follow","max-snippet":"max-snippet:-1","max-image-preview":"max-image-preview:large","max-video-preview":"max-video-preview:-1"},"canonical":"https:\/\/www.k-m.de\/brand\/en\/k-mag\/social-sounds\/","og_locale":"en_GB","og_type":"article","og_title":"Social Sounds","og_description":"You can find K\u00f6nig & Meyer on Instagram, Facebook, Youtube, Twitter & Pinterest. And on this page are some social sounds for you.","og_url":"https:\/\/www.k-m.de\/brand\/en\/k-mag\/social-sounds\/","og_site_name":"K\u00f6nig &amp; Meyer","article_modified_time":"2026-02-05T14:26:08+00:00","twitter_card":"summary_large_image","twitter_misc":{"Estimated reading time":"1 minute"},"schema":{"@context":"https:\/\/schema.org","@graph":[{"@type":"WebPage","@id":"https:\/\/www.k-m.de\/brand\/en\/k-mag\/social-sounds\/","url":"https:\/\/www.k-m.de\/brand\/en\/k-mag\/social-sounds\/","name":"Social Sounds - K\u00f6nig &amp; Meyer","isPartOf":{"@id":"https:\/\/www.k-m.de\/brand\/de\/#website"},"datePublished":"2019-03-26T15:41:58+00:00","dateModified":"2026-02-05T14:26:08+00:00","description":"You can find K\u00f6nig & Meyer on Instagram, Facebook, Youtube, Twitter & Pinterest. And on this page are some social sounds for you.","breadcrumb":{"@id":"https:\/\/www.k-m.de\/brand\/en\/k-mag\/social-sounds\/#breadcrumb"},"inLanguage":"en-GB","potentialAction":[{"@type":"ReadAction","target":["https:\/\/www.k-m.de\/brand\/en\/k-mag\/social-sounds\/"]}]},{"@type":"BreadcrumbList","@id":"https:\/\/www.k-m.de\/brand\/en\/k-mag\/social-sounds\/#breadcrumb","itemListElement":[{"@type":"ListItem","position":1,"name":"Startseite","item":"https:\/\/www.k-m.de\/brand\/en\/"},{"@type":"ListItem","position":2,"name":"K-Mag","item":"https:\/\/www.k-m.de\/brand\/en\/"},{"@type":"ListItem","position":3,"name":"Social Sounds"}]},{"@type":"WebSite","@id":"https:\/\/www.k-m.de\/brand\/de\/#website","url":"https:\/\/www.k-m.de\/brand\/de\/","name":"K\u00f6nig & Meyer","description":"K\u00f6nig &amp; Meyer ist ein weltweit f\u00fchrender Hersteller f\u00fcr Musikzubeh\u00f6r. Seit \u00fcber 65 Jahren steht K&amp;M f\u00fcr qualitativ hochwertige Produkte.","publisher":{"@id":"https:\/\/www.k-m.de\/brand\/de\/#organization"},"potentialAction":[{"@type":"SearchAction","target":{"@type":"EntryPoint","urlTemplate":"https:\/\/www.k-m.de\/brand\/de\/?s={search_term_string}"},"query-input":{"@type":"PropertyValueSpecification","valueRequired":true,"valueName":"search_term_string"}}],"inLanguage":"en-GB"},{"@type":"Organization","@id":"https:\/\/www.k-m.de\/brand\/de\/#organization","name":"K\u00f6nig & Meyer","url":"https:\/\/www.k-m.de\/brand\/de\/","logo":{"@type":"ImageObject","inLanguage":"en-GB","@id":"https:\/\/www.k-m.de\/brand\/de\/#\/schema\/logo\/image\/","url":"https:\/\/www.k-m.de\/brand\/wp-content\/uploads\/2023\/01\/KM_1c.tif","contentUrl":"https:\/\/www.k-m.de\/brand\/wp-content\/uploads\/2023\/01\/KM_1c.tif","width":1,"height":1,"caption":"K\u00f6nig & Meyer"},"image":{"@id":"https:\/\/www.k-m.de\/brand\/de\/#\/schema\/logo\/image\/"}}]}},"_links":{"self":[{"href":"https:\/\/www.k-m.de\/brand\/en\/wp-json\/wp\/v2\/pages\/11169","targetHints":{"allow":["GET"]}}],"collection":[{"href":"https:\/\/www.k-m.de\/brand\/en\/wp-json\/wp\/v2\/pages"}],"about":[{"href":"https:\/\/www.k-m.de\/brand\/en\/wp-json\/wp\/v2\/types\/page"}],"author":[{"embeddable":true,"href":"https:\/\/www.k-m.de\/brand\/en\/wp-json\/wp\/v2\/users\/16"}],"replies":[{"embeddable":true,"href":"https:\/\/www.k-m.de\/brand\/en\/wp-json\/wp\/v2\/comments?post=11169"}],"version-history":[{"count":8,"href":"https:\/\/www.k-m.de\/brand\/en\/wp-json\/wp\/v2\/pages\/11169\/revisions"}],"predecessor-version":[{"id":41122,"href":"https:\/\/www.k-m.de\/brand\/en\/wp-json\/wp\/v2\/pages\/11169\/revisions\/41122"}],"up":[{"embeddable":true,"href":"https:\/\/www.k-m.de\/brand\/en\/wp-json\/wp\/v2\/pages\/9184"}],"wp:attachment":[{"href":"https:\/\/www.k-m.de\/brand\/en\/wp-json\/wp\/v2\/media?parent=11169"}],"curies":[{"name":"wp","href":"https:\/\/api.w.org\/{rel}","templated":true}]}}