{"id":12699,"date":"2019-06-13T11:30:11","date_gmt":"2019-06-13T09:30:11","guid":{"rendered":"https:\/\/www.k-m.de\/brand\/?page_id=12699"},"modified":"2023-11-28T11:29:06","modified_gmt":"2023-11-28T10:29:06","slug":"support","status":"publish","type":"page","link":"https:\/\/www.k-m.de\/brand\/en\/support\/support\/","title":{"rendered":"Contact"},"content":{"rendered":"<div class=\"wpb-content-wrapper\"><p>[vc_row el_class=&#8221;content_m&#8221;][vc_column]\n<div class=\"contact\">\n\t<h4 class=\"h2\">How can we help you?<\/h4>\n\t\t\t<span class=\"image_wrapper_centered image_wrapper_circle\">\n\t\t\t<img loading=\"lazy\" decoding=\"async\" width=\"600\" height=\"600\" src=\"https:\/\/www.k-m.de\/brand\/wp-content\/uploads\/2019\/06\/Petra-600x600.jpg\" class=\"attachment-medium_cropped size-medium_cropped wp-post-image\" alt=\"\" srcset=\"https:\/\/www.k-m.de\/brand\/wp-content\/uploads\/2019\/06\/Petra-600x600.jpg 600w, https:\/\/www.k-m.de\/brand\/wp-content\/uploads\/2019\/06\/Petra-24x24.jpg 24w, https:\/\/www.k-m.de\/brand\/wp-content\/uploads\/2019\/06\/Petra-48x48.jpg 48w, https:\/\/www.k-m.de\/brand\/wp-content\/uploads\/2019\/06\/Petra-96x96.jpg 96w\" sizes=\"auto, (max-width: 600px) 100vw, 600px\" \/>\t\t<\/span>\n\t\t<strong>Petra Franke<\/strong><br \/>\n\t\t<div class=\"contact_content\">\n\t\t<p>Phone: +49 (0) 9342 806-0<br \/>\nFax: +49 (0) 9342 806-150<\/p>\n\t\t\t\tE-Mail: <a href=\"mailto:contact@k-m.de\">contact@k-m.de<\/a>\n\t\t\t<\/div>\n\t\t<a class=\"button button_large\" href=\"mailto:contact@k-m.de\">kontaktieren<\/a>\n\t\t\t<\/div>\n\n<div class=\"contact\">\n\t<h4 class=\"h2\"><\/h4>\n\t\t\t<span class=\"image_wrapper_centered image_wrapper_circle\">\n\t\t\t<img loading=\"lazy\" decoding=\"async\" width=\"600\" height=\"600\" src=\"https:\/\/www.k-m.de\/brand\/wp-content\/uploads\/2019\/03\/Michael-600x600.jpg\" class=\"attachment-medium_cropped size-medium_cropped wp-post-image\" alt=\"\" srcset=\"https:\/\/www.k-m.de\/brand\/wp-content\/uploads\/2019\/03\/Michael-600x600.jpg 600w, https:\/\/www.k-m.de\/brand\/wp-content\/uploads\/2019\/03\/Michael-24x24.jpg 24w, https:\/\/www.k-m.de\/brand\/wp-content\/uploads\/2019\/03\/Michael-48x48.jpg 48w, https:\/\/www.k-m.de\/brand\/wp-content\/uploads\/2019\/03\/Michael-96x96.jpg 96w\" sizes=\"auto, (max-width: 600px) 100vw, 600px\" \/>\t\t<\/span>\n\t\t<strong>Michael Wamser<\/strong><br \/>\n\t\t<div class=\"contact_content\">\n\t\t<p><strong>Technical Support \/ Product Manager<\/strong><\/p>\n<p>Phone: +49 (0) 9342 806134<br \/>\nFax: +49 (0) 9342 806124<\/p>\n\t\t\t\tE-Mail: <a href=\"mailto:service@k-m.de\">service@k-m.de<\/a>\n\t\t\t<\/div>\n\t\t<a class=\"button button_large\" href=\"mailto:service@k-m.de\">kontaktieren<\/a>\n\t\t\t<\/div>\n[vc_empty_space height=&#8221;30px&#8221;][vc_separator][vc_empty_space height=&#8221;30px&#8221;][vc_custom_heading text=&#8221;Contact Form&#8221; font_container=&#8221;tag:h2|text_align:center&#8221; use_theme_fonts=&#8221;yes&#8221;]<div class=\"wpforms-container wpforms-container-full\" id=\"wpforms-35610\"><form id=\"wpforms-form-35610\" class=\"wpforms-validate wpforms-form wpforms-ajax-form\" data-formid=\"35610\" method=\"post\" enctype=\"multipart\/form-data\" action=\"\/brand\/en\/wp-json\/wp\/v2\/pages\/12699\" data-token=\"95e1f4cb798961fd4478cdb07916058a\" data-token-time=\"1775253015\"><noscript class=\"wpforms-error-noscript\">Please enable JavaScript in your browser to complete this form.<\/noscript><div class=\"wpforms-field-container\"><div id=\"wpforms-35610-field_8-container\" class=\"wpforms-field wpforms-field-layout\" data-field-id=\"8\"><div class=\"wpforms-field-layout-columns wpforms-field-layout-preset-50-50\"><div class=\"wpforms-layout-column wpforms-layout-column-50\" ><div id=\"wpforms-35610-field_3-container\" class=\"wpforms-field wpforms-field-select wpforms-conditional-trigger wpforms-field-select-style-classic\" data-field-id=\"3\"><label class=\"wpforms-field-label\" for=\"wpforms-35610-field_3\">Please choose your topic<\/label><select id=\"wpforms-35610-field_3\" class=\"wpforms-field-medium\" name=\"wpforms[fields][3]\"><option value=\"Common questions\"  class=\"choice-1 depth-1\"  >Common questions<\/option><option value=\"Questions about our products\"  class=\"choice-2 depth-1\"  >Questions about our products<\/option><option value=\"Questions about our guaranty\"  class=\"choice-3 depth-1\"  >Questions about our guaranty<\/option><\/select><\/div><\/div><div class=\"wpforms-layout-column wpforms-layout-column-50\" ><div id=\"wpforms-35610-field_4-container\" class=\"wpforms-field wpforms-field-select wpforms-field-select-style-classic\" data-field-id=\"4\"><label class=\"wpforms-field-label\" for=\"wpforms-35610-field_4\">Titel <span class=\"wpforms-required-label\">*<\/span><\/label><select id=\"wpforms-35610-field_4\" class=\"wpforms-field-medium wpforms-field-required\" name=\"wpforms[fields][4]\" required=\"required\"><option value=\"Ms\"  class=\"choice-1 depth-1\"  >Ms<\/option><option value=\"Mrs\"  class=\"choice-2 depth-1\"  >Mrs<\/option><option value=\"Mr\"  class=\"choice-3 depth-1\"  >Mr<\/option><\/select><\/div><\/div><\/div><\/div><div id=\"wpforms-35610-field_38-container\" class=\"wpforms-field wpforms-field-layout\" data-field-id=\"38\"><div class=\"wpforms-field-layout-columns wpforms-field-layout-preset-50-50\"><div class=\"wpforms-layout-column wpforms-layout-column-50\" ><div id=\"wpforms-35610-field_40-container\" class=\"wpforms-field wpforms-field-name\" data-field-id=\"40\"><label class=\"wpforms-field-label\" for=\"wpforms-35610-field_40\">First name <span class=\"wpforms-required-label\">*<\/span><\/label><input type=\"text\" id=\"wpforms-35610-field_40\" class=\"wpforms-field-medium wpforms-field-required\" name=\"wpforms[fields][40]\" required><\/div><\/div><div class=\"wpforms-layout-column wpforms-layout-column-50\" ><div id=\"wpforms-35610-field_43-container\" class=\"wpforms-field wpforms-field-name\" data-field-id=\"43\"><label class=\"wpforms-field-label\" for=\"wpforms-35610-field_43\">Last name <span class=\"wpforms-required-label\">*<\/span><\/label><input type=\"text\" id=\"wpforms-35610-field_43\" class=\"wpforms-field-medium wpforms-field-required\" name=\"wpforms[fields][43]\" required><\/div><\/div><\/div><\/div><div id=\"wpforms-35610-field_45-container\" class=\"wpforms-field wpforms-field-layout\" data-field-id=\"45\"><div class=\"wpforms-field-layout-columns wpforms-field-layout-preset-50-50\"><div class=\"wpforms-layout-column wpforms-layout-column-50\" ><div id=\"wpforms-35610-field_48-container\" class=\"wpforms-field wpforms-field-email\" data-field-id=\"48\"><label class=\"wpforms-field-label\" for=\"wpforms-35610-field_48\">Email <span class=\"wpforms-required-label\">*<\/span><\/label><input type=\"email\" id=\"wpforms-35610-field_48\" class=\"wpforms-field-medium wpforms-field-required\" name=\"wpforms[fields][48]\" spellcheck=\"false\" required><\/div><\/div><div class=\"wpforms-layout-column wpforms-layout-column-50\" ><div id=\"wpforms-35610-field_51-container\" class=\"wpforms-field wpforms-field-text\" data-field-id=\"51\"><label class=\"wpforms-field-label\" for=\"wpforms-35610-field_51\">Country <span class=\"wpforms-required-label\">*<\/span><\/label><input type=\"text\" id=\"wpforms-35610-field_51\" class=\"wpforms-field-medium wpforms-field-required\" name=\"wpforms[fields][51]\" required><\/div><\/div><\/div><\/div><div id=\"wpforms-35610-field_52-container\" class=\"wpforms-field wpforms-field-layout\" data-field-id=\"52\"><div class=\"wpforms-field-layout-columns wpforms-field-layout-preset-50-50\"><div class=\"wpforms-layout-column wpforms-layout-column-50\" ><div id=\"wpforms-35610-field_56-container\" class=\"wpforms-field wpforms-field-text wpforms-conditional-field wpforms-conditional-show\" data-field-id=\"56\" style=\"display:none;\"><label class=\"wpforms-field-label\" for=\"wpforms-35610-field_56\">Batch No. <span class=\"wpforms-required-label\">*<\/span><\/label><input type=\"text\" id=\"wpforms-35610-field_56\" class=\"wpforms-field-medium wpforms-field-required wpforms-limit-characters-enabled\" data-form-id=\"35610\" data-field-id=\"56\" data-text-limit=\"6\" name=\"wpforms[fields][56]\" maxlength=\"6\" required><div class=\"wpforms-field-description\">6-digit number on product label<\/div><\/div><\/div><div class=\"wpforms-layout-column wpforms-layout-column-50\" ><\/div><\/div><\/div><div id=\"wpforms-35610-field_2-container\" class=\"wpforms-field wpforms-field-textarea\" data-field-id=\"2\"><label class=\"wpforms-field-label\" for=\"wpforms-35610-field_2\">Your message for us<\/label><textarea id=\"wpforms-35610-field_2\" class=\"wpforms-field-medium\" name=\"wpforms[fields][2]\" ><\/textarea><\/div><div id=\"wpforms-35610-field_11-container\" class=\"wpforms-field wpforms-field-checkbox wpforms-list-inline wpforms-conditional-trigger\" data-field-id=\"11\"><label class=\"wpforms-field-label\">Please send me the following information by post:<\/label><ul id=\"wpforms-35610-field_11\"><li class=\"choice-1 depth-1\"><input type=\"checkbox\" id=\"wpforms-35610-field_11_1\" name=\"wpforms[fields][11][]\" value=\"Compact catalogue\"  ><label class=\"wpforms-field-label-inline\" for=\"wpforms-35610-field_11_1\">Compact catalogue<\/label><\/li><li class=\"choice-5 depth-1\"><input type=\"checkbox\" id=\"wpforms-35610-field_11_5\" name=\"wpforms[fields][11][]\" value=\"New product information\"  ><label class=\"wpforms-field-label-inline\" for=\"wpforms-35610-field_11_5\">New product information<\/label><\/li><li class=\"choice-4 depth-1\"><input type=\"checkbox\" id=\"wpforms-35610-field_11_4\" name=\"wpforms[fields][11][]\" value=\"Ruka catalogue\"  ><label class=\"wpforms-field-label-inline\" for=\"wpforms-35610-field_11_4\">Ruka catalogue<\/label><\/li><li class=\"choice-6 depth-1\"><input type=\"checkbox\" id=\"wpforms-35610-field_11_6\" name=\"wpforms[fields][11][]\" value=\"Information environment\"  ><label class=\"wpforms-field-label-inline\" for=\"wpforms-35610-field_11_6\">Information environment<\/label><\/li><\/ul><\/div><div id=\"wpforms-35610-field_19-container\" class=\"wpforms-field wpforms-field-layout\" data-field-id=\"19\"><div class=\"wpforms-field-layout-columns wpforms-field-layout-preset-50-50\"><div class=\"wpforms-layout-column wpforms-layout-column-50\" ><div id=\"wpforms-35610-field_21-container\" class=\"wpforms-field wpforms-field-name wpforms-conditional-field wpforms-conditional-show\" data-field-id=\"21\" style=\"display:none;\"><label class=\"wpforms-field-label\" for=\"wpforms-35610-field_21\">Firma <span class=\"wpforms-required-label\">*<\/span><\/label><input type=\"text\" id=\"wpforms-35610-field_21\" class=\"wpforms-field-medium wpforms-field-required\" name=\"wpforms[fields][21]\" required><\/div><\/div><div class=\"wpforms-layout-column wpforms-layout-column-50\" ><div id=\"wpforms-35610-field_23-container\" class=\"wpforms-field wpforms-field-select wpforms-conditional-field wpforms-conditional-show wpforms-field-select-style-classic\" data-field-id=\"23\" style=\"display:none;\"><label class=\"wpforms-field-label\" for=\"wpforms-35610-field_23\">Title <span class=\"wpforms-required-label\">*<\/span><\/label><select id=\"wpforms-35610-field_23\" class=\"wpforms-field-medium wpforms-field-required\" name=\"wpforms[fields][23]\" required=\"required\"><option value=\"Ms\"  class=\"choice-1 depth-1\"  >Ms<\/option><option value=\"Mrs\"  class=\"choice-2 depth-1\"  >Mrs<\/option><option value=\"Mr\"  class=\"choice-3 depth-1\"  >Mr<\/option><\/select><\/div><\/div><\/div><\/div><div id=\"wpforms-35610-field_28-container\" class=\"wpforms-field wpforms-field-layout\" data-field-id=\"28\"><div class=\"wpforms-field-layout-columns wpforms-field-layout-preset-50-50\"><div class=\"wpforms-layout-column wpforms-layout-column-50\" ><div id=\"wpforms-35610-field_29-container\" class=\"wpforms-field wpforms-field-name wpforms-conditional-field wpforms-conditional-show\" data-field-id=\"29\" style=\"display:none;\"><label class=\"wpforms-field-label\" for=\"wpforms-35610-field_29\">First name <span class=\"wpforms-required-label\">*<\/span><\/label><input type=\"text\" id=\"wpforms-35610-field_29\" class=\"wpforms-field-medium wpforms-field-required\" name=\"wpforms[fields][29]\" required><\/div><\/div><div class=\"wpforms-layout-column wpforms-layout-column-50\" ><div id=\"wpforms-35610-field_31-container\" class=\"wpforms-field wpforms-field-name wpforms-conditional-field wpforms-conditional-show\" data-field-id=\"31\" style=\"display:none;\"><label class=\"wpforms-field-label\" for=\"wpforms-35610-field_31\">Last name <span class=\"wpforms-required-label\">*<\/span><\/label><input type=\"text\" id=\"wpforms-35610-field_31\" class=\"wpforms-field-medium wpforms-field-required\" name=\"wpforms[fields][31]\" required><\/div><\/div><\/div><\/div><div id=\"wpforms-35610-field_32-container\" class=\"wpforms-field wpforms-field-layout\" data-field-id=\"32\"><div class=\"wpforms-field-layout-columns wpforms-field-layout-preset-50-50\"><div class=\"wpforms-layout-column wpforms-layout-column-50\" ><div id=\"wpforms-35610-field_33-container\" class=\"wpforms-field wpforms-field-name wpforms-conditional-field wpforms-conditional-show\" data-field-id=\"33\" style=\"display:none;\"><label class=\"wpforms-field-label\" for=\"wpforms-35610-field_33\">Address <span class=\"wpforms-required-label\">*<\/span><\/label><input type=\"text\" id=\"wpforms-35610-field_33\" class=\"wpforms-field-medium wpforms-field-required\" name=\"wpforms[fields][33]\" required><\/div><\/div><div class=\"wpforms-layout-column wpforms-layout-column-50\" ><div id=\"wpforms-35610-field_34-container\" class=\"wpforms-field wpforms-field-name wpforms-conditional-field wpforms-conditional-show\" data-field-id=\"34\" style=\"display:none;\"><label class=\"wpforms-field-label\" for=\"wpforms-35610-field_34\">Zipcode <span class=\"wpforms-required-label\">*<\/span><\/label><input type=\"text\" id=\"wpforms-35610-field_34\" class=\"wpforms-field-medium wpforms-field-required\" name=\"wpforms[fields][34]\" required><\/div><\/div><\/div><\/div><div id=\"wpforms-35610-field_35-container\" class=\"wpforms-field wpforms-field-layout\" data-field-id=\"35\"><div class=\"wpforms-field-layout-columns wpforms-field-layout-preset-50-50\"><div class=\"wpforms-layout-column wpforms-layout-column-50\" ><div id=\"wpforms-35610-field_36-container\" class=\"wpforms-field wpforms-field-name wpforms-conditional-field wpforms-conditional-show\" data-field-id=\"36\" style=\"display:none;\"><label class=\"wpforms-field-label\" for=\"wpforms-35610-field_36\">City <span class=\"wpforms-required-label\">*<\/span><\/label><input type=\"text\" id=\"wpforms-35610-field_36\" class=\"wpforms-field-medium wpforms-field-required\" name=\"wpforms[fields][36]\" required><\/div><\/div><div class=\"wpforms-layout-column wpforms-layout-column-50\" ><div id=\"wpforms-35610-field_37-container\" class=\"wpforms-field wpforms-field-name wpforms-conditional-field wpforms-conditional-show\" data-field-id=\"37\" style=\"display:none;\"><label class=\"wpforms-field-label\" for=\"wpforms-35610-field_37\">Country <span class=\"wpforms-required-label\">*<\/span><\/label><input type=\"text\" id=\"wpforms-35610-field_37\" class=\"wpforms-field-medium wpforms-field-required\" name=\"wpforms[fields][37]\" required><\/div><\/div><\/div><\/div><div id=\"wpforms-35610-field_12-container\" class=\"wpforms-field wpforms-field-gdpr-checkbox\" data-field-id=\"12\"><label class=\"wpforms-field-label\">Privacy policy <span class=\"wpforms-required-label\">*<\/span><\/label><ul id=\"wpforms-35610-field_12\" class=\"wpforms-field-required\"><li class=\"choice-1\"><input type=\"checkbox\" id=\"wpforms-35610-field_12_1\" name=\"wpforms[fields][12][]\" value=\"I agree with the privacy policy\" required ><label class=\"wpforms-field-label-inline\" for=\"wpforms-35610-field_12_1\">I agree with the privacy policy<\/label><\/li><\/ul><\/div><div id=\"wpforms-35610-field_15-container\" class=\"wpforms-field wpforms-field-content\" data-field-id=\"15\"><div id=\"wpforms-35610-field_15\" class=\"wpforms-field-medium wpforms-field-row\"><p><a href=\"https:\/\/www.k-m.de\/brand\/en\/data-privacy\/\" target=\"_blank\" rel=\"noopener\">To the privacy policy<\/a><\/p>\n<div class=\"wpforms-field-content-display-frontend-clear\"><\/div><\/div><\/div><div id=\"wpforms-35610-field_17-container\" class=\"wpforms-field wpforms-field-captcha\" data-field-id=\"17\"><label class=\"wpforms-field-label\" for=\"wpforms-35610-field_17\">Individual captcha <span class=\"wpforms-required-label\">*<\/span><\/label>\t\t\t<div class=\"wpforms-captcha-math\">\n\t\t\t\t<span id=\"wpforms-35610-field_17-question\" class=\"wpforms-captcha-equation\">\n\t\t\t\t\t<span class=\"n1\">4<\/span>\n\t\t\t\t\t\t\t<span class=\"cal\">*<\/span>\n\t\t\t\t\t\t\t<span class=\"n2\">10<\/span>\t\t\t\t\t<span class=\"e\">=<\/span>\n\t\t\t\t<\/span>\n\t\t\t\t<input type=\"text\" id=\"wpforms-35610-field_17\" class=\"wpforms-field-medium wpforms-field-required a\" data-rule-wpf-captcha=\"math\" data-is-wrapped-field=\"1\" name=\"wpforms[fields][17][a]\" aria-describedby=\"wpforms-35610-field_17-question\" required>\t\t\t\t<input type=\"hidden\" name=\"wpforms[fields][17][cal]\" class=\"cal\">\n\t\t\t\t<input type=\"hidden\" name=\"wpforms[fields][17][n2]\" class=\"n2\">\n\t\t\t\t<input type=\"hidden\" name=\"wpforms[fields][17][n1]\" class=\"n1\">\n\t\t\t<\/div>\n\t\t\t<\/div><\/div><!-- .wpforms-field-container --><div class=\"wpforms-submit-container\" ><input type=\"hidden\" name=\"wpforms[id]\" value=\"35610\"><input type=\"hidden\" name=\"page_title\" value=\"\"><input type=\"hidden\" name=\"page_url\" value=\"https:\/\/www.k-m.de\/brand\/en\/wp-json\/wp\/v2\/pages\/12699\"><input type=\"hidden\" name=\"url_referer\" value=\"\"><button type=\"submit\" name=\"wpforms[submit]\" id=\"wpforms-submit-35610\" class=\"wpforms-submit\" data-alt-text=\"Sending \u2026\" data-submit-text=\"Send\" aria-live=\"assertive\" value=\"wpforms-submit\">Send<\/button><img loading=\"lazy\" decoding=\"async\" src=\"https:\/\/www.k-m.de\/brand\/wp-content\/plugins\/wpforms\/assets\/images\/submit-spin.svg\" class=\"wpforms-submit-spinner\" style=\"display: none;\" width=\"26\" height=\"26\" alt=\"Loading\"><\/div><\/form><\/div>  <!-- .wpforms-container -->[vc_empty_space height=&#8221;60px&#8221;][\/vc_column][\/vc_row][vc_row][vc_column][vc_empty_space height=&#8221;60px&#8221;][\/vc_column][\/vc_row]<\/p>\n<\/div>","protected":false},"excerpt":{"rendered":"<p>[vc_row el_class=&#8221;content_m&#8221;][vc_column][vc_empty_space height=&#8221;30px&#8221;][vc_separator][vc_empty_space height=&#8221;30px&#8221;][vc_custom_heading text=&#8221;Contact Form&#8221; font_container=&#8221;tag:h2|text_align:center&#8221; use_theme_fonts=&#8221;yes&#8221;][vc_empty_space height=&#8221;60px&#8221;][\/vc_column][\/vc_row][vc_row][vc_column][vc_empty_space height=&#8221;60px&#8221;][\/vc_column][\/vc_row]<\/p>\n","protected":false},"author":16,"featured_media":0,"parent":9511,"menu_order":50,"comment_status":"closed","ping_status":"closed","template":"page_templates\/page_support.php","meta":{"footnotes":""},"class_list":["post-12699","page","type-page","status-publish","format-standard","hentry"],"better_featured_image":null,"yoast_head":"<!-- This site is optimized with the Yoast SEO Premium plugin v26.8 (Yoast SEO v26.9) - https:\/\/yoast.com\/product\/yoast-seo-premium-wordpress\/ -->\n<title>Contact - K\u00f6nig &amp; Meyer<\/title>\n<meta name=\"description\" content=\"This is how you can reach us directly. Get the contact details of our contact persons here - or use the contact form. We\u00b4ll be happy to help you.\" \/>\n<meta name=\"robots\" content=\"index, follow, max-snippet:-1, max-image-preview:large, max-video-preview:-1\" \/>\n<link rel=\"canonical\" href=\"https:\/\/www.k-m.de\/brand\/en\/support\/support\/\" \/>\n<meta property=\"og:locale\" content=\"en_GB\" \/>\n<meta property=\"og:type\" content=\"article\" \/>\n<meta property=\"og:title\" content=\"Contact\" \/>\n<meta property=\"og:description\" content=\"This is how you can reach us directly. Get the contact details of our contact persons here - or use the contact form. We\u00b4ll be happy to help you.\" \/>\n<meta property=\"og:url\" content=\"https:\/\/www.k-m.de\/brand\/en\/support\/support\/\" \/>\n<meta property=\"og:site_name\" content=\"K\u00f6nig &amp; Meyer\" \/>\n<meta property=\"article:modified_time\" content=\"2023-11-28T10:29:06+00:00\" \/>\n<meta name=\"twitter:card\" content=\"summary_large_image\" \/>\n<meta name=\"twitter:label1\" content=\"Estimated reading time\" \/>\n\t<meta name=\"twitter:data1\" content=\"1 minute\" \/>\n<script type=\"application\/ld+json\" class=\"yoast-schema-graph\">{\"@context\":\"https:\/\/schema.org\",\"@graph\":[{\"@type\":\"WebPage\",\"@id\":\"https:\/\/www.k-m.de\/brand\/en\/support\/support\/\",\"url\":\"https:\/\/www.k-m.de\/brand\/en\/support\/support\/\",\"name\":\"Contact - K\u00f6nig &amp; Meyer\",\"isPartOf\":{\"@id\":\"https:\/\/www.k-m.de\/brand\/de\/#website\"},\"datePublished\":\"2019-06-13T09:30:11+00:00\",\"dateModified\":\"2023-11-28T10:29:06+00:00\",\"description\":\"This is how you can reach us directly. Get the contact details of our contact persons here - or use the contact form. We\u00b4ll be happy to help you.\",\"breadcrumb\":{\"@id\":\"https:\/\/www.k-m.de\/brand\/en\/support\/support\/#breadcrumb\"},\"inLanguage\":\"en-GB\",\"potentialAction\":[{\"@type\":\"ReadAction\",\"target\":[\"https:\/\/www.k-m.de\/brand\/en\/support\/support\/\"]}]},{\"@type\":\"BreadcrumbList\",\"@id\":\"https:\/\/www.k-m.de\/brand\/en\/support\/support\/#breadcrumb\",\"itemListElement\":[{\"@type\":\"ListItem\",\"position\":1,\"name\":\"Startseite\",\"item\":\"https:\/\/www.k-m.de\/brand\/en\/\"},{\"@type\":\"ListItem\",\"position\":2,\"name\":\"Support\",\"item\":\"https:\/\/www.k-m.de\/brand\/en\/support\/\"},{\"@type\":\"ListItem\",\"position\":3,\"name\":\"Contact\"}]},{\"@type\":\"WebSite\",\"@id\":\"https:\/\/www.k-m.de\/brand\/de\/#website\",\"url\":\"https:\/\/www.k-m.de\/brand\/de\/\",\"name\":\"K\u00f6nig & Meyer\",\"description\":\"K\u00f6nig &amp; Meyer ist ein weltweit f\u00fchrender Hersteller f\u00fcr Musikzubeh\u00f6r. Seit \u00fcber 65 Jahren steht K&amp;M f\u00fcr qualitativ hochwertige Produkte.\",\"publisher\":{\"@id\":\"https:\/\/www.k-m.de\/brand\/de\/#organization\"},\"potentialAction\":[{\"@type\":\"SearchAction\",\"target\":{\"@type\":\"EntryPoint\",\"urlTemplate\":\"https:\/\/www.k-m.de\/brand\/de\/?s={search_term_string}\"},\"query-input\":{\"@type\":\"PropertyValueSpecification\",\"valueRequired\":true,\"valueName\":\"search_term_string\"}}],\"inLanguage\":\"en-GB\"},{\"@type\":\"Organization\",\"@id\":\"https:\/\/www.k-m.de\/brand\/de\/#organization\",\"name\":\"K\u00f6nig & Meyer\",\"url\":\"https:\/\/www.k-m.de\/brand\/de\/\",\"logo\":{\"@type\":\"ImageObject\",\"inLanguage\":\"en-GB\",\"@id\":\"https:\/\/www.k-m.de\/brand\/de\/#\/schema\/logo\/image\/\",\"url\":\"https:\/\/www.k-m.de\/brand\/wp-content\/uploads\/2023\/01\/KM_1c.tif\",\"contentUrl\":\"https:\/\/www.k-m.de\/brand\/wp-content\/uploads\/2023\/01\/KM_1c.tif\",\"width\":1,\"height\":1,\"caption\":\"K\u00f6nig & Meyer\"},\"image\":{\"@id\":\"https:\/\/www.k-m.de\/brand\/de\/#\/schema\/logo\/image\/\"}}]}<\/script>\n<!-- \/ Yoast SEO Premium plugin. -->","yoast_head_json":{"title":"Contact - K\u00f6nig &amp; Meyer","description":"This is how you can reach us directly. Get the contact details of our contact persons here - or use the contact form. We\u00b4ll be happy to help you.","robots":{"index":"index","follow":"follow","max-snippet":"max-snippet:-1","max-image-preview":"max-image-preview:large","max-video-preview":"max-video-preview:-1"},"canonical":"https:\/\/www.k-m.de\/brand\/en\/support\/support\/","og_locale":"en_GB","og_type":"article","og_title":"Contact","og_description":"This is how you can reach us directly. Get the contact details of our contact persons here - or use the contact form. We\u00b4ll be happy to help you.","og_url":"https:\/\/www.k-m.de\/brand\/en\/support\/support\/","og_site_name":"K\u00f6nig &amp; Meyer","article_modified_time":"2023-11-28T10:29:06+00:00","twitter_card":"summary_large_image","twitter_misc":{"Estimated reading time":"1 minute"},"schema":{"@context":"https:\/\/schema.org","@graph":[{"@type":"WebPage","@id":"https:\/\/www.k-m.de\/brand\/en\/support\/support\/","url":"https:\/\/www.k-m.de\/brand\/en\/support\/support\/","name":"Contact - K\u00f6nig &amp; Meyer","isPartOf":{"@id":"https:\/\/www.k-m.de\/brand\/de\/#website"},"datePublished":"2019-06-13T09:30:11+00:00","dateModified":"2023-11-28T10:29:06+00:00","description":"This is how you can reach us directly. Get the contact details of our contact persons here - or use the contact form. We\u00b4ll be happy to help you.","breadcrumb":{"@id":"https:\/\/www.k-m.de\/brand\/en\/support\/support\/#breadcrumb"},"inLanguage":"en-GB","potentialAction":[{"@type":"ReadAction","target":["https:\/\/www.k-m.de\/brand\/en\/support\/support\/"]}]},{"@type":"BreadcrumbList","@id":"https:\/\/www.k-m.de\/brand\/en\/support\/support\/#breadcrumb","itemListElement":[{"@type":"ListItem","position":1,"name":"Startseite","item":"https:\/\/www.k-m.de\/brand\/en\/"},{"@type":"ListItem","position":2,"name":"Support","item":"https:\/\/www.k-m.de\/brand\/en\/support\/"},{"@type":"ListItem","position":3,"name":"Contact"}]},{"@type":"WebSite","@id":"https:\/\/www.k-m.de\/brand\/de\/#website","url":"https:\/\/www.k-m.de\/brand\/de\/","name":"K\u00f6nig & Meyer","description":"K\u00f6nig &amp; Meyer ist ein weltweit f\u00fchrender Hersteller f\u00fcr Musikzubeh\u00f6r. Seit \u00fcber 65 Jahren steht K&amp;M f\u00fcr qualitativ hochwertige Produkte.","publisher":{"@id":"https:\/\/www.k-m.de\/brand\/de\/#organization"},"potentialAction":[{"@type":"SearchAction","target":{"@type":"EntryPoint","urlTemplate":"https:\/\/www.k-m.de\/brand\/de\/?s={search_term_string}"},"query-input":{"@type":"PropertyValueSpecification","valueRequired":true,"valueName":"search_term_string"}}],"inLanguage":"en-GB"},{"@type":"Organization","@id":"https:\/\/www.k-m.de\/brand\/de\/#organization","name":"K\u00f6nig & Meyer","url":"https:\/\/www.k-m.de\/brand\/de\/","logo":{"@type":"ImageObject","inLanguage":"en-GB","@id":"https:\/\/www.k-m.de\/brand\/de\/#\/schema\/logo\/image\/","url":"https:\/\/www.k-m.de\/brand\/wp-content\/uploads\/2023\/01\/KM_1c.tif","contentUrl":"https:\/\/www.k-m.de\/brand\/wp-content\/uploads\/2023\/01\/KM_1c.tif","width":1,"height":1,"caption":"K\u00f6nig & Meyer"},"image":{"@id":"https:\/\/www.k-m.de\/brand\/de\/#\/schema\/logo\/image\/"}}]}},"_links":{"self":[{"href":"https:\/\/www.k-m.de\/brand\/en\/wp-json\/wp\/v2\/pages\/12699","targetHints":{"allow":["GET"]}}],"collection":[{"href":"https:\/\/www.k-m.de\/brand\/en\/wp-json\/wp\/v2\/pages"}],"about":[{"href":"https:\/\/www.k-m.de\/brand\/en\/wp-json\/wp\/v2\/types\/page"}],"author":[{"embeddable":true,"href":"https:\/\/www.k-m.de\/brand\/en\/wp-json\/wp\/v2\/users\/16"}],"replies":[{"embeddable":true,"href":"https:\/\/www.k-m.de\/brand\/en\/wp-json\/wp\/v2\/comments?post=12699"}],"version-history":[{"count":7,"href":"https:\/\/www.k-m.de\/brand\/en\/wp-json\/wp\/v2\/pages\/12699\/revisions"}],"predecessor-version":[{"id":35616,"href":"https:\/\/www.k-m.de\/brand\/en\/wp-json\/wp\/v2\/pages\/12699\/revisions\/35616"}],"up":[{"embeddable":true,"href":"https:\/\/www.k-m.de\/brand\/en\/wp-json\/wp\/v2\/pages\/9511"}],"wp:attachment":[{"href":"https:\/\/www.k-m.de\/brand\/en\/wp-json\/wp\/v2\/media?parent=12699"}],"curies":[{"name":"wp","href":"https:\/\/api.w.org\/{rel}","templated":true}]}}