{"id":9078,"date":"2019-01-19T14:18:23","date_gmt":"2019-01-19T13:18:23","guid":{"rendered":"https:\/\/www.k-m.de\/brand\/?page_id=9078"},"modified":"2024-04-16T10:38:21","modified_gmt":"2024-04-16T08:38:21","slug":"quality","status":"publish","type":"page","link":"https:\/\/www.k-m.de\/brand\/en\/koenig-meyer\/quality\/","title":{"rendered":"Quality"},"content":{"rendered":"<div class=\"wpb-content-wrapper\"><p>[vc_row full_width=&#8221;stretch_row_content_no_spaces&#8221;][vc_column]\n<div class=\"main_teasers owl-carousel owl-theme\">\n\t\t\t\t\t<div class=\"main_teaser main_teaser_light\">\n\t\t\t<div class=\"main_teaser_text\">\n\t\t\t\t\t\t\t\t\t\t\t\t\t\t\t\t\t<a class=\"main_teaser_prev\"><\/a>\n\t\t\t\t\t<a class=\"main_teaser_next\"><\/a>\n\t\t\t\t\t\t\t\t\t\t\t<\/div>\n\t\t\t<img decoding=\"async\" src=\"https:\/\/www.k-m.de\/brand\/wp-content\/uploads\/2019\/03\/Qualitaet_01-2.jpg\" \/>\n\t\t<\/div>\n\t\t\t\t\t<div class=\"main_teaser main_teaser_light\">\n\t\t\t<div class=\"main_teaser_text\">\n\t\t\t\t\t\t\t\t\t\t\t\t\t\t\t\t\t<a class=\"main_teaser_prev\"><\/a>\n\t\t\t\t\t<a class=\"main_teaser_next\"><\/a>\n\t\t\t\t\t\t\t\t\t\t\t<\/div>\n\t\t\t<img decoding=\"async\" src=\"https:\/\/www.k-m.de\/brand\/wp-content\/uploads\/2019\/03\/Qualitaet_02.jpg\" \/>\n\t\t<\/div>\n\t\t\t\t\t<div class=\"main_teaser main_teaser_light\">\n\t\t\t<div class=\"main_teaser_text\">\n\t\t\t\t\t\t\t\t\t\t\t\t\t\t\t\t\t<a class=\"main_teaser_prev\"><\/a>\n\t\t\t\t\t<a class=\"main_teaser_next\"><\/a>\n\t\t\t\t\t\t\t\t\t\t\t<\/div>\n\t\t\t<img decoding=\"async\" src=\"https:\/\/www.k-m.de\/brand\/wp-content\/uploads\/2019\/03\/Qualitaet_03-1.jpg\" \/>\n\t\t<\/div>\n\t<\/div>[\/vc_column][\/vc_row][vc_row el_class=&#8221;content_m&#8221;][vc_column][vc_column_text]<\/p>\n<h1>Precision \u2013 Made in Germany<\/h1>\n<p style=\"text-align: center;\">&#8220;Our total commitment to quality is reflected in our activities at all company levels. New achievements are merely the starting point for something better.&#8221;<\/p>\n<p>[\/vc_column_text][vc_empty_space height=&#8221;50px&#8221;][\/vc_column][\/vc_row][vc_row full_width=&#8221;stretch_row&#8221; el_class=&#8221;content_m bg_light_grey&#8221;][vc_column][vc_column_text]This conviction motivates every individual at K\u00f6nig &amp; Meyer, shapes the culture and determines the processes in the company. It is expressed in an uncompromising focus on premium claims: Only a strong brand with a unique service and the best quality satisfies customers over the long term. Since 2007 our quality management is reviewed and certified annually according to the internationally applicable <a href=\"https:\/\/www.k-m.de\/brand\/wp-content\/uploads\/2021\/07\/KM_ISO9001-2015_21-24_englisch_10.05.2021-1.pdf\" target=\"_blank\" rel=\"noopener\">ISO 9001 quality norm<\/a>.<\/p>\n<h3><\/h3>\n<h3>Made in Germany<\/h3>\n<p>From development and design to final production K\u00f6nig &amp; Meyer offers everything from a single source. In order to achieve durable and reliable quality of our products, we only use precision steel tubes, which are consistent in their dimensions and tolerances. Metal and plastic parts are manufactured in in-house production. For years, we have been developing and building tools and equipment ourselves.<\/p>\n<p>Product responsibility begins with development. With our highly qualified staff, we operate independent research and development. The latest computer technology, short development times and the highest quality standards form the basis for the innovations of tomorrow. The focus is always on benefits for user benefits, sustainability of products and consideration of resource and environmentally friendly production processes.<\/p>\n<p>Through innovative technology, vertical range of manufacture and consistent re-investment in machinery K\u00f6nig &amp; Meyer achieves the flexibility to respond quickly and straightforwardly to customer needs and market requirements.[\/vc_column_text][\/vc_column][\/vc_row][vc_row el_class=&#8221;text_img_boxes content_l&#8221;][vc_column][vc_single_image image=&#8221;108&#8243; img_size=&#8221;full&#8221;][vc_column_text]<\/p>\n<h2>Our Guaranty<\/h2>\n<p>Our products have a 5 year guaranty. In addition, we offer a replacement part service on all our catalogue products for 10 years.[\/vc_column_text][\/vc_column][\/vc_row]<\/p>\n<\/div>","protected":false},"excerpt":{"rendered":"<p>[vc_row full_width=&#8221;stretch_row_content_no_spaces&#8221;][vc_column][\/vc_column][\/vc_row][vc_row el_class=&#8221;content_m&#8221;][vc_column][vc_column_text] Precision \u2013 Made in Germany &#8220;Our total commitment to quality is reflected in our activities at all<span class=\"read_more\">Mehr erfahren<\/span><\/p>\n","protected":false},"author":9,"featured_media":11389,"parent":10421,"menu_order":87,"comment_status":"closed","ping_status":"closed","template":"","meta":{"footnotes":""},"class_list":["post-9078","page","type-page","status-publish","format-standard","has-post-thumbnail","hentry"],"better_featured_image":{"id":11389,"alt_text":"","caption":"","description":"","media_type":"image","media_details":{"width":1800,"height":900,"file":"2019\/03\/Qualitaet_01-2.jpg","sizes":{"thumbnail":{"file":"Qualitaet_01-2-800x480.jpg","width":800,"height":480,"mime-type":"image\/jpeg","source_url":"https:\/\/www.k-m.de\/brand\/wp-content\/uploads\/2019\/03\/Qualitaet_01-2-800x480.jpg"},"medium":{"file":"Qualitaet_01-2-600x300.jpg","width":600,"height":300,"mime-type":"image\/jpeg","source_url":"https:\/\/www.k-m.de\/brand\/wp-content\/uploads\/2019\/03\/Qualitaet_01-2-600x300.jpg"},"medium_large":{"file":"Qualitaet_01-2-768x384.jpg","width":768,"height":384,"mime-type":"image\/jpeg","source_url":"https:\/\/www.k-m.de\/brand\/wp-content\/uploads\/2019\/03\/Qualitaet_01-2-768x384.jpg"},"large":{"file":"Qualitaet_01-2-1024x512.jpg","width":1024,"height":512,"mime-type":"image\/jpeg","source_url":"https:\/\/www.k-m.de\/brand\/wp-content\/uploads\/2019\/03\/Qualitaet_01-2-1024x512.jpg"},"post-thumbnail":{"file":"Qualitaet_01-2-800x480.jpg","width":800,"height":480,"mime-type":"image\/jpeg","source_url":"https:\/\/www.k-m.de\/brand\/wp-content\/uploads\/2019\/03\/Qualitaet_01-2-800x480.jpg"},"medium_cropped":{"file":"Qualitaet_01-2-600x600.jpg","width":600,"height":600,"mime-type":"image\/jpeg","source_url":"https:\/\/www.k-m.de\/brand\/wp-content\/uploads\/2019\/03\/Qualitaet_01-2-600x600.jpg"},"large_cropped":{"file":"Qualitaet_01-2-1200x720.jpg","width":1200,"height":720,"mime-type":"image\/jpeg","source_url":"https:\/\/www.k-m.de\/brand\/wp-content\/uploads\/2019\/03\/Qualitaet_01-2-1200x720.jpg"},"very_large":{"file":"Qualitaet_01-2-1800x900.jpg","width":1800,"height":900,"mime-type":"image\/jpeg","source_url":"https:\/\/www.k-m.de\/brand\/wp-content\/uploads\/2019\/03\/Qualitaet_01-2-1800x900.jpg"},"x_large_cropped":{"file":"Qualitaet_01-2-2200x1100.jpg","width":2200,"height":1100,"mime-type":"image\/jpeg","source_url":"https:\/\/www.k-m.de\/brand\/wp-content\/uploads\/2019\/03\/Qualitaet_01-2-2200x1100.jpg"},"landingpage_thumb":{"file":"Qualitaet_01-2-600x300.jpg","width":600,"height":300,"mime-type":"image\/jpeg","source_url":"https:\/\/www.k-m.de\/brand\/wp-content\/uploads\/2019\/03\/Qualitaet_01-2-600x300.jpg"},"profile_24":{"file":"Qualitaet_01-2-24x24.jpg","width":24,"height":24,"mime-type":"image\/jpeg","source_url":"https:\/\/www.k-m.de\/brand\/wp-content\/uploads\/2019\/03\/Qualitaet_01-2-24x24.jpg"},"profile_48":{"file":"Qualitaet_01-2-48x48.jpg","width":48,"height":48,"mime-type":"image\/jpeg","source_url":"https:\/\/www.k-m.de\/brand\/wp-content\/uploads\/2019\/03\/Qualitaet_01-2-48x48.jpg"},"profile_96":{"file":"Qualitaet_01-2-96x96.jpg","width":96,"height":96,"mime-type":"image\/jpeg","source_url":"https:\/\/www.k-m.de\/brand\/wp-content\/uploads\/2019\/03\/Qualitaet_01-2-96x96.jpg"}},"image_meta":{"aperture":"0","credit":"","camera":"","caption":"","created_timestamp":"0","copyright":"","focal_length":"0","iso":"0","shutter_speed":"0","title":"","orientation":"0","keywords":[]}},"post":9078,"source_url":"https:\/\/www.k-m.de\/brand\/wp-content\/uploads\/2019\/03\/Qualitaet_01-2.jpg"},"yoast_head":"<!-- This site is optimized with the Yoast SEO Premium plugin v26.8 (Yoast SEO v26.9) - https:\/\/yoast.com\/product\/yoast-seo-premium-wordpress\/ -->\n<title>Quality - K\u00f6nig &amp; Meyer<\/title>\n<meta name=\"description\" content=\"Our total commitment to quality is reflected in our activities at all company levels. New achievements are merely the starting point for something better.\" \/>\n<meta name=\"robots\" content=\"index, follow, max-snippet:-1, max-image-preview:large, max-video-preview:-1\" \/>\n<link rel=\"canonical\" href=\"https:\/\/www.k-m.de\/brand\/en\/koenig-meyer\/quality\/\" \/>\n<meta property=\"og:locale\" content=\"en_GB\" \/>\n<meta property=\"og:type\" content=\"article\" \/>\n<meta property=\"og:title\" content=\"Quality\" \/>\n<meta property=\"og:description\" content=\"Our total commitment to quality is reflected in our activities at all company levels. New achievements are merely the starting point for something better.\" \/>\n<meta property=\"og:url\" content=\"https:\/\/www.k-m.de\/brand\/en\/koenig-meyer\/quality\/\" \/>\n<meta property=\"og:site_name\" content=\"K\u00f6nig &amp; Meyer\" \/>\n<meta property=\"article:modified_time\" content=\"2024-04-16T08:38:21+00:00\" \/>\n<meta property=\"og:image\" content=\"https:\/\/www.k-m.de\/brand\/wp-content\/uploads\/2019\/03\/Qualitaet_01-2.jpg\" \/>\n\t<meta property=\"og:image:width\" content=\"1800\" \/>\n\t<meta property=\"og:image:height\" content=\"900\" \/>\n\t<meta property=\"og:image:type\" content=\"image\/jpeg\" \/>\n<meta name=\"twitter:card\" content=\"summary_large_image\" \/>\n<meta name=\"twitter:label1\" content=\"Estimated reading time\" \/>\n\t<meta name=\"twitter:data1\" content=\"2 minutes\" \/>\n<script type=\"application\/ld+json\" class=\"yoast-schema-graph\">{\"@context\":\"https:\/\/schema.org\",\"@graph\":[{\"@type\":\"WebPage\",\"@id\":\"https:\/\/www.k-m.de\/brand\/en\/koenig-meyer\/quality\/\",\"url\":\"https:\/\/www.k-m.de\/brand\/en\/koenig-meyer\/quality\/\",\"name\":\"Quality - K\u00f6nig &amp; Meyer\",\"isPartOf\":{\"@id\":\"https:\/\/www.k-m.de\/brand\/de\/#website\"},\"primaryImageOfPage\":{\"@id\":\"https:\/\/www.k-m.de\/brand\/en\/koenig-meyer\/quality\/#primaryimage\"},\"image\":{\"@id\":\"https:\/\/www.k-m.de\/brand\/en\/koenig-meyer\/quality\/#primaryimage\"},\"thumbnailUrl\":\"https:\/\/www.k-m.de\/brand\/wp-content\/uploads\/2019\/03\/Qualitaet_01-2.jpg\",\"datePublished\":\"2019-01-19T13:18:23+00:00\",\"dateModified\":\"2024-04-16T08:38:21+00:00\",\"description\":\"Our total commitment to quality is reflected in our activities at all company levels. New achievements are merely the starting point for something better.\",\"breadcrumb\":{\"@id\":\"https:\/\/www.k-m.de\/brand\/en\/koenig-meyer\/quality\/#breadcrumb\"},\"inLanguage\":\"en-GB\",\"potentialAction\":[{\"@type\":\"ReadAction\",\"target\":[\"https:\/\/www.k-m.de\/brand\/en\/koenig-meyer\/quality\/\"]}]},{\"@type\":\"ImageObject\",\"inLanguage\":\"en-GB\",\"@id\":\"https:\/\/www.k-m.de\/brand\/en\/koenig-meyer\/quality\/#primaryimage\",\"url\":\"https:\/\/www.k-m.de\/brand\/wp-content\/uploads\/2019\/03\/Qualitaet_01-2.jpg\",\"contentUrl\":\"https:\/\/www.k-m.de\/brand\/wp-content\/uploads\/2019\/03\/Qualitaet_01-2.jpg\",\"width\":1800,\"height\":900},{\"@type\":\"BreadcrumbList\",\"@id\":\"https:\/\/www.k-m.de\/brand\/en\/koenig-meyer\/quality\/#breadcrumb\",\"itemListElement\":[{\"@type\":\"ListItem\",\"position\":1,\"name\":\"Startseite\",\"item\":\"https:\/\/www.k-m.de\/brand\/en\/\"},{\"@type\":\"ListItem\",\"position\":2,\"name\":\"K\u00f6nig &#038; Meyer\",\"item\":\"https:\/\/www.k-m.de\/brand\/en\/koenig-meyer\/\"},{\"@type\":\"ListItem\",\"position\":3,\"name\":\"Quality\"}]},{\"@type\":\"WebSite\",\"@id\":\"https:\/\/www.k-m.de\/brand\/de\/#website\",\"url\":\"https:\/\/www.k-m.de\/brand\/de\/\",\"name\":\"K\u00f6nig & Meyer\",\"description\":\"K\u00f6nig &amp; Meyer ist ein weltweit f\u00fchrender Hersteller f\u00fcr Musikzubeh\u00f6r. Seit \u00fcber 65 Jahren steht K&amp;M f\u00fcr qualitativ hochwertige Produkte.\",\"publisher\":{\"@id\":\"https:\/\/www.k-m.de\/brand\/de\/#organization\"},\"potentialAction\":[{\"@type\":\"SearchAction\",\"target\":{\"@type\":\"EntryPoint\",\"urlTemplate\":\"https:\/\/www.k-m.de\/brand\/de\/?s={search_term_string}\"},\"query-input\":{\"@type\":\"PropertyValueSpecification\",\"valueRequired\":true,\"valueName\":\"search_term_string\"}}],\"inLanguage\":\"en-GB\"},{\"@type\":\"Organization\",\"@id\":\"https:\/\/www.k-m.de\/brand\/de\/#organization\",\"name\":\"K\u00f6nig & Meyer\",\"url\":\"https:\/\/www.k-m.de\/brand\/de\/\",\"logo\":{\"@type\":\"ImageObject\",\"inLanguage\":\"en-GB\",\"@id\":\"https:\/\/www.k-m.de\/brand\/de\/#\/schema\/logo\/image\/\",\"url\":\"https:\/\/www.k-m.de\/brand\/wp-content\/uploads\/2023\/01\/KM_1c.tif\",\"contentUrl\":\"https:\/\/www.k-m.de\/brand\/wp-content\/uploads\/2023\/01\/KM_1c.tif\",\"width\":1,\"height\":1,\"caption\":\"K\u00f6nig & Meyer\"},\"image\":{\"@id\":\"https:\/\/www.k-m.de\/brand\/de\/#\/schema\/logo\/image\/\"}}]}<\/script>\n<!-- \/ Yoast SEO Premium plugin. -->","yoast_head_json":{"title":"Quality - K\u00f6nig &amp; Meyer","description":"Our total commitment to quality is reflected in our activities at all company levels. New achievements are merely the starting point for something better.","robots":{"index":"index","follow":"follow","max-snippet":"max-snippet:-1","max-image-preview":"max-image-preview:large","max-video-preview":"max-video-preview:-1"},"canonical":"https:\/\/www.k-m.de\/brand\/en\/koenig-meyer\/quality\/","og_locale":"en_GB","og_type":"article","og_title":"Quality","og_description":"Our total commitment to quality is reflected in our activities at all company levels. New achievements are merely the starting point for something better.","og_url":"https:\/\/www.k-m.de\/brand\/en\/koenig-meyer\/quality\/","og_site_name":"K\u00f6nig &amp; Meyer","article_modified_time":"2024-04-16T08:38:21+00:00","og_image":[{"width":1800,"height":900,"url":"https:\/\/www.k-m.de\/brand\/wp-content\/uploads\/2019\/03\/Qualitaet_01-2.jpg","type":"image\/jpeg"}],"twitter_card":"summary_large_image","twitter_misc":{"Estimated reading time":"2 minutes"},"schema":{"@context":"https:\/\/schema.org","@graph":[{"@type":"WebPage","@id":"https:\/\/www.k-m.de\/brand\/en\/koenig-meyer\/quality\/","url":"https:\/\/www.k-m.de\/brand\/en\/koenig-meyer\/quality\/","name":"Quality - K\u00f6nig &amp; Meyer","isPartOf":{"@id":"https:\/\/www.k-m.de\/brand\/de\/#website"},"primaryImageOfPage":{"@id":"https:\/\/www.k-m.de\/brand\/en\/koenig-meyer\/quality\/#primaryimage"},"image":{"@id":"https:\/\/www.k-m.de\/brand\/en\/koenig-meyer\/quality\/#primaryimage"},"thumbnailUrl":"https:\/\/www.k-m.de\/brand\/wp-content\/uploads\/2019\/03\/Qualitaet_01-2.jpg","datePublished":"2019-01-19T13:18:23+00:00","dateModified":"2024-04-16T08:38:21+00:00","description":"Our total commitment to quality is reflected in our activities at all company levels. New achievements are merely the starting point for something better.","breadcrumb":{"@id":"https:\/\/www.k-m.de\/brand\/en\/koenig-meyer\/quality\/#breadcrumb"},"inLanguage":"en-GB","potentialAction":[{"@type":"ReadAction","target":["https:\/\/www.k-m.de\/brand\/en\/koenig-meyer\/quality\/"]}]},{"@type":"ImageObject","inLanguage":"en-GB","@id":"https:\/\/www.k-m.de\/brand\/en\/koenig-meyer\/quality\/#primaryimage","url":"https:\/\/www.k-m.de\/brand\/wp-content\/uploads\/2019\/03\/Qualitaet_01-2.jpg","contentUrl":"https:\/\/www.k-m.de\/brand\/wp-content\/uploads\/2019\/03\/Qualitaet_01-2.jpg","width":1800,"height":900},{"@type":"BreadcrumbList","@id":"https:\/\/www.k-m.de\/brand\/en\/koenig-meyer\/quality\/#breadcrumb","itemListElement":[{"@type":"ListItem","position":1,"name":"Startseite","item":"https:\/\/www.k-m.de\/brand\/en\/"},{"@type":"ListItem","position":2,"name":"K\u00f6nig &#038; Meyer","item":"https:\/\/www.k-m.de\/brand\/en\/koenig-meyer\/"},{"@type":"ListItem","position":3,"name":"Quality"}]},{"@type":"WebSite","@id":"https:\/\/www.k-m.de\/brand\/de\/#website","url":"https:\/\/www.k-m.de\/brand\/de\/","name":"K\u00f6nig & Meyer","description":"K\u00f6nig &amp; Meyer ist ein weltweit f\u00fchrender Hersteller f\u00fcr Musikzubeh\u00f6r. Seit \u00fcber 65 Jahren steht K&amp;M f\u00fcr qualitativ hochwertige Produkte.","publisher":{"@id":"https:\/\/www.k-m.de\/brand\/de\/#organization"},"potentialAction":[{"@type":"SearchAction","target":{"@type":"EntryPoint","urlTemplate":"https:\/\/www.k-m.de\/brand\/de\/?s={search_term_string}"},"query-input":{"@type":"PropertyValueSpecification","valueRequired":true,"valueName":"search_term_string"}}],"inLanguage":"en-GB"},{"@type":"Organization","@id":"https:\/\/www.k-m.de\/brand\/de\/#organization","name":"K\u00f6nig & Meyer","url":"https:\/\/www.k-m.de\/brand\/de\/","logo":{"@type":"ImageObject","inLanguage":"en-GB","@id":"https:\/\/www.k-m.de\/brand\/de\/#\/schema\/logo\/image\/","url":"https:\/\/www.k-m.de\/brand\/wp-content\/uploads\/2023\/01\/KM_1c.tif","contentUrl":"https:\/\/www.k-m.de\/brand\/wp-content\/uploads\/2023\/01\/KM_1c.tif","width":1,"height":1,"caption":"K\u00f6nig & Meyer"},"image":{"@id":"https:\/\/www.k-m.de\/brand\/de\/#\/schema\/logo\/image\/"}}]}},"_links":{"self":[{"href":"https:\/\/www.k-m.de\/brand\/en\/wp-json\/wp\/v2\/pages\/9078","targetHints":{"allow":["GET"]}}],"collection":[{"href":"https:\/\/www.k-m.de\/brand\/en\/wp-json\/wp\/v2\/pages"}],"about":[{"href":"https:\/\/www.k-m.de\/brand\/en\/wp-json\/wp\/v2\/types\/page"}],"author":[{"embeddable":true,"href":"https:\/\/www.k-m.de\/brand\/en\/wp-json\/wp\/v2\/users\/9"}],"replies":[{"embeddable":true,"href":"https:\/\/www.k-m.de\/brand\/en\/wp-json\/wp\/v2\/comments?post=9078"}],"version-history":[{"count":7,"href":"https:\/\/www.k-m.de\/brand\/en\/wp-json\/wp\/v2\/pages\/9078\/revisions"}],"predecessor-version":[{"id":16225,"href":"https:\/\/www.k-m.de\/brand\/en\/wp-json\/wp\/v2\/pages\/9078\/revisions\/16225"}],"up":[{"embeddable":true,"href":"https:\/\/www.k-m.de\/brand\/en\/wp-json\/wp\/v2\/pages\/10421"}],"wp:featuredmedia":[{"embeddable":true,"href":"https:\/\/www.k-m.de\/brand\/en\/wp-json\/wp\/v2\/media\/11389"}],"wp:attachment":[{"href":"https:\/\/www.k-m.de\/brand\/en\/wp-json\/wp\/v2\/media?parent=9078"}],"curies":[{"name":"wp","href":"https:\/\/api.w.org\/{rel}","templated":true}]}}