{"id":9082,"date":"2019-02-04T11:10:05","date_gmt":"2019-02-04T10:10:05","guid":{"rendered":"https:\/\/www.k-m.de\/brand\/?page_id=9082"},"modified":"2024-10-25T09:35:32","modified_gmt":"2024-10-25T07:35:32","slug":"company","status":"publish","type":"page","link":"https:\/\/www.k-m.de\/brand\/en\/koenig-meyer\/company\/","title":{"rendered":"Company"},"content":{"rendered":"<div class=\"wpb-content-wrapper\"><p>[vc_row full_width=&#8221;stretch_row_content_no_spaces&#8221;][vc_column]\n<div class=\"main_teasers owl-carousel owl-theme\">\n\t\t\t\t\t<div class=\"main_teaser main_teaser_light\">\n\t\t\t<div class=\"main_teaser_text\">\n\t\t\t\t\t\t\t\t\t\t\t\t\t\t\t\t\t<a class=\"main_teaser_prev\"><\/a>\n\t\t\t\t\t<a class=\"main_teaser_next\"><\/a>\n\t\t\t\t\t\t\t\t\t\t\t<\/div>\n\t\t\t<img decoding=\"async\" src=\"https:\/\/www.k-m.de\/brand\/wp-content\/uploads\/2019\/03\/Unternehmen_01.jpg\" \/>\n\t\t<\/div>\n\t\t\t\t\t<div class=\"main_teaser main_teaser_light\">\n\t\t\t<div class=\"main_teaser_text\">\n\t\t\t\t\t\t\t\t\t\t\t\t\t\t\t\t\t<a class=\"main_teaser_prev\"><\/a>\n\t\t\t\t\t<a class=\"main_teaser_next\"><\/a>\n\t\t\t\t\t\t\t\t\t\t\t\t\t<a class=\"main_teaser_video open_video_layer\" href=\"https:\/\/www.k-m.de\/cdn\/imagefilm_unternehmen\/KM_image_video_2020.mp4\"><i class=\"fal fa-play\"><\/i> Watch video<\/a> \n\t\t\t\t\t\t\t<\/div>\n\t\t\t<img decoding=\"async\" src=\"https:\/\/www.k-m.de\/brand\/wp-content\/uploads\/2019\/03\/Unternehmen_02.jpg\" \/>\n\t\t<\/div>\n\t\t\t\t\t<div class=\"main_teaser main_teaser_light\">\n\t\t\t<div class=\"main_teaser_text\">\n\t\t\t\t\t\t\t\t\t\t\t\t\t\t\t\t\t<a class=\"main_teaser_prev\"><\/a>\n\t\t\t\t\t<a class=\"main_teaser_next\"><\/a>\n\t\t\t\t\t\t\t\t\t\t\t<\/div>\n\t\t\t<img decoding=\"async\" src=\"https:\/\/www.k-m.de\/brand\/wp-content\/uploads\/2019\/03\/Unternehmen_03-1.jpg\" \/>\n\t\t<\/div>\n\t<\/div>[\/vc_column][\/vc_row][vc_row el_class=&#8221;content_s&#8221;][vc_column][vc_column_text]<\/p>\n<h1>Stands For Your Music<\/h1>\n<h3>since 1949<\/h3>\n<p style=\"text-align: center;\">&#8220;Our philosophy is to manufacture high quality and durable products in an environmentally friendly manner, so that musicians worldwide can concentrate on what\u2019s essential \u2014 their music.&#8221;<\/p>\n<p>[\/vc_column_text][vc_empty_space height=&#8221;50px&#8221;][\/vc_column][\/vc_row][vc_row][vc_column]\n<div class=\"km_video\">\n\t<a class=\"open_video_layer\" href=\"https:\/\/www.k-m.de\/cdn\/imagefilm_unternehmen\/KM_image_video_2020.mp4\">\n\t\t\t\t<i class=\"fal fa-play\"><\/i>\n\t\t<img decoding=\"async\" src=\"https:\/\/www.k-m.de\/brand\/wp-content\/uploads\/2019\/03\/Unternehmen_02.jpg\" \/>\n\t<\/a>\n<\/div>[vc_empty_space height=&#8221;50px&#8221;][vc_empty_space height=&#8221;50px&#8221;][\/vc_column][\/vc_row][vc_row full_width=&#8221;stretch_row&#8221; el_class=&#8221;content_m bg_light_grey&#8221;][vc_column][vc_column_text css=&#8221;&#8221;]For 75 years, we have made it our mission to provide musicians around the world with products that feature innovative design, functionality and durability. In other words: Music is what we stand for.<\/p>\n<p>&nbsp;<\/p>\n<p>Our product range includes music stands, microphone and instrument stands, speaker stands, drum thrones, stools and benches as well as accessories for lighting, sound and studio equipment. We are open to the latest trends and the way music will be made in the future. Products for the multimedia segment are as much a part of our portfolio as products that set standards decades ago and have established themselves as true classics.<\/p>\n<p>&nbsp;<\/p>\n<p>From Wertheim to the world is our philosophy: According to our quality standards, almost all metal and plastic parts of our products are manufactured in-house. We understand Made in Germany production to be more than just innovative spirit and quality products, but also the training, education and fair pay of our skilled workers and the use of efficient and resource-saving technologies. We believe that we are also economically successful if we protect the environment of future generations and offer people secure jobs. We have already received several awards for these efforts.<\/p>\n<p>&nbsp;<\/p>\n<p>So, we don&#8217;t just stand for music. We stand for sustainable production. For secure jobs. For reliable products. For innovative ideas. And for products that people enjoy using.[\/vc_column_text][\/vc_column][\/vc_row][vc_row el_class=&#8221;management&#8221;][vc_column][vc_custom_heading text=&#8221;Management&#8221; font_container=&#8221;tag:h2|text_align:center&#8221; use_theme_fonts=&#8221;yes&#8221;][vc_row_inner][vc_column_inner width=&#8221;1\/3&#8243;][vc_single_image image=&#8221;11117&#8243; img_size=&#8221;300&#215;300&#8243; alignment=&#8221;center&#8221; style=&#8221;vc_box_circle&#8221;][vc_column_text]<\/p>\n<h3>Martin K\u00f6nig<\/h3>\n<p style=\"text-align: center;\">\u271d January 4, 2023<br \/>\nPresident<\/p>\n<p>[\/vc_column_text][\/vc_column_inner][vc_column_inner width=&#8221;1\/3&#8243;][vc_single_image image=&#8221;11127&#8243; img_size=&#8221;300&#215;300&#8243; alignment=&#8221;center&#8221; style=&#8221;vc_box_circle&#8221;][vc_column_text]<\/p>\n<h3>Gabriela K\u00f6nig<\/h3>\n<p style=\"text-align: center;\">CEO<\/p>\n<p>[\/vc_column_text][\/vc_column_inner][vc_column_inner width=&#8221;1\/3&#8243;][vc_single_image image=&#8221;11120&#8243; img_size=&#8221;300&#215;300&#8243; alignment=&#8221;center&#8221; style=&#8221;vc_box_circle&#8221;][vc_column_text]<\/p>\n<h3>Heiko Wolz<\/h3>\n<p style=\"text-align: center;\">CTO<\/p>\n<p>[\/vc_column_text][\/vc_column_inner][\/vc_row_inner][\/vc_column][\/vc_row][vc_row][vc_column][vc_separator][\/vc_column][\/vc_row][vc_row el_class=&#8221;text_icon_boxes&#8221;][vc_column][vc_custom_heading text=&#8221;The following principles are the basis of our work:&#8221; font_container=&#8221;tag:h2|text_align:center&#8221; use_theme_fonts=&#8221;yes&#8221;][vc_row_inner][vc_column_inner width=&#8221;1\/2&#8243;][vc_single_image image=&#8221;91&#8243; img_size=&#8221;full&#8221;][vc_column_text]<\/p>\n<h3>Customer satisfaction and quality<\/h3>\n<p>We aim to offer our customers the highest quality products, services and solutions at attractive prices, thereby achieving long-term partnerships. We orientate ourselves around customer requirements, shape our business processes effectively and efficiently and continuously improve our quality..[\/vc_column_text][vc_single_image image=&#8221;90&#8243;][vc_column_text]<\/p>\n<h3>Employee satisfaction and work safety<\/h3>\n<p>We want our employees to find satisfaction and fulfilment in their work. A performance-based employment and a creative work environment, in which both the diversity and individuality of each person is esteemed, are just as important as safety. The safety and health of employees as well as third parties must be ensured in all working conditions and production processes. Preventing accident and injury, as well as improving health in the work place, is actively promoted.[\/vc_column_text][vc_single_image image=&#8221;89&#8243; img_size=&#8221;full&#8221;][vc_column_text]<\/p>\n<h3>Profit<\/h3>\n<p>We aim to generate sufficient profit to finance further growth of the operation and to allocate resources needed to achieve other corporate objectives. Prerequisites for success are always modern technical equipment and the rigorous training of our staff.[\/vc_column_text][\/vc_column_inner][vc_column_inner width=&#8221;1\/2&#8243;][vc_single_image image=&#8221;88&#8243;][vc_column_text]<\/p>\n<h3>Environment<\/h3>\n<p>Responsible handling of our planet\u2019s resources is the basis for successful and sustainable operations and maintaining a livable environment. Environmental aspects are considered in the planning of new products, activities and procedures. Environmental impacts are minimized or avoided at all levels in the plant by continuously improving processes and procedures. Besides cooperation with competent authorities, we inform the public about our environmental activities. We commit ourselves on the one hand to complying with all relevant environmental legislation and on the other hand to reviewing our environmental management system..[\/vc_column_text][vc_single_image image=&#8221;87&#8243;][vc_column_text]<\/p>\n<h3>Market Leadership<\/h3>\n<p>Markets where we are already represented with meaningful and innovative products and designs are a top priority. We also want to venture into new areas and markets, building on our technologies and expertise. The high reputation of the K\u00f6nig &amp; Meyer brand shall be preserved and expanded.[\/vc_column_text][\/vc_column_inner][\/vc_row_inner][\/vc_column][\/vc_row][vc_row][vc_column][vc_separator][\/vc_column][\/vc_row][vc_row el_class=&#8221;content_m&#8221;][vc_column][vc_custom_heading text=&#8221;Overview&#8221; font_container=&#8221;tag:h2|text_align:center&#8221; use_theme_fonts=&#8221;yes&#8221;][vc_column_text]<\/p>\n<table>\n<tbody>\n<tr>\n<td width=\"20%\">Foundation:<\/td>\n<td>1949<\/td>\n<\/tr>\n<tr>\n<td>Location:<\/td>\n<td>Wertheim\/Main<\/td>\n<\/tr>\n<tr>\n<td>Employees:<\/td>\n<td>300<\/td>\n<\/tr>\n<tr>\n<td>Certificates:<\/td>\n<td><a href=\"https:\/\/www.k-m.de\/brand\/wp-content\/uploads\/2021\/07\/EMAS-1221-gueltig-bis-16.-Juni-2024.pdf\" target=\"_blank\" rel=\"noopener noreferrer\">EMAS III (No. 1221\/2009)<\/a><br \/>\n<a href=\"https:\/\/www.k-m.de\/brand\/wp-content\/uploads\/2021\/07\/ISO-14001_Koenig-Meyer_2021_engl_sign-1.pdf\" target=\"_blank\" rel=\"noopener noreferrer\">DIN EN ISO 14001 environment audit certificate<\/a><br \/>\n<a href=\"https:\/\/www.k-m.de\/brand\/wp-content\/uploads\/2021\/07\/KM_ISO9001-2015_21-24_englisch_10.05.2021-1.pdf\" target=\"_blank\" rel=\"noopener noreferrer\">DIN EN ISO 9001 quality management audit certificate<\/a><\/td>\n<\/tr>\n<tr>\n<td>Products:<\/td>\n<td>music stands<br \/>\nstands for instruments<br \/>\ndrummer\u00b4s thrones<br \/>\nkeyboard tables<br \/>\n19&#8243; equipment<br \/>\nmicrophone stands<br \/>\nspeaker stands<br \/>\nlightning stands<br \/>\nmonitor stands<br \/>\nmultimedia<br \/>\nshop fittings<br \/>\nmerchandise<\/td>\n<\/tr>\n<\/tbody>\n<\/table>\n<p>[\/vc_column_text][\/vc_column][\/vc_row]<\/p>\n<\/div>","protected":false},"excerpt":{"rendered":"<p>[vc_row full_width=&#8221;stretch_row_content_no_spaces&#8221;][vc_column][\/vc_column][\/vc_row][vc_row el_class=&#8221;content_s&#8221;][vc_column][vc_column_text] Stands For Your Music since 1949 &#8220;Our philosophy is to manufacture high quality and durable products in<span class=\"read_more\">Mehr erfahren<\/span><\/p>\n","protected":false},"author":9,"featured_media":11330,"parent":10421,"menu_order":96,"comment_status":"closed","ping_status":"closed","template":"","meta":{"footnotes":""},"class_list":["post-9082","page","type-page","status-publish","format-standard","has-post-thumbnail","hentry"],"better_featured_image":{"id":11330,"alt_text":"","caption":"","description":"","media_type":"image","media_details":{"width":1800,"height":900,"file":"2019\/03\/Unternehmen_01.jpg","sizes":{"thumbnail":{"file":"Unternehmen_01-800x480.jpg","width":800,"height":480,"mime-type":"image\/jpeg","source_url":"https:\/\/www.k-m.de\/brand\/wp-content\/uploads\/2019\/03\/Unternehmen_01-800x480.jpg"},"medium":{"file":"Unternehmen_01-600x300.jpg","width":600,"height":300,"mime-type":"image\/jpeg","source_url":"https:\/\/www.k-m.de\/brand\/wp-content\/uploads\/2019\/03\/Unternehmen_01-600x300.jpg"},"medium_large":{"file":"Unternehmen_01-768x384.jpg","width":768,"height":384,"mime-type":"image\/jpeg","source_url":"https:\/\/www.k-m.de\/brand\/wp-content\/uploads\/2019\/03\/Unternehmen_01-768x384.jpg"},"large":{"file":"Unternehmen_01-1024x512.jpg","width":1024,"height":512,"mime-type":"image\/jpeg","source_url":"https:\/\/www.k-m.de\/brand\/wp-content\/uploads\/2019\/03\/Unternehmen_01-1024x512.jpg"},"post-thumbnail":{"file":"Unternehmen_01-800x480.jpg","width":800,"height":480,"mime-type":"image\/jpeg","source_url":"https:\/\/www.k-m.de\/brand\/wp-content\/uploads\/2019\/03\/Unternehmen_01-800x480.jpg"},"medium_cropped":{"file":"Unternehmen_01-600x600.jpg","width":600,"height":600,"mime-type":"image\/jpeg","source_url":"https:\/\/www.k-m.de\/brand\/wp-content\/uploads\/2019\/03\/Unternehmen_01-600x600.jpg"},"large_cropped":{"file":"Unternehmen_01-1200x720.jpg","width":1200,"height":720,"mime-type":"image\/jpeg","source_url":"https:\/\/www.k-m.de\/brand\/wp-content\/uploads\/2019\/03\/Unternehmen_01-1200x720.jpg"},"very_large":{"file":"Unternehmen_01-1800x900.jpg","width":1800,"height":900,"mime-type":"image\/jpeg","source_url":"https:\/\/www.k-m.de\/brand\/wp-content\/uploads\/2019\/03\/Unternehmen_01-1800x900.jpg"},"x_large_cropped":{"file":"Unternehmen_01-2200x1100.jpg","width":2200,"height":1100,"mime-type":"image\/jpeg","source_url":"https:\/\/www.k-m.de\/brand\/wp-content\/uploads\/2019\/03\/Unternehmen_01-2200x1100.jpg"},"landingpage_thumb":{"file":"Unternehmen_01-600x300.jpg","width":600,"height":300,"mime-type":"image\/jpeg","source_url":"https:\/\/www.k-m.de\/brand\/wp-content\/uploads\/2019\/03\/Unternehmen_01-600x300.jpg"},"profile_24":{"file":"Unternehmen_01-24x24.jpg","width":24,"height":24,"mime-type":"image\/jpeg","source_url":"https:\/\/www.k-m.de\/brand\/wp-content\/uploads\/2019\/03\/Unternehmen_01-24x24.jpg"},"profile_48":{"file":"Unternehmen_01-48x48.jpg","width":48,"height":48,"mime-type":"image\/jpeg","source_url":"https:\/\/www.k-m.de\/brand\/wp-content\/uploads\/2019\/03\/Unternehmen_01-48x48.jpg"},"profile_96":{"file":"Unternehmen_01-96x96.jpg","width":96,"height":96,"mime-type":"image\/jpeg","source_url":"https:\/\/www.k-m.de\/brand\/wp-content\/uploads\/2019\/03\/Unternehmen_01-96x96.jpg"}},"image_meta":{"aperture":"0","credit":"","camera":"","caption":"","created_timestamp":"0","copyright":"","focal_length":"0","iso":"0","shutter_speed":"0","title":"","orientation":"0","keywords":[]}},"post":10421,"source_url":"https:\/\/www.k-m.de\/brand\/wp-content\/uploads\/2019\/03\/Unternehmen_01.jpg"},"yoast_head":"<!-- This site is optimized with the Yoast SEO Premium plugin v26.8 (Yoast SEO v26.9) - https:\/\/yoast.com\/product\/yoast-seo-premium-wordpress\/ -->\n<title>Company - K\u00f6nig &amp; Meyer<\/title>\n<meta name=\"description\" content=\"At K\u00f6nig &amp; Meyer, we give our very best so that musicians worldwide can concentrate on what\u2019s essential \u2014 their music\" \/>\n<meta name=\"robots\" content=\"index, follow, max-snippet:-1, max-image-preview:large, max-video-preview:-1\" \/>\n<link rel=\"canonical\" href=\"https:\/\/www.k-m.de\/brand\/en\/koenig-meyer\/company\/\" \/>\n<meta property=\"og:locale\" content=\"en_GB\" \/>\n<meta property=\"og:type\" content=\"article\" \/>\n<meta property=\"og:title\" content=\"Company\" \/>\n<meta property=\"og:description\" content=\"At K\u00f6nig &amp; Meyer, we give our very best so that musicians worldwide can concentrate on what\u2019s essential \u2014 their music\" \/>\n<meta property=\"og:url\" content=\"https:\/\/www.k-m.de\/brand\/en\/koenig-meyer\/company\/\" \/>\n<meta property=\"og:site_name\" content=\"K\u00f6nig &amp; Meyer\" \/>\n<meta property=\"article:modified_time\" content=\"2024-10-25T07:35:32+00:00\" \/>\n<meta property=\"og:image\" content=\"https:\/\/www.k-m.de\/brand\/wp-content\/uploads\/2019\/03\/Unternehmen_01.jpg\" \/>\n\t<meta property=\"og:image:width\" content=\"1800\" \/>\n\t<meta property=\"og:image:height\" content=\"900\" \/>\n\t<meta property=\"og:image:type\" content=\"image\/jpeg\" \/>\n<meta name=\"twitter:card\" content=\"summary_large_image\" \/>\n<meta name=\"twitter:label1\" content=\"Estimated reading time\" \/>\n\t<meta name=\"twitter:data1\" content=\"5 minutes\" \/>\n<script type=\"application\/ld+json\" class=\"yoast-schema-graph\">{\"@context\":\"https:\/\/schema.org\",\"@graph\":[{\"@type\":\"WebPage\",\"@id\":\"https:\/\/www.k-m.de\/brand\/en\/koenig-meyer\/company\/\",\"url\":\"https:\/\/www.k-m.de\/brand\/en\/koenig-meyer\/company\/\",\"name\":\"Company - K\u00f6nig &amp; Meyer\",\"isPartOf\":{\"@id\":\"https:\/\/www.k-m.de\/brand\/de\/#website\"},\"primaryImageOfPage\":{\"@id\":\"https:\/\/www.k-m.de\/brand\/en\/koenig-meyer\/company\/#primaryimage\"},\"image\":{\"@id\":\"https:\/\/www.k-m.de\/brand\/en\/koenig-meyer\/company\/#primaryimage\"},\"thumbnailUrl\":\"https:\/\/www.k-m.de\/brand\/wp-content\/uploads\/2019\/03\/Unternehmen_01.jpg\",\"datePublished\":\"2019-02-04T10:10:05+00:00\",\"dateModified\":\"2024-10-25T07:35:32+00:00\",\"description\":\"At K\u00f6nig & Meyer, we give our very best so that musicians worldwide can concentrate on what\u2019s essential \u2014 their music\",\"breadcrumb\":{\"@id\":\"https:\/\/www.k-m.de\/brand\/en\/koenig-meyer\/company\/#breadcrumb\"},\"inLanguage\":\"en-GB\",\"potentialAction\":[{\"@type\":\"ReadAction\",\"target\":[\"https:\/\/www.k-m.de\/brand\/en\/koenig-meyer\/company\/\"]}]},{\"@type\":\"ImageObject\",\"inLanguage\":\"en-GB\",\"@id\":\"https:\/\/www.k-m.de\/brand\/en\/koenig-meyer\/company\/#primaryimage\",\"url\":\"https:\/\/www.k-m.de\/brand\/wp-content\/uploads\/2019\/03\/Unternehmen_01.jpg\",\"contentUrl\":\"https:\/\/www.k-m.de\/brand\/wp-content\/uploads\/2019\/03\/Unternehmen_01.jpg\",\"width\":1800,\"height\":900},{\"@type\":\"BreadcrumbList\",\"@id\":\"https:\/\/www.k-m.de\/brand\/en\/koenig-meyer\/company\/#breadcrumb\",\"itemListElement\":[{\"@type\":\"ListItem\",\"position\":1,\"name\":\"Startseite\",\"item\":\"https:\/\/www.k-m.de\/brand\/en\/\"},{\"@type\":\"ListItem\",\"position\":2,\"name\":\"K\u00f6nig &#038; Meyer\",\"item\":\"https:\/\/www.k-m.de\/brand\/en\/koenig-meyer\/\"},{\"@type\":\"ListItem\",\"position\":3,\"name\":\"Company\"}]},{\"@type\":\"WebSite\",\"@id\":\"https:\/\/www.k-m.de\/brand\/de\/#website\",\"url\":\"https:\/\/www.k-m.de\/brand\/de\/\",\"name\":\"K\u00f6nig & Meyer\",\"description\":\"K\u00f6nig &amp; Meyer ist ein weltweit f\u00fchrender Hersteller f\u00fcr Musikzubeh\u00f6r. Seit \u00fcber 65 Jahren steht K&amp;M f\u00fcr qualitativ hochwertige Produkte.\",\"publisher\":{\"@id\":\"https:\/\/www.k-m.de\/brand\/de\/#organization\"},\"potentialAction\":[{\"@type\":\"SearchAction\",\"target\":{\"@type\":\"EntryPoint\",\"urlTemplate\":\"https:\/\/www.k-m.de\/brand\/de\/?s={search_term_string}\"},\"query-input\":{\"@type\":\"PropertyValueSpecification\",\"valueRequired\":true,\"valueName\":\"search_term_string\"}}],\"inLanguage\":\"en-GB\"},{\"@type\":\"Organization\",\"@id\":\"https:\/\/www.k-m.de\/brand\/de\/#organization\",\"name\":\"K\u00f6nig & Meyer\",\"url\":\"https:\/\/www.k-m.de\/brand\/de\/\",\"logo\":{\"@type\":\"ImageObject\",\"inLanguage\":\"en-GB\",\"@id\":\"https:\/\/www.k-m.de\/brand\/de\/#\/schema\/logo\/image\/\",\"url\":\"https:\/\/www.k-m.de\/brand\/wp-content\/uploads\/2023\/01\/KM_1c.tif\",\"contentUrl\":\"https:\/\/www.k-m.de\/brand\/wp-content\/uploads\/2023\/01\/KM_1c.tif\",\"width\":1,\"height\":1,\"caption\":\"K\u00f6nig & Meyer\"},\"image\":{\"@id\":\"https:\/\/www.k-m.de\/brand\/de\/#\/schema\/logo\/image\/\"}}]}<\/script>\n<!-- \/ Yoast SEO Premium plugin. -->","yoast_head_json":{"title":"Company - K\u00f6nig &amp; Meyer","description":"At K\u00f6nig & Meyer, we give our very best so that musicians worldwide can concentrate on what\u2019s essential \u2014 their music","robots":{"index":"index","follow":"follow","max-snippet":"max-snippet:-1","max-image-preview":"max-image-preview:large","max-video-preview":"max-video-preview:-1"},"canonical":"https:\/\/www.k-m.de\/brand\/en\/koenig-meyer\/company\/","og_locale":"en_GB","og_type":"article","og_title":"Company","og_description":"At K\u00f6nig & Meyer, we give our very best so that musicians worldwide can concentrate on what\u2019s essential \u2014 their music","og_url":"https:\/\/www.k-m.de\/brand\/en\/koenig-meyer\/company\/","og_site_name":"K\u00f6nig &amp; Meyer","article_modified_time":"2024-10-25T07:35:32+00:00","og_image":[{"width":1800,"height":900,"url":"https:\/\/www.k-m.de\/brand\/wp-content\/uploads\/2019\/03\/Unternehmen_01.jpg","type":"image\/jpeg"}],"twitter_card":"summary_large_image","twitter_misc":{"Estimated reading time":"5 minutes"},"schema":{"@context":"https:\/\/schema.org","@graph":[{"@type":"WebPage","@id":"https:\/\/www.k-m.de\/brand\/en\/koenig-meyer\/company\/","url":"https:\/\/www.k-m.de\/brand\/en\/koenig-meyer\/company\/","name":"Company - K\u00f6nig &amp; Meyer","isPartOf":{"@id":"https:\/\/www.k-m.de\/brand\/de\/#website"},"primaryImageOfPage":{"@id":"https:\/\/www.k-m.de\/brand\/en\/koenig-meyer\/company\/#primaryimage"},"image":{"@id":"https:\/\/www.k-m.de\/brand\/en\/koenig-meyer\/company\/#primaryimage"},"thumbnailUrl":"https:\/\/www.k-m.de\/brand\/wp-content\/uploads\/2019\/03\/Unternehmen_01.jpg","datePublished":"2019-02-04T10:10:05+00:00","dateModified":"2024-10-25T07:35:32+00:00","description":"At K\u00f6nig & Meyer, we give our very best so that musicians worldwide can concentrate on what\u2019s essential \u2014 their music","breadcrumb":{"@id":"https:\/\/www.k-m.de\/brand\/en\/koenig-meyer\/company\/#breadcrumb"},"inLanguage":"en-GB","potentialAction":[{"@type":"ReadAction","target":["https:\/\/www.k-m.de\/brand\/en\/koenig-meyer\/company\/"]}]},{"@type":"ImageObject","inLanguage":"en-GB","@id":"https:\/\/www.k-m.de\/brand\/en\/koenig-meyer\/company\/#primaryimage","url":"https:\/\/www.k-m.de\/brand\/wp-content\/uploads\/2019\/03\/Unternehmen_01.jpg","contentUrl":"https:\/\/www.k-m.de\/brand\/wp-content\/uploads\/2019\/03\/Unternehmen_01.jpg","width":1800,"height":900},{"@type":"BreadcrumbList","@id":"https:\/\/www.k-m.de\/brand\/en\/koenig-meyer\/company\/#breadcrumb","itemListElement":[{"@type":"ListItem","position":1,"name":"Startseite","item":"https:\/\/www.k-m.de\/brand\/en\/"},{"@type":"ListItem","position":2,"name":"K\u00f6nig &#038; Meyer","item":"https:\/\/www.k-m.de\/brand\/en\/koenig-meyer\/"},{"@type":"ListItem","position":3,"name":"Company"}]},{"@type":"WebSite","@id":"https:\/\/www.k-m.de\/brand\/de\/#website","url":"https:\/\/www.k-m.de\/brand\/de\/","name":"K\u00f6nig & Meyer","description":"K\u00f6nig &amp; Meyer ist ein weltweit f\u00fchrender Hersteller f\u00fcr Musikzubeh\u00f6r. Seit \u00fcber 65 Jahren steht K&amp;M f\u00fcr qualitativ hochwertige Produkte.","publisher":{"@id":"https:\/\/www.k-m.de\/brand\/de\/#organization"},"potentialAction":[{"@type":"SearchAction","target":{"@type":"EntryPoint","urlTemplate":"https:\/\/www.k-m.de\/brand\/de\/?s={search_term_string}"},"query-input":{"@type":"PropertyValueSpecification","valueRequired":true,"valueName":"search_term_string"}}],"inLanguage":"en-GB"},{"@type":"Organization","@id":"https:\/\/www.k-m.de\/brand\/de\/#organization","name":"K\u00f6nig & Meyer","url":"https:\/\/www.k-m.de\/brand\/de\/","logo":{"@type":"ImageObject","inLanguage":"en-GB","@id":"https:\/\/www.k-m.de\/brand\/de\/#\/schema\/logo\/image\/","url":"https:\/\/www.k-m.de\/brand\/wp-content\/uploads\/2023\/01\/KM_1c.tif","contentUrl":"https:\/\/www.k-m.de\/brand\/wp-content\/uploads\/2023\/01\/KM_1c.tif","width":1,"height":1,"caption":"K\u00f6nig & Meyer"},"image":{"@id":"https:\/\/www.k-m.de\/brand\/de\/#\/schema\/logo\/image\/"}}]}},"_links":{"self":[{"href":"https:\/\/www.k-m.de\/brand\/en\/wp-json\/wp\/v2\/pages\/9082","targetHints":{"allow":["GET"]}}],"collection":[{"href":"https:\/\/www.k-m.de\/brand\/en\/wp-json\/wp\/v2\/pages"}],"about":[{"href":"https:\/\/www.k-m.de\/brand\/en\/wp-json\/wp\/v2\/types\/page"}],"author":[{"embeddable":true,"href":"https:\/\/www.k-m.de\/brand\/en\/wp-json\/wp\/v2\/users\/9"}],"replies":[{"embeddable":true,"href":"https:\/\/www.k-m.de\/brand\/en\/wp-json\/wp\/v2\/comments?post=9082"}],"version-history":[{"count":29,"href":"https:\/\/www.k-m.de\/brand\/en\/wp-json\/wp\/v2\/pages\/9082\/revisions"}],"predecessor-version":[{"id":37271,"href":"https:\/\/www.k-m.de\/brand\/en\/wp-json\/wp\/v2\/pages\/9082\/revisions\/37271"}],"up":[{"embeddable":true,"href":"https:\/\/www.k-m.de\/brand\/en\/wp-json\/wp\/v2\/pages\/10421"}],"wp:featuredmedia":[{"embeddable":true,"href":"https:\/\/www.k-m.de\/brand\/en\/wp-json\/wp\/v2\/media\/11330"}],"wp:attachment":[{"href":"https:\/\/www.k-m.de\/brand\/en\/wp-json\/wp\/v2\/media?parent=9082"}],"curies":[{"name":"wp","href":"https:\/\/api.w.org\/{rel}","templated":true}]}}