{"id":9418,"date":"2019-02-16T14:29:46","date_gmt":"2019-02-16T13:29:46","guid":{"rendered":"https:\/\/www.k-m.de\/brand\/?page_id=9418"},"modified":"2022-08-18T10:17:06","modified_gmt":"2022-08-18T08:17:06","slug":"documents","status":"publish","type":"page","link":"https:\/\/www.k-m.de\/brand\/en\/support\/documents\/","title":{"rendered":"Documents"},"content":{"rendered":"<div class=\"wpb-content-wrapper\"><p>[vc_row][vc_column]\n<h2>Catalogs<\/h2>\n\n<div class=\"row\">\n\t\t<div class=\"col-1_5\">\n\t\t\n<a class=\"download_box download_box_epaper download_box_small\" href=\"http:\/\/mailing.k-m.de\/blaetterkataloge\/KuM_epaper_CompactStage_2024\/index.html\" target=\"_blank\">\n\t\t\t<span class=\"download_image\">\n\t\t\t\t\t\t\t<img loading=\"lazy\" decoding=\"async\" width=\"212\" height=\"300\" src=\"https:\/\/www.k-m.de\/brand\/wp-content\/uploads\/2024\/09\/Bildschirmfoto-2024-09-16-um-12.10.56-423x600.png\" class=\"attachment-medium size-medium wp-post-image\" alt=\"\" srcset=\"https:\/\/www.k-m.de\/brand\/wp-content\/uploads\/2024\/09\/Bildschirmfoto-2024-09-16-um-12.10.56-423x600.png 423w, https:\/\/www.k-m.de\/brand\/wp-content\/uploads\/2024\/09\/Bildschirmfoto-2024-09-16-um-12.10.56-212x300.png 212w, https:\/\/www.k-m.de\/brand\/wp-content\/uploads\/2024\/09\/Bildschirmfoto-2024-09-16-um-12.10.56.png 479w\" sizes=\"auto, (max-width: 212px) 100vw, 212px\" \/>\t\t\t\t\t<\/span>\n\t\t<span class=\"download_title\">\u00bbCompact Stage\u00ab series<\/span>\n\t\t<ins>(E-Paper)<\/ins>\n\t<\/a>\t<\/div>\n\t\t<div class=\"col-1_5\">\n\t\t\n<a class=\"download_box download_box_epaper download_box_small\" href=\"https:\/\/mailing.k-m.de\/blaetterkataloge\/KuM_epaper_New_Products_01_26\/index.html\" target=\"_blank\">\n\t\t\t<span class=\"download_image\">\n\t\t\t\t\t\t\t<img loading=\"lazy\" decoding=\"async\" width=\"212\" height=\"300\" src=\"https:\/\/www.k-m.de\/brand\/wp-content\/uploads\/2026\/01\/KuM_Neuheiten_26-424x600.jpg\" class=\"attachment-medium size-medium wp-post-image\" alt=\"\" srcset=\"https:\/\/www.k-m.de\/brand\/wp-content\/uploads\/2026\/01\/KuM_Neuheiten_26-424x600.jpg 424w, https:\/\/www.k-m.de\/brand\/wp-content\/uploads\/2026\/01\/KuM_Neuheiten_26-724x1024.jpg 724w, https:\/\/www.k-m.de\/brand\/wp-content\/uploads\/2026\/01\/KuM_Neuheiten_26-768x1086.jpg 768w, https:\/\/www.k-m.de\/brand\/wp-content\/uploads\/2026\/01\/KuM_Neuheiten_26-543x768.jpg 543w, https:\/\/www.k-m.de\/brand\/wp-content\/uploads\/2026\/01\/KuM_Neuheiten_26-1086x1536.jpg 1086w, https:\/\/www.k-m.de\/brand\/wp-content\/uploads\/2026\/01\/KuM_Neuheiten_26-1448x2048.jpg 1448w, https:\/\/www.k-m.de\/brand\/wp-content\/uploads\/2026\/01\/KuM_Neuheiten_26-849x1200.jpg 849w, https:\/\/www.k-m.de\/brand\/wp-content\/uploads\/2026\/01\/KuM_Neuheiten_26-212x300.jpg 212w\" sizes=\"auto, (max-width: 212px) 100vw, 212px\" \/>\t\t\t\t\t<\/span>\n\t\t<span class=\"download_title\">New Products 01\/2026<\/span>\n\t\t<ins>(E-Paper)<\/ins>\n\t<\/a>\t<\/div>\n\t\t<div class=\"col-1_5\">\n\t\t\n<a class=\"download_box download_box_epaper download_box_small\" href=\"https:\/\/mailing.k-m.de\/blaetterkataloge\/KuM_epaper_Katalog_26_EN\/index.html\" target=\"_blank\">\n\t\t\t<span class=\"download_image\">\n\t\t\t\t\t\t\t<img loading=\"lazy\" decoding=\"async\" width=\"212\" height=\"300\" src=\"https:\/\/www.k-m.de\/brand\/wp-content\/uploads\/2026\/01\/KuM_General_Catalog_26-424x600.jpg\" class=\"attachment-medium size-medium wp-post-image\" alt=\"\" srcset=\"https:\/\/www.k-m.de\/brand\/wp-content\/uploads\/2026\/01\/KuM_General_Catalog_26-424x600.jpg 424w, https:\/\/www.k-m.de\/brand\/wp-content\/uploads\/2026\/01\/KuM_General_Catalog_26-724x1024.jpg 724w, https:\/\/www.k-m.de\/brand\/wp-content\/uploads\/2026\/01\/KuM_General_Catalog_26-768x1086.jpg 768w, https:\/\/www.k-m.de\/brand\/wp-content\/uploads\/2026\/01\/KuM_General_Catalog_26-543x768.jpg 543w, https:\/\/www.k-m.de\/brand\/wp-content\/uploads\/2026\/01\/KuM_General_Catalog_26-1086x1536.jpg 1086w, https:\/\/www.k-m.de\/brand\/wp-content\/uploads\/2026\/01\/KuM_General_Catalog_26-1448x2048.jpg 1448w, https:\/\/www.k-m.de\/brand\/wp-content\/uploads\/2026\/01\/KuM_General_Catalog_26-849x1200.jpg 849w, https:\/\/www.k-m.de\/brand\/wp-content\/uploads\/2026\/01\/KuM_General_Catalog_26-212x300.jpg 212w\" sizes=\"auto, (max-width: 212px) 100vw, 212px\" \/>\t\t\t\t\t<\/span>\n\t\t<span class=\"download_title\">General Catalog 2026<\/span>\n\t\t<ins>(E-Paper)<\/ins>\n\t<\/a>\t<\/div>\n\t<\/div>[vc_empty_space height=&#8221;60px&#8221;][vc_separator][\/vc_column][\/vc_row][vc_row][vc_column][vc_custom_heading text=&#8221;Logos&#8221; font_container=&#8221;tag:h2|text_align:center&#8221; use_theme_fonts=&#8221;yes&#8221;][vc_row_inner][vc_column_inner][\/vc_column_inner][\/vc_row_inner][\/vc_column][\/vc_row][vc_row][vc_column width=&#8221;1\/2&#8243;]\n<a class=\"download_box  download_box_large\" href=\"https:\/\/www.k-m.de\/brand\/wp-content\/uploads\/2019\/01\/KM_KoenigMeyer_Logo_1c1.jpg\" target=\"_blank\">\n\t\t\t<span class=\"download_image\">\n\t\t\t\t\t\t\t<img loading=\"lazy\" decoding=\"async\" width=\"1181\" height=\"224\" src=\"https:\/\/www.k-m.de\/brand\/wp-content\/uploads\/2019\/01\/KM_KoenigMeyer_Logo_1c1.jpg\" class=\"attachment-full size-full wp-post-image\" alt=\"K&amp;M Logo I schwarz wei\u00df\" srcset=\"https:\/\/www.k-m.de\/brand\/wp-content\/uploads\/2019\/01\/KM_KoenigMeyer_Logo_1c1.jpg 1181w, https:\/\/www.k-m.de\/brand\/wp-content\/uploads\/2019\/01\/KM_KoenigMeyer_Logo_1c1-600x114.jpg 600w, https:\/\/www.k-m.de\/brand\/wp-content\/uploads\/2019\/01\/KM_KoenigMeyer_Logo_1c1-768x146.jpg 768w, https:\/\/www.k-m.de\/brand\/wp-content\/uploads\/2019\/01\/KM_KoenigMeyer_Logo_1c1-1024x194.jpg 1024w, https:\/\/www.k-m.de\/brand\/wp-content\/uploads\/2019\/01\/KM_KoenigMeyer_Logo_1c1-300x57.jpg 300w\" sizes=\"auto, (max-width: 1181px) 100vw, 1181px\" \/>\t\t\t\t\t<\/span>\n\t\t<span class=\"download_title\">K&M Logo (1c)<\/span>\n\t\t<ins>(JPG, 52.10 KB)<\/ins>\n\t<\/a>[\/vc_column][vc_column width=&#8221;1\/2&#8243;]\n<a class=\"download_box  download_box_large\" href=\"https:\/\/www.k-m.de\/brand\/wp-content\/uploads\/2019\/01\/KM_KoenigMeyer_Logo_RGB.jpg\" target=\"_blank\">\n\t\t\t<span class=\"download_image\">\n\t\t\t\t\t\t\t<img loading=\"lazy\" decoding=\"async\" width=\"1181\" height=\"225\" src=\"https:\/\/www.k-m.de\/brand\/wp-content\/uploads\/2019\/01\/KM_KoenigMeyer_Logo_RGB.jpg\" class=\"attachment-full size-full wp-post-image\" alt=\"K&amp;M Logo I farbig\" srcset=\"https:\/\/www.k-m.de\/brand\/wp-content\/uploads\/2019\/01\/KM_KoenigMeyer_Logo_RGB.jpg 1181w, https:\/\/www.k-m.de\/brand\/wp-content\/uploads\/2019\/01\/KM_KoenigMeyer_Logo_RGB-600x114.jpg 600w, https:\/\/www.k-m.de\/brand\/wp-content\/uploads\/2019\/01\/KM_KoenigMeyer_Logo_RGB-768x146.jpg 768w, https:\/\/www.k-m.de\/brand\/wp-content\/uploads\/2019\/01\/KM_KoenigMeyer_Logo_RGB-1024x195.jpg 1024w, https:\/\/www.k-m.de\/brand\/wp-content\/uploads\/2019\/01\/KM_KoenigMeyer_Logo_RGB-300x57.jpg 300w\" sizes=\"auto, (max-width: 1181px) 100vw, 1181px\" \/>\t\t\t\t\t<\/span>\n\t\t<span class=\"download_title\">K&M Logo (RGB)<\/span>\n\t\t<ins>(JPG, 52.40 KB)<\/ins>\n\t<\/a>[\/vc_column][\/vc_row][vc_row][vc_column][vc_empty_space height=&#8221;60px&#8221;][vc_separator][\/vc_column][\/vc_row][vc_row][vc_column]\n<h2>Awards<\/h2>\n\n<div class=\"row\">\n\t\t<div class=\"col-1_5\">\n\t\t\n<a class=\"download_box  download_box_small\" href=\"https:\/\/www.k-m.de\/brand\/wp-content\/uploads\/2019\/01\/PRMB-A4-CV_001735-1.pdf\" target=\"_blank\">\n\t\t\t<span class=\"download_image\">\n\t\t\t\t\t\t\t<img loading=\"lazy\" decoding=\"async\" width=\"210\" height=\"300\" src=\"https:\/\/www.k-m.de\/brand\/wp-content\/uploads\/2019\/01\/PRMB-A4-CV_001735-1-420x600.jpg\" class=\"attachment-medium size-medium wp-post-image\" alt=\"\" srcset=\"https:\/\/www.k-m.de\/brand\/wp-content\/uploads\/2019\/01\/PRMB-A4-CV_001735-1-420x600.jpg 420w, https:\/\/www.k-m.de\/brand\/wp-content\/uploads\/2019\/01\/PRMB-A4-CV_001735-1-717x1024.jpg 717w, https:\/\/www.k-m.de\/brand\/wp-content\/uploads\/2019\/01\/PRMB-A4-CV_001735-1-768x1097.jpg 768w, https:\/\/www.k-m.de\/brand\/wp-content\/uploads\/2019\/01\/PRMB-A4-CV_001735-1-538x768.jpg 538w, https:\/\/www.k-m.de\/brand\/wp-content\/uploads\/2019\/01\/PRMB-A4-CV_001735-1-1075x1536.jpg 1075w, https:\/\/www.k-m.de\/brand\/wp-content\/uploads\/2019\/01\/PRMB-A4-CV_001735-1-1434x2048.jpg 1434w, https:\/\/www.k-m.de\/brand\/wp-content\/uploads\/2019\/01\/PRMB-A4-CV_001735-1-840x1200.jpg 840w, https:\/\/www.k-m.de\/brand\/wp-content\/uploads\/2019\/01\/PRMB-A4-CV_001735-1-210x300.jpg 210w\" sizes=\"auto, (max-width: 210px) 100vw, 210px\" \/>\t\t\t\t\t<\/span>\n\t\t<span class=\"download_title\">Sicher mit System G\u00fctesiegel<\/span>\n\t\t<ins>(PDF, 1.19 MB)<\/ins>\n\t<\/a>\t<\/div>\n\t\t<div class=\"col-1_5\">\n\t\t\n<a class=\"download_box  download_box_small\" href=\"https:\/\/www.k-m.de\/brand\/wp-content\/uploads\/2021\/07\/KM_ISO9001-2015_24-27_englisch_06.05.2024.pdf\" target=\"_blank\">\n\t\t\t<span class=\"download_image\">\n\t\t\t\t\t\t\t<img loading=\"lazy\" decoding=\"async\" width=\"211\" height=\"300\" src=\"https:\/\/www.k-m.de\/brand\/wp-content\/uploads\/2021\/07\/Bildschirmfoto-2024-10-02-um-15.39.14-422x600.png\" class=\"attachment-medium size-medium wp-post-image\" alt=\"\" srcset=\"https:\/\/www.k-m.de\/brand\/wp-content\/uploads\/2021\/07\/Bildschirmfoto-2024-10-02-um-15.39.14-422x600.png 422w, https:\/\/www.k-m.de\/brand\/wp-content\/uploads\/2021\/07\/Bildschirmfoto-2024-10-02-um-15.39.14-720x1024.png 720w, https:\/\/www.k-m.de\/brand\/wp-content\/uploads\/2021\/07\/Bildschirmfoto-2024-10-02-um-15.39.14-768x1093.png 768w, https:\/\/www.k-m.de\/brand\/wp-content\/uploads\/2021\/07\/Bildschirmfoto-2024-10-02-um-15.39.14-540x768.png 540w, https:\/\/www.k-m.de\/brand\/wp-content\/uploads\/2021\/07\/Bildschirmfoto-2024-10-02-um-15.39.14-843x1200.png 843w, https:\/\/www.k-m.de\/brand\/wp-content\/uploads\/2021\/07\/Bildschirmfoto-2024-10-02-um-15.39.14-211x300.png 211w, https:\/\/www.k-m.de\/brand\/wp-content\/uploads\/2021\/07\/Bildschirmfoto-2024-10-02-um-15.39.14.png 1078w\" sizes=\"auto, (max-width: 211px) 100vw, 211px\" \/>\t\t\t\t\t<\/span>\n\t\t<span class=\"download_title\">Quality Management DIN EN ISO 9001:2015<\/span>\n\t\t<ins>(PDF, 266.09 KB)<\/ins>\n\t<\/a>\t<\/div>\n\t\t<div class=\"col-1_5\">\n\t\t\n<a class=\"download_box  download_box_small\" href=\"https:\/\/www.k-m.de\/brand\/wp-content\/uploads\/2019\/01\/SPRMC-A3-TI24072212350.pdf\" target=\"_blank\">\n\t\t\t<span class=\"download_image\">\n\t\t\t\t\t\t\t<img loading=\"lazy\" decoding=\"async\" width=\"212\" height=\"300\" src=\"https:\/\/www.k-m.de\/brand\/wp-content\/uploads\/2019\/01\/emas_24-424x600.jpg\" class=\"attachment-medium size-medium wp-post-image\" alt=\"\" srcset=\"https:\/\/www.k-m.de\/brand\/wp-content\/uploads\/2019\/01\/emas_24-424x600.jpg 424w, https:\/\/www.k-m.de\/brand\/wp-content\/uploads\/2019\/01\/emas_24-724x1024.jpg 724w, https:\/\/www.k-m.de\/brand\/wp-content\/uploads\/2019\/01\/emas_24-768x1086.jpg 768w, https:\/\/www.k-m.de\/brand\/wp-content\/uploads\/2019\/01\/emas_24-543x768.jpg 543w, https:\/\/www.k-m.de\/brand\/wp-content\/uploads\/2019\/01\/emas_24-1086x1536.jpg 1086w, https:\/\/www.k-m.de\/brand\/wp-content\/uploads\/2019\/01\/emas_24-1448x2048.jpg 1448w, https:\/\/www.k-m.de\/brand\/wp-content\/uploads\/2019\/01\/emas_24-849x1200.jpg 849w, https:\/\/www.k-m.de\/brand\/wp-content\/uploads\/2019\/01\/emas_24-212x300.jpg 212w\" sizes=\"auto, (max-width: 212px) 100vw, 212px\" \/>\t\t\t\t\t<\/span>\n\t\t<span class=\"download_title\">Environmental Management EMAS III<\/span>\n\t\t<ins>(PDF, 81.62 KB)<\/ins>\n\t<\/a>\t<\/div>\n\t\t<div class=\"col-1_5\">\n\t\t\n<a class=\"download_box  download_box_small\" href=\"https:\/\/www.k-m.de\/brand\/wp-content\/uploads\/2021\/07\/CORE-ISO-14001_Zert_KoenigMeyer_2024_engl_sign.pdf\" target=\"_blank\">\n\t\t\t<span class=\"download_image\">\n\t\t\t\t\t\t\t<img loading=\"lazy\" decoding=\"async\" width=\"203\" height=\"300\" src=\"https:\/\/www.k-m.de\/brand\/wp-content\/uploads\/2021\/07\/Bildschirmfoto-2024-10-02-um-15.26.04-406x600.png\" class=\"attachment-medium size-medium wp-post-image\" alt=\"\" srcset=\"https:\/\/www.k-m.de\/brand\/wp-content\/uploads\/2021\/07\/Bildschirmfoto-2024-10-02-um-15.26.04-406x600.png 406w, https:\/\/www.k-m.de\/brand\/wp-content\/uploads\/2021\/07\/Bildschirmfoto-2024-10-02-um-15.26.04-693x1024.png 693w, https:\/\/www.k-m.de\/brand\/wp-content\/uploads\/2021\/07\/Bildschirmfoto-2024-10-02-um-15.26.04-768x1135.png 768w, https:\/\/www.k-m.de\/brand\/wp-content\/uploads\/2021\/07\/Bildschirmfoto-2024-10-02-um-15.26.04-520x768.png 520w, https:\/\/www.k-m.de\/brand\/wp-content\/uploads\/2021\/07\/Bildschirmfoto-2024-10-02-um-15.26.04-812x1200.png 812w, https:\/\/www.k-m.de\/brand\/wp-content\/uploads\/2021\/07\/Bildschirmfoto-2024-10-02-um-15.26.04-203x300.png 203w, https:\/\/www.k-m.de\/brand\/wp-content\/uploads\/2021\/07\/Bildschirmfoto-2024-10-02-um-15.26.04.png 920w\" sizes=\"auto, (max-width: 203px) 100vw, 203px\" \/>\t\t\t\t\t<\/span>\n\t\t<span class=\"download_title\">Environmental Management DIN EN ISO 14001:2015<\/span>\n\t\t<ins>(PDF, 130.31 KB)<\/ins>\n\t<\/a>\t<\/div>\n\t\t<div class=\"col-1_5\">\n\t\t\n<a class=\"download_box  download_box_small\" href=\"https:\/\/www.k-m.de\/brand\/wp-content\/uploads\/2018\/08\/UME-Koenig-Meyer_2024_sign.pdf\" target=\"_blank\">\n\t\t\t<span class=\"download_image\">\n\t\t\t\t\t\t\t<img loading=\"lazy\" decoding=\"async\" width=\"213\" height=\"300\" src=\"https:\/\/www.k-m.de\/brand\/wp-content\/uploads\/2018\/08\/titel_UME-Koenig-Meyer_2024_sign-425x600.jpg\" class=\"attachment-medium size-medium wp-post-image\" alt=\"\" srcset=\"https:\/\/www.k-m.de\/brand\/wp-content\/uploads\/2018\/08\/titel_UME-Koenig-Meyer_2024_sign-425x600.jpg 425w, https:\/\/www.k-m.de\/brand\/wp-content\/uploads\/2018\/08\/titel_UME-Koenig-Meyer_2024_sign-543x768.jpg 543w, https:\/\/www.k-m.de\/brand\/wp-content\/uploads\/2018\/08\/titel_UME-Koenig-Meyer_2024_sign-212x300.jpg 212w, https:\/\/www.k-m.de\/brand\/wp-content\/uploads\/2018\/08\/titel_UME-Koenig-Meyer_2024_sign.jpg 629w\" sizes=\"auto, (max-width: 213px) 100vw, 213px\" \/>\t\t\t\t\t<\/span>\n\t\t<span class=\"download_title\">Umwelterkl\u00e4rung<\/span>\n\t\t<ins>(PDF, 1.05 MB)<\/ins>\n\t<\/a>\t<\/div>\n\t<\/div>[\/vc_column][\/vc_row][vc_row][vc_column][vc_empty_space height=&#8221;60px&#8221;][vc_separator][vc_empty_space height=&#8221;30px&#8221;][\/vc_column][\/vc_row][vc_row el_class=&#8221;content_l&#8221;][vc_column width=&#8221;1\/2&#8243; css=&#8221;.vc_custom_1549462514726{border-right-width: 1px !important;border-right-color: #dedede !important;border-right-style: solid !important;}&#8221;][vc_column_text]<\/p>\n<h2 style=\"text-align: center;\">Support<\/h2>\n<p style=\"text-align: center;\">We know that our customers determine our success!<br \/>\nIf you have any questions or concerns we welcome your contacting us personally:<\/p>\n<p>&nbsp;<\/p>\n<p style=\"text-align: center;\"><a class=\"button button_large\" href=\"\/brand\/en\/support\/\">Contact\u00a0us<\/a><\/p>\n<p>[\/vc_column_text][\/vc_column][vc_column width=&#8221;1\/2&#8243;][vc_column_text]<\/p>\n<h2 style=\"text-align: center;\">Press area<\/h2>\n<p style=\"text-align: center;\">Find logos, press releases and more downloads<\/p>\n<p style=\"text-align: center;\">of K\u00f6nig &amp; Meyer.<\/p>\n<p>&nbsp;<\/p>\n<p style=\"text-align: center;\"><a class=\"button button_large\" href=\"\/brand\/en\/support\/presse\/\">Show press area<\/a><\/p>\n<p>[\/vc_column_text][\/vc_column][\/vc_row][vc_row][vc_column][vc_empty_space height=&#8221;60px&#8221;][\/vc_column][\/vc_row]<\/p>\n<\/div>","protected":false},"excerpt":{"rendered":"<p>[vc_row][vc_column][vc_empty_space height=&#8221;60px&#8221;][vc_separator][\/vc_column][\/vc_row][vc_row][vc_column][vc_custom_heading text=&#8221;Logos&#8221; font_container=&#8221;tag:h2|text_align:center&#8221; use_theme_fonts=&#8221;yes&#8221;][vc_row_inner][vc_column_inner][\/vc_column_inner][\/vc_row_inner][\/vc_column][\/vc_row][vc_row][vc_column width=&#8221;1\/2&#8243;][\/vc_column][vc_column width=&#8221;1\/2&#8243;][\/vc_column][\/vc_row][vc_row][vc_column][vc_empty_space height=&#8221;60px&#8221;][vc_separator][\/vc_column][\/vc_row][vc_row][vc_column][\/vc_column][\/vc_row][vc_row][vc_column][vc_empty_space height=&#8221;60px&#8221;][vc_separator][vc_empty_space height=&#8221;30px&#8221;][\/vc_column][\/vc_row][vc_row el_class=&#8221;content_l&#8221;][vc_column width=&#8221;1\/2&#8243; css=&#8221;.vc_custom_1549462514726{border-right-width: 1px !important;border-right-color: #dedede !important;border-right-style: solid !important;}&#8221;][vc_column_text] Support<span class=\"read_more\">Mehr erfahren<\/span><\/p>\n","protected":false},"author":9,"featured_media":0,"parent":9511,"menu_order":38,"comment_status":"closed","ping_status":"closed","template":"page_templates\/page_support.php","meta":{"footnotes":""},"class_list":["post-9418","page","type-page","status-publish","format-standard","hentry"],"better_featured_image":null,"yoast_head":"<!-- This site is optimized with the Yoast SEO Premium plugin v26.8 (Yoast SEO v27.4) - https:\/\/yoast.com\/product\/yoast-seo-premium-wordpress\/ -->\n<title>Documents - K\u00f6nig &amp; Meyer<\/title>\n<meta name=\"description\" content=\"Here we have compiled all K\u00f6nig &amp; Meyer logos, brochures &amp; catalogues as well as certificates our environment and quality awards for you.\" \/>\n<meta name=\"robots\" content=\"index, follow, max-snippet:-1, max-image-preview:large, max-video-preview:-1\" \/>\n<link rel=\"canonical\" href=\"https:\/\/www.k-m.de\/brand\/en\/support\/documents\/\" \/>\n<meta property=\"og:locale\" content=\"en_GB\" \/>\n<meta property=\"og:type\" content=\"article\" \/>\n<meta property=\"og:title\" content=\"Documents\" \/>\n<meta property=\"og:description\" content=\"Here we have compiled all K\u00f6nig &amp; Meyer logos, brochures &amp; catalogues as well as certificates our environment and quality awards for you.\" \/>\n<meta property=\"og:url\" content=\"https:\/\/www.k-m.de\/brand\/en\/support\/documents\/\" \/>\n<meta property=\"og:site_name\" content=\"K\u00f6nig &amp; Meyer\" \/>\n<meta property=\"article:modified_time\" content=\"2022-08-18T08:17:06+00:00\" \/>\n<meta name=\"twitter:card\" content=\"summary_large_image\" \/>\n<meta name=\"twitter:label1\" content=\"Estimated reading time\" \/>\n\t<meta name=\"twitter:data1\" content=\"1 minute\" \/>\n<script type=\"application\/ld+json\" class=\"yoast-schema-graph\">{\"@context\":\"https:\\\/\\\/schema.org\",\"@graph\":[{\"@type\":\"WebPage\",\"@id\":\"https:\\\/\\\/www.k-m.de\\\/brand\\\/en\\\/support\\\/documents\\\/\",\"url\":\"https:\\\/\\\/www.k-m.de\\\/brand\\\/en\\\/support\\\/documents\\\/\",\"name\":\"Documents - K\u00f6nig &amp; Meyer\",\"isPartOf\":{\"@id\":\"https:\\\/\\\/www.k-m.de\\\/brand\\\/de\\\/#website\"},\"datePublished\":\"2019-02-16T13:29:46+00:00\",\"dateModified\":\"2022-08-18T08:17:06+00:00\",\"description\":\"Here we have compiled all K\u00f6nig & Meyer logos, brochures & catalogues as well as certificates our environment and quality awards for you.\",\"breadcrumb\":{\"@id\":\"https:\\\/\\\/www.k-m.de\\\/brand\\\/en\\\/support\\\/documents\\\/#breadcrumb\"},\"inLanguage\":\"en-GB\",\"potentialAction\":[{\"@type\":\"ReadAction\",\"target\":[\"https:\\\/\\\/www.k-m.de\\\/brand\\\/en\\\/support\\\/documents\\\/\"]}]},{\"@type\":\"BreadcrumbList\",\"@id\":\"https:\\\/\\\/www.k-m.de\\\/brand\\\/en\\\/support\\\/documents\\\/#breadcrumb\",\"itemListElement\":[{\"@type\":\"ListItem\",\"position\":1,\"name\":\"Startseite\",\"item\":\"https:\\\/\\\/www.k-m.de\\\/brand\\\/en\\\/\"},{\"@type\":\"ListItem\",\"position\":2,\"name\":\"Support\",\"item\":\"https:\\\/\\\/www.k-m.de\\\/brand\\\/en\\\/support\\\/\"},{\"@type\":\"ListItem\",\"position\":3,\"name\":\"Documents\"}]},{\"@type\":\"WebSite\",\"@id\":\"https:\\\/\\\/www.k-m.de\\\/brand\\\/de\\\/#website\",\"url\":\"https:\\\/\\\/www.k-m.de\\\/brand\\\/de\\\/\",\"name\":\"K\u00f6nig & Meyer\",\"description\":\"K\u00f6nig &amp; Meyer ist ein weltweit f\u00fchrender Hersteller f\u00fcr Musikzubeh\u00f6r. Seit \u00fcber 65 Jahren steht K&amp;M f\u00fcr qualitativ hochwertige Produkte.\",\"publisher\":{\"@id\":\"https:\\\/\\\/www.k-m.de\\\/brand\\\/de\\\/#organization\"},\"potentialAction\":[{\"@type\":\"SearchAction\",\"target\":{\"@type\":\"EntryPoint\",\"urlTemplate\":\"https:\\\/\\\/www.k-m.de\\\/brand\\\/de\\\/?s={search_term_string}\"},\"query-input\":{\"@type\":\"PropertyValueSpecification\",\"valueRequired\":true,\"valueName\":\"search_term_string\"}}],\"inLanguage\":\"en-GB\"},{\"@type\":\"Organization\",\"@id\":\"https:\\\/\\\/www.k-m.de\\\/brand\\\/de\\\/#organization\",\"name\":\"K\u00f6nig & Meyer\",\"url\":\"https:\\\/\\\/www.k-m.de\\\/brand\\\/de\\\/\",\"logo\":{\"@type\":\"ImageObject\",\"inLanguage\":\"en-GB\",\"@id\":\"https:\\\/\\\/www.k-m.de\\\/brand\\\/de\\\/#\\\/schema\\\/logo\\\/image\\\/\",\"url\":\"https:\\\/\\\/www.k-m.de\\\/brand\\\/wp-content\\\/uploads\\\/2023\\\/01\\\/KM_1c.tif\",\"contentUrl\":\"https:\\\/\\\/www.k-m.de\\\/brand\\\/wp-content\\\/uploads\\\/2023\\\/01\\\/KM_1c.tif\",\"width\":1,\"height\":1,\"caption\":\"K\u00f6nig & Meyer\"},\"image\":{\"@id\":\"https:\\\/\\\/www.k-m.de\\\/brand\\\/de\\\/#\\\/schema\\\/logo\\\/image\\\/\"}}]}<\/script>\n<!-- \/ Yoast SEO Premium plugin. -->","yoast_head_json":{"title":"Documents - K\u00f6nig &amp; Meyer","description":"Here we have compiled all K\u00f6nig & Meyer logos, brochures & catalogues as well as certificates our environment and quality awards for you.","robots":{"index":"index","follow":"follow","max-snippet":"max-snippet:-1","max-image-preview":"max-image-preview:large","max-video-preview":"max-video-preview:-1"},"canonical":"https:\/\/www.k-m.de\/brand\/en\/support\/documents\/","og_locale":"en_GB","og_type":"article","og_title":"Documents","og_description":"Here we have compiled all K\u00f6nig & Meyer logos, brochures & catalogues as well as certificates our environment and quality awards for you.","og_url":"https:\/\/www.k-m.de\/brand\/en\/support\/documents\/","og_site_name":"K\u00f6nig &amp; Meyer","article_modified_time":"2022-08-18T08:17:06+00:00","twitter_card":"summary_large_image","twitter_misc":{"Estimated reading time":"1 minute"},"schema":{"@context":"https:\/\/schema.org","@graph":[{"@type":"WebPage","@id":"https:\/\/www.k-m.de\/brand\/en\/support\/documents\/","url":"https:\/\/www.k-m.de\/brand\/en\/support\/documents\/","name":"Documents - K\u00f6nig &amp; Meyer","isPartOf":{"@id":"https:\/\/www.k-m.de\/brand\/de\/#website"},"datePublished":"2019-02-16T13:29:46+00:00","dateModified":"2022-08-18T08:17:06+00:00","description":"Here we have compiled all K\u00f6nig & Meyer logos, brochures & catalogues as well as certificates our environment and quality awards for you.","breadcrumb":{"@id":"https:\/\/www.k-m.de\/brand\/en\/support\/documents\/#breadcrumb"},"inLanguage":"en-GB","potentialAction":[{"@type":"ReadAction","target":["https:\/\/www.k-m.de\/brand\/en\/support\/documents\/"]}]},{"@type":"BreadcrumbList","@id":"https:\/\/www.k-m.de\/brand\/en\/support\/documents\/#breadcrumb","itemListElement":[{"@type":"ListItem","position":1,"name":"Startseite","item":"https:\/\/www.k-m.de\/brand\/en\/"},{"@type":"ListItem","position":2,"name":"Support","item":"https:\/\/www.k-m.de\/brand\/en\/support\/"},{"@type":"ListItem","position":3,"name":"Documents"}]},{"@type":"WebSite","@id":"https:\/\/www.k-m.de\/brand\/de\/#website","url":"https:\/\/www.k-m.de\/brand\/de\/","name":"K\u00f6nig & Meyer","description":"K\u00f6nig &amp; Meyer ist ein weltweit f\u00fchrender Hersteller f\u00fcr Musikzubeh\u00f6r. Seit \u00fcber 65 Jahren steht K&amp;M f\u00fcr qualitativ hochwertige Produkte.","publisher":{"@id":"https:\/\/www.k-m.de\/brand\/de\/#organization"},"potentialAction":[{"@type":"SearchAction","target":{"@type":"EntryPoint","urlTemplate":"https:\/\/www.k-m.de\/brand\/de\/?s={search_term_string}"},"query-input":{"@type":"PropertyValueSpecification","valueRequired":true,"valueName":"search_term_string"}}],"inLanguage":"en-GB"},{"@type":"Organization","@id":"https:\/\/www.k-m.de\/brand\/de\/#organization","name":"K\u00f6nig & Meyer","url":"https:\/\/www.k-m.de\/brand\/de\/","logo":{"@type":"ImageObject","inLanguage":"en-GB","@id":"https:\/\/www.k-m.de\/brand\/de\/#\/schema\/logo\/image\/","url":"https:\/\/www.k-m.de\/brand\/wp-content\/uploads\/2023\/01\/KM_1c.tif","contentUrl":"https:\/\/www.k-m.de\/brand\/wp-content\/uploads\/2023\/01\/KM_1c.tif","width":1,"height":1,"caption":"K\u00f6nig & Meyer"},"image":{"@id":"https:\/\/www.k-m.de\/brand\/de\/#\/schema\/logo\/image\/"}}]}},"_links":{"self":[{"href":"https:\/\/www.k-m.de\/brand\/en\/wp-json\/wp\/v2\/pages\/9418","targetHints":{"allow":["GET"]}}],"collection":[{"href":"https:\/\/www.k-m.de\/brand\/en\/wp-json\/wp\/v2\/pages"}],"about":[{"href":"https:\/\/www.k-m.de\/brand\/en\/wp-json\/wp\/v2\/types\/page"}],"author":[{"embeddable":true,"href":"https:\/\/www.k-m.de\/brand\/en\/wp-json\/wp\/v2\/users\/9"}],"replies":[{"embeddable":true,"href":"https:\/\/www.k-m.de\/brand\/en\/wp-json\/wp\/v2\/comments?post=9418"}],"version-history":[{"count":20,"href":"https:\/\/www.k-m.de\/brand\/en\/wp-json\/wp\/v2\/pages\/9418\/revisions"}],"predecessor-version":[{"id":21166,"href":"https:\/\/www.k-m.de\/brand\/en\/wp-json\/wp\/v2\/pages\/9418\/revisions\/21166"}],"up":[{"embeddable":true,"href":"https:\/\/www.k-m.de\/brand\/en\/wp-json\/wp\/v2\/pages\/9511"}],"wp:attachment":[{"href":"https:\/\/www.k-m.de\/brand\/en\/wp-json\/wp\/v2\/media?parent=9418"}],"curies":[{"name":"wp","href":"https:\/\/api.w.org\/{rel}","templated":true}]}}