{"id":11304,"date":"2019-02-27T14:22:23","date_gmt":"2019-02-27T13:22:23","guid":{"rendered":"https:\/\/www.k-m.de\/brand\/support\/"},"modified":"2022-04-18T19:28:33","modified_gmt":"2022-04-18T17:28:33","slug":"support","status":"publish","type":"page","link":"https:\/\/www.k-m.de\/brand\/us\/support\/","title":{"rendered":"Support"},"content":{"rendered":"<div class=\"wpb-content-wrapper\"><p>[vc_row][vc_column]\n<section class=\"new_product_downloads\">\n\t<div class=\"container\">\n\t\t<div class=\"content_l\">\n\t\t\t<h2 class=\"h2\">Download the new products<\/h2>\n\t\t\n\t\t\t<div class=\"default_slider\" data-items=\"4\" data-items-0=\"2\">\n\t\t\t\t\t\t\t<\/div>\n\t\t\t\t\t\t<center>\n\t\t\t\t<a class=\"button button_large secondary\" href=\"\/brand\/en\/support\/product-downloads\/?cat=new\">Show all products<\/a>\n\t\t\t<\/center>\n\t\t\t\t\t<\/div>\n\t<\/div>\n<\/section>[vc_separator][\/vc_column][\/vc_row][vc_row][vc_column]<section>\t<div class=\"container\">\n\t\t\t\t<h2>Press releases<\/h2>\n\t\t\t\t\n\t\t<div class=\"lined_head_neighbor\">\n\t\t\t\t\t\t\t\t\t\t\t\t<article class=\"alterning\">\n\t\t\t\t\t\t<a class=\"news_img\" href=\"https:\/\/www.k-m.de\/brand\/us\/fresh-releases-for-your-music-life\/\">\n\t\t\t\t\t\t\t<img loading=\"lazy\" decoding=\"async\" width=\"1024\" height=\"512\" src=\"https:\/\/www.k-m.de\/brand\/wp-content\/uploads\/2026\/01\/blog_header_new-products-2026_1800x900-1024x512.jpg\" class=\"attachment-large size-large wp-post-image\" alt=\"\" srcset=\"https:\/\/www.k-m.de\/brand\/wp-content\/uploads\/2026\/01\/blog_header_new-products-2026_1800x900-1024x512.jpg 1024w, https:\/\/www.k-m.de\/brand\/wp-content\/uploads\/2026\/01\/blog_header_new-products-2026_1800x900-600x300.jpg 600w, https:\/\/www.k-m.de\/brand\/wp-content\/uploads\/2026\/01\/blog_header_new-products-2026_1800x900-768x384.jpg 768w, https:\/\/www.k-m.de\/brand\/wp-content\/uploads\/2026\/01\/blog_header_new-products-2026_1800x900-1536x768.jpg 1536w, https:\/\/www.k-m.de\/brand\/wp-content\/uploads\/2026\/01\/blog_header_new-products-2026_1800x900-2048x1024.jpg 2048w, https:\/\/www.k-m.de\/brand\/wp-content\/uploads\/2026\/01\/blog_header_new-products-2026_1800x900-1800x900.jpg 1800w\" sizes=\"auto, (max-width: 1024px) 100vw, 1024px\" \/>\t\t\t\t\t\t<\/a>\n\t\t\t\t\t\t<span class=\"news_text\">\n\t\t\t\t\t\t\t<span class=\"news_text_inner\">\n\t\t\t\t\t\t\t\t<h5><a href=\"https:\/\/www.k-m.de\/brand\/de\/category\/firmennews\/\">Firmennews<\/a> 22.01.2026<\/h5>\n\t\t\t\t\t\t\t\t<a href=\"https:\/\/www.k-m.de\/brand\/us\/fresh-releases-for-your-music-life\/\"><h3>Fresh releases for your music life\u00a0<\/h3><\/a>\n\t\t\t\t\t\t\t<\/span>\n\t\t\t\t\t\t<\/span>\n\t\t\t\t\t<\/article>\n\t\t\t\t\t\t\t\t\t<article class=\"alterning\">\n\t\t\t\t\t\t<a class=\"news_img\" href=\"https:\/\/www.k-m.de\/brand\/us\/music-trade-fairs-2026-our-comprehensive-calendar-of-events\/\">\n\t\t\t\t\t\t\t<img loading=\"lazy\" decoding=\"async\" width=\"1024\" height=\"512\" src=\"https:\/\/www.k-m.de\/brand\/wp-content\/uploads\/2025\/12\/blog_header_exhibitions-2026_1800x900-Kopie-1024x512.jpg\" class=\"attachment-large size-large wp-post-image\" alt=\"\" srcset=\"https:\/\/www.k-m.de\/brand\/wp-content\/uploads\/2025\/12\/blog_header_exhibitions-2026_1800x900-Kopie-1024x512.jpg 1024w, https:\/\/www.k-m.de\/brand\/wp-content\/uploads\/2025\/12\/blog_header_exhibitions-2026_1800x900-Kopie-600x300.jpg 600w, https:\/\/www.k-m.de\/brand\/wp-content\/uploads\/2025\/12\/blog_header_exhibitions-2026_1800x900-Kopie-768x384.jpg 768w, https:\/\/www.k-m.de\/brand\/wp-content\/uploads\/2025\/12\/blog_header_exhibitions-2026_1800x900-Kopie-1536x768.jpg 1536w, https:\/\/www.k-m.de\/brand\/wp-content\/uploads\/2025\/12\/blog_header_exhibitions-2026_1800x900-Kopie-2048x1024.jpg 2048w, https:\/\/www.k-m.de\/brand\/wp-content\/uploads\/2025\/12\/blog_header_exhibitions-2026_1800x900-Kopie-1800x900.jpg 1800w\" sizes=\"auto, (max-width: 1024px) 100vw, 1024px\" \/>\t\t\t\t\t\t<\/a>\n\t\t\t\t\t\t<span class=\"news_text\">\n\t\t\t\t\t\t\t<span class=\"news_text_inner\">\n\t\t\t\t\t\t\t\t<h5><a href=\"https:\/\/www.k-m.de\/brand\/de\/category\/messenews\/\">Messe-News<\/a> 26.12.2025<\/h5>\n\t\t\t\t\t\t\t\t<a href=\"https:\/\/www.k-m.de\/brand\/us\/music-trade-fairs-2026-our-comprehensive-calendar-of-events\/\"><h3>Music trade fairs 2026 \u2013 Our comprehensive calendar of events<\/h3><\/a>\n\t\t\t\t\t\t\t<\/span>\n\t\t\t\t\t\t<\/span>\n\t\t\t\t\t<\/article>\n\t\t\t\t\t\t\t\t\t\t\t\t\t<br \/><br \/>\n\t\t\t<center>\n\t\t\t\t<a class=\"button button_large secondary\" href=\"\/brand\/de\/category\/musikbusiness\/popakademie-musikbusiness\/\">Show all press releases<\/a>\n\t\t\t<\/center>\n\t\t\t<br \/><br \/>\n\t\t\t\t\t<\/div>\n\t<\/div>\n<\/section>[\/vc_column][\/vc_row][vc_row][vc_column][vc_empty_space height=&#8221;60px&#8221;][vc_separator][vc_empty_space height=&#8221;60px&#8221;][\/vc_column][\/vc_row][vc_row el_class=&#8221;content_l&#8221;][vc_column width=&#8221;1\/2&#8243; css=&#8221;.vc_custom_1549462514726{border-right-width: 1px !important;border-right-color: #dedede !important;border-right-style: solid !important;}&#8221;][vc_column_text]<\/p>\n<h2 style=\"text-align: center;\">Support<\/h2>\n<p style=\"text-align: center;\">We know that our customers determine our success.<br \/>\nPlease contact us here for any support you might need.<\/p>\n<p>&nbsp;<\/p>\n<p style=\"text-align: center;\"><a class=\"button button_large\" href=\"\/brand\/en\/support\/support\/\">Contact<\/a><\/p>\n<p>[\/vc_column_text][\/vc_column][vc_column width=&#8221;1\/2&#8243;][vc_column_text]<\/p>\n<h2 style=\"text-align: center;\">Logos &amp; Catalogs<\/h2>\n<p style=\"text-align: center;\">Here you find logos, brochures and other<br \/>\ndownloads about K\u00f6nig &amp; Meyer.<\/p>\n<p>&nbsp;<\/p>\n<p style=\"text-align: center;\"><a class=\"button button_large\" href=\"\/brand\/en\/support\/documents\/\">Show downloads<\/a><\/p>\n<p>[\/vc_column_text][\/vc_column][\/vc_row][vc_row][vc_column][vc_empty_space height=&#8221;60px&#8221;][vc_separator][\/vc_column][\/vc_row]<\/p>\n<\/div>","protected":false},"excerpt":{"rendered":"<p>[vc_row][vc_column][vc_separator][\/vc_column][\/vc_row][vc_row][vc_column][\/vc_column][\/vc_row][vc_row][vc_column][vc_empty_space height=&#8221;60px&#8221;][vc_separator][vc_empty_space height=&#8221;60px&#8221;][\/vc_column][\/vc_row][vc_row el_class=&#8221;content_l&#8221;][vc_column width=&#8221;1\/2&#8243; css=&#8221;.vc_custom_1549462514726{border-right-width: 1px !important;border-right-color: #dedede !important;border-right-style: solid !important;}&#8221;][vc_column_text] Support We know that our customers determine our<span class=\"read_more\">Mehr erfahren<\/span><\/p>\n","protected":false},"author":16,"featured_media":0,"parent":0,"menu_order":1,"comment_status":"closed","ping_status":"closed","template":"page_templates\/page_downloads.php","meta":{"footnotes":""},"class_list":["post-11304","page","type-page","status-publish","format-standard","hentry"],"better_featured_image":null,"yoast_head":"<!-- This site is optimized with the Yoast SEO Premium plugin v26.8 (Yoast SEO v26.9) - https:\/\/yoast.com\/product\/yoast-seo-premium-wordpress\/ -->\n<title>Support - K\u00f6nig &amp; Meyer<\/title>\n<meta name=\"robots\" content=\"index, follow, max-snippet:-1, max-image-preview:large, max-video-preview:-1\" \/>\n<link rel=\"canonical\" href=\"https:\/\/www.k-m.de\/brand\/us\/support\/\" \/>\n<meta property=\"og:locale\" content=\"en_US\" \/>\n<meta property=\"og:type\" content=\"article\" \/>\n<meta property=\"og:title\" content=\"Support\" \/>\n<meta property=\"og:description\" content=\"[vc_row][vc_column][vc_separator][\/vc_column][\/vc_row][vc_row][vc_column][\/vc_column][\/vc_row][vc_row][vc_column][vc_empty_space height=&#8221;60px&#8221;][vc_separator][vc_empty_space height=&#8221;60px&#8221;][\/vc_column][\/vc_row][vc_row el_class=&#8221;content_l&#8221;][vc_column width=&#8221;1\/2&#8243; css=&#8221;.vc_custom_1549462514726{border-right-width: 1px !important;border-right-color: #dedede !important;border-right-style: solid !important;}&#8221;][vc_column_text] Support We know that our customers determine ourMehr erfahren\" \/>\n<meta property=\"og:url\" content=\"https:\/\/www.k-m.de\/brand\/us\/support\/\" \/>\n<meta property=\"og:site_name\" content=\"K\u00f6nig &amp; Meyer\" \/>\n<meta property=\"article:modified_time\" content=\"2022-04-18T17:28:33+00:00\" \/>\n<meta name=\"twitter:card\" content=\"summary_large_image\" \/>\n<meta name=\"twitter:label1\" content=\"Est. reading time\" \/>\n\t<meta name=\"twitter:data1\" content=\"1 minute\" \/>\n<script type=\"application\/ld+json\" class=\"yoast-schema-graph\">{\"@context\":\"https:\/\/schema.org\",\"@graph\":[{\"@type\":\"WebPage\",\"@id\":\"https:\/\/www.k-m.de\/brand\/us\/support\/\",\"url\":\"https:\/\/www.k-m.de\/brand\/us\/support\/\",\"name\":\"Support - K\u00f6nig &amp; Meyer\",\"isPartOf\":{\"@id\":\"https:\/\/www.k-m.de\/brand\/de\/#website\"},\"datePublished\":\"2019-02-27T13:22:23+00:00\",\"dateModified\":\"2022-04-18T17:28:33+00:00\",\"breadcrumb\":{\"@id\":\"https:\/\/www.k-m.de\/brand\/us\/support\/#breadcrumb\"},\"inLanguage\":\"en-US\",\"potentialAction\":[{\"@type\":\"ReadAction\",\"target\":[\"https:\/\/www.k-m.de\/brand\/us\/support\/\"]}]},{\"@type\":\"BreadcrumbList\",\"@id\":\"https:\/\/www.k-m.de\/brand\/us\/support\/#breadcrumb\",\"itemListElement\":[{\"@type\":\"ListItem\",\"position\":1,\"name\":\"Startseite\",\"item\":\"https:\/\/www.k-m.de\/brand\/us\/\"},{\"@type\":\"ListItem\",\"position\":2,\"name\":\"Support\"}]},{\"@type\":\"WebSite\",\"@id\":\"https:\/\/www.k-m.de\/brand\/de\/#website\",\"url\":\"https:\/\/www.k-m.de\/brand\/de\/\",\"name\":\"K\u00f6nig & Meyer\",\"description\":\"K\u00f6nig &amp; Meyer ist ein weltweit f\u00fchrender Hersteller f\u00fcr Musikzubeh\u00f6r. Seit \u00fcber 65 Jahren steht K&amp;M f\u00fcr qualitativ hochwertige Produkte.\",\"publisher\":{\"@id\":\"https:\/\/www.k-m.de\/brand\/de\/#organization\"},\"potentialAction\":[{\"@type\":\"SearchAction\",\"target\":{\"@type\":\"EntryPoint\",\"urlTemplate\":\"https:\/\/www.k-m.de\/brand\/de\/?s={search_term_string}\"},\"query-input\":{\"@type\":\"PropertyValueSpecification\",\"valueRequired\":true,\"valueName\":\"search_term_string\"}}],\"inLanguage\":\"en-US\"},{\"@type\":\"Organization\",\"@id\":\"https:\/\/www.k-m.de\/brand\/de\/#organization\",\"name\":\"K\u00f6nig & Meyer\",\"url\":\"https:\/\/www.k-m.de\/brand\/de\/\",\"logo\":{\"@type\":\"ImageObject\",\"inLanguage\":\"en-US\",\"@id\":\"https:\/\/www.k-m.de\/brand\/de\/#\/schema\/logo\/image\/\",\"url\":\"https:\/\/www.k-m.de\/brand\/wp-content\/uploads\/2023\/01\/KM_1c.tif\",\"contentUrl\":\"https:\/\/www.k-m.de\/brand\/wp-content\/uploads\/2023\/01\/KM_1c.tif\",\"width\":1,\"height\":1,\"caption\":\"K\u00f6nig & Meyer\"},\"image\":{\"@id\":\"https:\/\/www.k-m.de\/brand\/de\/#\/schema\/logo\/image\/\"}}]}<\/script>\n<!-- \/ Yoast SEO Premium plugin. -->","yoast_head_json":{"title":"Support - K\u00f6nig &amp; Meyer","robots":{"index":"index","follow":"follow","max-snippet":"max-snippet:-1","max-image-preview":"max-image-preview:large","max-video-preview":"max-video-preview:-1"},"canonical":"https:\/\/www.k-m.de\/brand\/us\/support\/","og_locale":"en_US","og_type":"article","og_title":"Support","og_description":"[vc_row][vc_column][vc_separator][\/vc_column][\/vc_row][vc_row][vc_column][\/vc_column][\/vc_row][vc_row][vc_column][vc_empty_space height=&#8221;60px&#8221;][vc_separator][vc_empty_space height=&#8221;60px&#8221;][\/vc_column][\/vc_row][vc_row el_class=&#8221;content_l&#8221;][vc_column width=&#8221;1\/2&#8243; css=&#8221;.vc_custom_1549462514726{border-right-width: 1px !important;border-right-color: #dedede !important;border-right-style: solid !important;}&#8221;][vc_column_text] Support We know that our customers determine ourMehr erfahren","og_url":"https:\/\/www.k-m.de\/brand\/us\/support\/","og_site_name":"K\u00f6nig &amp; Meyer","article_modified_time":"2022-04-18T17:28:33+00:00","twitter_card":"summary_large_image","twitter_misc":{"Est. reading time":"1 minute"},"schema":{"@context":"https:\/\/schema.org","@graph":[{"@type":"WebPage","@id":"https:\/\/www.k-m.de\/brand\/us\/support\/","url":"https:\/\/www.k-m.de\/brand\/us\/support\/","name":"Support - K\u00f6nig &amp; Meyer","isPartOf":{"@id":"https:\/\/www.k-m.de\/brand\/de\/#website"},"datePublished":"2019-02-27T13:22:23+00:00","dateModified":"2022-04-18T17:28:33+00:00","breadcrumb":{"@id":"https:\/\/www.k-m.de\/brand\/us\/support\/#breadcrumb"},"inLanguage":"en-US","potentialAction":[{"@type":"ReadAction","target":["https:\/\/www.k-m.de\/brand\/us\/support\/"]}]},{"@type":"BreadcrumbList","@id":"https:\/\/www.k-m.de\/brand\/us\/support\/#breadcrumb","itemListElement":[{"@type":"ListItem","position":1,"name":"Startseite","item":"https:\/\/www.k-m.de\/brand\/us\/"},{"@type":"ListItem","position":2,"name":"Support"}]},{"@type":"WebSite","@id":"https:\/\/www.k-m.de\/brand\/de\/#website","url":"https:\/\/www.k-m.de\/brand\/de\/","name":"K\u00f6nig & Meyer","description":"K\u00f6nig &amp; Meyer ist ein weltweit f\u00fchrender Hersteller f\u00fcr Musikzubeh\u00f6r. Seit \u00fcber 65 Jahren steht K&amp;M f\u00fcr qualitativ hochwertige Produkte.","publisher":{"@id":"https:\/\/www.k-m.de\/brand\/de\/#organization"},"potentialAction":[{"@type":"SearchAction","target":{"@type":"EntryPoint","urlTemplate":"https:\/\/www.k-m.de\/brand\/de\/?s={search_term_string}"},"query-input":{"@type":"PropertyValueSpecification","valueRequired":true,"valueName":"search_term_string"}}],"inLanguage":"en-US"},{"@type":"Organization","@id":"https:\/\/www.k-m.de\/brand\/de\/#organization","name":"K\u00f6nig & Meyer","url":"https:\/\/www.k-m.de\/brand\/de\/","logo":{"@type":"ImageObject","inLanguage":"en-US","@id":"https:\/\/www.k-m.de\/brand\/de\/#\/schema\/logo\/image\/","url":"https:\/\/www.k-m.de\/brand\/wp-content\/uploads\/2023\/01\/KM_1c.tif","contentUrl":"https:\/\/www.k-m.de\/brand\/wp-content\/uploads\/2023\/01\/KM_1c.tif","width":1,"height":1,"caption":"K\u00f6nig & Meyer"},"image":{"@id":"https:\/\/www.k-m.de\/brand\/de\/#\/schema\/logo\/image\/"}}]}},"_links":{"self":[{"href":"https:\/\/www.k-m.de\/brand\/us\/wp-json\/wp\/v2\/pages\/11304","targetHints":{"allow":["GET"]}}],"collection":[{"href":"https:\/\/www.k-m.de\/brand\/us\/wp-json\/wp\/v2\/pages"}],"about":[{"href":"https:\/\/www.k-m.de\/brand\/us\/wp-json\/wp\/v2\/types\/page"}],"author":[{"embeddable":true,"href":"https:\/\/www.k-m.de\/brand\/us\/wp-json\/wp\/v2\/users\/16"}],"replies":[{"embeddable":true,"href":"https:\/\/www.k-m.de\/brand\/us\/wp-json\/wp\/v2\/comments?post=11304"}],"version-history":[{"count":2,"href":"https:\/\/www.k-m.de\/brand\/us\/wp-json\/wp\/v2\/pages\/11304\/revisions"}],"predecessor-version":[{"id":12823,"href":"https:\/\/www.k-m.de\/brand\/us\/wp-json\/wp\/v2\/pages\/11304\/revisions\/12823"}],"wp:attachment":[{"href":"https:\/\/www.k-m.de\/brand\/us\/wp-json\/wp\/v2\/media?parent=11304"}],"curies":[{"name":"wp","href":"https:\/\/api.w.org\/{rel}","templated":true}]}}