{"id":11501,"date":"2019-02-04T11:15:58","date_gmt":"2019-02-04T10:15:58","guid":{"rendered":"https:\/\/www.k-m.de\/brand\/koenig-meyer\/environment\/"},"modified":"2024-09-05T16:51:51","modified_gmt":"2024-09-05T14:51:51","slug":"environment","status":"publish","type":"page","link":"https:\/\/www.k-m.de\/brand\/us\/koenig-meyer\/environment\/","title":{"rendered":"Environment"},"content":{"rendered":"<div class=\"wpb-content-wrapper\"><p>[vc_row full_width=&#8221;stretch_row_content_no_spaces&#8221;][vc_column]\n<div class=\"main_teasers owl-carousel owl-theme\">\n\t\t\t\t\t<div class=\"main_teaser main_teaser_light\">\n\t\t\t<div class=\"main_teaser_text\">\n\t\t\t\t\t\t\t\t\t\t\t\t\t\t\t\t\t<a class=\"main_teaser_prev\"><\/a>\n\t\t\t\t\t<a class=\"main_teaser_next\"><\/a>\n\t\t\t\t\t\t\t\t\t\t\t<\/div>\n\t\t\t<img decoding=\"async\" src=\"https:\/\/www.k-m.de\/brand\/wp-content\/uploads\/2019\/03\/Umwelt_01-1.jpg\" \/>\n\t\t<\/div>\n\t\t\t\t\t<div class=\"main_teaser main_teaser_light\">\n\t\t\t<div class=\"main_teaser_text\">\n\t\t\t\t\t\t\t\t\t\t\t\t\t\t\t\t\t<a class=\"main_teaser_prev\"><\/a>\n\t\t\t\t\t<a class=\"main_teaser_next\"><\/a>\n\t\t\t\t\t\t\t\t\t\t\t<\/div>\n\t\t\t<img decoding=\"async\" src=\"https:\/\/www.k-m.de\/brand\/wp-content\/uploads\/2019\/03\/Umwelt_02.jpg\" \/>\n\t\t<\/div>\n\t\t\t\t\t<div class=\"main_teaser main_teaser_light\">\n\t\t\t<div class=\"main_teaser_text\">\n\t\t\t\t\t\t\t\t\t\t\t\t\t\t\t\t\t<a class=\"main_teaser_prev\"><\/a>\n\t\t\t\t\t<a class=\"main_teaser_next\"><\/a>\n\t\t\t\t\t\t\t\t\t\t\t<\/div>\n\t\t\t<img decoding=\"async\" src=\"https:\/\/www.k-m.de\/brand\/wp-content\/uploads\/2019\/03\/Umwelt_03-1.jpg\" \/>\n\t\t<\/div>\n\t<\/div>[\/vc_column][\/vc_row][vc_row el_class=&#8221;content_m&#8221;][vc_column][vc_column_text]<\/p>\n<h1>Environmental Protection<br \/>\nis important to us<\/h1>\n<p style=\"text-align: center;\">&#8220;Resources are too valuable to waste. Resource conservation and environmental protection are firmly anchored in each step of our production.&#8221;<\/p>\n<p>[\/vc_column_text][vc_empty_space height=&#8221;50px&#8221;][\/vc_column][\/vc_row][vc_row full_width=&#8221;stretch_row&#8221; el_class=&#8221;content_m bg_light_grey&#8221;][vc_column][vc_column_text css=&#8221;&#8221;]<\/p>\n<div class=\"wpb_column vc_column_container vc_col-sm-12\">\n<div class=\"vc_column-inner \">\n<div class=\"wpb_wrapper\"><\/div>\n<\/div>\n<\/div>\n<h3>Environmental Protection as a corporate goal<\/h3>\n<p>We prevent waste, save water and energy and reduce emissions wherever possible. We continually review all environmentally relevant processes and develop strategies and measures that can minimize resource consumption and environmental impact.<\/p>\n<p>Environmental protection has been a stated corporate goal of K\u00f6nig &amp; Meyer for decades. Our unlimited commitment to quality and environment in the production process translates into the most effective use of raw materials, conservation of energy, greater use of renewable energies, recycling of parts and products at the end of their life, avoidance of pollutants in production, reduction of CO2 emissions, reduction of water consumption and treatment of waste water used in the production process to produce potable quality. Since 1979 we have reduced our water consumption by 94 percent.<\/p>\n<p>K\u00f6nig &amp; Meyer has been certified according to the recognized<a href=\"https:\/\/www.k-m.de\/uploads\/ckfinder\/files\/DIN%20EN%2014001_2015-2018_e.pdf\">\u00a0<\/a>ISO 14001\u00a0standard since 2000 and the\u00a0EU EMAS regulation\u00a0since 1998. Both were awarded for effective and responsible environmental protection.<\/p>\n<p>We were also awarded the Environmental Prize of Baden-W\u00fcrttemberg for our outstanding achievements in promoting environmental protection and for our environment-based management.[\/vc_column_text][\/vc_column][\/vc_row][vc_column][\/vc_column][vc_row][vc_column][vc_custom_heading text=&#8221;Download&#8221; font_container=&#8221;tag:h2|text_align:center&#8221; use_theme_fonts=&#8221;yes&#8221;]\n<a class=\"download_box  download_box_small\" href=\"https:\/\/www.k-m.de\/brand\/wp-content\/uploads\/2019\/01\/SPRMC-A3-TI24072212350.pdf\" target=\"_blank\">\n\t\t\t<span class=\"download_image\">\n\t\t\t\t\t\t\t<img loading=\"lazy\" decoding=\"async\" width=\"212\" height=\"300\" src=\"https:\/\/www.k-m.de\/brand\/wp-content\/uploads\/2019\/01\/emas_24-424x600.jpg\" class=\"attachment-medium size-medium wp-post-image\" alt=\"\" srcset=\"https:\/\/www.k-m.de\/brand\/wp-content\/uploads\/2019\/01\/emas_24-424x600.jpg 424w, https:\/\/www.k-m.de\/brand\/wp-content\/uploads\/2019\/01\/emas_24-724x1024.jpg 724w, https:\/\/www.k-m.de\/brand\/wp-content\/uploads\/2019\/01\/emas_24-768x1086.jpg 768w, https:\/\/www.k-m.de\/brand\/wp-content\/uploads\/2019\/01\/emas_24-543x768.jpg 543w, https:\/\/www.k-m.de\/brand\/wp-content\/uploads\/2019\/01\/emas_24-1086x1536.jpg 1086w, https:\/\/www.k-m.de\/brand\/wp-content\/uploads\/2019\/01\/emas_24-1448x2048.jpg 1448w, https:\/\/www.k-m.de\/brand\/wp-content\/uploads\/2019\/01\/emas_24-849x1200.jpg 849w, https:\/\/www.k-m.de\/brand\/wp-content\/uploads\/2019\/01\/emas_24-212x300.jpg 212w\" sizes=\"auto, (max-width: 212px) 100vw, 212px\" \/>\t\t\t\t\t<\/span>\n\t\t<span class=\"download_title\">Environmental Management EMAS III<\/span>\n\t\t<ins>(PDF, 81.62 KB)<\/ins>\n\t<\/a>\n<a class=\"download_box  download_box_small\" href=\"https:\/\/www.k-m.de\/brand\/wp-content\/uploads\/2021\/07\/CORE-ISO-14001_Zert_KoenigMeyer_2024_engl_sign.pdf\" target=\"_blank\">\n\t\t\t<span class=\"download_image\">\n\t\t\t\t\t\t\t<img loading=\"lazy\" decoding=\"async\" width=\"203\" height=\"300\" src=\"https:\/\/www.k-m.de\/brand\/wp-content\/uploads\/2021\/07\/Bildschirmfoto-2024-10-02-um-15.26.04-406x600.png\" class=\"attachment-medium size-medium wp-post-image\" alt=\"\" srcset=\"https:\/\/www.k-m.de\/brand\/wp-content\/uploads\/2021\/07\/Bildschirmfoto-2024-10-02-um-15.26.04-406x600.png 406w, https:\/\/www.k-m.de\/brand\/wp-content\/uploads\/2021\/07\/Bildschirmfoto-2024-10-02-um-15.26.04-693x1024.png 693w, https:\/\/www.k-m.de\/brand\/wp-content\/uploads\/2021\/07\/Bildschirmfoto-2024-10-02-um-15.26.04-768x1135.png 768w, https:\/\/www.k-m.de\/brand\/wp-content\/uploads\/2021\/07\/Bildschirmfoto-2024-10-02-um-15.26.04-520x768.png 520w, https:\/\/www.k-m.de\/brand\/wp-content\/uploads\/2021\/07\/Bildschirmfoto-2024-10-02-um-15.26.04-812x1200.png 812w, https:\/\/www.k-m.de\/brand\/wp-content\/uploads\/2021\/07\/Bildschirmfoto-2024-10-02-um-15.26.04-203x300.png 203w, https:\/\/www.k-m.de\/brand\/wp-content\/uploads\/2021\/07\/Bildschirmfoto-2024-10-02-um-15.26.04.png 920w\" sizes=\"auto, (max-width: 203px) 100vw, 203px\" \/>\t\t\t\t\t<\/span>\n\t\t<span class=\"download_title\">Environmental Management DIN EN ISO 14001:2015<\/span>\n\t\t<ins>(PDF, 130.31 KB)<\/ins>\n\t<\/a>[\/vc_column][\/vc_row]<\/p>\n<\/div>","protected":false},"excerpt":{"rendered":"<p>[vc_row full_width=&#8221;stretch_row_content_no_spaces&#8221;][vc_column][\/vc_column][\/vc_row][vc_row el_class=&#8221;content_m&#8221;][vc_column][vc_column_text] Environmental Protection is important to us &#8220;Resources are too valuable to waste. Resource conservation and environmental protection<span class=\"read_more\">Mehr erfahren<\/span><\/p>\n","protected":false},"author":9,"featured_media":11368,"parent":11497,"menu_order":95,"comment_status":"closed","ping_status":"closed","template":"","meta":{"footnotes":""},"class_list":["post-11501","page","type-page","status-publish","format-standard","has-post-thumbnail","hentry"],"better_featured_image":{"id":11368,"alt_text":"","caption":"","description":"","media_type":"image","media_details":{"width":1800,"height":900,"file":"2019\/03\/Umwelt_01-1.jpg","sizes":{"thumbnail":{"file":"Umwelt_01-1-800x480.jpg","width":800,"height":480,"mime-type":"image\/jpeg","source_url":"https:\/\/www.k-m.de\/brand\/wp-content\/uploads\/2019\/03\/Umwelt_01-1-800x480.jpg"},"medium":{"file":"Umwelt_01-1-600x300.jpg","width":600,"height":300,"mime-type":"image\/jpeg","source_url":"https:\/\/www.k-m.de\/brand\/wp-content\/uploads\/2019\/03\/Umwelt_01-1-600x300.jpg"},"medium_large":{"file":"Umwelt_01-1-768x384.jpg","width":768,"height":384,"mime-type":"image\/jpeg","source_url":"https:\/\/www.k-m.de\/brand\/wp-content\/uploads\/2019\/03\/Umwelt_01-1-768x384.jpg"},"large":{"file":"Umwelt_01-1-1024x512.jpg","width":1024,"height":512,"mime-type":"image\/jpeg","source_url":"https:\/\/www.k-m.de\/brand\/wp-content\/uploads\/2019\/03\/Umwelt_01-1-1024x512.jpg"},"post-thumbnail":{"file":"Umwelt_01-1-800x480.jpg","width":800,"height":480,"mime-type":"image\/jpeg","source_url":"https:\/\/www.k-m.de\/brand\/wp-content\/uploads\/2019\/03\/Umwelt_01-1-800x480.jpg"},"medium_cropped":{"file":"Umwelt_01-1-600x600.jpg","width":600,"height":600,"mime-type":"image\/jpeg","source_url":"https:\/\/www.k-m.de\/brand\/wp-content\/uploads\/2019\/03\/Umwelt_01-1-600x600.jpg"},"large_cropped":{"file":"Umwelt_01-1-1200x720.jpg","width":1200,"height":720,"mime-type":"image\/jpeg","source_url":"https:\/\/www.k-m.de\/brand\/wp-content\/uploads\/2019\/03\/Umwelt_01-1-1200x720.jpg"},"very_large":{"file":"Umwelt_01-1-1800x900.jpg","width":1800,"height":900,"mime-type":"image\/jpeg","source_url":"https:\/\/www.k-m.de\/brand\/wp-content\/uploads\/2019\/03\/Umwelt_01-1-1800x900.jpg"},"x_large_cropped":{"file":"Umwelt_01-1-2200x1100.jpg","width":2200,"height":1100,"mime-type":"image\/jpeg","source_url":"https:\/\/www.k-m.de\/brand\/wp-content\/uploads\/2019\/03\/Umwelt_01-1-2200x1100.jpg"},"landingpage_thumb":{"file":"Umwelt_01-1-600x300.jpg","width":600,"height":300,"mime-type":"image\/jpeg","source_url":"https:\/\/www.k-m.de\/brand\/wp-content\/uploads\/2019\/03\/Umwelt_01-1-600x300.jpg"},"profile_24":{"file":"Umwelt_01-1-24x24.jpg","width":24,"height":24,"mime-type":"image\/jpeg","source_url":"https:\/\/www.k-m.de\/brand\/wp-content\/uploads\/2019\/03\/Umwelt_01-1-24x24.jpg"},"profile_48":{"file":"Umwelt_01-1-48x48.jpg","width":48,"height":48,"mime-type":"image\/jpeg","source_url":"https:\/\/www.k-m.de\/brand\/wp-content\/uploads\/2019\/03\/Umwelt_01-1-48x48.jpg"},"profile_96":{"file":"Umwelt_01-1-96x96.jpg","width":96,"height":96,"mime-type":"image\/jpeg","source_url":"https:\/\/www.k-m.de\/brand\/wp-content\/uploads\/2019\/03\/Umwelt_01-1-96x96.jpg"}},"image_meta":{"aperture":"0","credit":"","camera":"","caption":"","created_timestamp":"0","copyright":"","focal_length":"0","iso":"0","shutter_speed":"0","title":"","orientation":"0","keywords":[]}},"post":11501,"source_url":"https:\/\/www.k-m.de\/brand\/wp-content\/uploads\/2019\/03\/Umwelt_01-1.jpg"},"yoast_head":"<!-- This site is optimized with the Yoast SEO Premium plugin v26.8 (Yoast SEO v26.9) - https:\/\/yoast.com\/product\/yoast-seo-premium-wordpress\/ -->\n<title>Environment - K\u00f6nig &amp; Meyer<\/title>\n<meta name=\"description\" content=\"Resources are too valuable to waste. Resource conservation and environmental protection are firmly anchored in each step of our production.\" \/>\n<meta name=\"robots\" content=\"index, follow, max-snippet:-1, max-image-preview:large, max-video-preview:-1\" \/>\n<link rel=\"canonical\" href=\"https:\/\/www.k-m.de\/brand\/us\/koenig-meyer\/environment\/\" \/>\n<meta property=\"og:locale\" content=\"en_US\" \/>\n<meta property=\"og:type\" content=\"article\" \/>\n<meta property=\"og:title\" content=\"Environment\" \/>\n<meta property=\"og:description\" content=\"Resources are too valuable to waste. Resource conservation and environmental protection are firmly anchored in each step of our production.\" \/>\n<meta property=\"og:url\" content=\"https:\/\/www.k-m.de\/brand\/us\/koenig-meyer\/environment\/\" \/>\n<meta property=\"og:site_name\" content=\"K\u00f6nig &amp; Meyer\" \/>\n<meta property=\"article:modified_time\" content=\"2024-09-05T14:51:51+00:00\" \/>\n<meta property=\"og:image\" content=\"https:\/\/www.k-m.de\/brand\/wp-content\/uploads\/2019\/03\/Umwelt_01-1.jpg\" \/>\n\t<meta property=\"og:image:width\" content=\"1800\" \/>\n\t<meta property=\"og:image:height\" content=\"900\" \/>\n\t<meta property=\"og:image:type\" content=\"image\/jpeg\" \/>\n<meta name=\"twitter:card\" content=\"summary_large_image\" \/>\n<meta name=\"twitter:label1\" content=\"Est. reading time\" \/>\n\t<meta name=\"twitter:data1\" content=\"1 minute\" \/>\n<script type=\"application\/ld+json\" class=\"yoast-schema-graph\">{\"@context\":\"https:\/\/schema.org\",\"@graph\":[{\"@type\":\"WebPage\",\"@id\":\"https:\/\/www.k-m.de\/brand\/us\/koenig-meyer\/environment\/\",\"url\":\"https:\/\/www.k-m.de\/brand\/us\/koenig-meyer\/environment\/\",\"name\":\"Environment - K\u00f6nig &amp; Meyer\",\"isPartOf\":{\"@id\":\"https:\/\/www.k-m.de\/brand\/de\/#website\"},\"primaryImageOfPage\":{\"@id\":\"https:\/\/www.k-m.de\/brand\/us\/koenig-meyer\/environment\/#primaryimage\"},\"image\":{\"@id\":\"https:\/\/www.k-m.de\/brand\/us\/koenig-meyer\/environment\/#primaryimage\"},\"thumbnailUrl\":\"https:\/\/www.k-m.de\/brand\/wp-content\/uploads\/2019\/03\/Umwelt_01-1.jpg\",\"datePublished\":\"2019-02-04T10:15:58+00:00\",\"dateModified\":\"2024-09-05T14:51:51+00:00\",\"description\":\"Resources are too valuable to waste. Resource conservation and environmental protection are firmly anchored in each step of our production.\",\"breadcrumb\":{\"@id\":\"https:\/\/www.k-m.de\/brand\/us\/koenig-meyer\/environment\/#breadcrumb\"},\"inLanguage\":\"en-US\",\"potentialAction\":[{\"@type\":\"ReadAction\",\"target\":[\"https:\/\/www.k-m.de\/brand\/us\/koenig-meyer\/environment\/\"]}]},{\"@type\":\"ImageObject\",\"inLanguage\":\"en-US\",\"@id\":\"https:\/\/www.k-m.de\/brand\/us\/koenig-meyer\/environment\/#primaryimage\",\"url\":\"https:\/\/www.k-m.de\/brand\/wp-content\/uploads\/2019\/03\/Umwelt_01-1.jpg\",\"contentUrl\":\"https:\/\/www.k-m.de\/brand\/wp-content\/uploads\/2019\/03\/Umwelt_01-1.jpg\",\"width\":1800,\"height\":900},{\"@type\":\"BreadcrumbList\",\"@id\":\"https:\/\/www.k-m.de\/brand\/us\/koenig-meyer\/environment\/#breadcrumb\",\"itemListElement\":[{\"@type\":\"ListItem\",\"position\":1,\"name\":\"Startseite\",\"item\":\"https:\/\/www.k-m.de\/brand\/us\/\"},{\"@type\":\"ListItem\",\"position\":2,\"name\":\"K\u00f6nig &#038; Meyer\",\"item\":\"https:\/\/www.k-m.de\/brand\/us\/koenig-meyer\/\"},{\"@type\":\"ListItem\",\"position\":3,\"name\":\"Environment\"}]},{\"@type\":\"WebSite\",\"@id\":\"https:\/\/www.k-m.de\/brand\/de\/#website\",\"url\":\"https:\/\/www.k-m.de\/brand\/de\/\",\"name\":\"K\u00f6nig & Meyer\",\"description\":\"K\u00f6nig &amp; Meyer ist ein weltweit f\u00fchrender Hersteller f\u00fcr Musikzubeh\u00f6r. Seit \u00fcber 65 Jahren steht K&amp;M f\u00fcr qualitativ hochwertige Produkte.\",\"publisher\":{\"@id\":\"https:\/\/www.k-m.de\/brand\/de\/#organization\"},\"potentialAction\":[{\"@type\":\"SearchAction\",\"target\":{\"@type\":\"EntryPoint\",\"urlTemplate\":\"https:\/\/www.k-m.de\/brand\/de\/?s={search_term_string}\"},\"query-input\":{\"@type\":\"PropertyValueSpecification\",\"valueRequired\":true,\"valueName\":\"search_term_string\"}}],\"inLanguage\":\"en-US\"},{\"@type\":\"Organization\",\"@id\":\"https:\/\/www.k-m.de\/brand\/de\/#organization\",\"name\":\"K\u00f6nig & Meyer\",\"url\":\"https:\/\/www.k-m.de\/brand\/de\/\",\"logo\":{\"@type\":\"ImageObject\",\"inLanguage\":\"en-US\",\"@id\":\"https:\/\/www.k-m.de\/brand\/de\/#\/schema\/logo\/image\/\",\"url\":\"https:\/\/www.k-m.de\/brand\/wp-content\/uploads\/2023\/01\/KM_1c.tif\",\"contentUrl\":\"https:\/\/www.k-m.de\/brand\/wp-content\/uploads\/2023\/01\/KM_1c.tif\",\"width\":1,\"height\":1,\"caption\":\"K\u00f6nig & Meyer\"},\"image\":{\"@id\":\"https:\/\/www.k-m.de\/brand\/de\/#\/schema\/logo\/image\/\"}}]}<\/script>\n<!-- \/ Yoast SEO Premium plugin. -->","yoast_head_json":{"title":"Environment - K\u00f6nig &amp; Meyer","description":"Resources are too valuable to waste. Resource conservation and environmental protection are firmly anchored in each step of our production.","robots":{"index":"index","follow":"follow","max-snippet":"max-snippet:-1","max-image-preview":"max-image-preview:large","max-video-preview":"max-video-preview:-1"},"canonical":"https:\/\/www.k-m.de\/brand\/us\/koenig-meyer\/environment\/","og_locale":"en_US","og_type":"article","og_title":"Environment","og_description":"Resources are too valuable to waste. Resource conservation and environmental protection are firmly anchored in each step of our production.","og_url":"https:\/\/www.k-m.de\/brand\/us\/koenig-meyer\/environment\/","og_site_name":"K\u00f6nig &amp; Meyer","article_modified_time":"2024-09-05T14:51:51+00:00","og_image":[{"width":1800,"height":900,"url":"https:\/\/www.k-m.de\/brand\/wp-content\/uploads\/2019\/03\/Umwelt_01-1.jpg","type":"image\/jpeg"}],"twitter_card":"summary_large_image","twitter_misc":{"Est. reading time":"1 minute"},"schema":{"@context":"https:\/\/schema.org","@graph":[{"@type":"WebPage","@id":"https:\/\/www.k-m.de\/brand\/us\/koenig-meyer\/environment\/","url":"https:\/\/www.k-m.de\/brand\/us\/koenig-meyer\/environment\/","name":"Environment - K\u00f6nig &amp; Meyer","isPartOf":{"@id":"https:\/\/www.k-m.de\/brand\/de\/#website"},"primaryImageOfPage":{"@id":"https:\/\/www.k-m.de\/brand\/us\/koenig-meyer\/environment\/#primaryimage"},"image":{"@id":"https:\/\/www.k-m.de\/brand\/us\/koenig-meyer\/environment\/#primaryimage"},"thumbnailUrl":"https:\/\/www.k-m.de\/brand\/wp-content\/uploads\/2019\/03\/Umwelt_01-1.jpg","datePublished":"2019-02-04T10:15:58+00:00","dateModified":"2024-09-05T14:51:51+00:00","description":"Resources are too valuable to waste. Resource conservation and environmental protection are firmly anchored in each step of our production.","breadcrumb":{"@id":"https:\/\/www.k-m.de\/brand\/us\/koenig-meyer\/environment\/#breadcrumb"},"inLanguage":"en-US","potentialAction":[{"@type":"ReadAction","target":["https:\/\/www.k-m.de\/brand\/us\/koenig-meyer\/environment\/"]}]},{"@type":"ImageObject","inLanguage":"en-US","@id":"https:\/\/www.k-m.de\/brand\/us\/koenig-meyer\/environment\/#primaryimage","url":"https:\/\/www.k-m.de\/brand\/wp-content\/uploads\/2019\/03\/Umwelt_01-1.jpg","contentUrl":"https:\/\/www.k-m.de\/brand\/wp-content\/uploads\/2019\/03\/Umwelt_01-1.jpg","width":1800,"height":900},{"@type":"BreadcrumbList","@id":"https:\/\/www.k-m.de\/brand\/us\/koenig-meyer\/environment\/#breadcrumb","itemListElement":[{"@type":"ListItem","position":1,"name":"Startseite","item":"https:\/\/www.k-m.de\/brand\/us\/"},{"@type":"ListItem","position":2,"name":"K\u00f6nig &#038; Meyer","item":"https:\/\/www.k-m.de\/brand\/us\/koenig-meyer\/"},{"@type":"ListItem","position":3,"name":"Environment"}]},{"@type":"WebSite","@id":"https:\/\/www.k-m.de\/brand\/de\/#website","url":"https:\/\/www.k-m.de\/brand\/de\/","name":"K\u00f6nig & Meyer","description":"K\u00f6nig &amp; Meyer ist ein weltweit f\u00fchrender Hersteller f\u00fcr Musikzubeh\u00f6r. Seit \u00fcber 65 Jahren steht K&amp;M f\u00fcr qualitativ hochwertige Produkte.","publisher":{"@id":"https:\/\/www.k-m.de\/brand\/de\/#organization"},"potentialAction":[{"@type":"SearchAction","target":{"@type":"EntryPoint","urlTemplate":"https:\/\/www.k-m.de\/brand\/de\/?s={search_term_string}"},"query-input":{"@type":"PropertyValueSpecification","valueRequired":true,"valueName":"search_term_string"}}],"inLanguage":"en-US"},{"@type":"Organization","@id":"https:\/\/www.k-m.de\/brand\/de\/#organization","name":"K\u00f6nig & Meyer","url":"https:\/\/www.k-m.de\/brand\/de\/","logo":{"@type":"ImageObject","inLanguage":"en-US","@id":"https:\/\/www.k-m.de\/brand\/de\/#\/schema\/logo\/image\/","url":"https:\/\/www.k-m.de\/brand\/wp-content\/uploads\/2023\/01\/KM_1c.tif","contentUrl":"https:\/\/www.k-m.de\/brand\/wp-content\/uploads\/2023\/01\/KM_1c.tif","width":1,"height":1,"caption":"K\u00f6nig & Meyer"},"image":{"@id":"https:\/\/www.k-m.de\/brand\/de\/#\/schema\/logo\/image\/"}}]}},"_links":{"self":[{"href":"https:\/\/www.k-m.de\/brand\/us\/wp-json\/wp\/v2\/pages\/11501","targetHints":{"allow":["GET"]}}],"collection":[{"href":"https:\/\/www.k-m.de\/brand\/us\/wp-json\/wp\/v2\/pages"}],"about":[{"href":"https:\/\/www.k-m.de\/brand\/us\/wp-json\/wp\/v2\/types\/page"}],"author":[{"embeddable":true,"href":"https:\/\/www.k-m.de\/brand\/us\/wp-json\/wp\/v2\/users\/9"}],"replies":[{"embeddable":true,"href":"https:\/\/www.k-m.de\/brand\/us\/wp-json\/wp\/v2\/comments?post=11501"}],"version-history":[{"count":5,"href":"https:\/\/www.k-m.de\/brand\/us\/wp-json\/wp\/v2\/pages\/11501\/revisions"}],"predecessor-version":[{"id":37088,"href":"https:\/\/www.k-m.de\/brand\/us\/wp-json\/wp\/v2\/pages\/11501\/revisions\/37088"}],"up":[{"embeddable":true,"href":"https:\/\/www.k-m.de\/brand\/us\/wp-json\/wp\/v2\/pages\/11497"}],"wp:featuredmedia":[{"embeddable":true,"href":"https:\/\/www.k-m.de\/brand\/us\/wp-json\/wp\/v2\/media\/11368"}],"wp:attachment":[{"href":"https:\/\/www.k-m.de\/brand\/us\/wp-json\/wp\/v2\/media?parent=11501"}],"curies":[{"name":"wp","href":"https:\/\/api.w.org\/{rel}","templated":true}]}}