{"id":11505,"date":"2019-02-16T15:24:24","date_gmt":"2019-02-16T14:24:24","guid":{"rendered":"https:\/\/www.k-m.de\/brand\/koenig-meyer\/contract-manufacture\/welding\/"},"modified":"2019-05-02T11:17:42","modified_gmt":"2019-05-02T09:17:42","slug":"welding","status":"publish","type":"page","link":"https:\/\/www.k-m.de\/brand\/us\/koenig-meyer\/contract-manufacture\/welding\/","title":{"rendered":"Welding"},"content":{"rendered":"<div class=\"wpb-content-wrapper\"><p>[vc_section full_width=&#8221;stretch_row_content&#8221; el_class=&#8221;bg_light_grey&#8221;][vc_row el_class=&#8221;content_l&#8221;][vc_column][vc_custom_heading source=&#8221;post_title&#8221; font_container=&#8221;tag:h2|text_align:center&#8221; use_theme_fonts=&#8221;yes&#8221;]\n<div class=\"default_slider owl-carousel\">\n\t\t\t<img loading=\"lazy\" decoding=\"async\" width=\"1120\" height=\"435\" src=\"https:\/\/www.k-m.de\/brand\/wp-content\/uploads\/2019\/01\/Lohnfertigung_Schweisserei_01.jpg\" class=\"attachment-very_large size-very_large\" alt=\"Lohnfertigung: Schwei\u00dferei\" srcset=\"https:\/\/www.k-m.de\/brand\/wp-content\/uploads\/2019\/01\/Lohnfertigung_Schweisserei_01.jpg 1120w, https:\/\/www.k-m.de\/brand\/wp-content\/uploads\/2019\/01\/Lohnfertigung_Schweisserei_01-300x117.jpg 300w, https:\/\/www.k-m.de\/brand\/wp-content\/uploads\/2019\/01\/Lohnfertigung_Schweisserei_01-768x298.jpg 768w, https:\/\/www.k-m.de\/brand\/wp-content\/uploads\/2019\/01\/Lohnfertigung_Schweisserei_01-1024x398.jpg 1024w, https:\/\/www.k-m.de\/brand\/wp-content\/uploads\/2019\/01\/Lohnfertigung_Schweisserei_01-772x300.jpg 772w\" sizes=\"auto, (max-width: 1120px) 100vw, 1120px\" \/>\t\t\t<img loading=\"lazy\" decoding=\"async\" width=\"1120\" height=\"435\" src=\"https:\/\/www.k-m.de\/brand\/wp-content\/uploads\/2019\/01\/Lohnfertigung_Schweisserei_02.jpg\" class=\"attachment-very_large size-very_large\" alt=\"Lohnfertigung: Schwei\u00dferei\" srcset=\"https:\/\/www.k-m.de\/brand\/wp-content\/uploads\/2019\/01\/Lohnfertigung_Schweisserei_02.jpg 1120w, https:\/\/www.k-m.de\/brand\/wp-content\/uploads\/2019\/01\/Lohnfertigung_Schweisserei_02-300x117.jpg 300w, https:\/\/www.k-m.de\/brand\/wp-content\/uploads\/2019\/01\/Lohnfertigung_Schweisserei_02-768x298.jpg 768w, https:\/\/www.k-m.de\/brand\/wp-content\/uploads\/2019\/01\/Lohnfertigung_Schweisserei_02-1024x398.jpg 1024w, https:\/\/www.k-m.de\/brand\/wp-content\/uploads\/2019\/01\/Lohnfertigung_Schweisserei_02-772x300.jpg 772w\" sizes=\"auto, (max-width: 1120px) 100vw, 1120px\" \/>\t\t\t<img loading=\"lazy\" decoding=\"async\" width=\"1120\" height=\"435\" src=\"https:\/\/www.k-m.de\/brand\/wp-content\/uploads\/2019\/01\/Lohnfertigung_Schweisserei_03.jpg\" class=\"attachment-very_large size-very_large\" alt=\"Lohnfertigung I Schwei\u00dferei\" srcset=\"https:\/\/www.k-m.de\/brand\/wp-content\/uploads\/2019\/01\/Lohnfertigung_Schweisserei_03.jpg 1120w, https:\/\/www.k-m.de\/brand\/wp-content\/uploads\/2019\/01\/Lohnfertigung_Schweisserei_03-300x117.jpg 300w, https:\/\/www.k-m.de\/brand\/wp-content\/uploads\/2019\/01\/Lohnfertigung_Schweisserei_03-768x298.jpg 768w, https:\/\/www.k-m.de\/brand\/wp-content\/uploads\/2019\/01\/Lohnfertigung_Schweisserei_03-1024x398.jpg 1024w, https:\/\/www.k-m.de\/brand\/wp-content\/uploads\/2019\/01\/Lohnfertigung_Schweisserei_03-772x300.jpg 772w\" sizes=\"auto, (max-width: 1120px) 100vw, 1120px\" \/>\t<\/div>[vc_empty_space height=&#8221;60px&#8221;][\/vc_column][\/vc_row][vc_row el_class=&#8221;content_m&#8221;][vc_column][vc_column_text]<\/p>\n<h3 style=\"text-align: left;\">The fusion of flexibility and precision.<\/h3>\n<p>Two fully programmable welding robots offer their unbeatable precision to you around the clock. With their Push &amp; Pull burners (Fronius gas-shielded welding equipment), they create solid joints of invariably uniform quality when welding steel and aluminum.<\/p>\n<p>This applies to the manufacturing of either large or small quantities. In addition, we can manufacture small manually welded lot sizes perfectly and reliably. By means of spot welding or stud welding processes, or MIG\/MAG or WIG welding machines, we connect steel components quickly and flexibly per precise specifications.<\/p>\n<p>[\/vc_column_text][vc_column_text]<\/p>\n<table>\n<tbody>\n<tr>\n<td width=\"20%\">Welding robots:<\/td>\n<td>2 robots (MIG\/MAG), each with turntable<br \/>\n(max. load capacity 300 kg) for steel and aluminum<\/td>\n<\/tr>\n<tr>\n<td>Manual welding equipment:<\/td>\n<td>\n<ul>\n<li>spot welding equipment<\/li>\n<li>stud welding equipment<\/li>\n<li>MIG\/MAG welding machines<\/li>\n<li>WIG welding machines<\/li>\n<\/ul>\n<\/td>\n<\/tr>\n<\/tbody>\n<\/table>\n<p>[\/vc_column_text][\/vc_column][\/vc_row][\/vc_section][vc_row][vc_column]\n\n\t<div class=\"nextprev_navigation\">\n\t\t\t\t\n\t\t\t\t\t<a class=\"load_childpage\" href=\"https:\/\/www.k-m.de\/brand\/us\/koenig-meyer\/contract-manufacture\/tool-shop\/\" rel=\"prev\" title=\"Tool Shop\">Tool Shop<\/a>\n\t\t\t\t\t\t\t<a class=\"load_childpage\" href=\"https:\/\/www.k-m.de\/brand\/us\/koenig-meyer\/contract-manufacture\/plastic-processing\/\" rel=\"next\" title=\"Plastic Processing\">Plastic Processing<\/a>\n\t\t\t<\/div>\n[\/vc_column][\/vc_row]<\/p>\n<\/div>","protected":false},"excerpt":{"rendered":"<p>[vc_section full_width=&#8221;stretch_row_content&#8221; el_class=&#8221;bg_light_grey&#8221;][vc_row el_class=&#8221;content_l&#8221;][vc_column][vc_custom_heading source=&#8221;post_title&#8221; font_container=&#8221;tag:h2|text_align:center&#8221; use_theme_fonts=&#8221;yes&#8221;][vc_empty_space height=&#8221;60px&#8221;][\/vc_column][\/vc_row][vc_row el_class=&#8221;content_m&#8221;][vc_column][vc_column_text] The fusion of flexibility and precision. Two fully programmable welding robots<span class=\"read_more\">Mehr erfahren<\/span><\/p>\n","protected":false},"author":9,"featured_media":12225,"parent":12389,"menu_order":27,"comment_status":"closed","ping_status":"closed","template":"","meta":{"footnotes":""},"class_list":["post-11505","page","type-page","status-publish","format-standard","has-post-thumbnail","hentry"],"better_featured_image":{"id":12225,"alt_text":"","caption":"","description":"","media_type":"image","media_details":{"width":500,"height":500,"file":"2019\/04\/Kat_Schweisserei.png","sizes":{"thumbnail":{"file":"Kat_Schweisserei-800x480.png","width":800,"height":480,"mime-type":"image\/png","source_url":"https:\/\/www.k-m.de\/brand\/wp-content\/uploads\/2019\/04\/Kat_Schweisserei-800x480.png"},"post-thumbnail":{"file":"Kat_Schweisserei-800x480.png","width":800,"height":480,"mime-type":"image\/png","source_url":"https:\/\/www.k-m.de\/brand\/wp-content\/uploads\/2019\/04\/Kat_Schweisserei-800x480.png"},"medium_cropped":{"file":"Kat_Schweisserei-600x600.png","width":600,"height":600,"mime-type":"image\/png","source_url":"https:\/\/www.k-m.de\/brand\/wp-content\/uploads\/2019\/04\/Kat_Schweisserei-600x600.png"},"large_cropped":{"file":"Kat_Schweisserei-1200x720.png","width":1200,"height":720,"mime-type":"image\/png","source_url":"https:\/\/www.k-m.de\/brand\/wp-content\/uploads\/2019\/04\/Kat_Schweisserei-1200x720.png"},"very_large_cropped":{"file":"Kat_Schweisserei-1800x900.png","width":1800,"height":900,"mime-type":"image\/png","source_url":"https:\/\/www.k-m.de\/brand\/wp-content\/uploads\/2019\/04\/Kat_Schweisserei-1800x900.png"},"x_large_cropped":{"file":"Kat_Schweisserei-2200x1100.png","width":2200,"height":1100,"mime-type":"image\/png","source_url":"https:\/\/www.k-m.de\/brand\/wp-content\/uploads\/2019\/04\/Kat_Schweisserei-2200x1100.png"},"landingpage_thumb":{"file":"Kat_Schweisserei-300x300.png","width":300,"height":300,"mime-type":"image\/png","source_url":"https:\/\/www.k-m.de\/brand\/wp-content\/uploads\/2019\/04\/Kat_Schweisserei-300x300.png"},"profile_24":{"file":"Kat_Schweisserei-24x24.png","width":24,"height":24,"mime-type":"image\/png","source_url":"https:\/\/www.k-m.de\/brand\/wp-content\/uploads\/2019\/04\/Kat_Schweisserei-24x24.png"},"profile_48":{"file":"Kat_Schweisserei-48x48.png","width":48,"height":48,"mime-type":"image\/png","source_url":"https:\/\/www.k-m.de\/brand\/wp-content\/uploads\/2019\/04\/Kat_Schweisserei-48x48.png"},"profile_96":{"file":"Kat_Schweisserei-96x96.png","width":96,"height":96,"mime-type":"image\/png","source_url":"https:\/\/www.k-m.de\/brand\/wp-content\/uploads\/2019\/04\/Kat_Schweisserei-96x96.png"}},"image_meta":{"aperture":"0","credit":"","camera":"","caption":"","created_timestamp":"0","copyright":"","focal_length":"0","iso":"0","shutter_speed":"0","title":"","orientation":"0","keywords":[]}},"post":11505,"source_url":"https:\/\/www.k-m.de\/brand\/wp-content\/uploads\/2019\/04\/Kat_Schweisserei.png"},"yoast_head":"<!-- This site is optimized with the Yoast SEO Premium plugin v26.8 (Yoast SEO v26.9) - https:\/\/yoast.com\/product\/yoast-seo-premium-wordpress\/ -->\n<title>Welding - K\u00f6nig &amp; Meyer<\/title>\n<meta name=\"robots\" content=\"index, follow, max-snippet:-1, max-image-preview:large, max-video-preview:-1\" \/>\n<link rel=\"canonical\" href=\"https:\/\/www.k-m.de\/brand\/de\/koenig-meyer\/lohnfertigung\/schweisserei\/\" \/>\n<meta property=\"og:locale\" content=\"en_US\" \/>\n<meta property=\"og:type\" content=\"article\" \/>\n<meta property=\"og:title\" content=\"Welding\" \/>\n<meta property=\"og:description\" content=\"[vc_section full_width=&#8221;stretch_row_content&#8221; el_class=&#8221;bg_light_grey&#8221;][vc_row el_class=&#8221;content_l&#8221;][vc_column][vc_custom_heading source=&#8221;post_title&#8221; font_container=&#8221;tag:h2|text_align:center&#8221; use_theme_fonts=&#8221;yes&#8221;][vc_empty_space height=&#8221;60px&#8221;][\/vc_column][\/vc_row][vc_row el_class=&#8221;content_m&#8221;][vc_column][vc_column_text] The fusion of flexibility and precision. Two fully programmable welding robotsMehr erfahren\" \/>\n<meta property=\"og:url\" content=\"https:\/\/www.k-m.de\/brand\/de\/koenig-meyer\/lohnfertigung\/schweisserei\/\" \/>\n<meta property=\"og:site_name\" content=\"K\u00f6nig &amp; Meyer\" \/>\n<meta property=\"article:modified_time\" content=\"2019-05-02T09:17:42+00:00\" \/>\n<meta property=\"og:image\" content=\"https:\/\/www.k-m.de\/brand\/wp-content\/uploads\/2019\/04\/Kat_Schweisserei.png\" \/>\n\t<meta property=\"og:image:width\" content=\"500\" \/>\n\t<meta property=\"og:image:height\" content=\"500\" \/>\n\t<meta property=\"og:image:type\" content=\"image\/png\" \/>\n<meta name=\"twitter:card\" content=\"summary_large_image\" \/>\n<meta name=\"twitter:label1\" content=\"Est. reading time\" \/>\n\t<meta name=\"twitter:data1\" content=\"1 minute\" \/>\n<script type=\"application\/ld+json\" class=\"yoast-schema-graph\">{\"@context\":\"https:\/\/schema.org\",\"@graph\":[{\"@type\":\"WebPage\",\"@id\":\"https:\/\/www.k-m.de\/brand\/de\/koenig-meyer\/lohnfertigung\/schweisserei\/\",\"url\":\"https:\/\/www.k-m.de\/brand\/de\/koenig-meyer\/lohnfertigung\/schweisserei\/\",\"name\":\"Welding - K\u00f6nig &amp; Meyer\",\"isPartOf\":{\"@id\":\"https:\/\/www.k-m.de\/brand\/de\/#website\"},\"primaryImageOfPage\":{\"@id\":\"https:\/\/www.k-m.de\/brand\/de\/koenig-meyer\/lohnfertigung\/schweisserei\/#primaryimage\"},\"image\":{\"@id\":\"https:\/\/www.k-m.de\/brand\/de\/koenig-meyer\/lohnfertigung\/schweisserei\/#primaryimage\"},\"thumbnailUrl\":\"https:\/\/www.k-m.de\/brand\/wp-content\/uploads\/2019\/04\/Kat_Schweisserei.png\",\"datePublished\":\"2019-02-16T14:24:24+00:00\",\"dateModified\":\"2019-05-02T09:17:42+00:00\",\"breadcrumb\":{\"@id\":\"https:\/\/www.k-m.de\/brand\/de\/koenig-meyer\/lohnfertigung\/schweisserei\/#breadcrumb\"},\"inLanguage\":\"en-US\",\"potentialAction\":[{\"@type\":\"ReadAction\",\"target\":[\"https:\/\/www.k-m.de\/brand\/de\/koenig-meyer\/lohnfertigung\/schweisserei\/\"]}]},{\"@type\":\"ImageObject\",\"inLanguage\":\"en-US\",\"@id\":\"https:\/\/www.k-m.de\/brand\/de\/koenig-meyer\/lohnfertigung\/schweisserei\/#primaryimage\",\"url\":\"https:\/\/www.k-m.de\/brand\/wp-content\/uploads\/2019\/04\/Kat_Schweisserei.png\",\"contentUrl\":\"https:\/\/www.k-m.de\/brand\/wp-content\/uploads\/2019\/04\/Kat_Schweisserei.png\",\"width\":500,\"height\":500},{\"@type\":\"BreadcrumbList\",\"@id\":\"https:\/\/www.k-m.de\/brand\/de\/koenig-meyer\/lohnfertigung\/schweisserei\/#breadcrumb\",\"itemListElement\":[{\"@type\":\"ListItem\",\"position\":1,\"name\":\"Startseite\",\"item\":\"https:\/\/www.k-m.de\/brand\/us\/\"},{\"@type\":\"ListItem\",\"position\":2,\"name\":\"K\u00f6nig &#038; Meyer\",\"item\":\"https:\/\/www.k-m.de\/brand\/us\/koenig-meyer\/\"},{\"@type\":\"ListItem\",\"position\":3,\"name\":\"Contract Manufacture\",\"item\":\"https:\/\/www.k-m.de\/brand\/us\/koenig-meyer\/contract-manufacture\/\"},{\"@type\":\"ListItem\",\"position\":4,\"name\":\"Welding\"}]},{\"@type\":\"WebSite\",\"@id\":\"https:\/\/www.k-m.de\/brand\/de\/#website\",\"url\":\"https:\/\/www.k-m.de\/brand\/de\/\",\"name\":\"K\u00f6nig & Meyer\",\"description\":\"K\u00f6nig &amp; Meyer ist ein weltweit f\u00fchrender Hersteller f\u00fcr Musikzubeh\u00f6r. Seit \u00fcber 65 Jahren steht K&amp;M f\u00fcr qualitativ hochwertige Produkte.\",\"publisher\":{\"@id\":\"https:\/\/www.k-m.de\/brand\/de\/#organization\"},\"potentialAction\":[{\"@type\":\"SearchAction\",\"target\":{\"@type\":\"EntryPoint\",\"urlTemplate\":\"https:\/\/www.k-m.de\/brand\/de\/?s={search_term_string}\"},\"query-input\":{\"@type\":\"PropertyValueSpecification\",\"valueRequired\":true,\"valueName\":\"search_term_string\"}}],\"inLanguage\":\"en-US\"},{\"@type\":\"Organization\",\"@id\":\"https:\/\/www.k-m.de\/brand\/de\/#organization\",\"name\":\"K\u00f6nig & Meyer\",\"url\":\"https:\/\/www.k-m.de\/brand\/de\/\",\"logo\":{\"@type\":\"ImageObject\",\"inLanguage\":\"en-US\",\"@id\":\"https:\/\/www.k-m.de\/brand\/de\/#\/schema\/logo\/image\/\",\"url\":\"https:\/\/www.k-m.de\/brand\/wp-content\/uploads\/2023\/01\/KM_1c.tif\",\"contentUrl\":\"https:\/\/www.k-m.de\/brand\/wp-content\/uploads\/2023\/01\/KM_1c.tif\",\"width\":1,\"height\":1,\"caption\":\"K\u00f6nig & Meyer\"},\"image\":{\"@id\":\"https:\/\/www.k-m.de\/brand\/de\/#\/schema\/logo\/image\/\"}}]}<\/script>\n<!-- \/ Yoast SEO Premium plugin. -->","yoast_head_json":{"title":"Welding - K\u00f6nig &amp; Meyer","robots":{"index":"index","follow":"follow","max-snippet":"max-snippet:-1","max-image-preview":"max-image-preview:large","max-video-preview":"max-video-preview:-1"},"canonical":"https:\/\/www.k-m.de\/brand\/de\/koenig-meyer\/lohnfertigung\/schweisserei\/","og_locale":"en_US","og_type":"article","og_title":"Welding","og_description":"[vc_section full_width=&#8221;stretch_row_content&#8221; el_class=&#8221;bg_light_grey&#8221;][vc_row el_class=&#8221;content_l&#8221;][vc_column][vc_custom_heading source=&#8221;post_title&#8221; font_container=&#8221;tag:h2|text_align:center&#8221; use_theme_fonts=&#8221;yes&#8221;][vc_empty_space height=&#8221;60px&#8221;][\/vc_column][\/vc_row][vc_row el_class=&#8221;content_m&#8221;][vc_column][vc_column_text] The fusion of flexibility and precision. Two fully programmable welding robotsMehr erfahren","og_url":"https:\/\/www.k-m.de\/brand\/de\/koenig-meyer\/lohnfertigung\/schweisserei\/","og_site_name":"K\u00f6nig &amp; Meyer","article_modified_time":"2019-05-02T09:17:42+00:00","og_image":[{"width":500,"height":500,"url":"https:\/\/www.k-m.de\/brand\/wp-content\/uploads\/2019\/04\/Kat_Schweisserei.png","type":"image\/png"}],"twitter_card":"summary_large_image","twitter_misc":{"Est. reading time":"1 minute"},"schema":{"@context":"https:\/\/schema.org","@graph":[{"@type":"WebPage","@id":"https:\/\/www.k-m.de\/brand\/de\/koenig-meyer\/lohnfertigung\/schweisserei\/","url":"https:\/\/www.k-m.de\/brand\/de\/koenig-meyer\/lohnfertigung\/schweisserei\/","name":"Welding - K\u00f6nig &amp; Meyer","isPartOf":{"@id":"https:\/\/www.k-m.de\/brand\/de\/#website"},"primaryImageOfPage":{"@id":"https:\/\/www.k-m.de\/brand\/de\/koenig-meyer\/lohnfertigung\/schweisserei\/#primaryimage"},"image":{"@id":"https:\/\/www.k-m.de\/brand\/de\/koenig-meyer\/lohnfertigung\/schweisserei\/#primaryimage"},"thumbnailUrl":"https:\/\/www.k-m.de\/brand\/wp-content\/uploads\/2019\/04\/Kat_Schweisserei.png","datePublished":"2019-02-16T14:24:24+00:00","dateModified":"2019-05-02T09:17:42+00:00","breadcrumb":{"@id":"https:\/\/www.k-m.de\/brand\/de\/koenig-meyer\/lohnfertigung\/schweisserei\/#breadcrumb"},"inLanguage":"en-US","potentialAction":[{"@type":"ReadAction","target":["https:\/\/www.k-m.de\/brand\/de\/koenig-meyer\/lohnfertigung\/schweisserei\/"]}]},{"@type":"ImageObject","inLanguage":"en-US","@id":"https:\/\/www.k-m.de\/brand\/de\/koenig-meyer\/lohnfertigung\/schweisserei\/#primaryimage","url":"https:\/\/www.k-m.de\/brand\/wp-content\/uploads\/2019\/04\/Kat_Schweisserei.png","contentUrl":"https:\/\/www.k-m.de\/brand\/wp-content\/uploads\/2019\/04\/Kat_Schweisserei.png","width":500,"height":500},{"@type":"BreadcrumbList","@id":"https:\/\/www.k-m.de\/brand\/de\/koenig-meyer\/lohnfertigung\/schweisserei\/#breadcrumb","itemListElement":[{"@type":"ListItem","position":1,"name":"Startseite","item":"https:\/\/www.k-m.de\/brand\/us\/"},{"@type":"ListItem","position":2,"name":"K\u00f6nig &#038; Meyer","item":"https:\/\/www.k-m.de\/brand\/us\/koenig-meyer\/"},{"@type":"ListItem","position":3,"name":"Contract Manufacture","item":"https:\/\/www.k-m.de\/brand\/us\/koenig-meyer\/contract-manufacture\/"},{"@type":"ListItem","position":4,"name":"Welding"}]},{"@type":"WebSite","@id":"https:\/\/www.k-m.de\/brand\/de\/#website","url":"https:\/\/www.k-m.de\/brand\/de\/","name":"K\u00f6nig & Meyer","description":"K\u00f6nig &amp; Meyer ist ein weltweit f\u00fchrender Hersteller f\u00fcr Musikzubeh\u00f6r. Seit \u00fcber 65 Jahren steht K&amp;M f\u00fcr qualitativ hochwertige Produkte.","publisher":{"@id":"https:\/\/www.k-m.de\/brand\/de\/#organization"},"potentialAction":[{"@type":"SearchAction","target":{"@type":"EntryPoint","urlTemplate":"https:\/\/www.k-m.de\/brand\/de\/?s={search_term_string}"},"query-input":{"@type":"PropertyValueSpecification","valueRequired":true,"valueName":"search_term_string"}}],"inLanguage":"en-US"},{"@type":"Organization","@id":"https:\/\/www.k-m.de\/brand\/de\/#organization","name":"K\u00f6nig & Meyer","url":"https:\/\/www.k-m.de\/brand\/de\/","logo":{"@type":"ImageObject","inLanguage":"en-US","@id":"https:\/\/www.k-m.de\/brand\/de\/#\/schema\/logo\/image\/","url":"https:\/\/www.k-m.de\/brand\/wp-content\/uploads\/2023\/01\/KM_1c.tif","contentUrl":"https:\/\/www.k-m.de\/brand\/wp-content\/uploads\/2023\/01\/KM_1c.tif","width":1,"height":1,"caption":"K\u00f6nig & Meyer"},"image":{"@id":"https:\/\/www.k-m.de\/brand\/de\/#\/schema\/logo\/image\/"}}]}},"_links":{"self":[{"href":"https:\/\/www.k-m.de\/brand\/us\/wp-json\/wp\/v2\/pages\/11505","targetHints":{"allow":["GET"]}}],"collection":[{"href":"https:\/\/www.k-m.de\/brand\/us\/wp-json\/wp\/v2\/pages"}],"about":[{"href":"https:\/\/www.k-m.de\/brand\/us\/wp-json\/wp\/v2\/types\/page"}],"author":[{"embeddable":true,"href":"https:\/\/www.k-m.de\/brand\/us\/wp-json\/wp\/v2\/users\/9"}],"replies":[{"embeddable":true,"href":"https:\/\/www.k-m.de\/brand\/us\/wp-json\/wp\/v2\/comments?post=11505"}],"version-history":[{"count":1,"href":"https:\/\/www.k-m.de\/brand\/us\/wp-json\/wp\/v2\/pages\/11505\/revisions"}],"predecessor-version":[{"id":12258,"href":"https:\/\/www.k-m.de\/brand\/us\/wp-json\/wp\/v2\/pages\/11505\/revisions\/12258"}],"up":[{"embeddable":true,"href":"https:\/\/www.k-m.de\/brand\/us\/wp-json\/wp\/v2\/pages\/12389"}],"wp:featuredmedia":[{"embeddable":true,"href":"https:\/\/www.k-m.de\/brand\/us\/wp-json\/wp\/v2\/media\/12225"}],"wp:attachment":[{"href":"https:\/\/www.k-m.de\/brand\/us\/wp-json\/wp\/v2\/media?parent=11505"}],"curies":[{"name":"wp","href":"https:\/\/api.w.org\/{rel}","templated":true}]}}