{"id":12237,"date":"2019-02-16T14:38:03","date_gmt":"2019-02-16T13:38:03","guid":{"rendered":"https:\/\/www.k-m.de\/brand\/support\/presse\/"},"modified":"2022-04-18T19:31:15","modified_gmt":"2022-04-18T17:31:15","slug":"presse","status":"publish","type":"page","link":"https:\/\/www.k-m.de\/brand\/us\/support\/presse\/","title":{"rendered":"Press"},"content":{"rendered":"<div class=\"wpb-content-wrapper\"><p>[vc_row][vc_column][vc_custom_heading text=&#8221;K\u00f6nig &amp; Meyer Logo&#8221; font_container=&#8221;tag:h2|text_align:center&#8221; use_theme_fonts=&#8221;yes&#8221;][\/vc_column][\/vc_row][vc_row el_class=&#8221;content_l&#8221;][vc_column][vc_row_inner][vc_column_inner width=&#8221;1\/2&#8243;]\n<a class=\"download_box  download_box_large\" href=\"https:\/\/www.k-m.de\/brand\/wp-content\/uploads\/2019\/01\/KM_KoenigMeyer_Logo_RGB.jpg\" target=\"_blank\">\n\t\t\t<span class=\"download_image\">\n\t\t\t\t\t\t\t<img loading=\"lazy\" decoding=\"async\" width=\"1181\" height=\"225\" src=\"https:\/\/www.k-m.de\/brand\/wp-content\/uploads\/2019\/01\/KM_KoenigMeyer_Logo_RGB.jpg\" class=\"attachment-full size-full wp-post-image\" alt=\"\" srcset=\"https:\/\/www.k-m.de\/brand\/wp-content\/uploads\/2019\/01\/KM_KoenigMeyer_Logo_RGB.jpg 1181w, https:\/\/www.k-m.de\/brand\/wp-content\/uploads\/2019\/01\/KM_KoenigMeyer_Logo_RGB-600x114.jpg 600w, https:\/\/www.k-m.de\/brand\/wp-content\/uploads\/2019\/01\/KM_KoenigMeyer_Logo_RGB-768x146.jpg 768w, https:\/\/www.k-m.de\/brand\/wp-content\/uploads\/2019\/01\/KM_KoenigMeyer_Logo_RGB-1024x195.jpg 1024w, https:\/\/www.k-m.de\/brand\/wp-content\/uploads\/2019\/01\/KM_KoenigMeyer_Logo_RGB-300x57.jpg 300w\" sizes=\"auto, (max-width: 1181px) 100vw, 1181px\" \/>\t\t\t\t\t<\/span>\n\t\t<span class=\"download_title\">K&M Logo (RGB)<\/span>\n\t\t<ins>(JPG, 52.40 KB)<\/ins>\n\t<\/a>[\/vc_column_inner][vc_column_inner width=&#8221;1\/2&#8243;]\n<a class=\"download_box  download_box_large\" href=\"https:\/\/www.k-m.de\/brand\/wp-content\/uploads\/2019\/01\/KM_KoenigMeyer_Logo_1c1.jpg\" target=\"_blank\">\n\t\t\t<span class=\"download_image\">\n\t\t\t\t\t\t\t<img loading=\"lazy\" decoding=\"async\" width=\"1181\" height=\"224\" src=\"https:\/\/www.k-m.de\/brand\/wp-content\/uploads\/2019\/01\/KM_KoenigMeyer_Logo_1c1.jpg\" class=\"attachment-full size-full wp-post-image\" alt=\"K&amp;M Logo I schwarz wei\u00df\" srcset=\"https:\/\/www.k-m.de\/brand\/wp-content\/uploads\/2019\/01\/KM_KoenigMeyer_Logo_1c1.jpg 1181w, https:\/\/www.k-m.de\/brand\/wp-content\/uploads\/2019\/01\/KM_KoenigMeyer_Logo_1c1-600x114.jpg 600w, https:\/\/www.k-m.de\/brand\/wp-content\/uploads\/2019\/01\/KM_KoenigMeyer_Logo_1c1-768x146.jpg 768w, https:\/\/www.k-m.de\/brand\/wp-content\/uploads\/2019\/01\/KM_KoenigMeyer_Logo_1c1-1024x194.jpg 1024w, https:\/\/www.k-m.de\/brand\/wp-content\/uploads\/2019\/01\/KM_KoenigMeyer_Logo_1c1-300x57.jpg 300w\" sizes=\"auto, (max-width: 1181px) 100vw, 1181px\" \/>\t\t\t\t\t<\/span>\n\t\t<span class=\"download_title\">K&M Logo (1c)<\/span>\n\t\t<ins>(JPG, 52.10 KB)<\/ins>\n\t<\/a>[\/vc_column_inner][\/vc_row_inner][\/vc_column][\/vc_row][vc_row][vc_column][vc_separator][\/vc_column][\/vc_row][vc_row][vc_column]<section>\t<div class=\"container\">\n\t\t\t\t<h2>Press Release<\/h2>\n\t\t\t\t\n\t\t<div class=\"lined_head_neighbor\">\n\t\t\t\t\t\t\t\t\t\t\t\t<article class=\"alterning\">\n\t\t\t\t\t\t<a class=\"news_img\" href=\"https:\/\/www.k-m.de\/brand\/us\/electrically-adjustable-the-new-omega-e-from-koenig-meyer\/\">\n\t\t\t\t\t\t\t<img loading=\"lazy\" decoding=\"async\" width=\"1024\" height=\"779\" src=\"https:\/\/www.k-m.de\/brand\/wp-content\/uploads\/2019\/02\/18800_OMEGA-E_h\u00f6henverstellbar-1024x779.jpg\" class=\"attachment-large size-large wp-post-image\" alt=\"\" srcset=\"https:\/\/www.k-m.de\/brand\/wp-content\/uploads\/2019\/02\/18800_OMEGA-E_h\u00f6henverstellbar-1024x779.jpg 1024w, https:\/\/www.k-m.de\/brand\/wp-content\/uploads\/2019\/02\/18800_OMEGA-E_h\u00f6henverstellbar-600x457.jpg 600w, https:\/\/www.k-m.de\/brand\/wp-content\/uploads\/2019\/02\/18800_OMEGA-E_h\u00f6henverstellbar-768x584.jpg 768w, https:\/\/www.k-m.de\/brand\/wp-content\/uploads\/2019\/02\/18800_OMEGA-E_h\u00f6henverstellbar-1577x1200.jpg 1577w, https:\/\/www.k-m.de\/brand\/wp-content\/uploads\/2019\/02\/18800_OMEGA-E_h\u00f6henverstellbar-394x300.jpg 394w, https:\/\/www.k-m.de\/brand\/wp-content\/uploads\/2019\/02\/18800_OMEGA-E_h\u00f6henverstellbar-300x228.jpg 300w\" sizes=\"auto, (max-width: 1024px) 100vw, 1024px\" \/>\t\t\t\t\t\t<\/a>\n\t\t\t\t\t\t<span class=\"news_text\">\n\t\t\t\t\t\t\t<span class=\"news_text_inner\">\n\t\t\t\t\t\t\t\t<h5><a href=\"https:\/\/www.k-m.de\/brand\/us\/category\/pressemitteilung-us\/\">Press release<\/a> 09.05.2020<\/h5>\n\t\t\t\t\t\t\t\t<a href=\"https:\/\/www.k-m.de\/brand\/us\/electrically-adjustable-the-new-omega-e-from-koenig-meyer\/\"><h3>Electrically Adjustable: The New \u00bbOmega-E\u00ab from K\u00f6nig &#038; Meyer<\/h3><\/a>\n\t\t\t\t\t\t\t<\/span>\n\t\t\t\t\t\t<\/span>\n\t\t\t\t\t<\/article>\n\t\t\t\t\t\t\t\t\t<article class=\"alterning\">\n\t\t\t\t\t\t<a class=\"news_img\" href=\"https:\/\/www.k-m.de\/brand\/us\/__trashed-2__trashed\/\">\n\t\t\t\t\t\t\t<img loading=\"lazy\" decoding=\"async\" width=\"1024\" height=\"583\" src=\"https:\/\/www.k-m.de\/brand\/wp-content\/uploads\/news\/Spider_rot_3-1024x583.jpg\" class=\"attachment-large size-large wp-post-image\" alt=\"\" srcset=\"https:\/\/www.k-m.de\/brand\/wp-content\/uploads\/news\/Spider_rot_3-1024x583.jpg 1024w, https:\/\/www.k-m.de\/brand\/wp-content\/uploads\/news\/Spider_rot_3-600x342.jpg 600w, https:\/\/www.k-m.de\/brand\/wp-content\/uploads\/news\/Spider_rot_3-768x437.jpg 768w, https:\/\/www.k-m.de\/brand\/wp-content\/uploads\/news\/Spider_rot_3-1800x1025.jpg 1800w, https:\/\/www.k-m.de\/brand\/wp-content\/uploads\/news\/Spider_rot_3-527x300.jpg 527w, https:\/\/www.k-m.de\/brand\/wp-content\/uploads\/news\/Spider_rot_3-300x171.jpg 300w\" sizes=\"auto, (max-width: 1024px) 100vw, 1024px\" \/>\t\t\t\t\t\t<\/a>\n\t\t\t\t\t\t<span class=\"news_text\">\n\t\t\t\t\t\t\t<span class=\"news_text_inner\">\n\t\t\t\t\t\t\t\t<h5><a href=\"https:\/\/www.k-m.de\/brand\/us\/category\/company-us\/\">Company News<\/a> 29.10.2018<\/h5>\n\t\t\t\t\t\t\t\t<a href=\"https:\/\/www.k-m.de\/brand\/us\/__trashed-2__trashed\/\"><h3>Colour me in: The red \u00bbSpider Pro\u00ab on tour with Rea Garvey<\/h3><\/a>\n\t\t\t\t\t\t\t<\/span>\n\t\t\t\t\t\t<\/span>\n\t\t\t\t\t<\/article>\n\t\t\t\t\t\t\t\t\t\t\t\t\t<br \/><br \/>\n\t\t\t<center>\n\t\t\t\t<a class=\"button button_large secondary\" href=\"\/brand\/en\/category\/press\/\">Show all press releases<\/a>\n\t\t\t<\/center>\n\t\t\t<br \/><br \/>\n\t\t\t\t\t<\/div>\n\t<\/div>\n<\/section>[\/vc_column][\/vc_row][vc_row][vc_column][vc_separator][\/vc_column][\/vc_row][vc_row][vc_column][vc_custom_heading text=&#8221;Download: Company pictures&#8221; font_container=&#8221;tag:h2|text_align:center&#8221; use_theme_fonts=&#8221;yes&#8221;][\/vc_column][\/vc_row][vc_row][vc_column width=&#8221;1\/5&#8243;]\n<a class=\"download_box  download_img_download\" href=\"https:\/\/www.k-m.de\/brand\/wp-content\/uploads\/2019\/02\/Slice1.jpg\" target=\"_blank\">\n\t\t\t<span class=\"download_image\">\n\t\t\t\t\t\t\t<img loading=\"lazy\" decoding=\"async\" width=\"800\" height=\"480\" src=\"https:\/\/www.k-m.de\/brand\/wp-content\/uploads\/2019\/02\/Slice1-800x480.jpg\" class=\"attachment-thumbnail size-thumbnail wp-post-image\" alt=\"\" srcset=\"https:\/\/www.k-m.de\/brand\/wp-content\/uploads\/2019\/02\/Slice1-800x480.jpg 800w, https:\/\/www.k-m.de\/brand\/wp-content\/uploads\/2019\/02\/Slice1-1200x720.jpg 1200w\" sizes=\"auto, (max-width: 800px) 100vw, 800px\" \/>\t\t\t\t\t<\/span>\n\t\t<span class=\"download_title\">New Distribution Center<\/span>\n\t\t<ins>(JPG, 184.35 KB)<\/ins>\n\t<\/a>[\/vc_column][vc_column width=&#8221;1\/5&#8243;]\n<a class=\"download_box  download_img_download\" href=\"https:\/\/www.k-m.de\/brand\/wp-content\/uploads\/2019\/03\/Unternehmen_02-1.jpg\" target=\"_blank\">\n\t\t\t<span class=\"download_image\">\n\t\t\t\t\t\t\t<img loading=\"lazy\" decoding=\"async\" width=\"800\" height=\"480\" src=\"https:\/\/www.k-m.de\/brand\/wp-content\/uploads\/2019\/03\/Unternehmen_02-1-800x480.jpg\" class=\"attachment-thumbnail size-thumbnail wp-post-image\" alt=\"\" srcset=\"https:\/\/www.k-m.de\/brand\/wp-content\/uploads\/2019\/03\/Unternehmen_02-1-800x480.jpg 800w, https:\/\/www.k-m.de\/brand\/wp-content\/uploads\/2019\/03\/Unternehmen_02-1-1200x720.jpg 1200w\" sizes=\"auto, (max-width: 800px) 100vw, 800px\" \/>\t\t\t\t\t<\/span>\n\t\t<span class=\"download_title\">Company<\/span>\n\t\t<ins>(JPG, 644.74 KB)<\/ins>\n\t<\/a>[\/vc_column][vc_column width=&#8221;1\/5&#8243;]\n<a class=\"download_box  download_img_download\" href=\"https:\/\/www.k-m.de\/brand\/wp-content\/uploads\/2019\/03\/Qualitaet_01-2.jpg\" target=\"_blank\">\n\t\t\t<span class=\"download_image\">\n\t\t\t\t\t\t\t<img loading=\"lazy\" decoding=\"async\" width=\"800\" height=\"480\" src=\"https:\/\/www.k-m.de\/brand\/wp-content\/uploads\/2019\/03\/Qualitaet_01-2-800x480.jpg\" class=\"attachment-thumbnail size-thumbnail wp-post-image\" alt=\"\" srcset=\"https:\/\/www.k-m.de\/brand\/wp-content\/uploads\/2019\/03\/Qualitaet_01-2-800x480.jpg 800w, https:\/\/www.k-m.de\/brand\/wp-content\/uploads\/2019\/03\/Qualitaet_01-2-1200x720.jpg 1200w\" sizes=\"auto, (max-width: 800px) 100vw, 800px\" \/>\t\t\t\t\t<\/span>\n\t\t<span class=\"download_title\">Quality<\/span>\n\t\t<ins>(JPG, 764.03 KB)<\/ins>\n\t<\/a>[\/vc_column][vc_column width=&#8221;1\/5&#8243;]\n<a class=\"download_box  download_img_download\" href=\"https:\/\/www.k-m.de\/brand\/wp-content\/uploads\/2019\/03\/Umwelt_01.jpg\" target=\"_blank\">\n\t\t\t<span class=\"download_image\">\n\t\t\t\t\t\t\t<img loading=\"lazy\" decoding=\"async\" width=\"800\" height=\"480\" src=\"https:\/\/www.k-m.de\/brand\/wp-content\/uploads\/2019\/03\/Umwelt_01-800x480.jpg\" class=\"attachment-thumbnail size-thumbnail wp-post-image\" alt=\"\" srcset=\"https:\/\/www.k-m.de\/brand\/wp-content\/uploads\/2019\/03\/Umwelt_01-800x480.jpg 800w, https:\/\/www.k-m.de\/brand\/wp-content\/uploads\/2019\/03\/Umwelt_01-1200x720.jpg 1200w\" sizes=\"auto, (max-width: 800px) 100vw, 800px\" \/>\t\t\t\t\t<\/span>\n\t\t<span class=\"download_title\">Environment<\/span>\n\t\t<ins>(JPG, 753.82 KB)<\/ins>\n\t<\/a>[\/vc_column][vc_column width=&#8221;1\/5&#8243;]\n<a class=\"download_box  download_img_download\" href=\"https:\/\/www.k-m.de\/brand\/wp-content\/uploads\/2019\/03\/Service_02-1.jpg\" target=\"_blank\">\n\t\t\t<span class=\"download_image\">\n\t\t\t\t\t\t\t<img loading=\"lazy\" decoding=\"async\" width=\"800\" height=\"480\" src=\"https:\/\/www.k-m.de\/brand\/wp-content\/uploads\/2019\/03\/Service_02-1-800x480.jpg\" class=\"attachment-thumbnail size-thumbnail wp-post-image\" alt=\"\" srcset=\"https:\/\/www.k-m.de\/brand\/wp-content\/uploads\/2019\/03\/Service_02-1-800x480.jpg 800w, https:\/\/www.k-m.de\/brand\/wp-content\/uploads\/2019\/03\/Service_02-1-1200x720.jpg 1200w\" sizes=\"auto, (max-width: 800px) 100vw, 800px\" \/>\t\t\t\t\t<\/span>\n\t\t<span class=\"download_title\">Service<\/span>\n\t\t<ins>(JPG, 561.58 KB)<\/ins>\n\t<\/a>[\/vc_column][\/vc_row][vc_row][vc_column][vc_separator][\/vc_column][\/vc_row][vc_row][vc_column][vc_custom_heading text=&#8221;Catalog&#8221; font_container=&#8221;tag:h2|text_align:center&#8221; use_theme_fonts=&#8221;yes&#8221;][\/vc_column][\/vc_row][vc_row el_class=&#8221;content_l&#8221;][vc_column][vc_row_inner][vc_column_inner width=&#8221;1\/2&#8243;]\n<a class=\"download_box download_box_epaper download_box_large\" href=\"\/cdn\/Blaetterkalaloge\/epaper-Catalog_20_E_web0420\/index.html\" target=\"_blank\">\n\t\t\t<span class=\"download_image\">\n\t\t\t\t\t\t\t<img loading=\"lazy\" decoding=\"async\" width=\"457\" height=\"647\" src=\"https:\/\/www.k-m.de\/brand\/wp-content\/uploads\/2019\/01\/gesamt_en.jpg\" class=\"attachment-full size-full wp-post-image\" alt=\"\" srcset=\"https:\/\/www.k-m.de\/brand\/wp-content\/uploads\/2019\/01\/gesamt_en.jpg 457w, https:\/\/www.k-m.de\/brand\/wp-content\/uploads\/2019\/01\/gesamt_en-424x600.jpg 424w, https:\/\/www.k-m.de\/brand\/wp-content\/uploads\/2019\/01\/gesamt_en-212x300.jpg 212w\" sizes=\"auto, (max-width: 457px) 100vw, 457px\" \/>\t\t\t\t\t<\/span>\n\t\t<span class=\"download_title\">Products 2020<\/span>\n\t\t<ins>(E-Paper)<\/ins>\n\t<\/a>[\/vc_column_inner][vc_column_inner width=&#8221;1\/2&#8243;]\n<a class=\"download_box download_box_epaper download_box_large\" href=\"http:\/\/mailing.k-m.de\/blaetterkataloge\/epaper_Neuheiten_05_2021\/index.html\" target=\"_blank\">\n\t\t\t<span class=\"download_image\">\n\t\t\t\t\t\t\t<img loading=\"lazy\" decoding=\"async\" width=\"613\" height=\"867\" src=\"https:\/\/www.k-m.de\/brand\/wp-content\/uploads\/2018\/12\/2021_05_ePaper_screen.jpg\" class=\"attachment-full size-full wp-post-image\" alt=\"\" srcset=\"https:\/\/www.k-m.de\/brand\/wp-content\/uploads\/2018\/12\/2021_05_ePaper_screen.jpg 613w, https:\/\/www.k-m.de\/brand\/wp-content\/uploads\/2018\/12\/2021_05_ePaper_screen-424x600.jpg 424w, https:\/\/www.k-m.de\/brand\/wp-content\/uploads\/2018\/12\/2021_05_ePaper_screen-543x768.jpg 543w, https:\/\/www.k-m.de\/brand\/wp-content\/uploads\/2018\/12\/2021_05_ePaper_screen-212x300.jpg 212w\" sizes=\"auto, (max-width: 613px) 100vw, 613px\" \/>\t\t\t\t\t<\/span>\n\t\t<span class=\"download_title\">New Products 2021<\/span>\n\t\t<ins>(E-Paper)<\/ins>\n\t<\/a>[\/vc_column_inner][\/vc_row_inner][\/vc_column][\/vc_row][vc_row][vc_column][vc_separator][\/vc_column][\/vc_row][vc_row el_class=&#8221;content_l&#8221;][vc_column][vc_row_inner][vc_column_inner width=&#8221;1\/2&#8243; css=&#8221;.vc_custom_1549986994220{border-right-width: 1px !important;border-right-color: #ededed !important;border-right-style: solid !important;}&#8221;]\n<div class=\"contact\">\n\t<h4 class=\"h2\">Contact<\/h4>\n\t\t\t<span class=\"image_wrapper_centered image_wrapper_circle\">\n\t\t\t<img loading=\"lazy\" decoding=\"async\" width=\"600\" height=\"600\" src=\"https:\/\/www.k-m.de\/brand\/wp-content\/uploads\/2019\/03\/Jochen-600x600.jpg\" class=\"attachment-medium_cropped size-medium_cropped wp-post-image\" alt=\"\" srcset=\"https:\/\/www.k-m.de\/brand\/wp-content\/uploads\/2019\/03\/Jochen-600x600.jpg 600w, https:\/\/www.k-m.de\/brand\/wp-content\/uploads\/2019\/03\/Jochen-24x24.jpg 24w, https:\/\/www.k-m.de\/brand\/wp-content\/uploads\/2019\/03\/Jochen-48x48.jpg 48w, https:\/\/www.k-m.de\/brand\/wp-content\/uploads\/2019\/03\/Jochen-96x96.jpg 96w\" sizes=\"auto, (max-width: 600px) 100vw, 600px\" \/>\t\t<\/span>\n\t\t<strong>Jochen Erbacher<\/strong><br \/>\n\t\t<div class=\"contact_content\">\n\t\t<p><strong>Online Marketing Manager<\/strong><\/p>\n<p>Phone: +49 (0) 9342 806120<br \/>\nFax: +49 (0) 9342 806150<\/p>\n<p>Social Media: <a href=\"http:\/\/xing.com\/profile\/Jochen_Erbacher2\">Xing<\/a> | <a href=\"http:\/\/facebook.com\/jochen.erbacher\">Facebook<\/a> | <a href=\"http:\/\/twitter.com\/JochenErbacher\">Twitter<\/a><\/p>\n\t\t\t\tE-Mail: <a href=\"mailto:ej@k-m.de\">ej@k-m.de<\/a>\n\t\t\t<\/div>\n\t\t<a class=\"button button_large\" href=\"mailto:ej@k-m.de\">kontaktieren<\/a>\n\t\t\t<\/div>\n[\/vc_column_inner][vc_column_inner width=&#8221;1\/2&#8243;]\n<div class=\"contact\">\n\t<h4 class=\"h2\">Contact<\/h4>\n\t\t\t<span class=\"image_wrapper_centered image_wrapper_circle\">\n\t\t\t<img loading=\"lazy\" decoding=\"async\" width=\"600\" height=\"600\" src=\"https:\/\/www.k-m.de\/brand\/wp-content\/uploads\/2019\/03\/Andre-600x600.jpg\" class=\"attachment-medium_cropped size-medium_cropped wp-post-image\" alt=\"\" srcset=\"https:\/\/www.k-m.de\/brand\/wp-content\/uploads\/2019\/03\/Andre-600x600.jpg 600w, https:\/\/www.k-m.de\/brand\/wp-content\/uploads\/2019\/03\/Andre-24x24.jpg 24w, https:\/\/www.k-m.de\/brand\/wp-content\/uploads\/2019\/03\/Andre-48x48.jpg 48w, https:\/\/www.k-m.de\/brand\/wp-content\/uploads\/2019\/03\/Andre-96x96.jpg 96w\" sizes=\"auto, (max-width: 600px) 100vw, 600px\" \/>\t\t<\/span>\n\t\t<strong>Andr\u00e9 Scherzer<\/strong><br \/>\n\t\t<div class=\"contact_content\">\n\t\t<p><strong>Print Marketing<\/strong><\/p>\n<p>Phone: +49 (0) 9342 806148<br \/>\nFax: +49 (0) 9342 806150<\/p>\n\t\t\t\tE-Mail: <a href=\"mailto:as@k-m.de\">as@k-m.de<\/a>\n\t\t\t<\/div>\n\t\t<a class=\"button button_large\" href=\"mailto:as@k-m.de\">kontaktieren<\/a>\n\t\t\t<\/div>\n[\/vc_column_inner][\/vc_row_inner][\/vc_column][\/vc_row][vc_row][vc_column][vc_empty_space height=&#8221;60px&#8221;][\/vc_column][\/vc_row]<\/p>\n<\/div>","protected":false},"excerpt":{"rendered":"<p>[vc_row][vc_column][vc_custom_heading text=&#8221;K\u00f6nig &amp; Meyer Logo&#8221; font_container=&#8221;tag:h2|text_align:center&#8221; use_theme_fonts=&#8221;yes&#8221;][\/vc_column][\/vc_row][vc_row el_class=&#8221;content_l&#8221;][vc_column][vc_row_inner][vc_column_inner width=&#8221;1\/2&#8243;][\/vc_column_inner][vc_column_inner width=&#8221;1\/2&#8243;][\/vc_column_inner][\/vc_row_inner][\/vc_column][\/vc_row][vc_row][vc_column][vc_separator][\/vc_column][\/vc_row][vc_row][vc_column][\/vc_column][\/vc_row][vc_row][vc_column][vc_separator][\/vc_column][\/vc_row][vc_row][vc_column][vc_custom_heading text=&#8221;Download: Company pictures&#8221; font_container=&#8221;tag:h2|text_align:center&#8221; use_theme_fonts=&#8221;yes&#8221;][\/vc_column][\/vc_row][vc_row][vc_column width=&#8221;1\/5&#8243;][\/vc_column][vc_column width=&#8221;1\/5&#8243;][\/vc_column][vc_column width=&#8221;1\/5&#8243;][\/vc_column][vc_column width=&#8221;1\/5&#8243;][\/vc_column][vc_column width=&#8221;1\/5&#8243;][\/vc_column][\/vc_row][vc_row][vc_column][vc_separator][\/vc_column][\/vc_row][vc_row][vc_column][vc_custom_heading<span class=\"read_more\">Mehr erfahren<\/span><\/p>\n","protected":false},"author":9,"featured_media":0,"parent":11304,"menu_order":29,"comment_status":"closed","ping_status":"closed","template":"page_templates\/page_support.php","meta":{"footnotes":""},"class_list":["post-12237","page","type-page","status-publish","format-standard","hentry"],"better_featured_image":null,"yoast_head":"<!-- This site is optimized with the Yoast SEO Premium plugin v26.8 (Yoast SEO v26.9) - https:\/\/yoast.com\/product\/yoast-seo-premium-wordpress\/ -->\n<title>Press - K\u00f6nig &amp; Meyer<\/title>\n<meta name=\"robots\" content=\"index, follow, max-snippet:-1, max-image-preview:large, max-video-preview:-1\" \/>\n<link rel=\"canonical\" href=\"https:\/\/www.k-m.de\/brand\/de\/support\/presse\/\" \/>\n<meta property=\"og:locale\" content=\"en_US\" \/>\n<meta property=\"og:type\" content=\"article\" \/>\n<meta property=\"og:title\" content=\"Press\" \/>\n<meta property=\"og:description\" content=\"[vc_row][vc_column][vc_custom_heading text=&#8221;K\u00f6nig &amp; Meyer Logo&#8221; font_container=&#8221;tag:h2|text_align:center&#8221; use_theme_fonts=&#8221;yes&#8221;][\/vc_column][\/vc_row][vc_row el_class=&#8221;content_l&#8221;][vc_column][vc_row_inner][vc_column_inner width=&#8221;1\/2&#8243;][\/vc_column_inner][vc_column_inner width=&#8221;1\/2&#8243;][\/vc_column_inner][\/vc_row_inner][\/vc_column][\/vc_row][vc_row][vc_column][vc_separator][\/vc_column][\/vc_row][vc_row][vc_column][\/vc_column][\/vc_row][vc_row][vc_column][vc_separator][\/vc_column][\/vc_row][vc_row][vc_column][vc_custom_heading text=&#8221;Download: Company pictures&#8221; font_container=&#8221;tag:h2|text_align:center&#8221; use_theme_fonts=&#8221;yes&#8221;][\/vc_column][\/vc_row][vc_row][vc_column width=&#8221;1\/5&#8243;][\/vc_column][vc_column width=&#8221;1\/5&#8243;][\/vc_column][vc_column width=&#8221;1\/5&#8243;][\/vc_column][vc_column width=&#8221;1\/5&#8243;][\/vc_column][vc_column width=&#8221;1\/5&#8243;][\/vc_column][\/vc_row][vc_row][vc_column][vc_separator][\/vc_column][\/vc_row][vc_row][vc_column][vc_custom_headingMehr erfahren\" \/>\n<meta property=\"og:url\" content=\"https:\/\/www.k-m.de\/brand\/de\/support\/presse\/\" \/>\n<meta property=\"og:site_name\" content=\"K\u00f6nig &amp; Meyer\" \/>\n<meta property=\"article:modified_time\" content=\"2022-04-18T17:31:15+00:00\" \/>\n<meta name=\"twitter:card\" content=\"summary_large_image\" \/>\n<meta name=\"twitter:label1\" content=\"Est. reading time\" \/>\n\t<meta name=\"twitter:data1\" content=\"2 minutes\" \/>\n<script type=\"application\/ld+json\" class=\"yoast-schema-graph\">{\"@context\":\"https:\/\/schema.org\",\"@graph\":[{\"@type\":\"WebPage\",\"@id\":\"https:\/\/www.k-m.de\/brand\/de\/support\/presse\/\",\"url\":\"https:\/\/www.k-m.de\/brand\/de\/support\/presse\/\",\"name\":\"Press - K\u00f6nig &amp; Meyer\",\"isPartOf\":{\"@id\":\"https:\/\/www.k-m.de\/brand\/de\/#website\"},\"datePublished\":\"2019-02-16T13:38:03+00:00\",\"dateModified\":\"2022-04-18T17:31:15+00:00\",\"breadcrumb\":{\"@id\":\"https:\/\/www.k-m.de\/brand\/de\/support\/presse\/#breadcrumb\"},\"inLanguage\":\"en-US\",\"potentialAction\":[{\"@type\":\"ReadAction\",\"target\":[\"https:\/\/www.k-m.de\/brand\/de\/support\/presse\/\"]}]},{\"@type\":\"BreadcrumbList\",\"@id\":\"https:\/\/www.k-m.de\/brand\/de\/support\/presse\/#breadcrumb\",\"itemListElement\":[{\"@type\":\"ListItem\",\"position\":1,\"name\":\"Startseite\",\"item\":\"https:\/\/www.k-m.de\/brand\/us\/\"},{\"@type\":\"ListItem\",\"position\":2,\"name\":\"Support\",\"item\":\"https:\/\/www.k-m.de\/brand\/us\/support\/\"},{\"@type\":\"ListItem\",\"position\":3,\"name\":\"Press\"}]},{\"@type\":\"WebSite\",\"@id\":\"https:\/\/www.k-m.de\/brand\/de\/#website\",\"url\":\"https:\/\/www.k-m.de\/brand\/de\/\",\"name\":\"K\u00f6nig & Meyer\",\"description\":\"K\u00f6nig &amp; Meyer ist ein weltweit f\u00fchrender Hersteller f\u00fcr Musikzubeh\u00f6r. Seit \u00fcber 65 Jahren steht K&amp;M f\u00fcr qualitativ hochwertige Produkte.\",\"publisher\":{\"@id\":\"https:\/\/www.k-m.de\/brand\/de\/#organization\"},\"potentialAction\":[{\"@type\":\"SearchAction\",\"target\":{\"@type\":\"EntryPoint\",\"urlTemplate\":\"https:\/\/www.k-m.de\/brand\/de\/?s={search_term_string}\"},\"query-input\":{\"@type\":\"PropertyValueSpecification\",\"valueRequired\":true,\"valueName\":\"search_term_string\"}}],\"inLanguage\":\"en-US\"},{\"@type\":\"Organization\",\"@id\":\"https:\/\/www.k-m.de\/brand\/de\/#organization\",\"name\":\"K\u00f6nig & Meyer\",\"url\":\"https:\/\/www.k-m.de\/brand\/de\/\",\"logo\":{\"@type\":\"ImageObject\",\"inLanguage\":\"en-US\",\"@id\":\"https:\/\/www.k-m.de\/brand\/de\/#\/schema\/logo\/image\/\",\"url\":\"https:\/\/www.k-m.de\/brand\/wp-content\/uploads\/2023\/01\/KM_1c.tif\",\"contentUrl\":\"https:\/\/www.k-m.de\/brand\/wp-content\/uploads\/2023\/01\/KM_1c.tif\",\"width\":1,\"height\":1,\"caption\":\"K\u00f6nig & Meyer\"},\"image\":{\"@id\":\"https:\/\/www.k-m.de\/brand\/de\/#\/schema\/logo\/image\/\"}}]}<\/script>\n<!-- \/ Yoast SEO Premium plugin. -->","yoast_head_json":{"title":"Press - K\u00f6nig &amp; Meyer","robots":{"index":"index","follow":"follow","max-snippet":"max-snippet:-1","max-image-preview":"max-image-preview:large","max-video-preview":"max-video-preview:-1"},"canonical":"https:\/\/www.k-m.de\/brand\/de\/support\/presse\/","og_locale":"en_US","og_type":"article","og_title":"Press","og_description":"[vc_row][vc_column][vc_custom_heading text=&#8221;K\u00f6nig &amp; Meyer Logo&#8221; font_container=&#8221;tag:h2|text_align:center&#8221; use_theme_fonts=&#8221;yes&#8221;][\/vc_column][\/vc_row][vc_row el_class=&#8221;content_l&#8221;][vc_column][vc_row_inner][vc_column_inner width=&#8221;1\/2&#8243;][\/vc_column_inner][vc_column_inner width=&#8221;1\/2&#8243;][\/vc_column_inner][\/vc_row_inner][\/vc_column][\/vc_row][vc_row][vc_column][vc_separator][\/vc_column][\/vc_row][vc_row][vc_column][\/vc_column][\/vc_row][vc_row][vc_column][vc_separator][\/vc_column][\/vc_row][vc_row][vc_column][vc_custom_heading text=&#8221;Download: Company pictures&#8221; font_container=&#8221;tag:h2|text_align:center&#8221; use_theme_fonts=&#8221;yes&#8221;][\/vc_column][\/vc_row][vc_row][vc_column width=&#8221;1\/5&#8243;][\/vc_column][vc_column width=&#8221;1\/5&#8243;][\/vc_column][vc_column width=&#8221;1\/5&#8243;][\/vc_column][vc_column width=&#8221;1\/5&#8243;][\/vc_column][vc_column width=&#8221;1\/5&#8243;][\/vc_column][\/vc_row][vc_row][vc_column][vc_separator][\/vc_column][\/vc_row][vc_row][vc_column][vc_custom_headingMehr erfahren","og_url":"https:\/\/www.k-m.de\/brand\/de\/support\/presse\/","og_site_name":"K\u00f6nig &amp; Meyer","article_modified_time":"2022-04-18T17:31:15+00:00","twitter_card":"summary_large_image","twitter_misc":{"Est. reading time":"2 minutes"},"schema":{"@context":"https:\/\/schema.org","@graph":[{"@type":"WebPage","@id":"https:\/\/www.k-m.de\/brand\/de\/support\/presse\/","url":"https:\/\/www.k-m.de\/brand\/de\/support\/presse\/","name":"Press - K\u00f6nig &amp; Meyer","isPartOf":{"@id":"https:\/\/www.k-m.de\/brand\/de\/#website"},"datePublished":"2019-02-16T13:38:03+00:00","dateModified":"2022-04-18T17:31:15+00:00","breadcrumb":{"@id":"https:\/\/www.k-m.de\/brand\/de\/support\/presse\/#breadcrumb"},"inLanguage":"en-US","potentialAction":[{"@type":"ReadAction","target":["https:\/\/www.k-m.de\/brand\/de\/support\/presse\/"]}]},{"@type":"BreadcrumbList","@id":"https:\/\/www.k-m.de\/brand\/de\/support\/presse\/#breadcrumb","itemListElement":[{"@type":"ListItem","position":1,"name":"Startseite","item":"https:\/\/www.k-m.de\/brand\/us\/"},{"@type":"ListItem","position":2,"name":"Support","item":"https:\/\/www.k-m.de\/brand\/us\/support\/"},{"@type":"ListItem","position":3,"name":"Press"}]},{"@type":"WebSite","@id":"https:\/\/www.k-m.de\/brand\/de\/#website","url":"https:\/\/www.k-m.de\/brand\/de\/","name":"K\u00f6nig & Meyer","description":"K\u00f6nig &amp; Meyer ist ein weltweit f\u00fchrender Hersteller f\u00fcr Musikzubeh\u00f6r. Seit \u00fcber 65 Jahren steht K&amp;M f\u00fcr qualitativ hochwertige Produkte.","publisher":{"@id":"https:\/\/www.k-m.de\/brand\/de\/#organization"},"potentialAction":[{"@type":"SearchAction","target":{"@type":"EntryPoint","urlTemplate":"https:\/\/www.k-m.de\/brand\/de\/?s={search_term_string}"},"query-input":{"@type":"PropertyValueSpecification","valueRequired":true,"valueName":"search_term_string"}}],"inLanguage":"en-US"},{"@type":"Organization","@id":"https:\/\/www.k-m.de\/brand\/de\/#organization","name":"K\u00f6nig & Meyer","url":"https:\/\/www.k-m.de\/brand\/de\/","logo":{"@type":"ImageObject","inLanguage":"en-US","@id":"https:\/\/www.k-m.de\/brand\/de\/#\/schema\/logo\/image\/","url":"https:\/\/www.k-m.de\/brand\/wp-content\/uploads\/2023\/01\/KM_1c.tif","contentUrl":"https:\/\/www.k-m.de\/brand\/wp-content\/uploads\/2023\/01\/KM_1c.tif","width":1,"height":1,"caption":"K\u00f6nig & Meyer"},"image":{"@id":"https:\/\/www.k-m.de\/brand\/de\/#\/schema\/logo\/image\/"}}]}},"_links":{"self":[{"href":"https:\/\/www.k-m.de\/brand\/us\/wp-json\/wp\/v2\/pages\/12237","targetHints":{"allow":["GET"]}}],"collection":[{"href":"https:\/\/www.k-m.de\/brand\/us\/wp-json\/wp\/v2\/pages"}],"about":[{"href":"https:\/\/www.k-m.de\/brand\/us\/wp-json\/wp\/v2\/types\/page"}],"author":[{"embeddable":true,"href":"https:\/\/www.k-m.de\/brand\/us\/wp-json\/wp\/v2\/users\/9"}],"replies":[{"embeddable":true,"href":"https:\/\/www.k-m.de\/brand\/us\/wp-json\/wp\/v2\/comments?post=12237"}],"version-history":[{"count":1,"href":"https:\/\/www.k-m.de\/brand\/us\/wp-json\/wp\/v2\/pages\/12237\/revisions"}],"predecessor-version":[{"id":12824,"href":"https:\/\/www.k-m.de\/brand\/us\/wp-json\/wp\/v2\/pages\/12237\/revisions\/12824"}],"up":[{"embeddable":true,"href":"https:\/\/www.k-m.de\/brand\/us\/wp-json\/wp\/v2\/pages\/11304"}],"wp:attachment":[{"href":"https:\/\/www.k-m.de\/brand\/us\/wp-json\/wp\/v2\/media?parent=12237"}],"curies":[{"name":"wp","href":"https:\/\/api.w.org\/{rel}","templated":true}]}}