{"id":12384,"date":"2019-03-06T11:59:35","date_gmt":"2019-03-06T10:59:35","guid":{"rendered":"https:\/\/www.k-m.de\/brand\/support\/product-downloads\/"},"modified":"2022-04-18T19:30:03","modified_gmt":"2022-04-18T17:30:03","slug":"product-downloads","status":"publish","type":"page","link":"https:\/\/www.k-m.de\/brand\/us\/support\/product-downloads\/","title":{"rendered":"Product Downloads"},"content":{"rendered":"<div class=\"wpb-content-wrapper\"><p>[vc_row][vc_column]\n<section class=\"new_product_downloads\">\n\t<div class=\"container\">\n\t\t<div class=\"content_l\">\n\t\t\t<h2 class=\"h2\">Downloads for new products<\/h2>\n\t\t\n\t\t\t<div class=\"default_slider\" data-items=\"4\" data-items-0=\"2\">\n\t\t\t\t\t\t\t<\/div>\n\t\t\t\t\t\t<center>\n\t\t\t\t<a class=\"button button_large secondary\" href=\"\/brand\/en\/support\/product-downloads\/?q=&amp;cat=new&amp;subcat=\">Show all<\/a>\n\t\t\t<\/center>\n\t\t\t\t\t<\/div>\n\t<\/div>\n<\/section>[\/vc_column][\/vc_row][vc_section el_class=&#8221;dealeronly&#8221;][vc_row][vc_column][vc_separator][\/vc_column][\/vc_row][vc_row][vc_column][vc_custom_heading text=&#8221;Packages&#8221; font_container=&#8221;tag:h2|text_align:center&#8221; use_theme_fonts=&#8221;yes&#8221;][\/vc_column][\/vc_row][vc_row][vc_column width=&#8221;1\/5&#8243;]\n<a class=\"download_box  download_box_small\" href=\"https:\/\/mailing.k-m.de\/downloads\/2026_01\/KuM_new_pictures_01_2026.zip\" target=\"_blank\">\n\t\t\t<span class=\"download_image\">\n\t\t\t\t\t\t\t<img loading=\"lazy\" decoding=\"async\" width=\"227\" height=\"300\" src=\"https:\/\/www.k-m.de\/brand\/wp-content\/uploads\/2019\/03\/DP_Produktbilder_New-453x600.jpg\" class=\"attachment-medium size-medium wp-post-image\" alt=\"\" srcset=\"https:\/\/www.k-m.de\/brand\/wp-content\/uploads\/2019\/03\/DP_Produktbilder_New.jpg 453w, https:\/\/www.k-m.de\/brand\/wp-content\/uploads\/2019\/03\/DP_Produktbilder_New-227x300.jpg 227w\" sizes=\"auto, (max-width: 227px) 100vw, 227px\" \/>\t\t\t\t\t<\/span>\n\t\t<span class=\"download_title\">New product images 1\/2026<\/span>\n\t\t<ins>(ZIP, )<\/ins>\n\t<\/a>[\/vc_column][vc_column width=&#8221;1\/5&#8243;]\n<a class=\"download_box  download_box_small\" href=\"https:\/\/mailing.k-m.de\/downloads\/2026_01\/KuM_all_pictures_01_2026.zip\" target=\"_blank\">\n\t\t\t<span class=\"download_image\">\n\t\t\t\t\t\t\t<img loading=\"lazy\" decoding=\"async\" width=\"227\" height=\"300\" src=\"https:\/\/www.k-m.de\/brand\/wp-content\/uploads\/2019\/03\/Bildschirmfoto-2019-03-15-um-14.21.46-453x600.png\" class=\"attachment-medium size-medium wp-post-image\" alt=\"\" srcset=\"https:\/\/www.k-m.de\/brand\/wp-content\/uploads\/2019\/03\/Bildschirmfoto-2019-03-15-um-14.21.46-453x600.png 453w, https:\/\/www.k-m.de\/brand\/wp-content\/uploads\/2019\/03\/Bildschirmfoto-2019-03-15-um-14.21.46-227x300.png 227w, https:\/\/www.k-m.de\/brand\/wp-content\/uploads\/2019\/03\/Bildschirmfoto-2019-03-15-um-14.21.46.png 519w\" sizes=\"auto, (max-width: 227px) 100vw, 227px\" \/>\t\t\t\t\t<\/span>\n\t\t<span class=\"download_title\">All product images 1\/2026<\/span>\n\t\t<ins>(ZIP, )<\/ins>\n\t<\/a>[\/vc_column][vc_column width=&#8221;1\/5&#8243;]\n<a class=\"download_box  download_box_small\" href=\"https:\/\/mailing.k-m.de\/Datenaustausch\/2025_11\/KuM_User_manuals_12_25.zip\" target=\"_blank\">\n\t\t\t<span class=\"download_image\">\n\t\t\t\t\t\t\t<img loading=\"lazy\" decoding=\"async\" width=\"227\" height=\"300\" src=\"https:\/\/www.k-m.de\/brand\/wp-content\/uploads\/2019\/03\/DP_Aufstellanleitung-1-453x600.jpg\" class=\"attachment-medium size-medium wp-post-image\" alt=\"\" srcset=\"https:\/\/www.k-m.de\/brand\/wp-content\/uploads\/2019\/03\/DP_Aufstellanleitung-1.jpg 453w, https:\/\/www.k-m.de\/brand\/wp-content\/uploads\/2019\/03\/DP_Aufstellanleitung-1-227x300.jpg 227w\" sizes=\"auto, (max-width: 227px) 100vw, 227px\" \/>\t\t\t\t\t<\/span>\n\t\t<span class=\"download_title\">All setup instruction 12\/2025<\/span>\n\t\t<ins>(ZIP, )<\/ins>\n\t<\/a>[\/vc_column][vc_column width=&#8221;1\/5&#8243;]\n<a class=\"download_box  download_box_small\" href=\"https:\/\/mailing.k-m.de\/Datenaustausch\/2025_11\/KuM_Spare_Parts_12_25.zip\" target=\"_blank\">\n\t\t\t<span class=\"download_image\">\n\t\t\t\t\t\t\t<img loading=\"lazy\" decoding=\"async\" width=\"227\" height=\"300\" src=\"https:\/\/www.k-m.de\/brand\/wp-content\/uploads\/2019\/03\/DP_Ersatzteillisten-453x600.jpg\" class=\"attachment-medium size-medium wp-post-image\" alt=\"\" srcset=\"https:\/\/www.k-m.de\/brand\/wp-content\/uploads\/2019\/03\/DP_Ersatzteillisten.jpg 453w, https:\/\/www.k-m.de\/brand\/wp-content\/uploads\/2019\/03\/DP_Ersatzteillisten-227x300.jpg 227w\" sizes=\"auto, (max-width: 227px) 100vw, 227px\" \/>\t\t\t\t\t<\/span>\n\t\t<span class=\"download_title\">All spare part lists 12\/2025<\/span>\n\t\t<ins>(ZIP, )<\/ins>\n\t<\/a>[\/vc_column][vc_column width=&#8221;1\/5&#8243;]\n<a class=\"download_box  download_box_small\" href=\"\/cdn\/data_packages\/KuM_Productvideos_en_020420\" target=\"_blank\">\n\t\t\t<span class=\"download_image\">\n\t\t\t\t\t\t\t<img loading=\"lazy\" decoding=\"async\" width=\"227\" height=\"300\" src=\"https:\/\/www.k-m.de\/brand\/wp-content\/uploads\/2019\/03\/DP_Video-453x600.jpg\" class=\"attachment-medium size-medium wp-post-image\" alt=\"\" srcset=\"https:\/\/www.k-m.de\/brand\/wp-content\/uploads\/2019\/03\/DP_Video.jpg 453w, https:\/\/www.k-m.de\/brand\/wp-content\/uploads\/2019\/03\/DP_Video-227x300.jpg 227w\" sizes=\"auto, (max-width: 227px) 100vw, 227px\" \/>\t\t\t\t\t<\/span>\n\t\t<span class=\"download_title\">All product videos 4\/20<\/span>\n\t\t<ins>(, )<\/ins>\n\t<\/a>[\/vc_column][\/vc_row][\/vc_section][vc_row][vc_column][vc_separator][vc_empty_space height=&#8221;60px&#8221;][\/vc_column][\/vc_row][vc_row el_class=&#8221;content_l&#8221;][vc_column width=&#8221;1\/2&#8243; css=&#8221;.vc_custom_1549462514726{border-right-width: 1px !important;border-right-color: #dedede !important;border-right-style: solid !important;}&#8221;][vc_column_text]<\/p>\n<h2 style=\"text-align: center;\">Support<\/h2>\n<p style=\"text-align: center;\">We know that our customers determine our success.<br \/>\nPlease contact us here for any support you might need.<\/p>\n<p>&nbsp;<\/p>\n<p style=\"text-align: center;\"><a class=\"button button_large\" href=\"\/brand\/en\/support\/\">Contact<\/a><\/p>\n<p>[\/vc_column_text][\/vc_column][vc_column width=&#8221;1\/2&#8243;][vc_column_text]<\/p>\n<h2 style=\"text-align: center;\">Logos &amp; Catalogs<\/h2>\n<p style=\"text-align: center;\">Here you find logos, brochures and other<br \/>\ndownloads about K\u00f6nig &amp; Meyer.<\/p>\n<p>&nbsp;<\/p>\n<p style=\"text-align: center;\"><a class=\"button button_large\" href=\"\/brand\/en\/support\/documents\/\">Show downloads<\/a><\/p>\n<p>[\/vc_column_text][\/vc_column][\/vc_row][vc_row][vc_column][vc_empty_space height=&#8221;80px&#8221;][\/vc_column][\/vc_row]<\/p>\n<\/div>","protected":false},"excerpt":{"rendered":"<p>[vc_row][vc_column][\/vc_column][\/vc_row][vc_section el_class=&#8221;dealeronly&#8221;][vc_row][vc_column][vc_separator][\/vc_column][\/vc_row][vc_row][vc_column][vc_custom_heading text=&#8221;Packages&#8221; font_container=&#8221;tag:h2|text_align:center&#8221; use_theme_fonts=&#8221;yes&#8221;][\/vc_column][\/vc_row][vc_row][vc_column width=&#8221;1\/5&#8243;][\/vc_column][vc_column width=&#8221;1\/5&#8243;][\/vc_column][vc_column width=&#8221;1\/5&#8243;][\/vc_column][vc_column width=&#8221;1\/5&#8243;][\/vc_column][vc_column width=&#8221;1\/5&#8243;][\/vc_column][\/vc_row][\/vc_section][vc_row][vc_column][vc_separator][vc_empty_space height=&#8221;60px&#8221;][\/vc_column][\/vc_row][vc_row el_class=&#8221;content_l&#8221;][vc_column width=&#8221;1\/2&#8243; css=&#8221;.vc_custom_1549462514726{border-right-width: 1px !important;border-right-color: #dedede !important;border-right-style: solid !important;}&#8221;][vc_column_text]<span class=\"read_more\">Mehr erfahren<\/span><\/p>\n","protected":false},"author":16,"featured_media":0,"parent":11304,"menu_order":2,"comment_status":"closed","ping_status":"closed","template":"page_templates\/page_downloads.php","meta":{"footnotes":""},"class_list":["post-12384","page","type-page","status-publish","format-standard","hentry"],"better_featured_image":null,"yoast_head":"<!-- This site is optimized with the Yoast SEO Premium plugin v26.8 (Yoast SEO v26.9) - https:\/\/yoast.com\/product\/yoast-seo-premium-wordpress\/ -->\n<title>Product Downloads - K\u00f6nig &amp; Meyer<\/title>\n<meta name=\"robots\" content=\"index, follow, max-snippet:-1, max-image-preview:large, max-video-preview:-1\" \/>\n<link rel=\"canonical\" href=\"https:\/\/www.k-m.de\/brand\/us\/support\/product-downloads\/\" \/>\n<meta property=\"og:locale\" content=\"en_US\" \/>\n<meta property=\"og:type\" content=\"article\" \/>\n<meta property=\"og:title\" content=\"Product Downloads\" \/>\n<meta property=\"og:description\" content=\"[vc_row][vc_column][\/vc_column][\/vc_row][vc_section el_class=&#8221;dealeronly&#8221;][vc_row][vc_column][vc_separator][\/vc_column][\/vc_row][vc_row][vc_column][vc_custom_heading text=&#8221;Packages&#8221; font_container=&#8221;tag:h2|text_align:center&#8221; use_theme_fonts=&#8221;yes&#8221;][\/vc_column][\/vc_row][vc_row][vc_column width=&#8221;1\/5&#8243;][\/vc_column][vc_column width=&#8221;1\/5&#8243;][\/vc_column][vc_column width=&#8221;1\/5&#8243;][\/vc_column][vc_column width=&#8221;1\/5&#8243;][\/vc_column][vc_column width=&#8221;1\/5&#8243;][\/vc_column][\/vc_row][\/vc_section][vc_row][vc_column][vc_separator][vc_empty_space height=&#8221;60px&#8221;][\/vc_column][\/vc_row][vc_row el_class=&#8221;content_l&#8221;][vc_column width=&#8221;1\/2&#8243; css=&#8221;.vc_custom_1549462514726{border-right-width: 1px !important;border-right-color: #dedede !important;border-right-style: solid !important;}&#8221;][vc_column_text]Mehr erfahren\" \/>\n<meta property=\"og:url\" content=\"https:\/\/www.k-m.de\/brand\/us\/support\/product-downloads\/\" \/>\n<meta property=\"og:site_name\" content=\"K\u00f6nig &amp; Meyer\" \/>\n<meta property=\"article:modified_time\" content=\"2022-04-18T17:30:03+00:00\" \/>\n<meta name=\"twitter:card\" content=\"summary_large_image\" \/>\n<meta name=\"twitter:label1\" content=\"Est. reading time\" \/>\n\t<meta name=\"twitter:data1\" content=\"1 minute\" \/>\n<script type=\"application\/ld+json\" class=\"yoast-schema-graph\">{\"@context\":\"https:\/\/schema.org\",\"@graph\":[{\"@type\":\"WebPage\",\"@id\":\"https:\/\/www.k-m.de\/brand\/us\/support\/product-downloads\/\",\"url\":\"https:\/\/www.k-m.de\/brand\/us\/support\/product-downloads\/\",\"name\":\"Product Downloads - K\u00f6nig &amp; Meyer\",\"isPartOf\":{\"@id\":\"https:\/\/www.k-m.de\/brand\/de\/#website\"},\"datePublished\":\"2019-03-06T10:59:35+00:00\",\"dateModified\":\"2022-04-18T17:30:03+00:00\",\"breadcrumb\":{\"@id\":\"https:\/\/www.k-m.de\/brand\/us\/support\/product-downloads\/#breadcrumb\"},\"inLanguage\":\"en-US\",\"potentialAction\":[{\"@type\":\"ReadAction\",\"target\":[\"https:\/\/www.k-m.de\/brand\/us\/support\/product-downloads\/\"]}]},{\"@type\":\"BreadcrumbList\",\"@id\":\"https:\/\/www.k-m.de\/brand\/us\/support\/product-downloads\/#breadcrumb\",\"itemListElement\":[{\"@type\":\"ListItem\",\"position\":1,\"name\":\"Startseite\",\"item\":\"https:\/\/www.k-m.de\/brand\/us\/\"},{\"@type\":\"ListItem\",\"position\":2,\"name\":\"Support\",\"item\":\"https:\/\/www.k-m.de\/brand\/us\/support\/\"},{\"@type\":\"ListItem\",\"position\":3,\"name\":\"Product Downloads\"}]},{\"@type\":\"WebSite\",\"@id\":\"https:\/\/www.k-m.de\/brand\/de\/#website\",\"url\":\"https:\/\/www.k-m.de\/brand\/de\/\",\"name\":\"K\u00f6nig & Meyer\",\"description\":\"K\u00f6nig &amp; Meyer ist ein weltweit f\u00fchrender Hersteller f\u00fcr Musikzubeh\u00f6r. Seit \u00fcber 65 Jahren steht K&amp;M f\u00fcr qualitativ hochwertige Produkte.\",\"publisher\":{\"@id\":\"https:\/\/www.k-m.de\/brand\/de\/#organization\"},\"potentialAction\":[{\"@type\":\"SearchAction\",\"target\":{\"@type\":\"EntryPoint\",\"urlTemplate\":\"https:\/\/www.k-m.de\/brand\/de\/?s={search_term_string}\"},\"query-input\":{\"@type\":\"PropertyValueSpecification\",\"valueRequired\":true,\"valueName\":\"search_term_string\"}}],\"inLanguage\":\"en-US\"},{\"@type\":\"Organization\",\"@id\":\"https:\/\/www.k-m.de\/brand\/de\/#organization\",\"name\":\"K\u00f6nig & Meyer\",\"url\":\"https:\/\/www.k-m.de\/brand\/de\/\",\"logo\":{\"@type\":\"ImageObject\",\"inLanguage\":\"en-US\",\"@id\":\"https:\/\/www.k-m.de\/brand\/de\/#\/schema\/logo\/image\/\",\"url\":\"https:\/\/www.k-m.de\/brand\/wp-content\/uploads\/2023\/01\/KM_1c.tif\",\"contentUrl\":\"https:\/\/www.k-m.de\/brand\/wp-content\/uploads\/2023\/01\/KM_1c.tif\",\"width\":1,\"height\":1,\"caption\":\"K\u00f6nig & Meyer\"},\"image\":{\"@id\":\"https:\/\/www.k-m.de\/brand\/de\/#\/schema\/logo\/image\/\"}}]}<\/script>\n<!-- \/ Yoast SEO Premium plugin. -->","yoast_head_json":{"title":"Product Downloads - K\u00f6nig &amp; Meyer","robots":{"index":"index","follow":"follow","max-snippet":"max-snippet:-1","max-image-preview":"max-image-preview:large","max-video-preview":"max-video-preview:-1"},"canonical":"https:\/\/www.k-m.de\/brand\/us\/support\/product-downloads\/","og_locale":"en_US","og_type":"article","og_title":"Product Downloads","og_description":"[vc_row][vc_column][\/vc_column][\/vc_row][vc_section el_class=&#8221;dealeronly&#8221;][vc_row][vc_column][vc_separator][\/vc_column][\/vc_row][vc_row][vc_column][vc_custom_heading text=&#8221;Packages&#8221; font_container=&#8221;tag:h2|text_align:center&#8221; use_theme_fonts=&#8221;yes&#8221;][\/vc_column][\/vc_row][vc_row][vc_column width=&#8221;1\/5&#8243;][\/vc_column][vc_column width=&#8221;1\/5&#8243;][\/vc_column][vc_column width=&#8221;1\/5&#8243;][\/vc_column][vc_column width=&#8221;1\/5&#8243;][\/vc_column][vc_column width=&#8221;1\/5&#8243;][\/vc_column][\/vc_row][\/vc_section][vc_row][vc_column][vc_separator][vc_empty_space height=&#8221;60px&#8221;][\/vc_column][\/vc_row][vc_row el_class=&#8221;content_l&#8221;][vc_column width=&#8221;1\/2&#8243; css=&#8221;.vc_custom_1549462514726{border-right-width: 1px !important;border-right-color: #dedede !important;border-right-style: solid !important;}&#8221;][vc_column_text]Mehr erfahren","og_url":"https:\/\/www.k-m.de\/brand\/us\/support\/product-downloads\/","og_site_name":"K\u00f6nig &amp; Meyer","article_modified_time":"2022-04-18T17:30:03+00:00","twitter_card":"summary_large_image","twitter_misc":{"Est. reading time":"1 minute"},"schema":{"@context":"https:\/\/schema.org","@graph":[{"@type":"WebPage","@id":"https:\/\/www.k-m.de\/brand\/us\/support\/product-downloads\/","url":"https:\/\/www.k-m.de\/brand\/us\/support\/product-downloads\/","name":"Product Downloads - K\u00f6nig &amp; Meyer","isPartOf":{"@id":"https:\/\/www.k-m.de\/brand\/de\/#website"},"datePublished":"2019-03-06T10:59:35+00:00","dateModified":"2022-04-18T17:30:03+00:00","breadcrumb":{"@id":"https:\/\/www.k-m.de\/brand\/us\/support\/product-downloads\/#breadcrumb"},"inLanguage":"en-US","potentialAction":[{"@type":"ReadAction","target":["https:\/\/www.k-m.de\/brand\/us\/support\/product-downloads\/"]}]},{"@type":"BreadcrumbList","@id":"https:\/\/www.k-m.de\/brand\/us\/support\/product-downloads\/#breadcrumb","itemListElement":[{"@type":"ListItem","position":1,"name":"Startseite","item":"https:\/\/www.k-m.de\/brand\/us\/"},{"@type":"ListItem","position":2,"name":"Support","item":"https:\/\/www.k-m.de\/brand\/us\/support\/"},{"@type":"ListItem","position":3,"name":"Product Downloads"}]},{"@type":"WebSite","@id":"https:\/\/www.k-m.de\/brand\/de\/#website","url":"https:\/\/www.k-m.de\/brand\/de\/","name":"K\u00f6nig & Meyer","description":"K\u00f6nig &amp; Meyer ist ein weltweit f\u00fchrender Hersteller f\u00fcr Musikzubeh\u00f6r. Seit \u00fcber 65 Jahren steht K&amp;M f\u00fcr qualitativ hochwertige Produkte.","publisher":{"@id":"https:\/\/www.k-m.de\/brand\/de\/#organization"},"potentialAction":[{"@type":"SearchAction","target":{"@type":"EntryPoint","urlTemplate":"https:\/\/www.k-m.de\/brand\/de\/?s={search_term_string}"},"query-input":{"@type":"PropertyValueSpecification","valueRequired":true,"valueName":"search_term_string"}}],"inLanguage":"en-US"},{"@type":"Organization","@id":"https:\/\/www.k-m.de\/brand\/de\/#organization","name":"K\u00f6nig & Meyer","url":"https:\/\/www.k-m.de\/brand\/de\/","logo":{"@type":"ImageObject","inLanguage":"en-US","@id":"https:\/\/www.k-m.de\/brand\/de\/#\/schema\/logo\/image\/","url":"https:\/\/www.k-m.de\/brand\/wp-content\/uploads\/2023\/01\/KM_1c.tif","contentUrl":"https:\/\/www.k-m.de\/brand\/wp-content\/uploads\/2023\/01\/KM_1c.tif","width":1,"height":1,"caption":"K\u00f6nig & Meyer"},"image":{"@id":"https:\/\/www.k-m.de\/brand\/de\/#\/schema\/logo\/image\/"}}]}},"_links":{"self":[{"href":"https:\/\/www.k-m.de\/brand\/us\/wp-json\/wp\/v2\/pages\/12384","targetHints":{"allow":["GET"]}}],"collection":[{"href":"https:\/\/www.k-m.de\/brand\/us\/wp-json\/wp\/v2\/pages"}],"about":[{"href":"https:\/\/www.k-m.de\/brand\/us\/wp-json\/wp\/v2\/types\/page"}],"author":[{"embeddable":true,"href":"https:\/\/www.k-m.de\/brand\/us\/wp-json\/wp\/v2\/users\/16"}],"replies":[{"embeddable":true,"href":"https:\/\/www.k-m.de\/brand\/us\/wp-json\/wp\/v2\/comments?post=12384"}],"version-history":[{"count":9,"href":"https:\/\/www.k-m.de\/brand\/us\/wp-json\/wp\/v2\/pages\/12384\/revisions"}],"predecessor-version":[{"id":12821,"href":"https:\/\/www.k-m.de\/brand\/us\/wp-json\/wp\/v2\/pages\/12384\/revisions\/12821"}],"up":[{"embeddable":true,"href":"https:\/\/www.k-m.de\/brand\/us\/wp-json\/wp\/v2\/pages\/11304"}],"wp:attachment":[{"href":"https:\/\/www.k-m.de\/brand\/us\/wp-json\/wp\/v2\/media?parent=12384"}],"curies":[{"name":"wp","href":"https:\/\/api.w.org\/{rel}","templated":true}]}}