{"id":12431,"date":"2019-02-16T14:29:46","date_gmt":"2019-02-16T13:29:46","guid":{"rendered":"https:\/\/www.k-m.de\/brand\/support\/documents\/"},"modified":"2022-08-18T10:17:07","modified_gmt":"2022-08-18T08:17:07","slug":"documents","status":"publish","type":"page","link":"https:\/\/www.k-m.de\/brand\/us\/support\/documents\/","title":{"rendered":"Documents"},"content":{"rendered":"<div class=\"wpb-content-wrapper\"><p>[vc_row][vc_column]\n<h2>Catalogs<\/h2>\n\n<div class=\"row\">\n\t\t<div class=\"col-1_5\">\n\t\t\n<a class=\"download_box download_box_epaper download_box_small\" href=\"https:\/\/mailing.k-m.de\/blaetterkataloge\/KuM_epaper_New_Products_01_2024\/index.html#0\" target=\"_blank\">\n\t\t\t<span class=\"download_image\">\n\t\t\t\t\t\t\t<img loading=\"lazy\" decoding=\"async\" width=\"212\" height=\"300\" src=\"https:\/\/www.k-m.de\/brand\/wp-content\/uploads\/2023\/02\/KM_NewProducts_2025-424x600.png\" class=\"attachment-medium size-medium wp-post-image\" alt=\"\" srcset=\"https:\/\/www.k-m.de\/brand\/wp-content\/uploads\/2023\/02\/KM_NewProducts_2025-424x600.png 424w, https:\/\/www.k-m.de\/brand\/wp-content\/uploads\/2023\/02\/KM_NewProducts_2025-724x1024.png 724w, https:\/\/www.k-m.de\/brand\/wp-content\/uploads\/2023\/02\/KM_NewProducts_2025-768x1086.png 768w, https:\/\/www.k-m.de\/brand\/wp-content\/uploads\/2023\/02\/KM_NewProducts_2025-543x768.png 543w, https:\/\/www.k-m.de\/brand\/wp-content\/uploads\/2023\/02\/KM_NewProducts_2025-1086x1536.png 1086w, https:\/\/www.k-m.de\/brand\/wp-content\/uploads\/2023\/02\/KM_NewProducts_2025-1448x2048.png 1448w, https:\/\/www.k-m.de\/brand\/wp-content\/uploads\/2023\/02\/KM_NewProducts_2025-848x1200.png 848w, https:\/\/www.k-m.de\/brand\/wp-content\/uploads\/2023\/02\/KM_NewProducts_2025-212x300.png 212w\" sizes=\"auto, (max-width: 212px) 100vw, 212px\" \/>\t\t\t\t\t<\/span>\n\t\t<span class=\"download_title\">New Products 01\/2024<\/span>\n\t\t<ins>(E-Paper)<\/ins>\n\t<\/a>\t<\/div>\n\t\t<div class=\"col-1_5\">\n\t\t\n<a class=\"download_box download_box_epaper download_box_small\" href=\"http:\/\/mailing.k-m.de\/blaetterkataloge\/KuM_epaper_CompactStage_2024\/index.html\" target=\"_blank\">\n\t\t\t<span class=\"download_image\">\n\t\t\t\t\t\t\t<img loading=\"lazy\" decoding=\"async\" width=\"212\" height=\"300\" src=\"https:\/\/www.k-m.de\/brand\/wp-content\/uploads\/2024\/09\/Bildschirmfoto-2024-09-16-um-12.10.56-423x600.png\" class=\"attachment-medium size-medium wp-post-image\" alt=\"\" srcset=\"https:\/\/www.k-m.de\/brand\/wp-content\/uploads\/2024\/09\/Bildschirmfoto-2024-09-16-um-12.10.56-423x600.png 423w, https:\/\/www.k-m.de\/brand\/wp-content\/uploads\/2024\/09\/Bildschirmfoto-2024-09-16-um-12.10.56-212x300.png 212w, https:\/\/www.k-m.de\/brand\/wp-content\/uploads\/2024\/09\/Bildschirmfoto-2024-09-16-um-12.10.56.png 479w\" sizes=\"auto, (max-width: 212px) 100vw, 212px\" \/>\t\t\t\t\t<\/span>\n\t\t<span class=\"download_title\">\u00bbCompact Stage\u00ab series<\/span>\n\t\t<ins>(E-Paper)<\/ins>\n\t<\/a>\t<\/div>\n\t<\/div>[vc_empty_space height=&#8221;60px&#8221;][vc_separator][\/vc_column][\/vc_row][vc_row][vc_column][vc_custom_heading text=&#8221;Logos&#8221; font_container=&#8221;tag:h2|text_align:center&#8221; use_theme_fonts=&#8221;yes&#8221;][vc_row_inner][vc_column_inner][\/vc_column_inner][\/vc_row_inner][\/vc_column][\/vc_row][vc_row][vc_column width=&#8221;1\/2&#8243;]\n<a class=\"download_box  download_box_large\" href=\"https:\/\/www.k-m.de\/brand\/wp-content\/uploads\/2019\/01\/KM_KoenigMeyer_Logo_1c1.jpg\" target=\"_blank\">\n\t\t\t<span class=\"download_image\">\n\t\t\t\t\t\t\t<img loading=\"lazy\" decoding=\"async\" width=\"1181\" height=\"224\" src=\"https:\/\/www.k-m.de\/brand\/wp-content\/uploads\/2019\/01\/KM_KoenigMeyer_Logo_1c1.jpg\" class=\"attachment-full size-full wp-post-image\" alt=\"K&amp;M Logo I schwarz wei\u00df\" srcset=\"https:\/\/www.k-m.de\/brand\/wp-content\/uploads\/2019\/01\/KM_KoenigMeyer_Logo_1c1.jpg 1181w, https:\/\/www.k-m.de\/brand\/wp-content\/uploads\/2019\/01\/KM_KoenigMeyer_Logo_1c1-600x114.jpg 600w, https:\/\/www.k-m.de\/brand\/wp-content\/uploads\/2019\/01\/KM_KoenigMeyer_Logo_1c1-768x146.jpg 768w, https:\/\/www.k-m.de\/brand\/wp-content\/uploads\/2019\/01\/KM_KoenigMeyer_Logo_1c1-1024x194.jpg 1024w, https:\/\/www.k-m.de\/brand\/wp-content\/uploads\/2019\/01\/KM_KoenigMeyer_Logo_1c1-300x57.jpg 300w\" sizes=\"auto, (max-width: 1181px) 100vw, 1181px\" \/>\t\t\t\t\t<\/span>\n\t\t<span class=\"download_title\">K&M Logo (1c)<\/span>\n\t\t<ins>(JPG, 52.10 KB)<\/ins>\n\t<\/a>[\/vc_column][vc_column width=&#8221;1\/2&#8243;]\n<a class=\"download_box  download_box_large\" href=\"https:\/\/www.k-m.de\/brand\/wp-content\/uploads\/2019\/01\/KM_KoenigMeyer_Logo_RGB.jpg\" target=\"_blank\">\n\t\t\t<span class=\"download_image\">\n\t\t\t\t\t\t\t<img loading=\"lazy\" decoding=\"async\" width=\"1181\" height=\"225\" src=\"https:\/\/www.k-m.de\/brand\/wp-content\/uploads\/2019\/01\/KM_KoenigMeyer_Logo_RGB.jpg\" class=\"attachment-full size-full wp-post-image\" alt=\"K&amp;M Logo I farbig\" srcset=\"https:\/\/www.k-m.de\/brand\/wp-content\/uploads\/2019\/01\/KM_KoenigMeyer_Logo_RGB.jpg 1181w, https:\/\/www.k-m.de\/brand\/wp-content\/uploads\/2019\/01\/KM_KoenigMeyer_Logo_RGB-600x114.jpg 600w, https:\/\/www.k-m.de\/brand\/wp-content\/uploads\/2019\/01\/KM_KoenigMeyer_Logo_RGB-768x146.jpg 768w, https:\/\/www.k-m.de\/brand\/wp-content\/uploads\/2019\/01\/KM_KoenigMeyer_Logo_RGB-1024x195.jpg 1024w, https:\/\/www.k-m.de\/brand\/wp-content\/uploads\/2019\/01\/KM_KoenigMeyer_Logo_RGB-300x57.jpg 300w\" sizes=\"auto, (max-width: 1181px) 100vw, 1181px\" \/>\t\t\t\t\t<\/span>\n\t\t<span class=\"download_title\">K&M Logo (RGB)<\/span>\n\t\t<ins>(JPG, 52.40 KB)<\/ins>\n\t<\/a>[\/vc_column][\/vc_row][vc_row][vc_column][vc_empty_space height=&#8221;60px&#8221;][vc_separator][\/vc_column][\/vc_row][vc_row][vc_column]\n<h2>Awards<\/h2>\n\n<div class=\"row\">\n\t<\/div>[\/vc_column][\/vc_row][vc_row][vc_column][vc_empty_space height=&#8221;60px&#8221;][vc_separator][vc_empty_space height=&#8221;30px&#8221;][\/vc_column][\/vc_row][vc_row el_class=&#8221;content_l&#8221;][vc_column width=&#8221;1\/2&#8243; css=&#8221;.vc_custom_1549462514726{border-right-width: 1px !important;border-right-color: #dedede !important;border-right-style: solid !important;}&#8221;][vc_column_text]<\/p>\n<h2 style=\"text-align: center;\">Support<\/h2>\n<p style=\"text-align: center;\">We know that our customers determine our success!<br \/>\nIf you have any questions or concerns we welcome your contacting us personally:<\/p>\n<p>&nbsp;<\/p>\n<p style=\"text-align: center;\"><a class=\"button button_large\" href=\"\/brand\/en\/support\/\">Contact\u00a0us<\/a><\/p>\n<p>[\/vc_column_text][\/vc_column][vc_column width=&#8221;1\/2&#8243;][vc_column_text]<\/p>\n<h2 style=\"text-align: center;\">Press area<\/h2>\n<p style=\"text-align: center;\">Find logos, press releases and more downloads<\/p>\n<p style=\"text-align: center;\">of K\u00f6nig &amp; Meyer.<\/p>\n<p>&nbsp;<\/p>\n<p style=\"text-align: center;\"><a class=\"button button_large\" href=\"\/brand\/en\/support\/presse\/\">Show press area<\/a><\/p>\n<p>[\/vc_column_text][\/vc_column][\/vc_row][vc_row][vc_column][vc_empty_space height=&#8221;60px&#8221;][\/vc_column][\/vc_row]<\/p>\n<\/div>","protected":false},"excerpt":{"rendered":"<p>[vc_row][vc_column][vc_empty_space height=&#8221;60px&#8221;][vc_separator][\/vc_column][\/vc_row][vc_row][vc_column][vc_custom_heading text=&#8221;Logos&#8221; font_container=&#8221;tag:h2|text_align:center&#8221; use_theme_fonts=&#8221;yes&#8221;][vc_row_inner][vc_column_inner][\/vc_column_inner][\/vc_row_inner][\/vc_column][\/vc_row][vc_row][vc_column width=&#8221;1\/2&#8243;][\/vc_column][vc_column width=&#8221;1\/2&#8243;][\/vc_column][\/vc_row][vc_row][vc_column][vc_empty_space height=&#8221;60px&#8221;][vc_separator][\/vc_column][\/vc_row][vc_row][vc_column][\/vc_column][\/vc_row][vc_row][vc_column][vc_empty_space height=&#8221;60px&#8221;][vc_separator][vc_empty_space height=&#8221;30px&#8221;][\/vc_column][\/vc_row][vc_row el_class=&#8221;content_l&#8221;][vc_column width=&#8221;1\/2&#8243; css=&#8221;.vc_custom_1549462514726{border-right-width: 1px !important;border-right-color: #dedede !important;border-right-style: solid !important;}&#8221;][vc_column_text] Support<span class=\"read_more\">Mehr erfahren<\/span><\/p>\n","protected":false},"author":9,"featured_media":0,"parent":11304,"menu_order":38,"comment_status":"closed","ping_status":"closed","template":"page_templates\/page_support.php","meta":{"footnotes":""},"class_list":["post-12431","page","type-page","status-publish","format-standard","hentry"],"better_featured_image":null,"yoast_head":"<!-- This site is optimized with the Yoast SEO Premium plugin v26.8 (Yoast SEO v26.9) - https:\/\/yoast.com\/product\/yoast-seo-premium-wordpress\/ -->\n<title>Documents - K\u00f6nig &amp; Meyer<\/title>\n<meta name=\"description\" content=\"Here we have compiled all K\u00f6nig &amp; Meyer logos, brochures &amp; catalogues as well as certificates our environment and quality awards for you.\" \/>\n<meta name=\"robots\" content=\"index, follow, max-snippet:-1, max-image-preview:large, max-video-preview:-1\" \/>\n<link rel=\"canonical\" href=\"https:\/\/www.k-m.de\/brand\/us\/support\/documents\/\" \/>\n<meta property=\"og:locale\" content=\"en_US\" \/>\n<meta property=\"og:type\" content=\"article\" \/>\n<meta property=\"og:title\" content=\"Documents\" \/>\n<meta property=\"og:description\" content=\"Here we have compiled all K\u00f6nig &amp; Meyer logos, brochures &amp; catalogues as well as certificates our environment and quality awards for you.\" \/>\n<meta property=\"og:url\" content=\"https:\/\/www.k-m.de\/brand\/us\/support\/documents\/\" \/>\n<meta property=\"og:site_name\" content=\"K\u00f6nig &amp; Meyer\" \/>\n<meta property=\"article:modified_time\" content=\"2022-08-18T08:17:07+00:00\" \/>\n<meta name=\"twitter:card\" content=\"summary_large_image\" \/>\n<meta name=\"twitter:label1\" content=\"Est. reading time\" \/>\n\t<meta name=\"twitter:data1\" content=\"1 minute\" \/>\n<script type=\"application\/ld+json\" class=\"yoast-schema-graph\">{\"@context\":\"https:\/\/schema.org\",\"@graph\":[{\"@type\":\"WebPage\",\"@id\":\"https:\/\/www.k-m.de\/brand\/us\/support\/documents\/\",\"url\":\"https:\/\/www.k-m.de\/brand\/us\/support\/documents\/\",\"name\":\"Documents - K\u00f6nig &amp; Meyer\",\"isPartOf\":{\"@id\":\"https:\/\/www.k-m.de\/brand\/de\/#website\"},\"datePublished\":\"2019-02-16T13:29:46+00:00\",\"dateModified\":\"2022-08-18T08:17:07+00:00\",\"description\":\"Here we have compiled all K\u00f6nig & Meyer logos, brochures & catalogues as well as certificates our environment and quality awards for you.\",\"breadcrumb\":{\"@id\":\"https:\/\/www.k-m.de\/brand\/us\/support\/documents\/#breadcrumb\"},\"inLanguage\":\"en-US\",\"potentialAction\":[{\"@type\":\"ReadAction\",\"target\":[\"https:\/\/www.k-m.de\/brand\/us\/support\/documents\/\"]}]},{\"@type\":\"BreadcrumbList\",\"@id\":\"https:\/\/www.k-m.de\/brand\/us\/support\/documents\/#breadcrumb\",\"itemListElement\":[{\"@type\":\"ListItem\",\"position\":1,\"name\":\"Startseite\",\"item\":\"https:\/\/www.k-m.de\/brand\/us\/\"},{\"@type\":\"ListItem\",\"position\":2,\"name\":\"Support\",\"item\":\"https:\/\/www.k-m.de\/brand\/us\/support\/\"},{\"@type\":\"ListItem\",\"position\":3,\"name\":\"Documents\"}]},{\"@type\":\"WebSite\",\"@id\":\"https:\/\/www.k-m.de\/brand\/de\/#website\",\"url\":\"https:\/\/www.k-m.de\/brand\/de\/\",\"name\":\"K\u00f6nig & Meyer\",\"description\":\"K\u00f6nig &amp; Meyer ist ein weltweit f\u00fchrender Hersteller f\u00fcr Musikzubeh\u00f6r. Seit \u00fcber 65 Jahren steht K&amp;M f\u00fcr qualitativ hochwertige Produkte.\",\"publisher\":{\"@id\":\"https:\/\/www.k-m.de\/brand\/de\/#organization\"},\"potentialAction\":[{\"@type\":\"SearchAction\",\"target\":{\"@type\":\"EntryPoint\",\"urlTemplate\":\"https:\/\/www.k-m.de\/brand\/de\/?s={search_term_string}\"},\"query-input\":{\"@type\":\"PropertyValueSpecification\",\"valueRequired\":true,\"valueName\":\"search_term_string\"}}],\"inLanguage\":\"en-US\"},{\"@type\":\"Organization\",\"@id\":\"https:\/\/www.k-m.de\/brand\/de\/#organization\",\"name\":\"K\u00f6nig & Meyer\",\"url\":\"https:\/\/www.k-m.de\/brand\/de\/\",\"logo\":{\"@type\":\"ImageObject\",\"inLanguage\":\"en-US\",\"@id\":\"https:\/\/www.k-m.de\/brand\/de\/#\/schema\/logo\/image\/\",\"url\":\"https:\/\/www.k-m.de\/brand\/wp-content\/uploads\/2023\/01\/KM_1c.tif\",\"contentUrl\":\"https:\/\/www.k-m.de\/brand\/wp-content\/uploads\/2023\/01\/KM_1c.tif\",\"width\":1,\"height\":1,\"caption\":\"K\u00f6nig & Meyer\"},\"image\":{\"@id\":\"https:\/\/www.k-m.de\/brand\/de\/#\/schema\/logo\/image\/\"}}]}<\/script>\n<!-- \/ Yoast SEO Premium plugin. -->","yoast_head_json":{"title":"Documents - K\u00f6nig &amp; Meyer","description":"Here we have compiled all K\u00f6nig & Meyer logos, brochures & catalogues as well as certificates our environment and quality awards for you.","robots":{"index":"index","follow":"follow","max-snippet":"max-snippet:-1","max-image-preview":"max-image-preview:large","max-video-preview":"max-video-preview:-1"},"canonical":"https:\/\/www.k-m.de\/brand\/us\/support\/documents\/","og_locale":"en_US","og_type":"article","og_title":"Documents","og_description":"Here we have compiled all K\u00f6nig & Meyer logos, brochures & catalogues as well as certificates our environment and quality awards for you.","og_url":"https:\/\/www.k-m.de\/brand\/us\/support\/documents\/","og_site_name":"K\u00f6nig &amp; Meyer","article_modified_time":"2022-08-18T08:17:07+00:00","twitter_card":"summary_large_image","twitter_misc":{"Est. reading time":"1 minute"},"schema":{"@context":"https:\/\/schema.org","@graph":[{"@type":"WebPage","@id":"https:\/\/www.k-m.de\/brand\/us\/support\/documents\/","url":"https:\/\/www.k-m.de\/brand\/us\/support\/documents\/","name":"Documents - K\u00f6nig &amp; Meyer","isPartOf":{"@id":"https:\/\/www.k-m.de\/brand\/de\/#website"},"datePublished":"2019-02-16T13:29:46+00:00","dateModified":"2022-08-18T08:17:07+00:00","description":"Here we have compiled all K\u00f6nig & Meyer logos, brochures & catalogues as well as certificates our environment and quality awards for you.","breadcrumb":{"@id":"https:\/\/www.k-m.de\/brand\/us\/support\/documents\/#breadcrumb"},"inLanguage":"en-US","potentialAction":[{"@type":"ReadAction","target":["https:\/\/www.k-m.de\/brand\/us\/support\/documents\/"]}]},{"@type":"BreadcrumbList","@id":"https:\/\/www.k-m.de\/brand\/us\/support\/documents\/#breadcrumb","itemListElement":[{"@type":"ListItem","position":1,"name":"Startseite","item":"https:\/\/www.k-m.de\/brand\/us\/"},{"@type":"ListItem","position":2,"name":"Support","item":"https:\/\/www.k-m.de\/brand\/us\/support\/"},{"@type":"ListItem","position":3,"name":"Documents"}]},{"@type":"WebSite","@id":"https:\/\/www.k-m.de\/brand\/de\/#website","url":"https:\/\/www.k-m.de\/brand\/de\/","name":"K\u00f6nig & Meyer","description":"K\u00f6nig &amp; Meyer ist ein weltweit f\u00fchrender Hersteller f\u00fcr Musikzubeh\u00f6r. Seit \u00fcber 65 Jahren steht K&amp;M f\u00fcr qualitativ hochwertige Produkte.","publisher":{"@id":"https:\/\/www.k-m.de\/brand\/de\/#organization"},"potentialAction":[{"@type":"SearchAction","target":{"@type":"EntryPoint","urlTemplate":"https:\/\/www.k-m.de\/brand\/de\/?s={search_term_string}"},"query-input":{"@type":"PropertyValueSpecification","valueRequired":true,"valueName":"search_term_string"}}],"inLanguage":"en-US"},{"@type":"Organization","@id":"https:\/\/www.k-m.de\/brand\/de\/#organization","name":"K\u00f6nig & Meyer","url":"https:\/\/www.k-m.de\/brand\/de\/","logo":{"@type":"ImageObject","inLanguage":"en-US","@id":"https:\/\/www.k-m.de\/brand\/de\/#\/schema\/logo\/image\/","url":"https:\/\/www.k-m.de\/brand\/wp-content\/uploads\/2023\/01\/KM_1c.tif","contentUrl":"https:\/\/www.k-m.de\/brand\/wp-content\/uploads\/2023\/01\/KM_1c.tif","width":1,"height":1,"caption":"K\u00f6nig & Meyer"},"image":{"@id":"https:\/\/www.k-m.de\/brand\/de\/#\/schema\/logo\/image\/"}}]}},"_links":{"self":[{"href":"https:\/\/www.k-m.de\/brand\/us\/wp-json\/wp\/v2\/pages\/12431","targetHints":{"allow":["GET"]}}],"collection":[{"href":"https:\/\/www.k-m.de\/brand\/us\/wp-json\/wp\/v2\/pages"}],"about":[{"href":"https:\/\/www.k-m.de\/brand\/us\/wp-json\/wp\/v2\/types\/page"}],"author":[{"embeddable":true,"href":"https:\/\/www.k-m.de\/brand\/us\/wp-json\/wp\/v2\/users\/9"}],"replies":[{"embeddable":true,"href":"https:\/\/www.k-m.de\/brand\/us\/wp-json\/wp\/v2\/comments?post=12431"}],"version-history":[{"count":8,"href":"https:\/\/www.k-m.de\/brand\/us\/wp-json\/wp\/v2\/pages\/12431\/revisions"}],"predecessor-version":[{"id":21167,"href":"https:\/\/www.k-m.de\/brand\/us\/wp-json\/wp\/v2\/pages\/12431\/revisions\/21167"}],"up":[{"embeddable":true,"href":"https:\/\/www.k-m.de\/brand\/us\/wp-json\/wp\/v2\/pages\/11304"}],"wp:attachment":[{"href":"https:\/\/www.k-m.de\/brand\/us\/wp-json\/wp\/v2\/media?parent=12431"}],"curies":[{"name":"wp","href":"https:\/\/api.w.org\/{rel}","templated":true}]}}