{"id":37740,"date":"2025-06-25T08:52:34","date_gmt":"2025-06-25T06:52:34","guid":{"rendered":"https:\/\/www.k-m.de\/brand\/?page_id=37740"},"modified":"2025-09-29T11:27:22","modified_gmt":"2025-09-29T09:27:22","slug":"declaration-on-accessibility","status":"publish","type":"page","link":"https:\/\/www.k-m.de\/brand\/us\/declaration-on-accessibility\/","title":{"rendered":"Declaration on accessibility"},"content":{"rendered":"<div class=\"wpb-content-wrapper\"><p >[vc_row el_class=&#8221;content_m&#8221;][vc_column][vc_custom_heading text=&#8221;Erkl\u00e4rung zur Barrierefreiheit&#8221; font_container=&#8221;tag:h2|text_align:center&#8221; use_theme_fonts=&#8221;yes&#8221; css=&#8221;&#8221;][vc_empty_space][vc_column_text]K\u00f6nig &amp; Meyer GmbH &amp; Co. KG endeavours to make its online services accessible to all users, in particular people with disabilities, in accordance with the German Accessibility Reinforcement Act (BFSG).<span class=\"apple-converted-space\">\u00a0<\/span><\/p>\n<p>&nbsp;<\/p>\n<h4 ><b>Scope of this declaration<span class=\"apple-converted-space\">\u00a0<\/span><\/b><\/h4>\n<p >This accessibility statement applies to the website <a href=\"https:\/\/eu-central-1.protection.sophos.com\/?d=k-m.de&amp;u=d3d3LmstbS5kZQ==&amp;i=NjI4ZTA0ODYxNjcyNDcxMWU3YTIxMjlj&amp;t=alNrSGJ6SnpXTmkwWmUrOStoS1RPd2trNnNFRlZOd211NkZBb21FOFNkUT0=&amp;h=79356c2bbf854ba0ac276127deacba25&amp;s=AVNPUEhUT0NFTkNSWVBUSVan55p2LtjgP8VbENc8DM7c\">www.k-m.de<\/a>.<\/p>\n<p>&nbsp;<\/p>\n<h4 ><b>Status of compliance with the requirements<\/b><\/h4>\n<p >The requirements of the Web Content Accessibility Act (WCAG) 2.1 at conformance level AA are currently not met. The website is therefore not accessible in the sense of the applicable legal requirements.<br \/>\nIn particular, there are barriers in the following areas:<\/p>\n<p>&nbsp;<\/p>\n<p >\u2022 Missing alternative texts for images<\/p>\n<p >\u2022 Videos without subtitles<\/p>\n<p >\u2022 Insufficient contrast<\/p>\n<p >\u2022 Limited keyboard operability<\/p>\n<p >\u2022 Non-accessible PDF documents<\/p>\n<p>&nbsp;<\/p>\n<p >This applies in particular to historical content that was created before the Accessibility Improvement Guidelines came into force. However, we are endeavouring to gradually improve the accessibility of the website.<span class=\"apple-converted-space\">\u00a0<\/span><\/p>\n<p>&nbsp;<\/p>\n<h4 ><b>Report barriers<\/b><\/h4>\n<p >If you encounter any barriers on our website, please do not hesitate to contact us. We look forward to your feedback and will endeavour to eliminate the reported barriers as quickly as possible within the scope of technical and economic possibilities.<span class=\"apple-converted-space\">\u00a0<\/span><\/p>\n<p>&nbsp;<\/p>\n<p >Contact:<\/p>\n<p >K\u00f6nig &amp; Meyer GmbH &amp; Co. KG<\/p>\n<p ><a href=\"mailto:bfsg@k-m.de\">bfsg@k-m.de<\/a><\/p>\n<p>&nbsp;<\/p>\n<p ><b>Enforcement procedure<\/b><\/p>\n<p >If your contact with us has not been answered satisfactorily, you can contact the enforcement body in accordance with \u00a7 16 BGG:<span class=\"apple-converted-space\">\u00a0<\/span><\/p>\n<p>&nbsp;<\/p>\n<p >BGG conciliation body<\/p>\n<p >at the Federal Government Commissioner for Matters relating to Persons with Disabilities<span class=\"apple-converted-space\">\u00a0<\/span><\/p>\n<p >Mauerstra\u00dfe 53 \/ 10117 Berlin<\/p>\n<p >E-mail: <a href=\"mailto:info@schlichtungsstelle-bgg.de\">info@schlichtungsstelle-bgg.de<\/a><\/p>\n<p >Webseite: <a href=\"https:\/\/eu-central-1.protection.sophos.com\/?d=schlichtungsstelle-bgg.de&amp;u=d3d3LnNjaGxpY2h0dW5nc3N0ZWxsZS1iZ2cuZGU=&amp;i=NjI4ZTA0ODYxNjcyNDcxMWU3YTIxMjlj&amp;t=T1RRN3JVN2tESS9RWkV0ck55cjdUbUlDSVYrSXFvUWZKd1UwNFRQcXRDQT0=&amp;h=79356c2bbf854ba0ac276127deacba25&amp;s=AVNPUEhUT0NFTkNSWVBUSVan55p2LtjgP8VbENc8DM7c\">www.schlichtungsstelle-bgg.de<\/a><\/p>\n<p>&nbsp;<\/p>\n<h4 ><b>Date of preparation of this declaration on accessibility<\/b><\/h4>\n<p >This declaration was created on 23\/06\/2025. [\/vc_column_text][\/vc_column][\/vc_row][vc_row][vc_column][vc_empty_space height=&#8221;70px&#8221;][\/vc_column][\/vc_row]<\/p>\n<\/div>","protected":false},"excerpt":{"rendered":"<p>[vc_row el_class=&#8221;content_m&#8221;][vc_column][vc_custom_heading text=&#8221;Erkl\u00e4rung zur Barrierefreiheit&#8221; font_container=&#8221;tag:h2|text_align:center&#8221; use_theme_fonts=&#8221;yes&#8221; css=&#8221;&#8221;][vc_empty_space][vc_column_text]K\u00f6nig &amp; Meyer GmbH &amp; Co. KG endeavours to make its online services<span class=\"read_more\">Mehr erfahren<\/span><\/p>\n","protected":false},"author":25,"featured_media":0,"parent":0,"menu_order":2,"comment_status":"closed","ping_status":"closed","template":"","meta":{"footnotes":""},"class_list":["post-37740","page","type-page","status-publish","format-standard","hentry"],"better_featured_image":null,"yoast_head":"<!-- This site is optimized with the Yoast SEO Premium plugin v26.8 (Yoast SEO v26.9) - https:\/\/yoast.com\/product\/yoast-seo-premium-wordpress\/ -->\n<title>Declaration on accessibility - K\u00f6nig &amp; Meyer<\/title>\n<meta name=\"robots\" content=\"index, follow, max-snippet:-1, max-image-preview:large, max-video-preview:-1\" \/>\n<link rel=\"canonical\" href=\"https:\/\/www.k-m.de\/brand\/us\/declaration-on-accessibility\/\" \/>\n<meta property=\"og:locale\" content=\"en_US\" \/>\n<meta property=\"og:type\" content=\"article\" \/>\n<meta property=\"og:title\" content=\"Declaration on accessibility\" \/>\n<meta property=\"og:description\" content=\"[vc_row el_class=&#8221;content_m&#8221;][vc_column][vc_custom_heading text=&#8221;Erkl\u00e4rung zur Barrierefreiheit&#8221; font_container=&#8221;tag:h2|text_align:center&#8221; use_theme_fonts=&#8221;yes&#8221; css=&#8221;&#8221;][vc_empty_space][vc_column_text]K\u00f6nig &amp; Meyer GmbH &amp; Co. KG endeavours to make its online servicesMehr erfahren\" \/>\n<meta property=\"og:url\" content=\"https:\/\/www.k-m.de\/brand\/us\/declaration-on-accessibility\/\" \/>\n<meta property=\"og:site_name\" content=\"K\u00f6nig &amp; Meyer\" \/>\n<meta property=\"article:modified_time\" content=\"2025-09-29T09:27:22+00:00\" \/>\n<meta name=\"twitter:card\" content=\"summary_large_image\" \/>\n<meta name=\"twitter:label1\" content=\"Est. reading time\" \/>\n\t<meta name=\"twitter:data1\" content=\"2 minutes\" \/>\n<script type=\"application\/ld+json\" class=\"yoast-schema-graph\">{\"@context\":\"https:\/\/schema.org\",\"@graph\":[{\"@type\":\"WebPage\",\"@id\":\"https:\/\/www.k-m.de\/brand\/us\/declaration-on-accessibility\/\",\"url\":\"https:\/\/www.k-m.de\/brand\/us\/declaration-on-accessibility\/\",\"name\":\"Declaration on accessibility - K\u00f6nig &amp; Meyer\",\"isPartOf\":{\"@id\":\"https:\/\/www.k-m.de\/brand\/de\/#website\"},\"datePublished\":\"2025-06-25T06:52:34+00:00\",\"dateModified\":\"2025-09-29T09:27:22+00:00\",\"breadcrumb\":{\"@id\":\"https:\/\/www.k-m.de\/brand\/us\/declaration-on-accessibility\/#breadcrumb\"},\"inLanguage\":\"en-US\",\"potentialAction\":[{\"@type\":\"ReadAction\",\"target\":[\"https:\/\/www.k-m.de\/brand\/us\/declaration-on-accessibility\/\"]}]},{\"@type\":\"BreadcrumbList\",\"@id\":\"https:\/\/www.k-m.de\/brand\/us\/declaration-on-accessibility\/#breadcrumb\",\"itemListElement\":[{\"@type\":\"ListItem\",\"position\":1,\"name\":\"Startseite\",\"item\":\"https:\/\/www.k-m.de\/brand\/us\/\"},{\"@type\":\"ListItem\",\"position\":2,\"name\":\"Declaration on accessibility\"}]},{\"@type\":\"WebSite\",\"@id\":\"https:\/\/www.k-m.de\/brand\/de\/#website\",\"url\":\"https:\/\/www.k-m.de\/brand\/de\/\",\"name\":\"K\u00f6nig & Meyer\",\"description\":\"K\u00f6nig &amp; Meyer ist ein weltweit f\u00fchrender Hersteller f\u00fcr Musikzubeh\u00f6r. Seit \u00fcber 65 Jahren steht K&amp;M f\u00fcr qualitativ hochwertige Produkte.\",\"publisher\":{\"@id\":\"https:\/\/www.k-m.de\/brand\/de\/#organization\"},\"potentialAction\":[{\"@type\":\"SearchAction\",\"target\":{\"@type\":\"EntryPoint\",\"urlTemplate\":\"https:\/\/www.k-m.de\/brand\/de\/?s={search_term_string}\"},\"query-input\":{\"@type\":\"PropertyValueSpecification\",\"valueRequired\":true,\"valueName\":\"search_term_string\"}}],\"inLanguage\":\"en-US\"},{\"@type\":\"Organization\",\"@id\":\"https:\/\/www.k-m.de\/brand\/de\/#organization\",\"name\":\"K\u00f6nig & Meyer\",\"url\":\"https:\/\/www.k-m.de\/brand\/de\/\",\"logo\":{\"@type\":\"ImageObject\",\"inLanguage\":\"en-US\",\"@id\":\"https:\/\/www.k-m.de\/brand\/de\/#\/schema\/logo\/image\/\",\"url\":\"https:\/\/www.k-m.de\/brand\/wp-content\/uploads\/2023\/01\/KM_1c.tif\",\"contentUrl\":\"https:\/\/www.k-m.de\/brand\/wp-content\/uploads\/2023\/01\/KM_1c.tif\",\"width\":1,\"height\":1,\"caption\":\"K\u00f6nig & Meyer\"},\"image\":{\"@id\":\"https:\/\/www.k-m.de\/brand\/de\/#\/schema\/logo\/image\/\"}}]}<\/script>\n<!-- \/ Yoast SEO Premium plugin. -->","yoast_head_json":{"title":"Declaration on accessibility - K\u00f6nig &amp; Meyer","robots":{"index":"index","follow":"follow","max-snippet":"max-snippet:-1","max-image-preview":"max-image-preview:large","max-video-preview":"max-video-preview:-1"},"canonical":"https:\/\/www.k-m.de\/brand\/us\/declaration-on-accessibility\/","og_locale":"en_US","og_type":"article","og_title":"Declaration on accessibility","og_description":"[vc_row el_class=&#8221;content_m&#8221;][vc_column][vc_custom_heading text=&#8221;Erkl\u00e4rung zur Barrierefreiheit&#8221; font_container=&#8221;tag:h2|text_align:center&#8221; use_theme_fonts=&#8221;yes&#8221; css=&#8221;&#8221;][vc_empty_space][vc_column_text]K\u00f6nig &amp; Meyer GmbH &amp; Co. KG endeavours to make its online servicesMehr erfahren","og_url":"https:\/\/www.k-m.de\/brand\/us\/declaration-on-accessibility\/","og_site_name":"K\u00f6nig &amp; Meyer","article_modified_time":"2025-09-29T09:27:22+00:00","twitter_card":"summary_large_image","twitter_misc":{"Est. reading time":"2 minutes"},"schema":{"@context":"https:\/\/schema.org","@graph":[{"@type":"WebPage","@id":"https:\/\/www.k-m.de\/brand\/us\/declaration-on-accessibility\/","url":"https:\/\/www.k-m.de\/brand\/us\/declaration-on-accessibility\/","name":"Declaration on accessibility - K\u00f6nig &amp; Meyer","isPartOf":{"@id":"https:\/\/www.k-m.de\/brand\/de\/#website"},"datePublished":"2025-06-25T06:52:34+00:00","dateModified":"2025-09-29T09:27:22+00:00","breadcrumb":{"@id":"https:\/\/www.k-m.de\/brand\/us\/declaration-on-accessibility\/#breadcrumb"},"inLanguage":"en-US","potentialAction":[{"@type":"ReadAction","target":["https:\/\/www.k-m.de\/brand\/us\/declaration-on-accessibility\/"]}]},{"@type":"BreadcrumbList","@id":"https:\/\/www.k-m.de\/brand\/us\/declaration-on-accessibility\/#breadcrumb","itemListElement":[{"@type":"ListItem","position":1,"name":"Startseite","item":"https:\/\/www.k-m.de\/brand\/us\/"},{"@type":"ListItem","position":2,"name":"Declaration on accessibility"}]},{"@type":"WebSite","@id":"https:\/\/www.k-m.de\/brand\/de\/#website","url":"https:\/\/www.k-m.de\/brand\/de\/","name":"K\u00f6nig & Meyer","description":"K\u00f6nig &amp; Meyer ist ein weltweit f\u00fchrender Hersteller f\u00fcr Musikzubeh\u00f6r. Seit \u00fcber 65 Jahren steht K&amp;M f\u00fcr qualitativ hochwertige Produkte.","publisher":{"@id":"https:\/\/www.k-m.de\/brand\/de\/#organization"},"potentialAction":[{"@type":"SearchAction","target":{"@type":"EntryPoint","urlTemplate":"https:\/\/www.k-m.de\/brand\/de\/?s={search_term_string}"},"query-input":{"@type":"PropertyValueSpecification","valueRequired":true,"valueName":"search_term_string"}}],"inLanguage":"en-US"},{"@type":"Organization","@id":"https:\/\/www.k-m.de\/brand\/de\/#organization","name":"K\u00f6nig & Meyer","url":"https:\/\/www.k-m.de\/brand\/de\/","logo":{"@type":"ImageObject","inLanguage":"en-US","@id":"https:\/\/www.k-m.de\/brand\/de\/#\/schema\/logo\/image\/","url":"https:\/\/www.k-m.de\/brand\/wp-content\/uploads\/2023\/01\/KM_1c.tif","contentUrl":"https:\/\/www.k-m.de\/brand\/wp-content\/uploads\/2023\/01\/KM_1c.tif","width":1,"height":1,"caption":"K\u00f6nig & Meyer"},"image":{"@id":"https:\/\/www.k-m.de\/brand\/de\/#\/schema\/logo\/image\/"}}]}},"_links":{"self":[{"href":"https:\/\/www.k-m.de\/brand\/us\/wp-json\/wp\/v2\/pages\/37740","targetHints":{"allow":["GET"]}}],"collection":[{"href":"https:\/\/www.k-m.de\/brand\/us\/wp-json\/wp\/v2\/pages"}],"about":[{"href":"https:\/\/www.k-m.de\/brand\/us\/wp-json\/wp\/v2\/types\/page"}],"author":[{"embeddable":true,"href":"https:\/\/www.k-m.de\/brand\/us\/wp-json\/wp\/v2\/users\/25"}],"replies":[{"embeddable":true,"href":"https:\/\/www.k-m.de\/brand\/us\/wp-json\/wp\/v2\/comments?post=37740"}],"version-history":[{"count":2,"href":"https:\/\/www.k-m.de\/brand\/us\/wp-json\/wp\/v2\/pages\/37740\/revisions"}],"predecessor-version":[{"id":40417,"href":"https:\/\/www.k-m.de\/brand\/us\/wp-json\/wp\/v2\/pages\/37740\/revisions\/40417"}],"wp:attachment":[{"href":"https:\/\/www.k-m.de\/brand\/us\/wp-json\/wp\/v2\/media?parent=37740"}],"curies":[{"name":"wp","href":"https:\/\/api.w.org\/{rel}","templated":true}]}}