{"id":9510,"date":"2018-08-30T13:23:59","date_gmt":"2018-08-30T11:23:59","guid":{"rendered":"https:\/\/www.k-m.de\/brand\/k-mag\/"},"modified":"2022-04-18T19:48:36","modified_gmt":"2022-04-18T17:48:36","slug":"k-mag","status":"publish","type":"page","link":"https:\/\/www.k-m.de\/brand\/us\/","title":{"rendered":"K-Mag"},"content":{"rendered":"<div class=\"wpb-content-wrapper\"><p>[vc_row full_width=&#8221;stretch_row_content_no_spaces&#8221;][vc_column]\n<article class=\"top_news top_news_light\" style=\"background-color: rgba(149,142,160,1);\">\n\t<a href=\"https:\/\/www.k-m.de\/brand\/us\/music-trade-fairs-2026-our-comprehensive-calendar-of-events\/\">\n\t\t<img loading=\"lazy\" decoding=\"async\" width=\"1200\" height=\"720\" src=\"https:\/\/www.k-m.de\/brand\/wp-content\/uploads\/2025\/12\/blog_header_exhibitions-2026_1800x900-Kopie-1200x720.jpg\" class=\"attachment-large_cropped size-large_cropped wp-post-image\" alt=\"\" srcset=\"https:\/\/www.k-m.de\/brand\/wp-content\/uploads\/2025\/12\/blog_header_exhibitions-2026_1800x900-Kopie-1200x720.jpg 1200w, https:\/\/www.k-m.de\/brand\/wp-content\/uploads\/2025\/12\/blog_header_exhibitions-2026_1800x900-Kopie-800x480.jpg 800w\" sizes=\"auto, (max-width: 1200px) 100vw, 1200px\" \/>\t<\/a>\n\t<div class=\"top_news_text\">\n\t\t<a href=\"https:\/\/www.k-m.de\/brand\/de\/category\/messenews\/\">Messe-News<\/a> 26.12.2025\t\t<a href=\"https:\/\/www.k-m.de\/brand\/us\/music-trade-fairs-2026-our-comprehensive-calendar-of-events\/\"><h1>Music trade fairs 2026 \u2013 Our comprehensive calendar of events<\/h1><\/a>\n\t\t<p><a href=\"https:\/\/www.k-m.de\/brand\/us\/music-trade-fairs-2026-our-comprehensive-calendar-of-events\/\"><i class=\"fal fa-long-arrow-right\"><\/i> To the article<\/a><\/p>\n\t<\/div>\n<\/article>\n[\/vc_column][\/vc_row][vc_row][vc_column]<section>\t<div class=\"container\">\n\t\t\t\t<h5 class=\"lined_head\">Latest<\/h5>\n\t\t\t\t\n\t\t<div class=\"lined_head_neighbor\">\n\t\t\t\t\t\t\t\t\t\t\t\t<article class=\"alterning\">\n\t\t\t\t\t\t<a class=\"news_img\" href=\"https:\/\/www.k-m.de\/brand\/us\/fresh-releases-for-your-music-life\/\">\n\t\t\t\t\t\t\t<img loading=\"lazy\" decoding=\"async\" width=\"1024\" height=\"512\" src=\"https:\/\/www.k-m.de\/brand\/wp-content\/uploads\/2026\/01\/blog_header_new-products-2026_1800x900-1024x512.jpg\" class=\"attachment-large size-large wp-post-image\" alt=\"\" srcset=\"https:\/\/www.k-m.de\/brand\/wp-content\/uploads\/2026\/01\/blog_header_new-products-2026_1800x900-1024x512.jpg 1024w, https:\/\/www.k-m.de\/brand\/wp-content\/uploads\/2026\/01\/blog_header_new-products-2026_1800x900-600x300.jpg 600w, https:\/\/www.k-m.de\/brand\/wp-content\/uploads\/2026\/01\/blog_header_new-products-2026_1800x900-768x384.jpg 768w, https:\/\/www.k-m.de\/brand\/wp-content\/uploads\/2026\/01\/blog_header_new-products-2026_1800x900-1536x768.jpg 1536w, https:\/\/www.k-m.de\/brand\/wp-content\/uploads\/2026\/01\/blog_header_new-products-2026_1800x900-2048x1024.jpg 2048w, https:\/\/www.k-m.de\/brand\/wp-content\/uploads\/2026\/01\/blog_header_new-products-2026_1800x900-1800x900.jpg 1800w\" sizes=\"auto, (max-width: 1024px) 100vw, 1024px\" \/>\t\t\t\t\t\t<\/a>\n\t\t\t\t\t\t<span class=\"news_text\">\n\t\t\t\t\t\t\t<span class=\"news_text_inner\">\n\t\t\t\t\t\t\t\t<h5><a href=\"https:\/\/www.k-m.de\/brand\/de\/category\/firmennews\/\">Firmennews<\/a> 22.01.2026<\/h5>\n\t\t\t\t\t\t\t\t<a href=\"https:\/\/www.k-m.de\/brand\/us\/fresh-releases-for-your-music-life\/\"><h3>Fresh releases for your music life\u00a0<\/h3><\/a>\n\t\t\t\t\t\t\t<\/span>\n\t\t\t\t\t\t<\/span>\n\t\t\t\t\t<\/article>\n\t\t\t\t\t\t\t\t\t<article class=\"alterning\">\n\t\t\t\t\t\t<a class=\"news_img\" href=\"https:\/\/www.k-m.de\/brand\/us\/koenig-meyer-unter-den-weltmarktfuehrern\/\">\n\t\t\t\t\t\t\t<img loading=\"lazy\" decoding=\"async\" width=\"1024\" height=\"512\" src=\"https:\/\/www.k-m.de\/brand\/wp-content\/uploads\/2025\/08\/blog_header_weltmarktfuehrer-1-1024x512.jpg\" class=\"attachment-large size-large wp-post-image\" alt=\"\" srcset=\"https:\/\/www.k-m.de\/brand\/wp-content\/uploads\/2025\/08\/blog_header_weltmarktfuehrer-1-1024x512.jpg 1024w, https:\/\/www.k-m.de\/brand\/wp-content\/uploads\/2025\/08\/blog_header_weltmarktfuehrer-1-600x300.jpg 600w, https:\/\/www.k-m.de\/brand\/wp-content\/uploads\/2025\/08\/blog_header_weltmarktfuehrer-1-768x384.jpg 768w, https:\/\/www.k-m.de\/brand\/wp-content\/uploads\/2025\/08\/blog_header_weltmarktfuehrer-1-1536x768.jpg 1536w, https:\/\/www.k-m.de\/brand\/wp-content\/uploads\/2025\/08\/blog_header_weltmarktfuehrer-1-2048x1024.jpg 2048w, https:\/\/www.k-m.de\/brand\/wp-content\/uploads\/2025\/08\/blog_header_weltmarktfuehrer-1-1800x900.jpg 1800w\" sizes=\"auto, (max-width: 1024px) 100vw, 1024px\" \/>\t\t\t\t\t\t<\/a>\n\t\t\t\t\t\t<span class=\"news_text\">\n\t\t\t\t\t\t\t<span class=\"news_text_inner\">\n\t\t\t\t\t\t\t\t<h5><a href=\"https:\/\/www.k-m.de\/brand\/de\/category\/firmennews\/\">Firmennews<\/a> 08.08.2025<\/h5>\n\t\t\t\t\t\t\t\t<a href=\"https:\/\/www.k-m.de\/brand\/us\/koenig-meyer-unter-den-weltmarktfuehrern\/\"><h3>K\u00f6nig &#038; Meyer among the world market leaders \u2013 Wertheim ranked 7th in Germany<\/h3><\/a>\n\t\t\t\t\t\t\t<\/span>\n\t\t\t\t\t\t<\/span>\n\t\t\t\t\t<\/article>\n\t\t\t\t\t\t\t\t\t<article class=\"alterning\">\n\t\t\t\t\t\t<a class=\"news_img\" href=\"https:\/\/www.k-m.de\/brand\/us\/unusual-melodious-interesting-a-collection-of-unusual-instruments\/\">\n\t\t\t\t\t\t\t<img loading=\"lazy\" decoding=\"async\" width=\"1024\" height=\"512\" src=\"https:\/\/www.k-m.de\/brand\/wp-content\/uploads\/2025\/07\/blog_header_rare-instruments-1-1024x512.jpg\" class=\"attachment-large size-large wp-post-image\" alt=\"Ausgefallene Instrumente wie das Didgeridoo k\u00f6nnen auch Halt in einem K&amp;M St\u00e4nder finden\" srcset=\"https:\/\/www.k-m.de\/brand\/wp-content\/uploads\/2025\/07\/blog_header_rare-instruments-1-1024x512.jpg 1024w, https:\/\/www.k-m.de\/brand\/wp-content\/uploads\/2025\/07\/blog_header_rare-instruments-1-600x300.jpg 600w, https:\/\/www.k-m.de\/brand\/wp-content\/uploads\/2025\/07\/blog_header_rare-instruments-1-768x384.jpg 768w, https:\/\/www.k-m.de\/brand\/wp-content\/uploads\/2025\/07\/blog_header_rare-instruments-1-1536x768.jpg 1536w, https:\/\/www.k-m.de\/brand\/wp-content\/uploads\/2025\/07\/blog_header_rare-instruments-1-2048x1024.jpg 2048w, https:\/\/www.k-m.de\/brand\/wp-content\/uploads\/2025\/07\/blog_header_rare-instruments-1-1800x900.jpg 1800w\" sizes=\"auto, (max-width: 1024px) 100vw, 1024px\" \/>\t\t\t\t\t\t<\/a>\n\t\t\t\t\t\t<span class=\"news_text\">\n\t\t\t\t\t\t\t<span class=\"news_text_inner\">\n\t\t\t\t\t\t\t\t<h5><a href=\"https:\/\/www.k-m.de\/brand\/de\/category\/know-how\/\">Produkt Know-How<\/a> 31.07.2025<\/h5>\n\t\t\t\t\t\t\t\t<a href=\"https:\/\/www.k-m.de\/brand\/us\/unusual-melodious-interesting-a-collection-of-unusual-instruments\/\"><h3>Unusual, melodious, interesting \u2013 a collection of unusual instruments<\/h3><\/a>\n\t\t\t\t\t\t\t<\/span>\n\t\t\t\t\t\t<\/span>\n\t\t\t\t\t<\/article>\n\t\t\t\t\t\t\t\t\t<article class=\"alterning\">\n\t\t\t\t\t\t<a class=\"news_img\" href=\"https:\/\/www.k-m.de\/brand\/us\/our-music-trade-fair-calendar-2025\/\">\n\t\t\t\t\t\t\t<img loading=\"lazy\" decoding=\"async\" width=\"1024\" height=\"512\" src=\"https:\/\/www.k-m.de\/brand\/wp-content\/uploads\/2024\/11\/blog_header_exhibitions-2025_1800x900-1024x512.jpg\" class=\"attachment-large size-large wp-post-image\" alt=\"\" srcset=\"https:\/\/www.k-m.de\/brand\/wp-content\/uploads\/2024\/11\/blog_header_exhibitions-2025_1800x900-1024x512.jpg 1024w, https:\/\/www.k-m.de\/brand\/wp-content\/uploads\/2024\/11\/blog_header_exhibitions-2025_1800x900-600x300.jpg 600w, https:\/\/www.k-m.de\/brand\/wp-content\/uploads\/2024\/11\/blog_header_exhibitions-2025_1800x900-768x384.jpg 768w, https:\/\/www.k-m.de\/brand\/wp-content\/uploads\/2024\/11\/blog_header_exhibitions-2025_1800x900-1536x768.jpg 1536w, https:\/\/www.k-m.de\/brand\/wp-content\/uploads\/2024\/11\/blog_header_exhibitions-2025_1800x900.jpg 1800w\" sizes=\"auto, (max-width: 1024px) 100vw, 1024px\" \/>\t\t\t\t\t\t<\/a>\n\t\t\t\t\t\t<span class=\"news_text\">\n\t\t\t\t\t\t\t<span class=\"news_text_inner\">\n\t\t\t\t\t\t\t\t<h5><a href=\"https:\/\/www.k-m.de\/brand\/de\/category\/messenews\/\">Messe-News<\/a> 07.01.2025<\/h5>\n\t\t\t\t\t\t\t\t<a href=\"https:\/\/www.k-m.de\/brand\/us\/our-music-trade-fair-calendar-2025\/\"><h3>Our music trade fair calendar 2025<\/h3><\/a>\n\t\t\t\t\t\t\t<\/span>\n\t\t\t\t\t\t<\/span>\n\t\t\t\t\t<\/article>\n\t\t\t\t\t\t\t\t\t<article class=\"alterning\">\n\t\t\t\t\t\t<a class=\"news_img\" href=\"https:\/\/www.k-m.de\/brand\/us\/with-you-on-the-stages-of-life-yesterday-today-tomorrow\/\">\n\t\t\t\t\t\t\t<img loading=\"lazy\" decoding=\"async\" width=\"1024\" height=\"512\" src=\"https:\/\/www.k-m.de\/brand\/wp-content\/uploads\/2024\/12\/blog_header_75-years_1800x900-1024x512.jpg\" class=\"attachment-large size-large wp-post-image\" alt=\"\" srcset=\"https:\/\/www.k-m.de\/brand\/wp-content\/uploads\/2024\/12\/blog_header_75-years_1800x900-1024x512.jpg 1024w, https:\/\/www.k-m.de\/brand\/wp-content\/uploads\/2024\/12\/blog_header_75-years_1800x900-600x300.jpg 600w, https:\/\/www.k-m.de\/brand\/wp-content\/uploads\/2024\/12\/blog_header_75-years_1800x900-768x384.jpg 768w, https:\/\/www.k-m.de\/brand\/wp-content\/uploads\/2024\/12\/blog_header_75-years_1800x900-1536x768.jpg 1536w, https:\/\/www.k-m.de\/brand\/wp-content\/uploads\/2024\/12\/blog_header_75-years_1800x900.jpg 1800w\" sizes=\"auto, (max-width: 1024px) 100vw, 1024px\" \/>\t\t\t\t\t\t<\/a>\n\t\t\t\t\t\t<span class=\"news_text\">\n\t\t\t\t\t\t\t<span class=\"news_text_inner\">\n\t\t\t\t\t\t\t\t<h5><a href=\"https:\/\/www.k-m.de\/brand\/de\/category\/firmennews\/\">Firmennews<\/a> 21.12.2024<\/h5>\n\t\t\t\t\t\t\t\t<a href=\"https:\/\/www.k-m.de\/brand\/us\/with-you-on-the-stages-of-life-yesterday-today-tomorrow\/\"><h3>With you on the stages of life. <br>Yesterday. Today. Tomorrow.<\/h3><\/a>\n\t\t\t\t\t\t\t<\/span>\n\t\t\t\t\t\t<\/span>\n\t\t\t\t\t<\/article>\n\t\t\t\t\t\t\t\t\t\t\t\t<\/div>\n\t<\/div>\n<\/section><section class=\"news_teaser\">\t<div class=\"container\">\n\t\t\t\t<h5 class=\"lined_head\">Products<\/h5>\n\t\t\t\t\n\t\t<div class=\"lined_head_neighbor\">\n\t\t\t\t\t\t<div class=\"row row_centered\">\n\t\t\t\t\t\t\t\t<div class=\"col-4\">\n\t\t\t\t\t<article class=\"small\">\n\t\t\t\t\t\t<a href=\"https:\/\/www.k-m.de\/brand\/us\/fresh-releases-for-your-music-life\/\">\n\t\t\t\t\t\t\t<img loading=\"lazy\" decoding=\"async\" width=\"800\" height=\"480\" src=\"https:\/\/www.k-m.de\/brand\/wp-content\/uploads\/2026\/01\/blog_header_new-products-2026_1800x900-800x480.jpg\" class=\"attachment-post-thumbnail size-post-thumbnail wp-post-image\" alt=\"\" srcset=\"https:\/\/www.k-m.de\/brand\/wp-content\/uploads\/2026\/01\/blog_header_new-products-2026_1800x900-800x480.jpg 800w, https:\/\/www.k-m.de\/brand\/wp-content\/uploads\/2026\/01\/blog_header_new-products-2026_1800x900-1200x720.jpg 1200w\" sizes=\"auto, (max-width: 800px) 100vw, 800px\" \/>\t\t\t\t\t\t<\/a>\n\t\t\t\t\t\t<h5><a href=\"https:\/\/www.k-m.de\/brand\/de\/category\/firmennews\/\">Firmennews<\/a> 22.01.2026<\/h5>\n\t\t\t\t\t\t<a href=\"https:\/\/www.k-m.de\/brand\/us\/fresh-releases-for-your-music-life\/\"><h4>Fresh releases for your music life\u00a0<\/h4><\/a>\n\t\t\t\t\t<\/article>\n\t\t\t\t<\/div>\n\t\t\t\t\t\t\t\t<div class=\"col-4\">\n\t\t\t\t\t<article class=\"small\">\n\t\t\t\t\t\t<a href=\"https:\/\/www.k-m.de\/brand\/us\/koenig-meyer-unter-den-weltmarktfuehrern\/\">\n\t\t\t\t\t\t\t<img loading=\"lazy\" decoding=\"async\" width=\"800\" height=\"480\" src=\"https:\/\/www.k-m.de\/brand\/wp-content\/uploads\/2025\/08\/blog_header_weltmarktfuehrer-1-800x480.jpg\" class=\"attachment-post-thumbnail size-post-thumbnail wp-post-image\" alt=\"\" srcset=\"https:\/\/www.k-m.de\/brand\/wp-content\/uploads\/2025\/08\/blog_header_weltmarktfuehrer-1-800x480.jpg 800w, https:\/\/www.k-m.de\/brand\/wp-content\/uploads\/2025\/08\/blog_header_weltmarktfuehrer-1-1200x720.jpg 1200w\" sizes=\"auto, (max-width: 800px) 100vw, 800px\" \/>\t\t\t\t\t\t<\/a>\n\t\t\t\t\t\t<h5><a href=\"https:\/\/www.k-m.de\/brand\/de\/category\/firmennews\/\">Firmennews<\/a> 08.08.2025<\/h5>\n\t\t\t\t\t\t<a href=\"https:\/\/www.k-m.de\/brand\/us\/koenig-meyer-unter-den-weltmarktfuehrern\/\"><h4>K\u00f6nig &#038; Meyer among the world market leaders \u2013 Wertheim ranked 7th in Germany<\/h4><\/a>\n\t\t\t\t\t<\/article>\n\t\t\t\t<\/div>\n\t\t\t\t\t\t\t\t<div class=\"col-4\">\n\t\t\t\t\t<article class=\"small\">\n\t\t\t\t\t\t<a href=\"https:\/\/www.k-m.de\/brand\/us\/unusual-melodious-interesting-a-collection-of-unusual-instruments\/\">\n\t\t\t\t\t\t\t<img loading=\"lazy\" decoding=\"async\" width=\"800\" height=\"480\" src=\"https:\/\/www.k-m.de\/brand\/wp-content\/uploads\/2025\/07\/blog_header_rare-instruments-1-800x480.jpg\" class=\"attachment-post-thumbnail size-post-thumbnail wp-post-image\" alt=\"Ausgefallene Instrumente wie das Didgeridoo k\u00f6nnen auch Halt in einem K&amp;M St\u00e4nder finden\" srcset=\"https:\/\/www.k-m.de\/brand\/wp-content\/uploads\/2025\/07\/blog_header_rare-instruments-1-800x480.jpg 800w, https:\/\/www.k-m.de\/brand\/wp-content\/uploads\/2025\/07\/blog_header_rare-instruments-1-1200x720.jpg 1200w\" sizes=\"auto, (max-width: 800px) 100vw, 800px\" \/>\t\t\t\t\t\t<\/a>\n\t\t\t\t\t\t<h5><a href=\"https:\/\/www.k-m.de\/brand\/de\/category\/know-how\/\">Produkt Know-How<\/a> 31.07.2025<\/h5>\n\t\t\t\t\t\t<a href=\"https:\/\/www.k-m.de\/brand\/us\/unusual-melodious-interesting-a-collection-of-unusual-instruments\/\"><h4>Unusual, melodious, interesting \u2013 a collection of unusual instruments<\/h4><\/a>\n\t\t\t\t\t<\/article>\n\t\t\t\t<\/div>\n\t\t\t\t\t\t\t<\/div>\n\t\t\t\t\t\t\t\t<\/div>\n\t<\/div>\n<\/section>[\/vc_column][\/vc_row][vc_row full_width=&#8221;stretch_row_content_no_spaces&#8221;][vc_column]<section class=\"section_dark_grey news_teaser\">\t<div class=\"container\">\n\t\t\t\t<h5 class=\"lined_head\">Must Read<\/h5>\n\t\t\t\t\n\t\t<div class=\"lined_head_neighbor\">\n\t\t\t\t\t\t<div class=\"row row_centered\">\n\t\t\t\t\t\t\t\t<div class=\"col-4\">\n\t\t\t\t\t<article class=\"small\">\n\t\t\t\t\t\t<a href=\"https:\/\/www.k-m.de\/brand\/us\/koenig-meyer-unter-den-weltmarktfuehrern\/\">\n\t\t\t\t\t\t\t<img loading=\"lazy\" decoding=\"async\" width=\"800\" height=\"480\" src=\"https:\/\/www.k-m.de\/brand\/wp-content\/uploads\/2025\/08\/blog_header_weltmarktfuehrer-1-800x480.jpg\" class=\"attachment-post-thumbnail size-post-thumbnail wp-post-image\" alt=\"\" srcset=\"https:\/\/www.k-m.de\/brand\/wp-content\/uploads\/2025\/08\/blog_header_weltmarktfuehrer-1-800x480.jpg 800w, https:\/\/www.k-m.de\/brand\/wp-content\/uploads\/2025\/08\/blog_header_weltmarktfuehrer-1-1200x720.jpg 1200w\" sizes=\"auto, (max-width: 800px) 100vw, 800px\" \/>\t\t\t\t\t\t<\/a>\n\t\t\t\t\t\t<h5><a href=\"https:\/\/www.k-m.de\/brand\/de\/category\/firmennews\/\">Firmennews<\/a> 08.08.2025<\/h5>\n\t\t\t\t\t\t<a href=\"https:\/\/www.k-m.de\/brand\/us\/koenig-meyer-unter-den-weltmarktfuehrern\/\"><h4>K\u00f6nig &#038; Meyer among the world market leaders \u2013 Wertheim ranked 7th in Germany<\/h4><\/a>\n\t\t\t\t\t<\/article>\n\t\t\t\t<\/div>\n\t\t\t\t\t\t\t\t<div class=\"col-4\">\n\t\t\t\t\t<article class=\"small\">\n\t\t\t\t\t\t<a href=\"https:\/\/www.k-m.de\/brand\/us\/our-music-trade-fair-calendar-2025\/\">\n\t\t\t\t\t\t\t<img loading=\"lazy\" decoding=\"async\" width=\"800\" height=\"480\" src=\"https:\/\/www.k-m.de\/brand\/wp-content\/uploads\/2024\/11\/blog_header_exhibitions-2025_1800x900-800x480.jpg\" class=\"attachment-post-thumbnail size-post-thumbnail wp-post-image\" alt=\"\" srcset=\"https:\/\/www.k-m.de\/brand\/wp-content\/uploads\/2024\/11\/blog_header_exhibitions-2025_1800x900-800x480.jpg 800w, https:\/\/www.k-m.de\/brand\/wp-content\/uploads\/2024\/11\/blog_header_exhibitions-2025_1800x900-1200x720.jpg 1200w\" sizes=\"auto, (max-width: 800px) 100vw, 800px\" \/>\t\t\t\t\t\t<\/a>\n\t\t\t\t\t\t<h5><a href=\"https:\/\/www.k-m.de\/brand\/de\/category\/messenews\/\">Messe-News<\/a> 07.01.2025<\/h5>\n\t\t\t\t\t\t<a href=\"https:\/\/www.k-m.de\/brand\/us\/our-music-trade-fair-calendar-2025\/\"><h4>Our music trade fair calendar 2025<\/h4><\/a>\n\t\t\t\t\t<\/article>\n\t\t\t\t<\/div>\n\t\t\t\t\t\t\t\t<div class=\"col-4\">\n\t\t\t\t\t<article class=\"small\">\n\t\t\t\t\t\t<a href=\"https:\/\/www.k-m.de\/brand\/us\/70-years-of-innovation-history\/\">\n\t\t\t\t\t\t\t<img loading=\"lazy\" decoding=\"async\" width=\"800\" height=\"480\" src=\"https:\/\/www.k-m.de\/brand\/wp-content\/uploads\/2019\/08\/News_70years-800x480.jpg\" class=\"attachment-post-thumbnail size-post-thumbnail wp-post-image\" alt=\"\" srcset=\"https:\/\/www.k-m.de\/brand\/wp-content\/uploads\/2019\/08\/News_70years-800x480.jpg 800w, https:\/\/www.k-m.de\/brand\/wp-content\/uploads\/2019\/08\/News_70years-1200x720.jpg 1200w\" sizes=\"auto, (max-width: 800px) 100vw, 800px\" \/>\t\t\t\t\t\t<\/a>\n\t\t\t\t\t\t<h5><a href=\"https:\/\/www.k-m.de\/brand\/de\/category\/firmennews\/\">Firmennews<\/a> 05.08.2019<\/h5>\n\t\t\t\t\t\t<a href=\"https:\/\/www.k-m.de\/brand\/us\/70-years-of-innovation-history\/\"><h4>70 Years of Innovation History<\/h4><\/a>\n\t\t\t\t\t<\/article>\n\t\t\t\t<\/div>\n\t\t\t\t\t\t\t<\/div>\n\t\t\t\t\t\t\t\t<\/div>\n\t<\/div>\n<\/section>[\/vc_column][\/vc_row]<\/p>\n<\/div>","protected":false},"excerpt":{"rendered":"<p>[vc_row full_width=&#8221;stretch_row_content_no_spaces&#8221;][vc_column][\/vc_column][\/vc_row][vc_row][vc_column][\/vc_column][\/vc_row][vc_row full_width=&#8221;stretch_row_content_no_spaces&#8221;][vc_column][\/vc_column][\/vc_row]<\/p>\n","protected":false},"author":11,"featured_media":0,"parent":0,"menu_order":41,"comment_status":"closed","ping_status":"closed","template":"","meta":{"footnotes":""},"class_list":["post-9510","page","type-page","status-publish","format-standard","hentry"],"better_featured_image":null,"yoast_head":"<!-- This site is optimized with the Yoast SEO Premium plugin v26.8 (Yoast SEO v26.9) - https:\/\/yoast.com\/product\/yoast-seo-premium-wordpress\/ -->\n<title>K-Mag - K\u00f6nig &amp; Meyer<\/title>\n<meta name=\"description\" content=\"Welcome to the K-MAG magazine. In our online magazine we publish important news about the company, trade fairs, product news and know-how.\" \/>\n<meta name=\"robots\" content=\"index, follow, max-snippet:-1, max-image-preview:large, max-video-preview:-1\" \/>\n<link rel=\"canonical\" href=\"https:\/\/www.k-m.de\/brand\/us\/\" \/>\n<meta property=\"og:locale\" content=\"en_US\" \/>\n<meta property=\"og:type\" content=\"article\" \/>\n<meta property=\"og:title\" content=\"K-Mag\" \/>\n<meta property=\"og:description\" content=\"Welcome to the K-MAG magazine. In our online magazine we publish important news about the company, trade fairs, product news and know-how.\" \/>\n<meta property=\"og:url\" content=\"https:\/\/www.k-m.de\/brand\/us\/\" \/>\n<meta property=\"og:site_name\" content=\"K\u00f6nig &amp; Meyer\" \/>\n<meta property=\"article:modified_time\" content=\"2022-04-18T17:48:36+00:00\" \/>\n<meta name=\"twitter:card\" content=\"summary_large_image\" \/>\n<script type=\"application\/ld+json\" class=\"yoast-schema-graph\">{\"@context\":\"https:\/\/schema.org\",\"@graph\":[{\"@type\":\"WebPage\",\"@id\":\"https:\/\/www.k-m.de\/brand\/us\/\",\"url\":\"https:\/\/www.k-m.de\/brand\/us\/\",\"name\":\"K-Mag - K\u00f6nig &amp; Meyer\",\"isPartOf\":{\"@id\":\"https:\/\/www.k-m.de\/brand\/de\/#website\"},\"datePublished\":\"2018-08-30T11:23:59+00:00\",\"dateModified\":\"2022-04-18T17:48:36+00:00\",\"description\":\"Welcome to the K-MAG magazine. In our online magazine we publish important news about the company, trade fairs, product news and know-how.\",\"breadcrumb\":{\"@id\":\"https:\/\/www.k-m.de\/brand\/us\/#breadcrumb\"},\"inLanguage\":\"en-US\",\"potentialAction\":[{\"@type\":\"ReadAction\",\"target\":[\"https:\/\/www.k-m.de\/brand\/us\/\"]}]},{\"@type\":\"BreadcrumbList\",\"@id\":\"https:\/\/www.k-m.de\/brand\/us\/#breadcrumb\",\"itemListElement\":[{\"@type\":\"ListItem\",\"position\":1,\"name\":\"Startseite\",\"item\":\"https:\/\/www.k-m.de\/brand\/us\/\"},{\"@type\":\"ListItem\",\"position\":2,\"name\":\"K-Mag\"}]},{\"@type\":\"WebSite\",\"@id\":\"https:\/\/www.k-m.de\/brand\/de\/#website\",\"url\":\"https:\/\/www.k-m.de\/brand\/de\/\",\"name\":\"K\u00f6nig & Meyer\",\"description\":\"K\u00f6nig &amp; Meyer ist ein weltweit f\u00fchrender Hersteller f\u00fcr Musikzubeh\u00f6r. Seit \u00fcber 65 Jahren steht K&amp;M f\u00fcr qualitativ hochwertige Produkte.\",\"publisher\":{\"@id\":\"https:\/\/www.k-m.de\/brand\/de\/#organization\"},\"potentialAction\":[{\"@type\":\"SearchAction\",\"target\":{\"@type\":\"EntryPoint\",\"urlTemplate\":\"https:\/\/www.k-m.de\/brand\/de\/?s={search_term_string}\"},\"query-input\":{\"@type\":\"PropertyValueSpecification\",\"valueRequired\":true,\"valueName\":\"search_term_string\"}}],\"inLanguage\":\"en-US\"},{\"@type\":\"Organization\",\"@id\":\"https:\/\/www.k-m.de\/brand\/de\/#organization\",\"name\":\"K\u00f6nig & Meyer\",\"url\":\"https:\/\/www.k-m.de\/brand\/de\/\",\"logo\":{\"@type\":\"ImageObject\",\"inLanguage\":\"en-US\",\"@id\":\"https:\/\/www.k-m.de\/brand\/de\/#\/schema\/logo\/image\/\",\"url\":\"https:\/\/www.k-m.de\/brand\/wp-content\/uploads\/2023\/01\/KM_1c.tif\",\"contentUrl\":\"https:\/\/www.k-m.de\/brand\/wp-content\/uploads\/2023\/01\/KM_1c.tif\",\"width\":1,\"height\":1,\"caption\":\"K\u00f6nig & Meyer\"},\"image\":{\"@id\":\"https:\/\/www.k-m.de\/brand\/de\/#\/schema\/logo\/image\/\"}}]}<\/script>\n<!-- \/ Yoast SEO Premium plugin. -->","yoast_head_json":{"title":"K-Mag - K\u00f6nig &amp; Meyer","description":"Welcome to the K-MAG magazine. In our online magazine we publish important news about the company, trade fairs, product news and know-how.","robots":{"index":"index","follow":"follow","max-snippet":"max-snippet:-1","max-image-preview":"max-image-preview:large","max-video-preview":"max-video-preview:-1"},"canonical":"https:\/\/www.k-m.de\/brand\/us\/","og_locale":"en_US","og_type":"article","og_title":"K-Mag","og_description":"Welcome to the K-MAG magazine. In our online magazine we publish important news about the company, trade fairs, product news and know-how.","og_url":"https:\/\/www.k-m.de\/brand\/us\/","og_site_name":"K\u00f6nig &amp; Meyer","article_modified_time":"2022-04-18T17:48:36+00:00","twitter_card":"summary_large_image","schema":{"@context":"https:\/\/schema.org","@graph":[{"@type":"WebPage","@id":"https:\/\/www.k-m.de\/brand\/us\/","url":"https:\/\/www.k-m.de\/brand\/us\/","name":"K-Mag - K\u00f6nig &amp; Meyer","isPartOf":{"@id":"https:\/\/www.k-m.de\/brand\/de\/#website"},"datePublished":"2018-08-30T11:23:59+00:00","dateModified":"2022-04-18T17:48:36+00:00","description":"Welcome to the K-MAG magazine. In our online magazine we publish important news about the company, trade fairs, product news and know-how.","breadcrumb":{"@id":"https:\/\/www.k-m.de\/brand\/us\/#breadcrumb"},"inLanguage":"en-US","potentialAction":[{"@type":"ReadAction","target":["https:\/\/www.k-m.de\/brand\/us\/"]}]},{"@type":"BreadcrumbList","@id":"https:\/\/www.k-m.de\/brand\/us\/#breadcrumb","itemListElement":[{"@type":"ListItem","position":1,"name":"Startseite","item":"https:\/\/www.k-m.de\/brand\/us\/"},{"@type":"ListItem","position":2,"name":"K-Mag"}]},{"@type":"WebSite","@id":"https:\/\/www.k-m.de\/brand\/de\/#website","url":"https:\/\/www.k-m.de\/brand\/de\/","name":"K\u00f6nig & Meyer","description":"K\u00f6nig &amp; Meyer ist ein weltweit f\u00fchrender Hersteller f\u00fcr Musikzubeh\u00f6r. Seit \u00fcber 65 Jahren steht K&amp;M f\u00fcr qualitativ hochwertige Produkte.","publisher":{"@id":"https:\/\/www.k-m.de\/brand\/de\/#organization"},"potentialAction":[{"@type":"SearchAction","target":{"@type":"EntryPoint","urlTemplate":"https:\/\/www.k-m.de\/brand\/de\/?s={search_term_string}"},"query-input":{"@type":"PropertyValueSpecification","valueRequired":true,"valueName":"search_term_string"}}],"inLanguage":"en-US"},{"@type":"Organization","@id":"https:\/\/www.k-m.de\/brand\/de\/#organization","name":"K\u00f6nig & Meyer","url":"https:\/\/www.k-m.de\/brand\/de\/","logo":{"@type":"ImageObject","inLanguage":"en-US","@id":"https:\/\/www.k-m.de\/brand\/de\/#\/schema\/logo\/image\/","url":"https:\/\/www.k-m.de\/brand\/wp-content\/uploads\/2023\/01\/KM_1c.tif","contentUrl":"https:\/\/www.k-m.de\/brand\/wp-content\/uploads\/2023\/01\/KM_1c.tif","width":1,"height":1,"caption":"K\u00f6nig & Meyer"},"image":{"@id":"https:\/\/www.k-m.de\/brand\/de\/#\/schema\/logo\/image\/"}}]}},"_links":{"self":[{"href":"https:\/\/www.k-m.de\/brand\/us\/wp-json\/wp\/v2\/pages\/9510","targetHints":{"allow":["GET"]}}],"collection":[{"href":"https:\/\/www.k-m.de\/brand\/us\/wp-json\/wp\/v2\/pages"}],"about":[{"href":"https:\/\/www.k-m.de\/brand\/us\/wp-json\/wp\/v2\/types\/page"}],"author":[{"embeddable":true,"href":"https:\/\/www.k-m.de\/brand\/us\/wp-json\/wp\/v2\/users\/11"}],"replies":[{"embeddable":true,"href":"https:\/\/www.k-m.de\/brand\/us\/wp-json\/wp\/v2\/comments?post=9510"}],"version-history":[{"count":3,"href":"https:\/\/www.k-m.de\/brand\/us\/wp-json\/wp\/v2\/pages\/9510\/revisions"}],"predecessor-version":[{"id":12579,"href":"https:\/\/www.k-m.de\/brand\/us\/wp-json\/wp\/v2\/pages\/9510\/revisions\/12579"}],"wp:attachment":[{"href":"https:\/\/www.k-m.de\/brand\/us\/wp-json\/wp\/v2\/media?parent=9510"}],"curies":[{"name":"wp","href":"https:\/\/api.w.org\/{rel}","templated":true}]}}